{"id":4729,"date":"2021-07-19T15:28:20","date_gmt":"2021-07-19T13:28:20","guid":{"rendered":"https:\/\/www.adisart.com\/tienda\/?page_id=4729"},"modified":"2021-07-19T15:28:31","modified_gmt":"2021-07-19T13:28:31","slug":"politica-privacidad","status":"publish","type":"page","link":"https:\/\/www.adisart.com\/tienda\/politica-privacidad\/","title":{"rendered":"Pol\u00edtica de privacidad"},"content":{"rendered":"\n<p><strong>Integraci\u00f3n del distintivo Trustbadge de Trusted Shops<\/strong><\/p>\n\n\n\n<p>El Trustbadge de Trusted Shops est\u00e1 integrado en esta p\u00e1gina web para mostrar su sello de calidad y las valoraciones recopiladas, as\u00ed como para ofrecer productos de Trusted Shops a compradores despu\u00e9s de realizar un pedido.<\/p>\n\n\n\n<p>Esto es necesario para la satisfacci\u00f3n de nuestros intereses leg\u00edtimos al comercializar nuestra oferta y para garantizar la seguridad de una compra, comforme al art\u00edculo 6 p\u00e1rrago f del RGPD. El Trustbadge, y los servicios anunciados con el mismo, forman parte de la oferta de Trusted Shops GmbH, Subbelrather Str. 15C, Colonia C.P. 50823, Alemania. Un proveedor de redes distribuci\u00f3n (CDN por sus siglas en ingl\u00e9s) provee el Trustbadge, como parte del procesamiento del pedido.<\/p>\n\n\n\n<p>Trusted Shops GmbH utiliza proveedores de servicios de los EE.UU. Se garantiza un nivel adecuado de protecci\u00f3n de datos. Puedes encontrar m\u00e1s informaci\u00f3n sobre la seguridad de los datos de Trusted Shops GmbH aqu\u00ed: https:\/\/www.trustedshops.es\/aviso-legal\/<\/p>\n\n\n\n<p>Cada vez que se consulta el Trustbadge, el servidor web guarda autom\u00e1ticamente un archivo de registro del servidor, que contiene la direcci\u00f3n IP, la fecha y la hora de la visita, la cantidad de datos transmitidos y el proveedor solicitante (datos de acceso), a la vez que registra la visita. Los datos de acceso individuales se almacenan en una base de datos de seguridad para el an\u00e1lisis de problemas de seguridad. Los archivos de registro se eliminan autom\u00e1ticamente, a m\u00e1s tardar, 90 d\u00edas despu\u00e9s de su creaci\u00f3n.<\/p>\n\n\n\n<p>Los datos personales adicionales se transferir\u00e1n a Trusted Shops GmbH, en la medida en que, una vez formalizado un pedido, hayas optado por el uso de los productos de Trusted Shops o ya te hayas registrado para disfrutar de su uso. En este caso, se aplicar\u00e1 el acuerdo contractual establecido entre t\u00fa y Trusted Shops. Con este fin, los datos personales se recopilan autom\u00e1ticamente a partir de los datos del pedido. Independientemente de que est\u00e9 registrado o no como cliente de Trusted Shops, el cliente queda registrado mediante un par\u00e1metro neutral, la direcci\u00f3n de correo electr\u00f3nico encriptada mediante una funci\u00f3n de cifrado unidireccional. La direcci\u00f3n de correo electr\u00f3nico se convierte a este valor hash, que Trusted Shops no puede descifrar antes de su transmisi\u00f3n. Despu\u00e9s de comprobar una coincidencia, el par\u00e1metro se elimina autom\u00e1ticamente.<\/p>\n\n\n\n<p>Esto es necesario para el cumplimiento de nuestros leg\u00edtimos intereses y los de Trusted Shops en la provisi\u00f3n de la protecci\u00f3n del comprador vinculada al pedido espec\u00edfico y los servicios de revisi\u00f3n transaccional conforme al art\u00edculo 6 p\u00e1rrafo f del RGPD. Puedes encontrar m\u00e1s detalles, incluido el derecho a presentar una objeci\u00f3n, en la Pol\u00edtica de privacidad de Trusted Shops vinculada anteriormente y dentro del Trustbadge.<\/p>\n","protected":false},"excerpt":{"rendered":"<p>Integraci\u00f3n del distintivo Trustbadge de Trusted Shops El Trustbadge de Trusted Shops est\u00e1 integrado en esta p\u00e1gina web para mostrar su sello de calidad y las valoraciones recopiladas, as\u00ed como para ofrecer productos de Trusted Shops a compradores despu\u00e9s de realizar un pedido. Esto es necesario para la satisfacci\u00f3n de nuestros intereses leg\u00edtimos al comercializar [&hellip;]<\/p>\n","protected":false},"author":1,"featured_media":0,"parent":0,"menu_order":99,"comment_status":"closed","ping_status":"closed","template":"","meta":[],"yoast_head":"<!-- This site is optimized with the Yoast SEO plugin v17.2.1 - https:\/\/yoast.com\/wordpress\/plugins\/seo\/ -->\n<title>Pol\u00edtica de privacidad - ADISART<\/title>\n<meta name=\"description\" content=\"Integraci\u00f3n del distintivo Trustbadge de Trusted Shops El Trustbadge de Trusted Shops est\u00e1 integrado en esta p\u00e1gina web para mostrar su sello de calidad y\" \/>\n<meta name=\"robots\" content=\"index, follow, max-snippet:-1, max-image-preview:large, max-video-preview:-1\" \/>\n<link rel=\"canonical\" href=\"https:\/\/www.adisart.com\/tienda\/politica-privacidad\/\" \/>\n<meta property=\"og:locale\" content=\"es_ES\" \/>\n<meta property=\"og:type\" content=\"article\" \/>\n<meta property=\"og:title\" content=\"Pol\u00edtica de privacidad - ADISART\" \/>\n<meta property=\"og:description\" content=\"Integraci\u00f3n del distintivo Trustbadge de Trusted Shops El Trustbadge de Trusted Shops est\u00e1 integrado en esta p\u00e1gina web para mostrar su sello de calidad y\" \/>\n<meta property=\"og:url\" content=\"https:\/\/www.adisart.com\/tienda\/politica-privacidad\/\" \/>\n<meta property=\"og:site_name\" content=\"ADISART\" \/>\n<meta property=\"article:modified_time\" content=\"2021-07-19T13:28:31+00:00\" \/>\n<meta name=\"twitter:card\" content=\"summary\" \/>\n<meta name=\"twitter:label1\" content=\"Tiempo de lectura\" \/>\n\t<meta name=\"twitter:data1\" content=\"2 minutos\" \/>\n<script type=\"application\/ld+json\" class=\"yoast-schema-graph\">{\"@context\":\"https:\/\/schema.org\",\"@graph\":[{\"@type\":\"WebSite\",\"@id\":\"https:\/\/www.adisart.com\/tienda\/#website\",\"url\":\"https:\/\/www.adisart.com\/tienda\/\",\"name\":\"ADISART\",\"description\":\"Creaciones art\\u00edsticas\",\"potentialAction\":[{\"@type\":\"SearchAction\",\"target\":{\"@type\":\"EntryPoint\",\"urlTemplate\":\"https:\/\/www.adisart.com\/tienda\/?s={search_term_string}\"},\"query-input\":\"required name=search_term_string\"}],\"inLanguage\":\"es\"},{\"@type\":\"WebPage\",\"@id\":\"https:\/\/www.adisart.com\/tienda\/politica-privacidad\/#webpage\",\"url\":\"https:\/\/www.adisart.com\/tienda\/politica-privacidad\/\",\"name\":\"Pol\\u00edtica de privacidad - ADISART\",\"isPartOf\":{\"@id\":\"https:\/\/www.adisart.com\/tienda\/#website\"},\"datePublished\":\"2021-07-19T13:28:20+00:00\",\"dateModified\":\"2021-07-19T13:28:31+00:00\",\"description\":\"Integraci\\u00f3n del distintivo Trustbadge de Trusted Shops El Trustbadge de Trusted Shops est\\u00e1 integrado en esta p\\u00e1gina web para mostrar su sello de calidad y\",\"breadcrumb\":{\"@id\":\"https:\/\/www.adisart.com\/tienda\/politica-privacidad\/#breadcrumb\"},\"inLanguage\":\"es\",\"potentialAction\":[{\"@type\":\"ReadAction\",\"target\":[\"https:\/\/www.adisart.com\/tienda\/politica-privacidad\/\"]}]},{\"@type\":\"BreadcrumbList\",\"@id\":\"https:\/\/www.adisart.com\/tienda\/politica-privacidad\/#breadcrumb\",\"itemListElement\":[{\"@type\":\"ListItem\",\"position\":1,\"name\":\"Inicio\",\"item\":\"https:\/\/www.adisart.com\/tienda\/\"},{\"@type\":\"ListItem\",\"position\":2,\"name\":\"Pol\\u00edtica de privacidad\"}]}]}<\/script>\n<!-- \/ Yoast SEO plugin. -->","yoast_head_json":{"title":"Pol\u00edtica de privacidad - ADISART","description":"Integraci\u00f3n del distintivo Trustbadge de Trusted Shops El Trustbadge de Trusted Shops est\u00e1 integrado en esta p\u00e1gina web para mostrar su sello de calidad y","robots":{"index":"index","follow":"follow","max-snippet":"max-snippet:-1","max-image-preview":"max-image-preview:large","max-video-preview":"max-video-preview:-1"},"canonical":"https:\/\/www.adisart.com\/tienda\/politica-privacidad\/","og_locale":"es_ES","og_type":"article","og_title":"Pol\u00edtica de privacidad - ADISART","og_description":"Integraci\u00f3n del distintivo Trustbadge de Trusted Shops El Trustbadge de Trusted Shops est\u00e1 integrado en esta p\u00e1gina web para mostrar su sello de calidad y","og_url":"https:\/\/www.adisart.com\/tienda\/politica-privacidad\/","og_site_name":"ADISART","article_modified_time":"2021-07-19T13:28:31+00:00","twitter_card":"summary","twitter_misc":{"Tiempo de lectura":"2 minutos"},"schema":{"@context":"https:\/\/schema.org","@graph":[{"@type":"WebSite","@id":"https:\/\/www.adisart.com\/tienda\/#website","url":"https:\/\/www.adisart.com\/tienda\/","name":"ADISART","description":"Creaciones art\u00edsticas","potentialAction":[{"@type":"SearchAction","target":{"@type":"EntryPoint","urlTemplate":"https:\/\/www.adisart.com\/tienda\/?s={search_term_string}"},"query-input":"required name=search_term_string"}],"inLanguage":"es"},{"@type":"WebPage","@id":"https:\/\/www.adisart.com\/tienda\/politica-privacidad\/#webpage","url":"https:\/\/www.adisart.com\/tienda\/politica-privacidad\/","name":"Pol\u00edtica de privacidad - ADISART","isPartOf":{"@id":"https:\/\/www.adisart.com\/tienda\/#website"},"datePublished":"2021-07-19T13:28:20+00:00","dateModified":"2021-07-19T13:28:31+00:00","description":"Integraci\u00f3n del distintivo Trustbadge de Trusted Shops El Trustbadge de Trusted Shops est\u00e1 integrado en esta p\u00e1gina web para mostrar su sello de calidad y","breadcrumb":{"@id":"https:\/\/www.adisart.com\/tienda\/politica-privacidad\/#breadcrumb"},"inLanguage":"es","potentialAction":[{"@type":"ReadAction","target":["https:\/\/www.adisart.com\/tienda\/politica-privacidad\/"]}]},{"@type":"BreadcrumbList","@id":"https:\/\/www.adisart.com\/tienda\/politica-privacidad\/#breadcrumb","itemListElement":[{"@type":"ListItem","position":1,"name":"Inicio","item":"https:\/\/www.adisart.com\/tienda\/"},{"@type":"ListItem","position":2,"name":"Pol\u00edtica de privacidad"}]}]}},"_links":{"self":[{"href":"https:\/\/www.adisart.com\/tienda\/wp-json\/wp\/v2\/pages\/4729"}],"collection":[{"href":"https:\/\/www.adisart.com\/tienda\/wp-json\/wp\/v2\/pages"}],"about":[{"href":"https:\/\/www.adisart.com\/tienda\/wp-json\/wp\/v2\/types\/page"}],"author":[{"embeddable":true,"href":"https:\/\/www.adisart.com\/tienda\/wp-json\/wp\/v2\/users\/1"}],"replies":[{"embeddable":true,"href":"https:\/\/www.adisart.com\/tienda\/wp-json\/wp\/v2\/comments?post=4729"}],"version-history":[{"count":1,"href":"https:\/\/www.adisart.com\/tienda\/wp-json\/wp\/v2\/pages\/4729\/revisions"}],"predecessor-version":[{"id":4730,"href":"https:\/\/www.adisart.com\/tienda\/wp-json\/wp\/v2\/pages\/4729\/revisions\/4730"}],"wp:attachment":[{"href":"https:\/\/www.adisart.com\/tienda\/wp-json\/wp\/v2\/media?parent=4729"}],"curies":[{"name":"wp","href":"https:\/\/api.w.org\/{rel}","templated":true}]}}