{"id":71,"date":"2012-08-06T16:25:59","date_gmt":"2012-08-06T14:25:59","guid":{"rendered":"http:\/\/localhost\/adisart\/?page_id=71"},"modified":"2021-03-11T11:45:39","modified_gmt":"2021-03-11T09:45:39","slug":"contacto","status":"publish","type":"page","link":"https:\/\/www.adisart.com\/tienda\/contacto\/","title":{"rendered":"Contacto"},"content":{"rendered":"<p><img loading=\"lazy\" class=\"wp-image-152 alignleft\" title=\"Trucador1\" src=\"http:\/\/www.adisart.com\/tienda\/wp-content\/uploads\/2012\/08\/Trucador1-245x300.png\" alt=\"\" width=\"245\" height=\"300\" srcset=\"https:\/\/www.adisart.com\/tienda\/wp-content\/uploads\/2012\/08\/Trucador1-245x300.png 245w, https:\/\/www.adisart.com\/tienda\/wp-content\/uploads\/2012\/08\/Trucador1.png 300w\" sizes=\"(max-width: 245px) 100vw, 245px\" \/><\/p>\n<p style=\"text-align: justify;\">Si andas buscando cualquier producto \u00f3 dise\u00f1o que todav\u00eda no hayas visto en nuestro extenso cat\u00e1logo no dudes en ponerte en contacto con nosotros. Una idea, un esbozo o una simple descripci\u00f3n bastar\u00e1n para que llevemos a cabo y realicemos esa idea.<\/p>\n<p style=\"text-align: justify;\">No dudes en consultarnos cualquier duda.<\/p>\n<p style=\"text-align: justify;\">Rellena el siguiente formulario y nos pondremos en contacto en un plazo de 24 horas.<\/p>\n<p style=\"text-align: center;\">Adem\u00e1s, recuerda que puedes seguir nuestros trabajos en Facebook y Pinterest:<\/p>\n<p style=\"text-align: center;\">\u00a0<a href=\"http:\/\/www.facebook.com\/adisart.creacionesartisticas\" target=\"_blank\" rel=\"noopener\"><img loading=\"lazy\" class=\"wp-image-362\" title=\"facebook-icon\" src=\"http:\/\/www.adisart.com\/tienda\/wp-content\/uploads\/2012\/08\/facebook-icon.png\" alt=\"\" width=\"128\" height=\"128\" srcset=\"https:\/\/www.adisart.com\/tienda\/wp-content\/uploads\/2012\/08\/facebook-icon.png 128w, https:\/\/www.adisart.com\/tienda\/wp-content\/uploads\/2012\/08\/facebook-icon-100x100.png 100w\" sizes=\"(max-width: 128px) 100vw, 128px\" \/><\/a><a href=\"http:\/\/pinterest.com\/adisart\/\" target=\"_blank\" rel=\"noopener\"><img loading=\"lazy\" class=\"alignnone\" title=\"pinterest-icon\" src=\"http:\/\/www.adisart.com\/tienda\/wp-content\/uploads\/2012\/08\/pinterest-icon.png\" alt=\"\" width=\"128\" height=\"128\" \/><\/a><\/p>\n<h2 style=\"text-align: center;\"><span style=\"color: #800000;\">\u00abNuestro \u00fanico l\u00edmite es tu imaginaci\u00f3n\u00bb Contacta con nosotros.<\/span><\/h2>\n<h2 style=\"text-align: center;\"><strong>&lt;&lt;\u00a0 FORMULARIO\u00a0 &gt;&gt;<\/strong><\/h2>\n<h2 style=\"text-align: center;\"><span style=\"color: #800000;\"><br \/>\n<\/span><\/h2>\n<h2 style=\"text-align: center;\"><div role=\"form\" class=\"wpcf7\" id=\"wpcf7-f214-o1\" dir=\"ltr\">\n<div class=\"screen-reader-response\"><p role=\"status\" aria-live=\"polite\" aria-atomic=\"true\"><\/p> <ul><\/ul><\/div>\n<form action=\"\/tienda\/wp-json\/wp\/v2\/pages\/71#wpcf7-f214-o1\" method=\"post\" class=\"wpcf7-form init\" novalidate=\"novalidate\" data-status=\"init\">\n<div style=\"display: none;\">\n<input type=\"hidden\" name=\"_wpcf7\" value=\"214\" \/>\n<input type=\"hidden\" name=\"_wpcf7_version\" value=\"5.4.2\" \/>\n<input type=\"hidden\" name=\"_wpcf7_locale\" value=\"\" \/>\n<input type=\"hidden\" name=\"_wpcf7_unit_tag\" value=\"wpcf7-f214-o1\" \/>\n<input type=\"hidden\" name=\"_wpcf7_container_post\" value=\"0\" \/>\n<input type=\"hidden\" name=\"_wpcf7_posted_data_hash\" value=\"\" \/>\n<\/div>\n<p>Tu nombre (requerido)<br \/>\n    <span class=\"wpcf7-form-control-wrap your-name\"><input type=\"text\" name=\"your-name\" value=\"\" size=\"40\" class=\"wpcf7-form-control wpcf7-text wpcf7-validates-as-required\" aria-required=\"true\" aria-invalid=\"false\" \/><\/span> <\/p>\n<p>Tu Email (requerido)<br \/>\n    <span class=\"wpcf7-form-control-wrap your-email\"><input type=\"email\" name=\"your-email\" value=\"\" size=\"40\" class=\"wpcf7-form-control wpcf7-text wpcf7-email wpcf7-validates-as-required wpcf7-validates-as-email\" aria-required=\"true\" aria-invalid=\"false\" \/><\/span> <\/p>\n<p>Tu Mensaje<br \/>\n    <span class=\"wpcf7-form-control-wrap your-message\"><textarea name=\"your-message\" cols=\"40\" rows=\"10\" class=\"wpcf7-form-control wpcf7-textarea\" aria-invalid=\"false\"><\/textarea><\/span> <\/p>\n<p><input type=\"submit\" value=\"Enviar\" class=\"wpcf7-form-control wpcf7-submit\" \/><\/p>\n<div class=\"wpcf7-response-output\" aria-hidden=\"true\"><\/div><\/form><\/div><\/h2>\n<p>&nbsp;<\/p>\n<h3 style=\"text-align: center;\">Informaci\u00f3n de contacto<\/h3>\n<p style=\"text-align: center;\">Creaciones Artisticas ADISART S.L.<br \/>\nC\/ Lince, 15<br \/>\n50012 Zaragoza<\/p>\n<p style=\"text-align: center;\">Tel\u00e9fono: 976 75 32 29<\/p>\n<p style=\"text-align: center;\">Correo el\u00e9ctronico:\u00a0 info@adisart.com<\/p>\n","protected":false},"excerpt":{"rendered":"<p>Si andas buscando cualquier producto \u00f3 dise\u00f1o que todav\u00eda no hayas visto en nuestro extenso cat\u00e1logo no dudes en ponerte en contacto con nosotros. Una idea, un esbozo o una simple descripci\u00f3n bastar\u00e1n para que llevemos a cabo y realicemos esa idea. No dudes en consultarnos cualquier duda. Rellena el siguiente formulario y nos pondremos [&hellip;]<\/p>\n","protected":false},"author":1,"featured_media":0,"parent":0,"menu_order":0,"comment_status":"closed","ping_status":"closed","template":"","meta":[],"yoast_head":"<!-- This site is optimized with the Yoast SEO plugin v17.2.1 - https:\/\/yoast.com\/wordpress\/plugins\/seo\/ -->\n<title>Contacto - ADISART<\/title>\n<meta name=\"description\" content=\"Si andas buscando cualquier producto \u00f3 dise\u00f1o que todav\u00eda no hayas visto en nuestro extenso cat\u00e1logo no dudes en ponerte en contacto con nosotros. Una\" \/>\n<meta name=\"robots\" content=\"index, follow, max-snippet:-1, max-image-preview:large, max-video-preview:-1\" \/>\n<link rel=\"canonical\" href=\"https:\/\/www.adisart.com\/tienda\/contacto\/\" \/>\n<meta property=\"og:locale\" content=\"es_ES\" \/>\n<meta property=\"og:type\" content=\"article\" \/>\n<meta property=\"og:title\" content=\"Contacto - ADISART\" \/>\n<meta property=\"og:description\" content=\"Si andas buscando cualquier producto \u00f3 dise\u00f1o que todav\u00eda no hayas visto en nuestro extenso cat\u00e1logo no dudes en ponerte en contacto con nosotros. Una\" \/>\n<meta property=\"og:url\" content=\"https:\/\/www.adisart.com\/tienda\/contacto\/\" \/>\n<meta property=\"og:site_name\" content=\"ADISART\" \/>\n<meta property=\"article:modified_time\" content=\"2021-03-11T09:45:39+00:00\" \/>\n<meta property=\"og:image\" content=\"http:\/\/www.adisart.com\/tienda\/wp-content\/uploads\/2012\/08\/Trucador1-245x300.png\" \/>\n<meta name=\"twitter:card\" content=\"summary\" \/>\n<meta name=\"twitter:label1\" content=\"Tiempo de lectura\" \/>\n\t<meta name=\"twitter:data1\" content=\"1 minuto\" \/>\n<script type=\"application\/ld+json\" class=\"yoast-schema-graph\">{\"@context\":\"https:\/\/schema.org\",\"@graph\":[{\"@type\":\"WebSite\",\"@id\":\"https:\/\/www.adisart.com\/tienda\/#website\",\"url\":\"https:\/\/www.adisart.com\/tienda\/\",\"name\":\"ADISART\",\"description\":\"Creaciones art\\u00edsticas\",\"potentialAction\":[{\"@type\":\"SearchAction\",\"target\":{\"@type\":\"EntryPoint\",\"urlTemplate\":\"https:\/\/www.adisart.com\/tienda\/?s={search_term_string}\"},\"query-input\":\"required name=search_term_string\"}],\"inLanguage\":\"es\"},{\"@type\":\"ImageObject\",\"@id\":\"https:\/\/www.adisart.com\/tienda\/contacto\/#primaryimage\",\"inLanguage\":\"es\",\"url\":\"http:\/\/www.adisart.com\/tienda\/wp-content\/uploads\/2012\/08\/Trucador1-245x300.png\",\"contentUrl\":\"http:\/\/www.adisart.com\/tienda\/wp-content\/uploads\/2012\/08\/Trucador1-245x300.png\"},{\"@type\":\"WebPage\",\"@id\":\"https:\/\/www.adisart.com\/tienda\/contacto\/#webpage\",\"url\":\"https:\/\/www.adisart.com\/tienda\/contacto\/\",\"name\":\"Contacto - ADISART\",\"isPartOf\":{\"@id\":\"https:\/\/www.adisart.com\/tienda\/#website\"},\"primaryImageOfPage\":{\"@id\":\"https:\/\/www.adisart.com\/tienda\/contacto\/#primaryimage\"},\"datePublished\":\"2012-08-06T14:25:59+00:00\",\"dateModified\":\"2021-03-11T09:45:39+00:00\",\"description\":\"Si andas buscando cualquier producto \\u00f3 dise\\u00f1o que todav\\u00eda no hayas visto en nuestro extenso cat\\u00e1logo no dudes en ponerte en contacto con nosotros. Una\",\"breadcrumb\":{\"@id\":\"https:\/\/www.adisart.com\/tienda\/contacto\/#breadcrumb\"},\"inLanguage\":\"es\",\"potentialAction\":[{\"@type\":\"ReadAction\",\"target\":[\"https:\/\/www.adisart.com\/tienda\/contacto\/\"]}]},{\"@type\":\"BreadcrumbList\",\"@id\":\"https:\/\/www.adisart.com\/tienda\/contacto\/#breadcrumb\",\"itemListElement\":[{\"@type\":\"ListItem\",\"position\":1,\"name\":\"Inicio\",\"item\":\"https:\/\/www.adisart.com\/tienda\/\"},{\"@type\":\"ListItem\",\"position\":2,\"name\":\"Contacto\"}]}]}<\/script>\n<!-- \/ Yoast SEO plugin. -->","yoast_head_json":{"title":"Contacto - ADISART","description":"Si andas buscando cualquier producto \u00f3 dise\u00f1o que todav\u00eda no hayas visto en nuestro extenso cat\u00e1logo no dudes en ponerte en contacto con nosotros. Una","robots":{"index":"index","follow":"follow","max-snippet":"max-snippet:-1","max-image-preview":"max-image-preview:large","max-video-preview":"max-video-preview:-1"},"canonical":"https:\/\/www.adisart.com\/tienda\/contacto\/","og_locale":"es_ES","og_type":"article","og_title":"Contacto - ADISART","og_description":"Si andas buscando cualquier producto \u00f3 dise\u00f1o que todav\u00eda no hayas visto en nuestro extenso cat\u00e1logo no dudes en ponerte en contacto con nosotros. Una","og_url":"https:\/\/www.adisart.com\/tienda\/contacto\/","og_site_name":"ADISART","article_modified_time":"2021-03-11T09:45:39+00:00","og_image":[{"url":"http:\/\/www.adisart.com\/tienda\/wp-content\/uploads\/2012\/08\/Trucador1-245x300.png"}],"twitter_card":"summary","twitter_misc":{"Tiempo de lectura":"1 minuto"},"schema":{"@context":"https:\/\/schema.org","@graph":[{"@type":"WebSite","@id":"https:\/\/www.adisart.com\/tienda\/#website","url":"https:\/\/www.adisart.com\/tienda\/","name":"ADISART","description":"Creaciones art\u00edsticas","potentialAction":[{"@type":"SearchAction","target":{"@type":"EntryPoint","urlTemplate":"https:\/\/www.adisart.com\/tienda\/?s={search_term_string}"},"query-input":"required name=search_term_string"}],"inLanguage":"es"},{"@type":"ImageObject","@id":"https:\/\/www.adisart.com\/tienda\/contacto\/#primaryimage","inLanguage":"es","url":"http:\/\/www.adisart.com\/tienda\/wp-content\/uploads\/2012\/08\/Trucador1-245x300.png","contentUrl":"http:\/\/www.adisart.com\/tienda\/wp-content\/uploads\/2012\/08\/Trucador1-245x300.png"},{"@type":"WebPage","@id":"https:\/\/www.adisart.com\/tienda\/contacto\/#webpage","url":"https:\/\/www.adisart.com\/tienda\/contacto\/","name":"Contacto - ADISART","isPartOf":{"@id":"https:\/\/www.adisart.com\/tienda\/#website"},"primaryImageOfPage":{"@id":"https:\/\/www.adisart.com\/tienda\/contacto\/#primaryimage"},"datePublished":"2012-08-06T14:25:59+00:00","dateModified":"2021-03-11T09:45:39+00:00","description":"Si andas buscando cualquier producto \u00f3 dise\u00f1o que todav\u00eda no hayas visto en nuestro extenso cat\u00e1logo no dudes en ponerte en contacto con nosotros. Una","breadcrumb":{"@id":"https:\/\/www.adisart.com\/tienda\/contacto\/#breadcrumb"},"inLanguage":"es","potentialAction":[{"@type":"ReadAction","target":["https:\/\/www.adisart.com\/tienda\/contacto\/"]}]},{"@type":"BreadcrumbList","@id":"https:\/\/www.adisart.com\/tienda\/contacto\/#breadcrumb","itemListElement":[{"@type":"ListItem","position":1,"name":"Inicio","item":"https:\/\/www.adisart.com\/tienda\/"},{"@type":"ListItem","position":2,"name":"Contacto"}]}]}},"_links":{"self":[{"href":"https:\/\/www.adisart.com\/tienda\/wp-json\/wp\/v2\/pages\/71"}],"collection":[{"href":"https:\/\/www.adisart.com\/tienda\/wp-json\/wp\/v2\/pages"}],"about":[{"href":"https:\/\/www.adisart.com\/tienda\/wp-json\/wp\/v2\/types\/page"}],"author":[{"embeddable":true,"href":"https:\/\/www.adisart.com\/tienda\/wp-json\/wp\/v2\/users\/1"}],"replies":[{"embeddable":true,"href":"https:\/\/www.adisart.com\/tienda\/wp-json\/wp\/v2\/comments?post=71"}],"version-history":[{"count":56,"href":"https:\/\/www.adisart.com\/tienda\/wp-json\/wp\/v2\/pages\/71\/revisions"}],"predecessor-version":[{"id":4689,"href":"https:\/\/www.adisart.com\/tienda\/wp-json\/wp\/v2\/pages\/71\/revisions\/4689"}],"wp:attachment":[{"href":"https:\/\/www.adisart.com\/tienda\/wp-json\/wp\/v2\/media?parent=71"}],"curies":[{"name":"wp","href":"https:\/\/api.w.org\/{rel}","templated":true}]}}