{"id":1867,"date":"2015-08-18T14:42:32","date_gmt":"2015-08-18T12:42:32","guid":{"rendered":"http:\/\/www.adisart.com\/tienda\/?post_type=product&#038;p=1867"},"modified":"2025-10-22T13:16:22","modified_gmt":"2025-10-22T11:16:22","slug":"khopesh-egipcio","status":"publish","type":"product","link":"https:\/\/www.adisart.com\/tienda\/khopesh-egipcio\/","title":{"rendered":"Khopesh Egipcio"},"content":{"rendered":"<p><a href=\"http:\/\/www.adisart.com\/tienda\/wp-content\/uploads\/2015\/08\/kophesh-egipto.jpg\"><img loading=\"lazy\" class=\"aligncenter size-medium wp-image-1868\" src=\"http:\/\/www.adisart.com\/tienda\/wp-content\/uploads\/2015\/08\/kophesh-egipto-300x225.jpg\" alt=\"kophesh egipto\" width=\"300\" height=\"225\" srcset=\"https:\/\/www.adisart.com\/tienda\/wp-content\/uploads\/2015\/08\/kophesh-egipto-300x225.jpg 300w, https:\/\/www.adisart.com\/tienda\/wp-content\/uploads\/2015\/08\/kophesh-egipto-600x450.jpg 600w, https:\/\/www.adisart.com\/tienda\/wp-content\/uploads\/2015\/08\/kophesh-egipto.jpg 800w\" sizes=\"(max-width: 300px) 100vw, 300px\" \/><\/a>Khopesh Egipcio, fundicion de zamak, 58 cms de longitud total, 900 grs de peso<\/p>\n","protected":false},"excerpt":{"rendered":"<p>El Khopesh o Jepesh fue utilizado en el antiguo Oriente Pr\u00f3ximo y en la zona de Cana\u00e1n.<\/p>\n<p>El nombre de Jepesh proviene de su parecido con la pata de un b\u00f3vido, ya que en las ofrendas en los templos, esta parte del animal era la mas importante con que honrar a los dioses.<\/p>\n","protected":false},"featured_media":1868,"comment_status":"open","ping_status":"closed","template":"","meta":[],"product_cat":[481],"product_tag":[373,369,372,370,371],"yoast_head":"<!-- This site is optimized with the Yoast SEO plugin v17.2.1 - https:\/\/yoast.com\/wordpress\/plugins\/seo\/ -->\n<title>Khopesh Egipcio - ADISART<\/title>\n<meta name=\"description\" content=\"El Khopesh o Jepesh fue utilizado en el antiguo Oriente Pr\u00f3ximo y en la zona de Cana\u00e1n.  El nombre de Jepesh proviene de su parecido con la pata de un b\u00f3vido, ya que en las ofrendas en los templos, esta parte del animal era la mas importante con que honrar a los dioses.\" \/>\n<meta name=\"robots\" content=\"index, follow, max-snippet:-1, max-image-preview:large, max-video-preview:-1\" \/>\n<link rel=\"canonical\" href=\"https:\/\/www.adisart.com\/tienda\/khopesh-egipcio\/\" \/>\n<meta property=\"og:locale\" content=\"es_ES\" \/>\n<meta property=\"og:type\" content=\"article\" \/>\n<meta property=\"og:title\" content=\"Khopesh Egipcio - ADISART\" \/>\n<meta property=\"og:description\" content=\"El Khopesh o Jepesh fue utilizado en el antiguo Oriente Pr\u00f3ximo y en la zona de Cana\u00e1n.  El nombre de Jepesh proviene de su parecido con la pata de un b\u00f3vido, ya que en las ofrendas en los templos, esta parte del animal era la mas importante con que honrar a los dioses.\" \/>\n<meta property=\"og:url\" content=\"https:\/\/www.adisart.com\/tienda\/khopesh-egipcio\/\" \/>\n<meta property=\"og:site_name\" content=\"ADISART\" \/>\n<meta property=\"article:modified_time\" content=\"2025-10-22T11:16:22+00:00\" \/>\n<meta property=\"og:image\" content=\"https:\/\/www.adisart.com\/tienda\/wp-content\/uploads\/2015\/08\/kophesh-egipto.jpg\" \/>\n\t<meta property=\"og:image:width\" content=\"800\" \/>\n\t<meta property=\"og:image:height\" content=\"600\" \/>\n<meta name=\"twitter:card\" content=\"summary\" \/>\n<script type=\"application\/ld+json\" class=\"yoast-schema-graph\">{\"@context\":\"https:\/\/schema.org\",\"@graph\":[{\"@type\":\"WebSite\",\"@id\":\"https:\/\/www.adisart.com\/tienda\/#website\",\"url\":\"https:\/\/www.adisart.com\/tienda\/\",\"name\":\"ADISART\",\"description\":\"Creaciones art\\u00edsticas\",\"potentialAction\":[{\"@type\":\"SearchAction\",\"target\":{\"@type\":\"EntryPoint\",\"urlTemplate\":\"https:\/\/www.adisart.com\/tienda\/?s={search_term_string}\"},\"query-input\":\"required name=search_term_string\"}],\"inLanguage\":\"es\"},{\"@type\":\"ImageObject\",\"@id\":\"https:\/\/www.adisart.com\/tienda\/khopesh-egipcio\/#primaryimage\",\"inLanguage\":\"es\",\"url\":\"https:\/\/www.adisart.com\/tienda\/wp-content\/uploads\/2015\/08\/kophesh-egipto.jpg\",\"contentUrl\":\"https:\/\/www.adisart.com\/tienda\/wp-content\/uploads\/2015\/08\/kophesh-egipto.jpg\",\"width\":800,\"height\":600},{\"@type\":\"WebPage\",\"@id\":\"https:\/\/www.adisart.com\/tienda\/khopesh-egipcio\/#webpage\",\"url\":\"https:\/\/www.adisart.com\/tienda\/khopesh-egipcio\/\",\"name\":\"Khopesh Egipcio - ADISART\",\"isPartOf\":{\"@id\":\"https:\/\/www.adisart.com\/tienda\/#website\"},\"primaryImageOfPage\":{\"@id\":\"https:\/\/www.adisart.com\/tienda\/khopesh-egipcio\/#primaryimage\"},\"datePublished\":\"2015-08-18T12:42:32+00:00\",\"dateModified\":\"2025-10-22T11:16:22+00:00\",\"description\":\"El Khopesh o Jepesh fue utilizado en el antiguo Oriente Pr\\u00f3ximo y en la zona de Cana\\u00e1n. El nombre de Jepesh proviene de su parecido con la pata de un b\\u00f3vido, ya que en las ofrendas en los templos, esta parte del animal era la mas importante con que honrar a los dioses.\",\"breadcrumb\":{\"@id\":\"https:\/\/www.adisart.com\/tienda\/khopesh-egipcio\/#breadcrumb\"},\"inLanguage\":\"es\",\"potentialAction\":[{\"@type\":\"ReadAction\",\"target\":[\"https:\/\/www.adisart.com\/tienda\/khopesh-egipcio\/\"]}]},{\"@type\":\"BreadcrumbList\",\"@id\":\"https:\/\/www.adisart.com\/tienda\/khopesh-egipcio\/#breadcrumb\",\"itemListElement\":[{\"@type\":\"ListItem\",\"position\":1,\"name\":\"Inicio\",\"item\":\"https:\/\/www.adisart.com\/tienda\/\"},{\"@type\":\"ListItem\",\"position\":2,\"name\":\"Tienda\",\"item\":\"https:\/\/www.adisart.com\/tienda\/\"},{\"@type\":\"ListItem\",\"position\":3,\"name\":\"Khopesh Egipcio\"}]}]}<\/script>\n<!-- \/ Yoast SEO plugin. -->","yoast_head_json":{"title":"Khopesh Egipcio - ADISART","description":"El Khopesh o Jepesh fue utilizado en el antiguo Oriente Pr\u00f3ximo y en la zona de Cana\u00e1n.  El nombre de Jepesh proviene de su parecido con la pata de un b\u00f3vido, ya que en las ofrendas en los templos, esta parte del animal era la mas importante con que honrar a los dioses.","robots":{"index":"index","follow":"follow","max-snippet":"max-snippet:-1","max-image-preview":"max-image-preview:large","max-video-preview":"max-video-preview:-1"},"canonical":"https:\/\/www.adisart.com\/tienda\/khopesh-egipcio\/","og_locale":"es_ES","og_type":"article","og_title":"Khopesh Egipcio - ADISART","og_description":"El Khopesh o Jepesh fue utilizado en el antiguo Oriente Pr\u00f3ximo y en la zona de Cana\u00e1n.  El nombre de Jepesh proviene de su parecido con la pata de un b\u00f3vido, ya que en las ofrendas en los templos, esta parte del animal era la mas importante con que honrar a los dioses.","og_url":"https:\/\/www.adisart.com\/tienda\/khopesh-egipcio\/","og_site_name":"ADISART","article_modified_time":"2025-10-22T11:16:22+00:00","og_image":[{"width":800,"height":600,"url":"https:\/\/www.adisart.com\/tienda\/wp-content\/uploads\/2015\/08\/kophesh-egipto.jpg","path":"\/home\/adisart.com\/public_html\/tienda\/wp-content\/uploads\/2015\/08\/kophesh-egipto.jpg","size":"full","id":1868,"alt":"","pixels":480000,"type":"image\/jpeg"}],"twitter_card":"summary","schema":{"@context":"https:\/\/schema.org","@graph":[{"@type":"WebSite","@id":"https:\/\/www.adisart.com\/tienda\/#website","url":"https:\/\/www.adisart.com\/tienda\/","name":"ADISART","description":"Creaciones art\u00edsticas","potentialAction":[{"@type":"SearchAction","target":{"@type":"EntryPoint","urlTemplate":"https:\/\/www.adisart.com\/tienda\/?s={search_term_string}"},"query-input":"required name=search_term_string"}],"inLanguage":"es"},{"@type":"ImageObject","@id":"https:\/\/www.adisart.com\/tienda\/khopesh-egipcio\/#primaryimage","inLanguage":"es","url":"https:\/\/www.adisart.com\/tienda\/wp-content\/uploads\/2015\/08\/kophesh-egipto.jpg","contentUrl":"https:\/\/www.adisart.com\/tienda\/wp-content\/uploads\/2015\/08\/kophesh-egipto.jpg","width":800,"height":600},{"@type":"WebPage","@id":"https:\/\/www.adisart.com\/tienda\/khopesh-egipcio\/#webpage","url":"https:\/\/www.adisart.com\/tienda\/khopesh-egipcio\/","name":"Khopesh Egipcio - ADISART","isPartOf":{"@id":"https:\/\/www.adisart.com\/tienda\/#website"},"primaryImageOfPage":{"@id":"https:\/\/www.adisart.com\/tienda\/khopesh-egipcio\/#primaryimage"},"datePublished":"2015-08-18T12:42:32+00:00","dateModified":"2025-10-22T11:16:22+00:00","description":"El Khopesh o Jepesh fue utilizado en el antiguo Oriente Pr\u00f3ximo y en la zona de Cana\u00e1n. El nombre de Jepesh proviene de su parecido con la pata de un b\u00f3vido, ya que en las ofrendas en los templos, esta parte del animal era la mas importante con que honrar a los dioses.","breadcrumb":{"@id":"https:\/\/www.adisart.com\/tienda\/khopesh-egipcio\/#breadcrumb"},"inLanguage":"es","potentialAction":[{"@type":"ReadAction","target":["https:\/\/www.adisart.com\/tienda\/khopesh-egipcio\/"]}]},{"@type":"BreadcrumbList","@id":"https:\/\/www.adisart.com\/tienda\/khopesh-egipcio\/#breadcrumb","itemListElement":[{"@type":"ListItem","position":1,"name":"Inicio","item":"https:\/\/www.adisart.com\/tienda\/"},{"@type":"ListItem","position":2,"name":"Tienda","item":"https:\/\/www.adisart.com\/tienda\/"},{"@type":"ListItem","position":3,"name":"Khopesh Egipcio"}]}]}},"_links":{"self":[{"href":"https:\/\/www.adisart.com\/tienda\/wp-json\/wp\/v2\/product\/1867"}],"collection":[{"href":"https:\/\/www.adisart.com\/tienda\/wp-json\/wp\/v2\/product"}],"about":[{"href":"https:\/\/www.adisart.com\/tienda\/wp-json\/wp\/v2\/types\/product"}],"replies":[{"embeddable":true,"href":"https:\/\/www.adisart.com\/tienda\/wp-json\/wp\/v2\/comments?post=1867"}],"wp:featuredmedia":[{"embeddable":true,"href":"https:\/\/www.adisart.com\/tienda\/wp-json\/wp\/v2\/media\/1868"}],"wp:attachment":[{"href":"https:\/\/www.adisart.com\/tienda\/wp-json\/wp\/v2\/media?parent=1867"}],"wp:term":[{"taxonomy":"product_cat","embeddable":true,"href":"https:\/\/www.adisart.com\/tienda\/wp-json\/wp\/v2\/product_cat?post=1867"},{"taxonomy":"product_tag","embeddable":true,"href":"https:\/\/www.adisart.com\/tienda\/wp-json\/wp\/v2\/product_tag?post=1867"}],"curies":[{"name":"wp","href":"https:\/\/api.w.org\/{rel}","templated":true}]}}