{"id":1890,"date":"2015-08-25T18:13:39","date_gmt":"2015-08-25T16:13:39","guid":{"rendered":"http:\/\/www.adisart.com\/tienda\/?post_type=product&#038;p=1890"},"modified":"2021-03-04T11:38:29","modified_gmt":"2021-03-04T09:38:29","slug":"colgante-dracula","status":"publish","type":"product","link":"https:\/\/www.adisart.com\/tienda\/colgante-dracula\/","title":{"rendered":"Colgante Dr\u00e1cula"},"content":{"rendered":"<p><a href=\"http:\/\/www.adisart.com\/tienda\/wp-content\/uploads\/2015\/08\/dracula.jpg\"><img loading=\"lazy\" class=\"aligncenter size-medium wp-image-1891\" src=\"http:\/\/www.adisart.com\/tienda\/wp-content\/uploads\/2015\/08\/dracula-300x225.jpg\" alt=\"dracula\" width=\"300\" height=\"225\" srcset=\"https:\/\/www.adisart.com\/tienda\/wp-content\/uploads\/2015\/08\/dracula-300x225.jpg 300w, https:\/\/www.adisart.com\/tienda\/wp-content\/uploads\/2015\/08\/dracula-600x450.jpg 600w, https:\/\/www.adisart.com\/tienda\/wp-content\/uploads\/2015\/08\/dracula.jpg 800w\" sizes=\"(max-width: 300px) 100vw, 300px\" \/><\/a>Colgante de Ordo Dracul. Inspirado en la leyenda de Dr\u00e1cula se presenta en lat\u00f3n o en plata<\/p>\n","protected":false},"excerpt":{"rendered":"<p>Colgante de Ordo Dracul. Inspirado en la leyenda de Dr\u00e1cula se presenta en lat\u00f3n o en plata<\/p>\n","protected":false},"featured_media":1891,"comment_status":"open","ping_status":"closed","template":"","meta":[],"product_cat":[628],"product_tag":[400,401,402],"yoast_head":"<!-- This site is optimized with the Yoast SEO plugin v17.2.1 - https:\/\/yoast.com\/wordpress\/plugins\/seo\/ -->\n<title>Colgante Dr\u00e1cula - ADISART<\/title>\n<meta name=\"description\" content=\"Colgante de Ordo Dracul. Inspirado en la leyenda de Dr\u00e1cula se presenta en lat\u00f3n o en plata\" \/>\n<meta name=\"robots\" content=\"index, follow, max-snippet:-1, max-image-preview:large, max-video-preview:-1\" \/>\n<link rel=\"canonical\" href=\"https:\/\/www.adisart.com\/tienda\/colgante-dracula\/\" \/>\n<meta property=\"og:locale\" content=\"es_ES\" \/>\n<meta property=\"og:type\" content=\"article\" \/>\n<meta property=\"og:title\" content=\"Colgante Dr\u00e1cula - ADISART\" \/>\n<meta property=\"og:description\" content=\"Colgante de Ordo Dracul. Inspirado en la leyenda de Dr\u00e1cula se presenta en lat\u00f3n o en plata\" \/>\n<meta property=\"og:url\" content=\"https:\/\/www.adisart.com\/tienda\/colgante-dracula\/\" \/>\n<meta property=\"og:site_name\" content=\"ADISART\" \/>\n<meta property=\"article:modified_time\" content=\"2021-03-04T09:38:29+00:00\" \/>\n<meta property=\"og:image\" content=\"https:\/\/www.adisart.com\/tienda\/wp-content\/uploads\/2015\/08\/dracula.jpg\" \/>\n\t<meta property=\"og:image:width\" content=\"800\" \/>\n\t<meta property=\"og:image:height\" content=\"600\" \/>\n<meta name=\"twitter:card\" content=\"summary\" \/>\n<script type=\"application\/ld+json\" class=\"yoast-schema-graph\">{\"@context\":\"https:\/\/schema.org\",\"@graph\":[{\"@type\":\"WebSite\",\"@id\":\"https:\/\/www.adisart.com\/tienda\/#website\",\"url\":\"https:\/\/www.adisart.com\/tienda\/\",\"name\":\"ADISART\",\"description\":\"Creaciones art\\u00edsticas\",\"potentialAction\":[{\"@type\":\"SearchAction\",\"target\":{\"@type\":\"EntryPoint\",\"urlTemplate\":\"https:\/\/www.adisart.com\/tienda\/?s={search_term_string}\"},\"query-input\":\"required name=search_term_string\"}],\"inLanguage\":\"es\"},{\"@type\":\"ImageObject\",\"@id\":\"https:\/\/www.adisart.com\/tienda\/colgante-dracula\/#primaryimage\",\"inLanguage\":\"es\",\"url\":\"https:\/\/www.adisart.com\/tienda\/wp-content\/uploads\/2015\/08\/dracula.jpg\",\"contentUrl\":\"https:\/\/www.adisart.com\/tienda\/wp-content\/uploads\/2015\/08\/dracula.jpg\",\"width\":800,\"height\":600},{\"@type\":\"WebPage\",\"@id\":\"https:\/\/www.adisart.com\/tienda\/colgante-dracula\/#webpage\",\"url\":\"https:\/\/www.adisart.com\/tienda\/colgante-dracula\/\",\"name\":\"Colgante Dr\\u00e1cula - ADISART\",\"isPartOf\":{\"@id\":\"https:\/\/www.adisart.com\/tienda\/#website\"},\"primaryImageOfPage\":{\"@id\":\"https:\/\/www.adisart.com\/tienda\/colgante-dracula\/#primaryimage\"},\"datePublished\":\"2015-08-25T16:13:39+00:00\",\"dateModified\":\"2021-03-04T09:38:29+00:00\",\"description\":\"Colgante de Ordo Dracul. Inspirado en la leyenda de Dr\\u00e1cula se presenta en lat\\u00f3n o en plata\",\"breadcrumb\":{\"@id\":\"https:\/\/www.adisart.com\/tienda\/colgante-dracula\/#breadcrumb\"},\"inLanguage\":\"es\",\"potentialAction\":[{\"@type\":\"ReadAction\",\"target\":[\"https:\/\/www.adisart.com\/tienda\/colgante-dracula\/\"]}]},{\"@type\":\"BreadcrumbList\",\"@id\":\"https:\/\/www.adisart.com\/tienda\/colgante-dracula\/#breadcrumb\",\"itemListElement\":[{\"@type\":\"ListItem\",\"position\":1,\"name\":\"Inicio\",\"item\":\"https:\/\/www.adisart.com\/tienda\/\"},{\"@type\":\"ListItem\",\"position\":2,\"name\":\"Tienda\",\"item\":\"https:\/\/www.adisart.com\/tienda\/\"},{\"@type\":\"ListItem\",\"position\":3,\"name\":\"Colgante Dr\\u00e1cula\"}]}]}<\/script>\n<!-- \/ Yoast SEO plugin. -->","yoast_head_json":{"title":"Colgante Dr\u00e1cula - ADISART","description":"Colgante de Ordo Dracul. Inspirado en la leyenda de Dr\u00e1cula se presenta en lat\u00f3n o en plata","robots":{"index":"index","follow":"follow","max-snippet":"max-snippet:-1","max-image-preview":"max-image-preview:large","max-video-preview":"max-video-preview:-1"},"canonical":"https:\/\/www.adisart.com\/tienda\/colgante-dracula\/","og_locale":"es_ES","og_type":"article","og_title":"Colgante Dr\u00e1cula - ADISART","og_description":"Colgante de Ordo Dracul. Inspirado en la leyenda de Dr\u00e1cula se presenta en lat\u00f3n o en plata","og_url":"https:\/\/www.adisart.com\/tienda\/colgante-dracula\/","og_site_name":"ADISART","article_modified_time":"2021-03-04T09:38:29+00:00","og_image":[{"width":800,"height":600,"url":"https:\/\/www.adisart.com\/tienda\/wp-content\/uploads\/2015\/08\/dracula.jpg","path":"\/home\/adisart.com\/public_html\/tienda\/wp-content\/uploads\/2015\/08\/dracula.jpg","size":"full","id":1891,"alt":"","pixels":480000,"type":"image\/jpeg"}],"twitter_card":"summary","schema":{"@context":"https:\/\/schema.org","@graph":[{"@type":"WebSite","@id":"https:\/\/www.adisart.com\/tienda\/#website","url":"https:\/\/www.adisart.com\/tienda\/","name":"ADISART","description":"Creaciones art\u00edsticas","potentialAction":[{"@type":"SearchAction","target":{"@type":"EntryPoint","urlTemplate":"https:\/\/www.adisart.com\/tienda\/?s={search_term_string}"},"query-input":"required name=search_term_string"}],"inLanguage":"es"},{"@type":"ImageObject","@id":"https:\/\/www.adisart.com\/tienda\/colgante-dracula\/#primaryimage","inLanguage":"es","url":"https:\/\/www.adisart.com\/tienda\/wp-content\/uploads\/2015\/08\/dracula.jpg","contentUrl":"https:\/\/www.adisart.com\/tienda\/wp-content\/uploads\/2015\/08\/dracula.jpg","width":800,"height":600},{"@type":"WebPage","@id":"https:\/\/www.adisart.com\/tienda\/colgante-dracula\/#webpage","url":"https:\/\/www.adisart.com\/tienda\/colgante-dracula\/","name":"Colgante Dr\u00e1cula - ADISART","isPartOf":{"@id":"https:\/\/www.adisart.com\/tienda\/#website"},"primaryImageOfPage":{"@id":"https:\/\/www.adisart.com\/tienda\/colgante-dracula\/#primaryimage"},"datePublished":"2015-08-25T16:13:39+00:00","dateModified":"2021-03-04T09:38:29+00:00","description":"Colgante de Ordo Dracul. Inspirado en la leyenda de Dr\u00e1cula se presenta en lat\u00f3n o en plata","breadcrumb":{"@id":"https:\/\/www.adisart.com\/tienda\/colgante-dracula\/#breadcrumb"},"inLanguage":"es","potentialAction":[{"@type":"ReadAction","target":["https:\/\/www.adisart.com\/tienda\/colgante-dracula\/"]}]},{"@type":"BreadcrumbList","@id":"https:\/\/www.adisart.com\/tienda\/colgante-dracula\/#breadcrumb","itemListElement":[{"@type":"ListItem","position":1,"name":"Inicio","item":"https:\/\/www.adisart.com\/tienda\/"},{"@type":"ListItem","position":2,"name":"Tienda","item":"https:\/\/www.adisart.com\/tienda\/"},{"@type":"ListItem","position":3,"name":"Colgante Dr\u00e1cula"}]}]}},"_links":{"self":[{"href":"https:\/\/www.adisart.com\/tienda\/wp-json\/wp\/v2\/product\/1890"}],"collection":[{"href":"https:\/\/www.adisart.com\/tienda\/wp-json\/wp\/v2\/product"}],"about":[{"href":"https:\/\/www.adisart.com\/tienda\/wp-json\/wp\/v2\/types\/product"}],"replies":[{"embeddable":true,"href":"https:\/\/www.adisart.com\/tienda\/wp-json\/wp\/v2\/comments?post=1890"}],"wp:featuredmedia":[{"embeddable":true,"href":"https:\/\/www.adisart.com\/tienda\/wp-json\/wp\/v2\/media\/1891"}],"wp:attachment":[{"href":"https:\/\/www.adisart.com\/tienda\/wp-json\/wp\/v2\/media?parent=1890"}],"wp:term":[{"taxonomy":"product_cat","embeddable":true,"href":"https:\/\/www.adisart.com\/tienda\/wp-json\/wp\/v2\/product_cat?post=1890"},{"taxonomy":"product_tag","embeddable":true,"href":"https:\/\/www.adisart.com\/tienda\/wp-json\/wp\/v2\/product_tag?post=1890"}],"curies":[{"name":"wp","href":"https:\/\/api.w.org\/{rel}","templated":true}]}}