{"id":1892,"date":"2015-08-25T18:20:57","date_gmt":"2015-08-25T16:20:57","guid":{"rendered":"http:\/\/www.adisart.com\/tienda\/?post_type=product&#038;p=1892"},"modified":"2021-03-04T11:53:09","modified_gmt":"2021-03-04T09:53:09","slug":"escudo-lagertha","status":"publish","type":"product","link":"https:\/\/www.adisart.com\/tienda\/escudo-lagertha\/","title":{"rendered":"Escudo Lagertha"},"content":{"rendered":"<p><a href=\"http:\/\/www.adisart.com\/tienda\/wp-content\/uploads\/2015\/08\/escudo-lagherta.jpg\"><img loading=\"lazy\" class=\"aligncenter size-medium wp-image-1893\" src=\"http:\/\/www.adisart.com\/tienda\/wp-content\/uploads\/2015\/08\/escudo-lagherta-225x300.jpg\" alt=\"escudo lagherta\" width=\"225\" height=\"300\" srcset=\"https:\/\/www.adisart.com\/tienda\/wp-content\/uploads\/2015\/08\/escudo-lagherta-225x300.jpg 225w, https:\/\/www.adisart.com\/tienda\/wp-content\/uploads\/2015\/08\/escudo-lagherta-600x800.jpg 600w, https:\/\/www.adisart.com\/tienda\/wp-content\/uploads\/2015\/08\/escudo-lagherta.jpg 720w\" sizes=\"(max-width: 225px) 100vw, 225px\" \/><\/a>Escudo inspirado en el que lleva el personaje Lagertha de la serie de televisi\u00f3n Vikings. Tiene un di\u00e1metro de 60 cms. El umbo est\u00e1 fundido manualmente. Est\u00e1 pintado a mano. El precio incluye personalizar el escudo con las runas que se deseen.<\/p>\n","protected":false},"excerpt":{"rendered":"<p>Escudo inspirado en el que lleva el personaje Lagertha de la serie de televisi\u00f3n Vikings. Tiene un di\u00e1metro de 60 cms. El umbo est\u00e1 fundido manualmente. Est\u00e1 pintado a mano. El precio incluye personalizar el escudo con las runas que se deseen.<\/p>\n","protected":false},"featured_media":1893,"comment_status":"open","ping_status":"closed","template":"","meta":[],"product_cat":[632],"product_tag":[405,404,403,406,407,382,321],"yoast_head":"<!-- This site is optimized with the Yoast SEO plugin v17.2.1 - https:\/\/yoast.com\/wordpress\/plugins\/seo\/ -->\n<title>Escudo Lagertha - ADISART<\/title>\n<meta name=\"description\" content=\"Escudo inspirado en el que lleva el personaje Lagertha de la serie de televisi\u00f3n Vikings. Tiene un di\u00e1metro de 60 cms. El umbo est\u00e1 fundido manualmente.\" \/>\n<meta name=\"robots\" content=\"index, follow, max-snippet:-1, max-image-preview:large, max-video-preview:-1\" \/>\n<link rel=\"canonical\" href=\"https:\/\/www.adisart.com\/tienda\/escudo-lagertha\/\" \/>\n<meta property=\"og:locale\" content=\"es_ES\" \/>\n<meta property=\"og:type\" content=\"article\" \/>\n<meta property=\"og:title\" content=\"Escudo Lagertha - ADISART\" \/>\n<meta property=\"og:description\" content=\"Escudo inspirado en el que lleva el personaje Lagertha de la serie de televisi\u00f3n Vikings. Tiene un di\u00e1metro de 60 cms. El umbo est\u00e1 fundido manualmente.\" \/>\n<meta property=\"og:url\" content=\"https:\/\/www.adisart.com\/tienda\/escudo-lagertha\/\" \/>\n<meta property=\"og:site_name\" content=\"ADISART\" \/>\n<meta property=\"article:modified_time\" content=\"2021-03-04T09:53:09+00:00\" \/>\n<meta property=\"og:image\" content=\"https:\/\/www.adisart.com\/tienda\/wp-content\/uploads\/2015\/08\/escudo-lagherta.jpg\" \/>\n\t<meta property=\"og:image:width\" content=\"720\" \/>\n\t<meta property=\"og:image:height\" content=\"960\" \/>\n<meta name=\"twitter:card\" content=\"summary\" \/>\n<script type=\"application\/ld+json\" class=\"yoast-schema-graph\">{\"@context\":\"https:\/\/schema.org\",\"@graph\":[{\"@type\":\"WebSite\",\"@id\":\"https:\/\/www.adisart.com\/tienda\/#website\",\"url\":\"https:\/\/www.adisart.com\/tienda\/\",\"name\":\"ADISART\",\"description\":\"Creaciones art\\u00edsticas\",\"potentialAction\":[{\"@type\":\"SearchAction\",\"target\":{\"@type\":\"EntryPoint\",\"urlTemplate\":\"https:\/\/www.adisart.com\/tienda\/?s={search_term_string}\"},\"query-input\":\"required name=search_term_string\"}],\"inLanguage\":\"es\"},{\"@type\":\"ImageObject\",\"@id\":\"https:\/\/www.adisart.com\/tienda\/escudo-lagertha\/#primaryimage\",\"inLanguage\":\"es\",\"url\":\"https:\/\/www.adisart.com\/tienda\/wp-content\/uploads\/2015\/08\/escudo-lagherta.jpg\",\"contentUrl\":\"https:\/\/www.adisart.com\/tienda\/wp-content\/uploads\/2015\/08\/escudo-lagherta.jpg\",\"width\":720,\"height\":960},{\"@type\":\"WebPage\",\"@id\":\"https:\/\/www.adisart.com\/tienda\/escudo-lagertha\/#webpage\",\"url\":\"https:\/\/www.adisart.com\/tienda\/escudo-lagertha\/\",\"name\":\"Escudo Lagertha - ADISART\",\"isPartOf\":{\"@id\":\"https:\/\/www.adisart.com\/tienda\/#website\"},\"primaryImageOfPage\":{\"@id\":\"https:\/\/www.adisart.com\/tienda\/escudo-lagertha\/#primaryimage\"},\"datePublished\":\"2015-08-25T16:20:57+00:00\",\"dateModified\":\"2021-03-04T09:53:09+00:00\",\"description\":\"Escudo inspirado en el que lleva el personaje Lagertha de la serie de televisi\\u00f3n Vikings. Tiene un di\\u00e1metro de 60 cms. El umbo est\\u00e1 fundido manualmente.\",\"breadcrumb\":{\"@id\":\"https:\/\/www.adisart.com\/tienda\/escudo-lagertha\/#breadcrumb\"},\"inLanguage\":\"es\",\"potentialAction\":[{\"@type\":\"ReadAction\",\"target\":[\"https:\/\/www.adisart.com\/tienda\/escudo-lagertha\/\"]}]},{\"@type\":\"BreadcrumbList\",\"@id\":\"https:\/\/www.adisart.com\/tienda\/escudo-lagertha\/#breadcrumb\",\"itemListElement\":[{\"@type\":\"ListItem\",\"position\":1,\"name\":\"Inicio\",\"item\":\"https:\/\/www.adisart.com\/tienda\/\"},{\"@type\":\"ListItem\",\"position\":2,\"name\":\"Tienda\",\"item\":\"https:\/\/www.adisart.com\/tienda\/\"},{\"@type\":\"ListItem\",\"position\":3,\"name\":\"Escudo Lagertha\"}]}]}<\/script>\n<!-- \/ Yoast SEO plugin. -->","yoast_head_json":{"title":"Escudo Lagertha - ADISART","description":"Escudo inspirado en el que lleva el personaje Lagertha de la serie de televisi\u00f3n Vikings. Tiene un di\u00e1metro de 60 cms. El umbo est\u00e1 fundido manualmente.","robots":{"index":"index","follow":"follow","max-snippet":"max-snippet:-1","max-image-preview":"max-image-preview:large","max-video-preview":"max-video-preview:-1"},"canonical":"https:\/\/www.adisart.com\/tienda\/escudo-lagertha\/","og_locale":"es_ES","og_type":"article","og_title":"Escudo Lagertha - ADISART","og_description":"Escudo inspirado en el que lleva el personaje Lagertha de la serie de televisi\u00f3n Vikings. Tiene un di\u00e1metro de 60 cms. El umbo est\u00e1 fundido manualmente.","og_url":"https:\/\/www.adisart.com\/tienda\/escudo-lagertha\/","og_site_name":"ADISART","article_modified_time":"2021-03-04T09:53:09+00:00","og_image":[{"width":720,"height":960,"url":"https:\/\/www.adisart.com\/tienda\/wp-content\/uploads\/2015\/08\/escudo-lagherta.jpg","path":"\/home\/adisart.com\/public_html\/tienda\/wp-content\/uploads\/2015\/08\/escudo-lagherta.jpg","size":"full","id":1893,"alt":"","pixels":691200,"type":"image\/jpeg"}],"twitter_card":"summary","schema":{"@context":"https:\/\/schema.org","@graph":[{"@type":"WebSite","@id":"https:\/\/www.adisart.com\/tienda\/#website","url":"https:\/\/www.adisart.com\/tienda\/","name":"ADISART","description":"Creaciones art\u00edsticas","potentialAction":[{"@type":"SearchAction","target":{"@type":"EntryPoint","urlTemplate":"https:\/\/www.adisart.com\/tienda\/?s={search_term_string}"},"query-input":"required name=search_term_string"}],"inLanguage":"es"},{"@type":"ImageObject","@id":"https:\/\/www.adisart.com\/tienda\/escudo-lagertha\/#primaryimage","inLanguage":"es","url":"https:\/\/www.adisart.com\/tienda\/wp-content\/uploads\/2015\/08\/escudo-lagherta.jpg","contentUrl":"https:\/\/www.adisart.com\/tienda\/wp-content\/uploads\/2015\/08\/escudo-lagherta.jpg","width":720,"height":960},{"@type":"WebPage","@id":"https:\/\/www.adisart.com\/tienda\/escudo-lagertha\/#webpage","url":"https:\/\/www.adisart.com\/tienda\/escudo-lagertha\/","name":"Escudo Lagertha - ADISART","isPartOf":{"@id":"https:\/\/www.adisart.com\/tienda\/#website"},"primaryImageOfPage":{"@id":"https:\/\/www.adisart.com\/tienda\/escudo-lagertha\/#primaryimage"},"datePublished":"2015-08-25T16:20:57+00:00","dateModified":"2021-03-04T09:53:09+00:00","description":"Escudo inspirado en el que lleva el personaje Lagertha de la serie de televisi\u00f3n Vikings. Tiene un di\u00e1metro de 60 cms. El umbo est\u00e1 fundido manualmente.","breadcrumb":{"@id":"https:\/\/www.adisart.com\/tienda\/escudo-lagertha\/#breadcrumb"},"inLanguage":"es","potentialAction":[{"@type":"ReadAction","target":["https:\/\/www.adisart.com\/tienda\/escudo-lagertha\/"]}]},{"@type":"BreadcrumbList","@id":"https:\/\/www.adisart.com\/tienda\/escudo-lagertha\/#breadcrumb","itemListElement":[{"@type":"ListItem","position":1,"name":"Inicio","item":"https:\/\/www.adisart.com\/tienda\/"},{"@type":"ListItem","position":2,"name":"Tienda","item":"https:\/\/www.adisart.com\/tienda\/"},{"@type":"ListItem","position":3,"name":"Escudo Lagertha"}]}]}},"_links":{"self":[{"href":"https:\/\/www.adisart.com\/tienda\/wp-json\/wp\/v2\/product\/1892"}],"collection":[{"href":"https:\/\/www.adisart.com\/tienda\/wp-json\/wp\/v2\/product"}],"about":[{"href":"https:\/\/www.adisart.com\/tienda\/wp-json\/wp\/v2\/types\/product"}],"replies":[{"embeddable":true,"href":"https:\/\/www.adisart.com\/tienda\/wp-json\/wp\/v2\/comments?post=1892"}],"wp:featuredmedia":[{"embeddable":true,"href":"https:\/\/www.adisart.com\/tienda\/wp-json\/wp\/v2\/media\/1893"}],"wp:attachment":[{"href":"https:\/\/www.adisart.com\/tienda\/wp-json\/wp\/v2\/media?parent=1892"}],"wp:term":[{"taxonomy":"product_cat","embeddable":true,"href":"https:\/\/www.adisart.com\/tienda\/wp-json\/wp\/v2\/product_cat?post=1892"},{"taxonomy":"product_tag","embeddable":true,"href":"https:\/\/www.adisart.com\/tienda\/wp-json\/wp\/v2\/product_tag?post=1892"}],"curies":[{"name":"wp","href":"https:\/\/api.w.org\/{rel}","templated":true}]}}