{"id":1896,"date":"2015-08-25T18:32:17","date_gmt":"2015-08-25T16:32:17","guid":{"rendered":"http:\/\/www.adisart.com\/tienda\/?post_type=product&#038;p=1896"},"modified":"2021-03-04T11:53:51","modified_gmt":"2021-03-04T09:53:51","slug":"hacha-de-rohan","status":"publish","type":"product","link":"https:\/\/www.adisart.com\/tienda\/hacha-de-rohan\/","title":{"rendered":"Hacha de Rohan"},"content":{"rendered":"<p><a href=\"http:\/\/www.adisart.com\/tienda\/wp-content\/uploads\/2015\/08\/hacha-rohan.jpg\"><img loading=\"lazy\" class=\"aligncenter size-medium wp-image-1897\" src=\"http:\/\/www.adisart.com\/tienda\/wp-content\/uploads\/2015\/08\/hacha-rohan-225x300.jpg\" alt=\"hacha rohan\" width=\"225\" height=\"300\" srcset=\"https:\/\/www.adisart.com\/tienda\/wp-content\/uploads\/2015\/08\/hacha-rohan-225x300.jpg 225w, https:\/\/www.adisart.com\/tienda\/wp-content\/uploads\/2015\/08\/hacha-rohan.jpg 600w\" sizes=\"(max-width: 225px) 100vw, 225px\" \/><\/a>Hacha de Rohan. Inspirada en la trilog\u00eda del Se\u00f1or de los Anillos hemos creado este hacha bas\u00e1ndonos en la Guardia Real Rohirrim. Est\u00e1 fundida manualmente en zamak y su mango tiene una longitud de 50 cms.<\/p>\n","protected":false},"excerpt":{"rendered":"<p>Hacha de Rohan. Inspirada en la trilog\u00eda del Se\u00f1or de los Anillos hemos creado este hacha bas\u00e1ndonos en la Guardia Real Rohirrim. Est\u00e1 fundida manualmente en zamak y su mango tiene una longitud de 50 cms.<\/p>\n","protected":false},"featured_media":1897,"comment_status":"open","ping_status":"closed","template":"","meta":[],"product_cat":[633],"product_tag":[412,415,413,414],"yoast_head":"<!-- This site is optimized with the Yoast SEO plugin v17.2.1 - https:\/\/yoast.com\/wordpress\/plugins\/seo\/ -->\n<title>Hacha de Rohan - ADISART<\/title>\n<meta name=\"description\" content=\"Hacha de Rohan. Inspirada en la trilog\u00eda del Se\u00f1or de los Anillos hemos creado este hacha bas\u00e1ndonos en la Guardia Real Rohirrim. Est\u00e1 fundida manualmente\" \/>\n<meta name=\"robots\" content=\"index, follow, max-snippet:-1, max-image-preview:large, max-video-preview:-1\" \/>\n<link rel=\"canonical\" href=\"https:\/\/www.adisart.com\/tienda\/hacha-de-rohan\/\" \/>\n<meta property=\"og:locale\" content=\"es_ES\" \/>\n<meta property=\"og:type\" content=\"article\" \/>\n<meta property=\"og:title\" content=\"Hacha de Rohan - ADISART\" \/>\n<meta property=\"og:description\" content=\"Hacha de Rohan. Inspirada en la trilog\u00eda del Se\u00f1or de los Anillos hemos creado este hacha bas\u00e1ndonos en la Guardia Real Rohirrim. Est\u00e1 fundida manualmente\" \/>\n<meta property=\"og:url\" content=\"https:\/\/www.adisart.com\/tienda\/hacha-de-rohan\/\" \/>\n<meta property=\"og:site_name\" content=\"ADISART\" \/>\n<meta property=\"article:modified_time\" content=\"2021-03-04T09:53:51+00:00\" \/>\n<meta property=\"og:image\" content=\"https:\/\/www.adisart.com\/tienda\/wp-content\/uploads\/2015\/08\/hacha-rohan.jpg\" \/>\n\t<meta property=\"og:image:width\" content=\"600\" \/>\n\t<meta property=\"og:image:height\" content=\"800\" \/>\n<meta name=\"twitter:card\" content=\"summary\" \/>\n<script type=\"application\/ld+json\" class=\"yoast-schema-graph\">{\"@context\":\"https:\/\/schema.org\",\"@graph\":[{\"@type\":\"WebSite\",\"@id\":\"https:\/\/www.adisart.com\/tienda\/#website\",\"url\":\"https:\/\/www.adisart.com\/tienda\/\",\"name\":\"ADISART\",\"description\":\"Creaciones art\\u00edsticas\",\"potentialAction\":[{\"@type\":\"SearchAction\",\"target\":{\"@type\":\"EntryPoint\",\"urlTemplate\":\"https:\/\/www.adisart.com\/tienda\/?s={search_term_string}\"},\"query-input\":\"required name=search_term_string\"}],\"inLanguage\":\"es\"},{\"@type\":\"ImageObject\",\"@id\":\"https:\/\/www.adisart.com\/tienda\/hacha-de-rohan\/#primaryimage\",\"inLanguage\":\"es\",\"url\":\"https:\/\/www.adisart.com\/tienda\/wp-content\/uploads\/2015\/08\/hacha-rohan.jpg\",\"contentUrl\":\"https:\/\/www.adisart.com\/tienda\/wp-content\/uploads\/2015\/08\/hacha-rohan.jpg\",\"width\":600,\"height\":800},{\"@type\":\"WebPage\",\"@id\":\"https:\/\/www.adisart.com\/tienda\/hacha-de-rohan\/#webpage\",\"url\":\"https:\/\/www.adisart.com\/tienda\/hacha-de-rohan\/\",\"name\":\"Hacha de Rohan - ADISART\",\"isPartOf\":{\"@id\":\"https:\/\/www.adisart.com\/tienda\/#website\"},\"primaryImageOfPage\":{\"@id\":\"https:\/\/www.adisart.com\/tienda\/hacha-de-rohan\/#primaryimage\"},\"datePublished\":\"2015-08-25T16:32:17+00:00\",\"dateModified\":\"2021-03-04T09:53:51+00:00\",\"description\":\"Hacha de Rohan. Inspirada en la trilog\\u00eda del Se\\u00f1or de los Anillos hemos creado este hacha bas\\u00e1ndonos en la Guardia Real Rohirrim. Est\\u00e1 fundida manualmente\",\"breadcrumb\":{\"@id\":\"https:\/\/www.adisart.com\/tienda\/hacha-de-rohan\/#breadcrumb\"},\"inLanguage\":\"es\",\"potentialAction\":[{\"@type\":\"ReadAction\",\"target\":[\"https:\/\/www.adisart.com\/tienda\/hacha-de-rohan\/\"]}]},{\"@type\":\"BreadcrumbList\",\"@id\":\"https:\/\/www.adisart.com\/tienda\/hacha-de-rohan\/#breadcrumb\",\"itemListElement\":[{\"@type\":\"ListItem\",\"position\":1,\"name\":\"Inicio\",\"item\":\"https:\/\/www.adisart.com\/tienda\/\"},{\"@type\":\"ListItem\",\"position\":2,\"name\":\"Tienda\",\"item\":\"https:\/\/www.adisart.com\/tienda\/\"},{\"@type\":\"ListItem\",\"position\":3,\"name\":\"Hacha de Rohan\"}]}]}<\/script>\n<!-- \/ Yoast SEO plugin. -->","yoast_head_json":{"title":"Hacha de Rohan - ADISART","description":"Hacha de Rohan. Inspirada en la trilog\u00eda del Se\u00f1or de los Anillos hemos creado este hacha bas\u00e1ndonos en la Guardia Real Rohirrim. Est\u00e1 fundida manualmente","robots":{"index":"index","follow":"follow","max-snippet":"max-snippet:-1","max-image-preview":"max-image-preview:large","max-video-preview":"max-video-preview:-1"},"canonical":"https:\/\/www.adisart.com\/tienda\/hacha-de-rohan\/","og_locale":"es_ES","og_type":"article","og_title":"Hacha de Rohan - ADISART","og_description":"Hacha de Rohan. Inspirada en la trilog\u00eda del Se\u00f1or de los Anillos hemos creado este hacha bas\u00e1ndonos en la Guardia Real Rohirrim. Est\u00e1 fundida manualmente","og_url":"https:\/\/www.adisart.com\/tienda\/hacha-de-rohan\/","og_site_name":"ADISART","article_modified_time":"2021-03-04T09:53:51+00:00","og_image":[{"width":600,"height":800,"url":"https:\/\/www.adisart.com\/tienda\/wp-content\/uploads\/2015\/08\/hacha-rohan.jpg","path":"\/home\/adisart.com\/public_html\/tienda\/wp-content\/uploads\/2015\/08\/hacha-rohan.jpg","size":"full","id":1897,"alt":"","pixels":480000,"type":"image\/jpeg"}],"twitter_card":"summary","schema":{"@context":"https:\/\/schema.org","@graph":[{"@type":"WebSite","@id":"https:\/\/www.adisart.com\/tienda\/#website","url":"https:\/\/www.adisart.com\/tienda\/","name":"ADISART","description":"Creaciones art\u00edsticas","potentialAction":[{"@type":"SearchAction","target":{"@type":"EntryPoint","urlTemplate":"https:\/\/www.adisart.com\/tienda\/?s={search_term_string}"},"query-input":"required name=search_term_string"}],"inLanguage":"es"},{"@type":"ImageObject","@id":"https:\/\/www.adisart.com\/tienda\/hacha-de-rohan\/#primaryimage","inLanguage":"es","url":"https:\/\/www.adisart.com\/tienda\/wp-content\/uploads\/2015\/08\/hacha-rohan.jpg","contentUrl":"https:\/\/www.adisart.com\/tienda\/wp-content\/uploads\/2015\/08\/hacha-rohan.jpg","width":600,"height":800},{"@type":"WebPage","@id":"https:\/\/www.adisart.com\/tienda\/hacha-de-rohan\/#webpage","url":"https:\/\/www.adisart.com\/tienda\/hacha-de-rohan\/","name":"Hacha de Rohan - ADISART","isPartOf":{"@id":"https:\/\/www.adisart.com\/tienda\/#website"},"primaryImageOfPage":{"@id":"https:\/\/www.adisart.com\/tienda\/hacha-de-rohan\/#primaryimage"},"datePublished":"2015-08-25T16:32:17+00:00","dateModified":"2021-03-04T09:53:51+00:00","description":"Hacha de Rohan. Inspirada en la trilog\u00eda del Se\u00f1or de los Anillos hemos creado este hacha bas\u00e1ndonos en la Guardia Real Rohirrim. Est\u00e1 fundida manualmente","breadcrumb":{"@id":"https:\/\/www.adisart.com\/tienda\/hacha-de-rohan\/#breadcrumb"},"inLanguage":"es","potentialAction":[{"@type":"ReadAction","target":["https:\/\/www.adisart.com\/tienda\/hacha-de-rohan\/"]}]},{"@type":"BreadcrumbList","@id":"https:\/\/www.adisart.com\/tienda\/hacha-de-rohan\/#breadcrumb","itemListElement":[{"@type":"ListItem","position":1,"name":"Inicio","item":"https:\/\/www.adisart.com\/tienda\/"},{"@type":"ListItem","position":2,"name":"Tienda","item":"https:\/\/www.adisart.com\/tienda\/"},{"@type":"ListItem","position":3,"name":"Hacha de Rohan"}]}]}},"_links":{"self":[{"href":"https:\/\/www.adisart.com\/tienda\/wp-json\/wp\/v2\/product\/1896"}],"collection":[{"href":"https:\/\/www.adisart.com\/tienda\/wp-json\/wp\/v2\/product"}],"about":[{"href":"https:\/\/www.adisart.com\/tienda\/wp-json\/wp\/v2\/types\/product"}],"replies":[{"embeddable":true,"href":"https:\/\/www.adisart.com\/tienda\/wp-json\/wp\/v2\/comments?post=1896"}],"wp:featuredmedia":[{"embeddable":true,"href":"https:\/\/www.adisart.com\/tienda\/wp-json\/wp\/v2\/media\/1897"}],"wp:attachment":[{"href":"https:\/\/www.adisart.com\/tienda\/wp-json\/wp\/v2\/media?parent=1896"}],"wp:term":[{"taxonomy":"product_cat","embeddable":true,"href":"https:\/\/www.adisart.com\/tienda\/wp-json\/wp\/v2\/product_cat?post=1896"},{"taxonomy":"product_tag","embeddable":true,"href":"https:\/\/www.adisart.com\/tienda\/wp-json\/wp\/v2\/product_tag?post=1896"}],"curies":[{"name":"wp","href":"https:\/\/api.w.org\/{rel}","templated":true}]}}