{"id":1936,"date":"2015-08-27T11:09:28","date_gmt":"2015-08-27T09:09:28","guid":{"rendered":"http:\/\/www.adisart.com\/tienda\/?post_type=product&#038;p=1936"},"modified":"2021-03-04T11:38:28","modified_gmt":"2021-03-04T09:38:28","slug":"colgante-berserker","status":"publish","type":"product","link":"https:\/\/www.adisart.com\/tienda\/colgante-berserker\/","title":{"rendered":"Colgante BERSERKER"},"content":{"rendered":"<p><a href=\"http:\/\/www.adisart.com\/tienda\/wp-content\/uploads\/2015\/08\/berserker-1.jpg\"><img loading=\"lazy\" class=\"aligncenter size-medium wp-image-1937\" src=\"http:\/\/www.adisart.com\/tienda\/wp-content\/uploads\/2015\/08\/berserker-1-225x300.jpg\" alt=\"berserker 1\" width=\"225\" height=\"300\" srcset=\"https:\/\/www.adisart.com\/tienda\/wp-content\/uploads\/2015\/08\/berserker-1-225x300.jpg 225w, https:\/\/www.adisart.com\/tienda\/wp-content\/uploads\/2015\/08\/berserker-1.jpg 600w\" sizes=\"(max-width: 225px) 100vw, 225px\" \/><\/a> <a href=\"http:\/\/www.adisart.com\/tienda\/wp-content\/uploads\/2015\/08\/berserker-2.jpg\"><img loading=\"lazy\" class=\"aligncenter size-medium wp-image-1938\" src=\"http:\/\/www.adisart.com\/tienda\/wp-content\/uploads\/2015\/08\/berserker-2-225x300.jpg\" alt=\"berserker 2\" width=\"225\" height=\"300\" srcset=\"https:\/\/www.adisart.com\/tienda\/wp-content\/uploads\/2015\/08\/berserker-2-225x300.jpg 225w, https:\/\/www.adisart.com\/tienda\/wp-content\/uploads\/2015\/08\/berserker-2.jpg 600w\" sizes=\"(max-width: 225px) 100vw, 225px\" \/><\/a> <a href=\"http:\/\/www.adisart.com\/tienda\/wp-content\/uploads\/2015\/08\/P1060668.jpg\"><img loading=\"lazy\" class=\"aligncenter size-medium wp-image-1940\" src=\"http:\/\/www.adisart.com\/tienda\/wp-content\/uploads\/2015\/08\/P1060668-300x225.jpg\" alt=\"P1060668\" width=\"300\" height=\"225\" srcset=\"https:\/\/www.adisart.com\/tienda\/wp-content\/uploads\/2015\/08\/P1060668-300x225.jpg 300w, https:\/\/www.adisart.com\/tienda\/wp-content\/uploads\/2015\/08\/P1060668-600x450.jpg 600w, https:\/\/www.adisart.com\/tienda\/wp-content\/uploads\/2015\/08\/P1060668.jpg 800w\" sizes=\"(max-width: 300px) 100vw, 300px\" \/><\/a> <a href=\"http:\/\/www.adisart.com\/tienda\/wp-content\/uploads\/2015\/08\/P1060669.jpg\"><img loading=\"lazy\" class=\"aligncenter size-medium wp-image-1941\" src=\"http:\/\/www.adisart.com\/tienda\/wp-content\/uploads\/2015\/08\/P1060669-300x225.jpg\" alt=\"P1060669\" width=\"300\" height=\"225\" srcset=\"https:\/\/www.adisart.com\/tienda\/wp-content\/uploads\/2015\/08\/P1060669-300x225.jpg 300w, https:\/\/www.adisart.com\/tienda\/wp-content\/uploads\/2015\/08\/P1060669-600x450.jpg 600w, https:\/\/www.adisart.com\/tienda\/wp-content\/uploads\/2015\/08\/P1060669.jpg 800w\" sizes=\"(max-width: 300px) 100vw, 300px\" \/><\/a> <a href=\"http:\/\/www.adisart.com\/tienda\/wp-content\/uploads\/2015\/08\/P1060670.jpg\"><img loading=\"lazy\" class=\"aligncenter size-medium wp-image-1942\" src=\"http:\/\/www.adisart.com\/tienda\/wp-content\/uploads\/2015\/08\/P1060670-300x225.jpg\" alt=\"P1060670\" width=\"300\" height=\"225\" srcset=\"https:\/\/www.adisart.com\/tienda\/wp-content\/uploads\/2015\/08\/P1060670-300x225.jpg 300w, https:\/\/www.adisart.com\/tienda\/wp-content\/uploads\/2015\/08\/P1060670-600x450.jpg 600w, https:\/\/www.adisart.com\/tienda\/wp-content\/uploads\/2015\/08\/P1060670.jpg 800w\" sizes=\"(max-width: 300px) 100vw, 300px\" \/><\/a><\/p>\n","protected":false},"excerpt":{"rendered":"<p>Los berserker (tambi\u00e9n ulfhednar) eran guerreros vikingos que combat\u00edan semidesnudos, cubiertos de pieles. Entraban en combate bajo cierto trance de perfil psic\u00f3tico, casi insensibles al dolor, fuertes como osos o toros, y llegaban a morder sus escudos y no hab\u00eda fuego ni acero que los detuviera. Se lanzaban al combate con furia ciega, incluso sin armadura ni protecci\u00f3n alguna; hasta se ha testimoniado el caso de que se lanzaban al agua antes de tiempo desde un drakkar y se ahogaban sin que nada se pudiera hacer. Su sola presencia atemorizaba a sus enemigos e incluso a sus compa\u00f1eros de batalla, pues en estado de trance no estaban en condiciones de distinguir aliados de enemigos.<\/p>\n<p>El poema <i><a class=\"mw-redirect\" title=\"Haraldskv\u00e6\u00f0i\" href=\"https:\/\/es.wikipedia.org\/wiki\/Haraldskv%C3%A6%C3%B0i\">Haraldskv\u00e6\u00f0i<\/a><\/i> (parte de <i>Hrafnsm\u00e1l<\/i>) los define as\u00ed:<\/p>\n<dl>\n<dd><i>Hablar\u00e9 de los berserkers, los catadores de sangre,<\/i><\/dd>\n<dd><i>Aquellos h\u00e9roes intr\u00e9pidos, \u00bfc\u00f3mo trataban<\/i><\/dd>\n<dd><i>A los que se vadean en la batalla?<\/i><\/dd>\n<dd><i>Piel de lobo les llaman.<\/i><\/dd>\n<dd><i>Portan escudos sangrientos.<\/i><\/dd>\n<dd><i>De puntas rojas son sus lanzas cuando marchan.<\/i><\/dd>\n<dd><i>Forman un grupo apretado, cerrando filas.<\/i><\/dd>\n<dd><i>El pr\u00edncipe, en su sabidur\u00eda, conf\u00eda en ellos,<\/i><\/dd>\n<dd><i>En los que cortan los escudos enemigos.<\/i><\/dd>\n<\/dl>\n","protected":false},"featured_media":1938,"comment_status":"open","ping_status":"closed","template":"","meta":[],"product_cat":[628],"product_tag":[449,450,448,382],"yoast_head":"<!-- This site is optimized with the Yoast SEO plugin v17.2.1 - https:\/\/yoast.com\/wordpress\/plugins\/seo\/ -->\n<title>Colgante BERSERKER - ADISART<\/title>\n<meta name=\"description\" content=\"Los berserker (tambi\u00e9n ulfhednar) eran guerreros vikingos que combat\u00edan semidesnudos, cubiertos de pieles. Entraban en combate bajo cierto trance de perfil psic\u00f3tico, casi insensibles al dolor, fuertes como osos o toros, y llegaban a morder sus escudos y no hab\u00eda fuego ni acero que los detuviera. Se lanzaban al combate con furia ciega, incluso sin armadura ni protecci\u00f3n alguna; hasta se ha testimoniado el caso de que se lanzaban al agua antes de tiempo desde un drakkar y se ahogaban sin que nada se pudiera hacer. Su sola presencia atemorizaba a sus enemigos e incluso a sus compa\u00f1eros de batalla, pues en estado de trance no estaban en condiciones de distinguir aliados de enemigos.  El poema Haraldskv\u00e6\u00f0i (parte de Hrafnsm\u00e1l) los define as\u00ed:  Hablar\u00e9 de los berserkers, los catadores de sangre,Aquellos h\u00e9roes intr\u00e9pidos, \u00bfc\u00f3mo tratabanA los que se vadean en la batalla?Piel de lobo les llaman.Portan escudos sangrientos.De puntas rojas son sus lanzas cuando marchan.Forman un grupo apretado, cerrando filas.El pr\u00edncipe, en su sabidur\u00eda, conf\u00eda en ellos,En los que cortan los escudos enemigos.\" \/>\n<meta name=\"robots\" content=\"index, follow, max-snippet:-1, max-image-preview:large, max-video-preview:-1\" \/>\n<link rel=\"canonical\" href=\"https:\/\/www.adisart.com\/tienda\/colgante-berserker\/\" \/>\n<meta property=\"og:locale\" content=\"es_ES\" \/>\n<meta property=\"og:type\" content=\"article\" \/>\n<meta property=\"og:title\" content=\"Colgante BERSERKER - ADISART\" \/>\n<meta property=\"og:description\" content=\"Los berserker (tambi\u00e9n ulfhednar) eran guerreros vikingos que combat\u00edan semidesnudos, cubiertos de pieles. Entraban en combate bajo cierto trance de perfil psic\u00f3tico, casi insensibles al dolor, fuertes como osos o toros, y llegaban a morder sus escudos y no hab\u00eda fuego ni acero que los detuviera. Se lanzaban al combate con furia ciega, incluso sin armadura ni protecci\u00f3n alguna; hasta se ha testimoniado el caso de que se lanzaban al agua antes de tiempo desde un drakkar y se ahogaban sin que nada se pudiera hacer. Su sola presencia atemorizaba a sus enemigos e incluso a sus compa\u00f1eros de batalla, pues en estado de trance no estaban en condiciones de distinguir aliados de enemigos.  El poema Haraldskv\u00e6\u00f0i (parte de Hrafnsm\u00e1l) los define as\u00ed:  Hablar\u00e9 de los berserkers, los catadores de sangre,Aquellos h\u00e9roes intr\u00e9pidos, \u00bfc\u00f3mo tratabanA los que se vadean en la batalla?Piel de lobo les llaman.Portan escudos sangrientos.De puntas rojas son sus lanzas cuando marchan.Forman un grupo apretado, cerrando filas.El pr\u00edncipe, en su sabidur\u00eda, conf\u00eda en ellos,En los que cortan los escudos enemigos.\" \/>\n<meta property=\"og:url\" content=\"https:\/\/www.adisart.com\/tienda\/colgante-berserker\/\" \/>\n<meta property=\"og:site_name\" content=\"ADISART\" \/>\n<meta property=\"article:modified_time\" content=\"2021-03-04T09:38:28+00:00\" \/>\n<meta property=\"og:image\" content=\"https:\/\/www.adisart.com\/tienda\/wp-content\/uploads\/2015\/08\/berserker-2.jpg\" \/>\n\t<meta property=\"og:image:width\" content=\"600\" \/>\n\t<meta property=\"og:image:height\" content=\"800\" \/>\n<meta name=\"twitter:card\" content=\"summary\" \/>\n<script type=\"application\/ld+json\" class=\"yoast-schema-graph\">{\"@context\":\"https:\/\/schema.org\",\"@graph\":[{\"@type\":\"WebSite\",\"@id\":\"https:\/\/www.adisart.com\/tienda\/#website\",\"url\":\"https:\/\/www.adisart.com\/tienda\/\",\"name\":\"ADISART\",\"description\":\"Creaciones art\\u00edsticas\",\"potentialAction\":[{\"@type\":\"SearchAction\",\"target\":{\"@type\":\"EntryPoint\",\"urlTemplate\":\"https:\/\/www.adisart.com\/tienda\/?s={search_term_string}\"},\"query-input\":\"required name=search_term_string\"}],\"inLanguage\":\"es\"},{\"@type\":\"ImageObject\",\"@id\":\"https:\/\/www.adisart.com\/tienda\/colgante-berserker\/#primaryimage\",\"inLanguage\":\"es\",\"url\":\"https:\/\/www.adisart.com\/tienda\/wp-content\/uploads\/2015\/08\/berserker-2.jpg\",\"contentUrl\":\"https:\/\/www.adisart.com\/tienda\/wp-content\/uploads\/2015\/08\/berserker-2.jpg\",\"width\":600,\"height\":800},{\"@type\":\"WebPage\",\"@id\":\"https:\/\/www.adisart.com\/tienda\/colgante-berserker\/#webpage\",\"url\":\"https:\/\/www.adisart.com\/tienda\/colgante-berserker\/\",\"name\":\"Colgante BERSERKER - ADISART\",\"isPartOf\":{\"@id\":\"https:\/\/www.adisart.com\/tienda\/#website\"},\"primaryImageOfPage\":{\"@id\":\"https:\/\/www.adisart.com\/tienda\/colgante-berserker\/#primaryimage\"},\"datePublished\":\"2015-08-27T09:09:28+00:00\",\"dateModified\":\"2021-03-04T09:38:28+00:00\",\"description\":\"Los berserker (tambi\\u00e9n ulfhednar) eran guerreros vikingos que combat\\u00edan semidesnudos, cubiertos de pieles. Entraban en combate bajo cierto trance de perfil psic\\u00f3tico, casi insensibles al dolor, fuertes como osos o toros, y llegaban a morder sus escudos y no hab\\u00eda fuego ni acero que los detuviera. Se lanzaban al combate con furia ciega, incluso sin armadura ni protecci\\u00f3n alguna; hasta se ha testimoniado el caso de que se lanzaban al agua antes de tiempo desde un drakkar y se ahogaban sin que nada se pudiera hacer. Su sola presencia atemorizaba a sus enemigos e incluso a sus compa\\u00f1eros de batalla, pues en estado de trance no estaban en condiciones de distinguir aliados de enemigos. El poema Haraldskv\\u00e6\\u00f0i (parte de Hrafnsm\\u00e1l) los define as\\u00ed: Hablar\\u00e9 de los berserkers, los catadores de sangre,Aquellos h\\u00e9roes intr\\u00e9pidos, \\u00bfc\\u00f3mo tratabanA los que se vadean en la batalla?Piel de lobo les llaman.Portan escudos sangrientos.De puntas rojas son sus lanzas cuando marchan.Forman un grupo apretado, cerrando filas.El pr\\u00edncipe, en su sabidur\\u00eda, conf\\u00eda en ellos,En los que cortan los escudos enemigos.\",\"breadcrumb\":{\"@id\":\"https:\/\/www.adisart.com\/tienda\/colgante-berserker\/#breadcrumb\"},\"inLanguage\":\"es\",\"potentialAction\":[{\"@type\":\"ReadAction\",\"target\":[\"https:\/\/www.adisart.com\/tienda\/colgante-berserker\/\"]}]},{\"@type\":\"BreadcrumbList\",\"@id\":\"https:\/\/www.adisart.com\/tienda\/colgante-berserker\/#breadcrumb\",\"itemListElement\":[{\"@type\":\"ListItem\",\"position\":1,\"name\":\"Inicio\",\"item\":\"https:\/\/www.adisart.com\/tienda\/\"},{\"@type\":\"ListItem\",\"position\":2,\"name\":\"Tienda\",\"item\":\"https:\/\/www.adisart.com\/tienda\/\"},{\"@type\":\"ListItem\",\"position\":3,\"name\":\"Colgante BERSERKER\"}]}]}<\/script>\n<!-- \/ Yoast SEO plugin. -->","yoast_head_json":{"title":"Colgante BERSERKER - ADISART","description":"Los berserker (tambi\u00e9n ulfhednar) eran guerreros vikingos que combat\u00edan semidesnudos, cubiertos de pieles. Entraban en combate bajo cierto trance de perfil psic\u00f3tico, casi insensibles al dolor, fuertes como osos o toros, y llegaban a morder sus escudos y no hab\u00eda fuego ni acero que los detuviera. Se lanzaban al combate con furia ciega, incluso sin armadura ni protecci\u00f3n alguna; hasta se ha testimoniado el caso de que se lanzaban al agua antes de tiempo desde un drakkar y se ahogaban sin que nada se pudiera hacer. Su sola presencia atemorizaba a sus enemigos e incluso a sus compa\u00f1eros de batalla, pues en estado de trance no estaban en condiciones de distinguir aliados de enemigos.  El poema Haraldskv\u00e6\u00f0i (parte de Hrafnsm\u00e1l) los define as\u00ed:  Hablar\u00e9 de los berserkers, los catadores de sangre,Aquellos h\u00e9roes intr\u00e9pidos, \u00bfc\u00f3mo tratabanA los que se vadean en la batalla?Piel de lobo les llaman.Portan escudos sangrientos.De puntas rojas son sus lanzas cuando marchan.Forman un grupo apretado, cerrando filas.El pr\u00edncipe, en su sabidur\u00eda, conf\u00eda en ellos,En los que cortan los escudos enemigos.","robots":{"index":"index","follow":"follow","max-snippet":"max-snippet:-1","max-image-preview":"max-image-preview:large","max-video-preview":"max-video-preview:-1"},"canonical":"https:\/\/www.adisart.com\/tienda\/colgante-berserker\/","og_locale":"es_ES","og_type":"article","og_title":"Colgante BERSERKER - ADISART","og_description":"Los berserker (tambi\u00e9n ulfhednar) eran guerreros vikingos que combat\u00edan semidesnudos, cubiertos de pieles. Entraban en combate bajo cierto trance de perfil psic\u00f3tico, casi insensibles al dolor, fuertes como osos o toros, y llegaban a morder sus escudos y no hab\u00eda fuego ni acero que los detuviera. Se lanzaban al combate con furia ciega, incluso sin armadura ni protecci\u00f3n alguna; hasta se ha testimoniado el caso de que se lanzaban al agua antes de tiempo desde un drakkar y se ahogaban sin que nada se pudiera hacer. Su sola presencia atemorizaba a sus enemigos e incluso a sus compa\u00f1eros de batalla, pues en estado de trance no estaban en condiciones de distinguir aliados de enemigos.  El poema Haraldskv\u00e6\u00f0i (parte de Hrafnsm\u00e1l) los define as\u00ed:  Hablar\u00e9 de los berserkers, los catadores de sangre,Aquellos h\u00e9roes intr\u00e9pidos, \u00bfc\u00f3mo tratabanA los que se vadean en la batalla?Piel de lobo les llaman.Portan escudos sangrientos.De puntas rojas son sus lanzas cuando marchan.Forman un grupo apretado, cerrando filas.El pr\u00edncipe, en su sabidur\u00eda, conf\u00eda en ellos,En los que cortan los escudos enemigos.","og_url":"https:\/\/www.adisart.com\/tienda\/colgante-berserker\/","og_site_name":"ADISART","article_modified_time":"2021-03-04T09:38:28+00:00","og_image":[{"width":600,"height":800,"url":"https:\/\/www.adisart.com\/tienda\/wp-content\/uploads\/2015\/08\/berserker-2.jpg","path":"\/home\/adisart.com\/public_html\/tienda\/wp-content\/uploads\/2015\/08\/berserker-2.jpg","size":"full","id":1938,"alt":"","pixels":480000,"type":"image\/jpeg"}],"twitter_card":"summary","schema":{"@context":"https:\/\/schema.org","@graph":[{"@type":"WebSite","@id":"https:\/\/www.adisart.com\/tienda\/#website","url":"https:\/\/www.adisart.com\/tienda\/","name":"ADISART","description":"Creaciones art\u00edsticas","potentialAction":[{"@type":"SearchAction","target":{"@type":"EntryPoint","urlTemplate":"https:\/\/www.adisart.com\/tienda\/?s={search_term_string}"},"query-input":"required name=search_term_string"}],"inLanguage":"es"},{"@type":"ImageObject","@id":"https:\/\/www.adisart.com\/tienda\/colgante-berserker\/#primaryimage","inLanguage":"es","url":"https:\/\/www.adisart.com\/tienda\/wp-content\/uploads\/2015\/08\/berserker-2.jpg","contentUrl":"https:\/\/www.adisart.com\/tienda\/wp-content\/uploads\/2015\/08\/berserker-2.jpg","width":600,"height":800},{"@type":"WebPage","@id":"https:\/\/www.adisart.com\/tienda\/colgante-berserker\/#webpage","url":"https:\/\/www.adisart.com\/tienda\/colgante-berserker\/","name":"Colgante BERSERKER - ADISART","isPartOf":{"@id":"https:\/\/www.adisart.com\/tienda\/#website"},"primaryImageOfPage":{"@id":"https:\/\/www.adisart.com\/tienda\/colgante-berserker\/#primaryimage"},"datePublished":"2015-08-27T09:09:28+00:00","dateModified":"2021-03-04T09:38:28+00:00","description":"Los berserker (tambi\u00e9n ulfhednar) eran guerreros vikingos que combat\u00edan semidesnudos, cubiertos de pieles. Entraban en combate bajo cierto trance de perfil psic\u00f3tico, casi insensibles al dolor, fuertes como osos o toros, y llegaban a morder sus escudos y no hab\u00eda fuego ni acero que los detuviera. Se lanzaban al combate con furia ciega, incluso sin armadura ni protecci\u00f3n alguna; hasta se ha testimoniado el caso de que se lanzaban al agua antes de tiempo desde un drakkar y se ahogaban sin que nada se pudiera hacer. Su sola presencia atemorizaba a sus enemigos e incluso a sus compa\u00f1eros de batalla, pues en estado de trance no estaban en condiciones de distinguir aliados de enemigos. El poema Haraldskv\u00e6\u00f0i (parte de Hrafnsm\u00e1l) los define as\u00ed: Hablar\u00e9 de los berserkers, los catadores de sangre,Aquellos h\u00e9roes intr\u00e9pidos, \u00bfc\u00f3mo tratabanA los que se vadean en la batalla?Piel de lobo les llaman.Portan escudos sangrientos.De puntas rojas son sus lanzas cuando marchan.Forman un grupo apretado, cerrando filas.El pr\u00edncipe, en su sabidur\u00eda, conf\u00eda en ellos,En los que cortan los escudos enemigos.","breadcrumb":{"@id":"https:\/\/www.adisart.com\/tienda\/colgante-berserker\/#breadcrumb"},"inLanguage":"es","potentialAction":[{"@type":"ReadAction","target":["https:\/\/www.adisart.com\/tienda\/colgante-berserker\/"]}]},{"@type":"BreadcrumbList","@id":"https:\/\/www.adisart.com\/tienda\/colgante-berserker\/#breadcrumb","itemListElement":[{"@type":"ListItem","position":1,"name":"Inicio","item":"https:\/\/www.adisart.com\/tienda\/"},{"@type":"ListItem","position":2,"name":"Tienda","item":"https:\/\/www.adisart.com\/tienda\/"},{"@type":"ListItem","position":3,"name":"Colgante BERSERKER"}]}]}},"_links":{"self":[{"href":"https:\/\/www.adisart.com\/tienda\/wp-json\/wp\/v2\/product\/1936"}],"collection":[{"href":"https:\/\/www.adisart.com\/tienda\/wp-json\/wp\/v2\/product"}],"about":[{"href":"https:\/\/www.adisart.com\/tienda\/wp-json\/wp\/v2\/types\/product"}],"replies":[{"embeddable":true,"href":"https:\/\/www.adisart.com\/tienda\/wp-json\/wp\/v2\/comments?post=1936"}],"wp:featuredmedia":[{"embeddable":true,"href":"https:\/\/www.adisart.com\/tienda\/wp-json\/wp\/v2\/media\/1938"}],"wp:attachment":[{"href":"https:\/\/www.adisart.com\/tienda\/wp-json\/wp\/v2\/media?parent=1936"}],"wp:term":[{"taxonomy":"product_cat","embeddable":true,"href":"https:\/\/www.adisart.com\/tienda\/wp-json\/wp\/v2\/product_cat?post=1936"},{"taxonomy":"product_tag","embeddable":true,"href":"https:\/\/www.adisart.com\/tienda\/wp-json\/wp\/v2\/product_tag?post=1936"}],"curies":[{"name":"wp","href":"https:\/\/api.w.org\/{rel}","templated":true}]}}