{"id":1960,"date":"2015-08-27T18:37:14","date_gmt":"2015-08-27T16:37:14","guid":{"rendered":"http:\/\/www.adisart.com\/tienda\/?post_type=product&#038;p=1960"},"modified":"2021-03-04T13:39:00","modified_gmt":"2021-03-04T11:39:00","slug":"llavero-aegishjalmur","status":"publish","type":"product","link":"https:\/\/www.adisart.com\/tienda\/llavero-aegishjalmur\/","title":{"rendered":"Llavero Aegishjalmur"},"content":{"rendered":"<p><a href=\"http:\/\/www.adisart.com\/tienda\/wp-content\/uploads\/2015\/08\/aegishjalmur.jpg\"><br \/>\n<img loading=\"lazy\" class=\"aligncenter size-medium wp-image-1961\" src=\"http:\/\/www.adisart.com\/tienda\/wp-content\/uploads\/2015\/08\/aegishjalmur-225x300.jpg\" alt=\"aegishjalmur\" width=\"225\" height=\"300\" srcset=\"https:\/\/www.adisart.com\/tienda\/wp-content\/uploads\/2015\/08\/aegishjalmur-225x300.jpg 225w, https:\/\/www.adisart.com\/tienda\/wp-content\/uploads\/2015\/08\/aegishjalmur.jpg 600w\" sizes=\"(max-width: 225px) 100vw, 225px\" \/><\/a>De origen island\u00e9s, tambi\u00e9n se le conoce como <i>hechizo del terror<\/i> o <i>del temor<\/i>. Este tipo de s\u00edmbolos eran usados habitualmente por los guerreros vikingos como signo protector pintado en la frente antes de la batalla, conocido como <i>herkumbl (\u00absigno de guerra\u00bb)<\/i>.Dibujado entre los ojos, se le otorgaba la capacidad de hacer invencible al portador y atemorizar a sus enemigos.\u00a0Aparece en varias sagas\u00a0n\u00f3rdicas, donde se le menciona con diversos nombres como <i>semblante del terror<\/i> o <i>car\u00e1cter dominante<\/i>.<\/p>\n","protected":false},"excerpt":{"rendered":"<p>De origen island\u00e9s, tambi\u00e9n se le conoce como hechizo del terror o del temor. Este tipo de s\u00edmbolos eran usados habitualmente por los guerreros vikingos como signo protector pintado en la frente antes de la batalla, conocido como herkumbl (\u00absigno de guerra\u00bb).Dibujado entre los ojos, se le otorgaba la capacidad de hacer invencible al portador [&hellip;]<\/p>\n","protected":false},"featured_media":1961,"comment_status":"open","ping_status":"closed","template":"","meta":[],"product_cat":[628],"product_tag":[416,461,463,462,382],"yoast_head":"<!-- This site is optimized with the Yoast SEO plugin v17.2.1 - https:\/\/yoast.com\/wordpress\/plugins\/seo\/ -->\n<title>Llavero Aegishjalmur - ADISART<\/title>\n<meta name=\"description\" content=\"De origen island\u00e9s, tambi\u00e9n se le conoce como hechizo del terror o del temor. Este tipo de s\u00edmbolos eran usados habitualmente por los guerreros vikingos\" \/>\n<meta name=\"robots\" content=\"index, follow, max-snippet:-1, max-image-preview:large, max-video-preview:-1\" \/>\n<link rel=\"canonical\" href=\"https:\/\/www.adisart.com\/tienda\/llavero-aegishjalmur\/\" \/>\n<meta property=\"og:locale\" content=\"es_ES\" \/>\n<meta property=\"og:type\" content=\"article\" \/>\n<meta property=\"og:title\" content=\"Llavero Aegishjalmur - ADISART\" \/>\n<meta property=\"og:description\" content=\"De origen island\u00e9s, tambi\u00e9n se le conoce como hechizo del terror o del temor. Este tipo de s\u00edmbolos eran usados habitualmente por los guerreros vikingos\" \/>\n<meta property=\"og:url\" content=\"https:\/\/www.adisart.com\/tienda\/llavero-aegishjalmur\/\" \/>\n<meta property=\"og:site_name\" content=\"ADISART\" \/>\n<meta property=\"article:modified_time\" content=\"2021-03-04T11:39:00+00:00\" \/>\n<meta property=\"og:image\" content=\"https:\/\/www.adisart.com\/tienda\/wp-content\/uploads\/2015\/08\/aegishjalmur.jpg\" \/>\n\t<meta property=\"og:image:width\" content=\"600\" \/>\n\t<meta property=\"og:image:height\" content=\"800\" \/>\n<meta name=\"twitter:card\" content=\"summary\" \/>\n<script type=\"application\/ld+json\" class=\"yoast-schema-graph\">{\"@context\":\"https:\/\/schema.org\",\"@graph\":[{\"@type\":\"WebSite\",\"@id\":\"https:\/\/www.adisart.com\/tienda\/#website\",\"url\":\"https:\/\/www.adisart.com\/tienda\/\",\"name\":\"ADISART\",\"description\":\"Creaciones art\\u00edsticas\",\"potentialAction\":[{\"@type\":\"SearchAction\",\"target\":{\"@type\":\"EntryPoint\",\"urlTemplate\":\"https:\/\/www.adisart.com\/tienda\/?s={search_term_string}\"},\"query-input\":\"required name=search_term_string\"}],\"inLanguage\":\"es\"},{\"@type\":\"ImageObject\",\"@id\":\"https:\/\/www.adisart.com\/tienda\/llavero-aegishjalmur\/#primaryimage\",\"inLanguage\":\"es\",\"url\":\"https:\/\/www.adisart.com\/tienda\/wp-content\/uploads\/2015\/08\/aegishjalmur.jpg\",\"contentUrl\":\"https:\/\/www.adisart.com\/tienda\/wp-content\/uploads\/2015\/08\/aegishjalmur.jpg\",\"width\":600,\"height\":800},{\"@type\":\"WebPage\",\"@id\":\"https:\/\/www.adisart.com\/tienda\/llavero-aegishjalmur\/#webpage\",\"url\":\"https:\/\/www.adisart.com\/tienda\/llavero-aegishjalmur\/\",\"name\":\"Llavero Aegishjalmur - ADISART\",\"isPartOf\":{\"@id\":\"https:\/\/www.adisart.com\/tienda\/#website\"},\"primaryImageOfPage\":{\"@id\":\"https:\/\/www.adisart.com\/tienda\/llavero-aegishjalmur\/#primaryimage\"},\"datePublished\":\"2015-08-27T16:37:14+00:00\",\"dateModified\":\"2021-03-04T11:39:00+00:00\",\"description\":\"De origen island\\u00e9s, tambi\\u00e9n se le conoce como hechizo del terror o del temor. Este tipo de s\\u00edmbolos eran usados habitualmente por los guerreros vikingos\",\"breadcrumb\":{\"@id\":\"https:\/\/www.adisart.com\/tienda\/llavero-aegishjalmur\/#breadcrumb\"},\"inLanguage\":\"es\",\"potentialAction\":[{\"@type\":\"ReadAction\",\"target\":[\"https:\/\/www.adisart.com\/tienda\/llavero-aegishjalmur\/\"]}]},{\"@type\":\"BreadcrumbList\",\"@id\":\"https:\/\/www.adisart.com\/tienda\/llavero-aegishjalmur\/#breadcrumb\",\"itemListElement\":[{\"@type\":\"ListItem\",\"position\":1,\"name\":\"Inicio\",\"item\":\"https:\/\/www.adisart.com\/tienda\/\"},{\"@type\":\"ListItem\",\"position\":2,\"name\":\"Tienda\",\"item\":\"https:\/\/www.adisart.com\/tienda\/\"},{\"@type\":\"ListItem\",\"position\":3,\"name\":\"Llavero Aegishjalmur\"}]}]}<\/script>\n<!-- \/ Yoast SEO plugin. -->","yoast_head_json":{"title":"Llavero Aegishjalmur - ADISART","description":"De origen island\u00e9s, tambi\u00e9n se le conoce como hechizo del terror o del temor. Este tipo de s\u00edmbolos eran usados habitualmente por los guerreros vikingos","robots":{"index":"index","follow":"follow","max-snippet":"max-snippet:-1","max-image-preview":"max-image-preview:large","max-video-preview":"max-video-preview:-1"},"canonical":"https:\/\/www.adisart.com\/tienda\/llavero-aegishjalmur\/","og_locale":"es_ES","og_type":"article","og_title":"Llavero Aegishjalmur - ADISART","og_description":"De origen island\u00e9s, tambi\u00e9n se le conoce como hechizo del terror o del temor. Este tipo de s\u00edmbolos eran usados habitualmente por los guerreros vikingos","og_url":"https:\/\/www.adisart.com\/tienda\/llavero-aegishjalmur\/","og_site_name":"ADISART","article_modified_time":"2021-03-04T11:39:00+00:00","og_image":[{"width":600,"height":800,"url":"https:\/\/www.adisart.com\/tienda\/wp-content\/uploads\/2015\/08\/aegishjalmur.jpg","path":"\/home\/adisart.com\/public_html\/tienda\/wp-content\/uploads\/2015\/08\/aegishjalmur.jpg","size":"full","id":1961,"alt":"","pixels":480000,"type":"image\/jpeg"}],"twitter_card":"summary","schema":{"@context":"https:\/\/schema.org","@graph":[{"@type":"WebSite","@id":"https:\/\/www.adisart.com\/tienda\/#website","url":"https:\/\/www.adisart.com\/tienda\/","name":"ADISART","description":"Creaciones art\u00edsticas","potentialAction":[{"@type":"SearchAction","target":{"@type":"EntryPoint","urlTemplate":"https:\/\/www.adisart.com\/tienda\/?s={search_term_string}"},"query-input":"required name=search_term_string"}],"inLanguage":"es"},{"@type":"ImageObject","@id":"https:\/\/www.adisart.com\/tienda\/llavero-aegishjalmur\/#primaryimage","inLanguage":"es","url":"https:\/\/www.adisart.com\/tienda\/wp-content\/uploads\/2015\/08\/aegishjalmur.jpg","contentUrl":"https:\/\/www.adisart.com\/tienda\/wp-content\/uploads\/2015\/08\/aegishjalmur.jpg","width":600,"height":800},{"@type":"WebPage","@id":"https:\/\/www.adisart.com\/tienda\/llavero-aegishjalmur\/#webpage","url":"https:\/\/www.adisart.com\/tienda\/llavero-aegishjalmur\/","name":"Llavero Aegishjalmur - ADISART","isPartOf":{"@id":"https:\/\/www.adisart.com\/tienda\/#website"},"primaryImageOfPage":{"@id":"https:\/\/www.adisart.com\/tienda\/llavero-aegishjalmur\/#primaryimage"},"datePublished":"2015-08-27T16:37:14+00:00","dateModified":"2021-03-04T11:39:00+00:00","description":"De origen island\u00e9s, tambi\u00e9n se le conoce como hechizo del terror o del temor. Este tipo de s\u00edmbolos eran usados habitualmente por los guerreros vikingos","breadcrumb":{"@id":"https:\/\/www.adisart.com\/tienda\/llavero-aegishjalmur\/#breadcrumb"},"inLanguage":"es","potentialAction":[{"@type":"ReadAction","target":["https:\/\/www.adisart.com\/tienda\/llavero-aegishjalmur\/"]}]},{"@type":"BreadcrumbList","@id":"https:\/\/www.adisart.com\/tienda\/llavero-aegishjalmur\/#breadcrumb","itemListElement":[{"@type":"ListItem","position":1,"name":"Inicio","item":"https:\/\/www.adisart.com\/tienda\/"},{"@type":"ListItem","position":2,"name":"Tienda","item":"https:\/\/www.adisart.com\/tienda\/"},{"@type":"ListItem","position":3,"name":"Llavero Aegishjalmur"}]}]}},"_links":{"self":[{"href":"https:\/\/www.adisart.com\/tienda\/wp-json\/wp\/v2\/product\/1960"}],"collection":[{"href":"https:\/\/www.adisart.com\/tienda\/wp-json\/wp\/v2\/product"}],"about":[{"href":"https:\/\/www.adisart.com\/tienda\/wp-json\/wp\/v2\/types\/product"}],"replies":[{"embeddable":true,"href":"https:\/\/www.adisart.com\/tienda\/wp-json\/wp\/v2\/comments?post=1960"}],"wp:featuredmedia":[{"embeddable":true,"href":"https:\/\/www.adisart.com\/tienda\/wp-json\/wp\/v2\/media\/1961"}],"wp:attachment":[{"href":"https:\/\/www.adisart.com\/tienda\/wp-json\/wp\/v2\/media?parent=1960"}],"wp:term":[{"taxonomy":"product_cat","embeddable":true,"href":"https:\/\/www.adisart.com\/tienda\/wp-json\/wp\/v2\/product_cat?post=1960"},{"taxonomy":"product_tag","embeddable":true,"href":"https:\/\/www.adisart.com\/tienda\/wp-json\/wp\/v2\/product_tag?post=1960"}],"curies":[{"name":"wp","href":"https:\/\/api.w.org\/{rel}","templated":true}]}}