{"id":1970,"date":"2015-08-27T19:13:56","date_gmt":"2015-08-27T17:13:56","guid":{"rendered":"http:\/\/www.adisart.com\/tienda\/?post_type=product&#038;p=1970"},"modified":"2021-03-04T11:38:28","modified_gmt":"2021-03-04T09:38:28","slug":"colgante-vegvisir","status":"publish","type":"product","link":"https:\/\/www.adisart.com\/tienda\/colgante-vegvisir\/","title":{"rendered":"Colgante Vegvisir Runas"},"content":{"rendered":"<p><a href=\"http:\/\/www.adisart.com\/tienda\/wp-content\/uploads\/2015\/08\/Vegvisir.jpg\"><img loading=\"lazy\" class=\"aligncenter size-medium wp-image-1971\" src=\"http:\/\/www.adisart.com\/tienda\/wp-content\/uploads\/2015\/08\/Vegvisir-300x225.jpg\" alt=\"Vegvisir\" width=\"300\" height=\"225\" srcset=\"https:\/\/www.adisart.com\/tienda\/wp-content\/uploads\/2015\/08\/Vegvisir-300x225.jpg 300w, https:\/\/www.adisart.com\/tienda\/wp-content\/uploads\/2015\/08\/Vegvisir-600x450.jpg 600w, https:\/\/www.adisart.com\/tienda\/wp-content\/uploads\/2015\/08\/Vegvisir.jpg 800w\" sizes=\"(max-width: 300px) 100vw, 300px\" \/><\/a>El <b>Vegv\u00edsir<\/b> es un s\u00edmbolo m\u00e1gico que pretende guiar a las personas durante una jornada de mal tiempo y poca visibilidad.\u00a0Tambi\u00e9n llamado \u00abposte de gu\u00eda\u00bb, \u00abse\u00f1al de direcci\u00f3n\u00bb o la \u00abbr\u00fajula vikinga\u00bb. El registro m\u00e1s antiguo conservado de la existencia del Vegv\u00edsir es el grimorio\u00a0<i>Galdabrok<\/i>, un compendio del siglo XVII.<\/p>\n<p>El Vegv\u00edsir reaparece en el neopaganismo en forma de tatuaje (aunque no est\u00e1 demostrada la existencia de tatuajes en los pueblos del norte previa a la entrada del Cristianismo\u00a0), como s\u00edmbolo m\u00edstico espiritual de ayuda para no torcerse en el camino recto a seguir en la vida.<\/p>\n<p>El ejemplo m\u00e1s conocido pertenece a la cantante <a title=\"Bj\u00f6rk\" href=\"https:\/\/es.wikipedia.org\/wiki\/Bj%C3%B6rk\">Bj\u00f6rk<\/a> que muestra tatuado un Vegv\u00edsir en su brazo izquierdo.<\/p>\n","protected":false},"excerpt":{"rendered":"<p>El Vegv\u00edsir es un s\u00edmbolo m\u00e1gico que pretende guiar a las personas durante una jornada de mal tiempo y poca visibilidad.\u00a0Tambi\u00e9n llamado \u00abposte de gu\u00eda\u00bb, \u00abse\u00f1al de direcci\u00f3n\u00bb o la \u00abbr\u00fajula vikinga\u00bb. El registro m\u00e1s antiguo conservado de la existencia del Vegv\u00edsir es el grimorio\u00a0Galdabrok, un compendio del siglo XVII. El Vegv\u00edsir reaparece en el [&hellip;]<\/p>\n","protected":false},"featured_media":1971,"comment_status":"open","ping_status":"closed","template":"","meta":[],"product_cat":[628],"product_tag":[475,474,473,419],"yoast_head":"<!-- This site is optimized with the Yoast SEO plugin v17.2.1 - https:\/\/yoast.com\/wordpress\/plugins\/seo\/ -->\n<title>Colgante Vegvisir Runas<\/title>\n<meta name=\"description\" content=\"Colgante Vegvisir Runas\" \/>\n<meta name=\"robots\" content=\"index, follow, max-snippet:-1, max-image-preview:large, max-video-preview:-1\" \/>\n<link rel=\"canonical\" href=\"https:\/\/www.adisart.com\/tienda\/colgante-vegvisir\/\" \/>\n<meta property=\"og:locale\" content=\"es_ES\" \/>\n<meta property=\"og:type\" content=\"article\" \/>\n<meta property=\"og:title\" content=\"Colgante Vegvisir Runas\" \/>\n<meta property=\"og:description\" content=\"Colgante Vegvisir Runas\" \/>\n<meta property=\"og:url\" content=\"https:\/\/www.adisart.com\/tienda\/colgante-vegvisir\/\" \/>\n<meta property=\"og:site_name\" content=\"ADISART\" \/>\n<meta property=\"article:modified_time\" content=\"2021-03-04T09:38:28+00:00\" \/>\n<meta property=\"og:image\" content=\"https:\/\/www.adisart.com\/tienda\/wp-content\/uploads\/2015\/08\/Vegvisir.jpg\" \/>\n\t<meta property=\"og:image:width\" content=\"800\" \/>\n\t<meta property=\"og:image:height\" content=\"600\" \/>\n<meta name=\"twitter:card\" content=\"summary\" \/>\n<meta name=\"twitter:label1\" content=\"Tiempo de lectura\" \/>\n\t<meta name=\"twitter:data1\" content=\"1 minuto\" \/>\n<script type=\"application\/ld+json\" class=\"yoast-schema-graph\">{\"@context\":\"https:\/\/schema.org\",\"@graph\":[{\"@type\":\"WebSite\",\"@id\":\"https:\/\/www.adisart.com\/tienda\/#website\",\"url\":\"https:\/\/www.adisart.com\/tienda\/\",\"name\":\"ADISART\",\"description\":\"Creaciones art\\u00edsticas\",\"potentialAction\":[{\"@type\":\"SearchAction\",\"target\":{\"@type\":\"EntryPoint\",\"urlTemplate\":\"https:\/\/www.adisart.com\/tienda\/?s={search_term_string}\"},\"query-input\":\"required name=search_term_string\"}],\"inLanguage\":\"es\"},{\"@type\":\"ImageObject\",\"@id\":\"https:\/\/www.adisart.com\/tienda\/colgante-vegvisir\/#primaryimage\",\"inLanguage\":\"es\",\"url\":\"https:\/\/www.adisart.com\/tienda\/wp-content\/uploads\/2015\/08\/Vegvisir.jpg\",\"contentUrl\":\"https:\/\/www.adisart.com\/tienda\/wp-content\/uploads\/2015\/08\/Vegvisir.jpg\",\"width\":800,\"height\":600},{\"@type\":\"WebPage\",\"@id\":\"https:\/\/www.adisart.com\/tienda\/colgante-vegvisir\/#webpage\",\"url\":\"https:\/\/www.adisart.com\/tienda\/colgante-vegvisir\/\",\"name\":\"Colgante Vegvisir Runas\",\"isPartOf\":{\"@id\":\"https:\/\/www.adisart.com\/tienda\/#website\"},\"primaryImageOfPage\":{\"@id\":\"https:\/\/www.adisart.com\/tienda\/colgante-vegvisir\/#primaryimage\"},\"datePublished\":\"2015-08-27T17:13:56+00:00\",\"dateModified\":\"2021-03-04T09:38:28+00:00\",\"description\":\"Colgante Vegvisir Runas\",\"breadcrumb\":{\"@id\":\"https:\/\/www.adisart.com\/tienda\/colgante-vegvisir\/#breadcrumb\"},\"inLanguage\":\"es\",\"potentialAction\":[{\"@type\":\"ReadAction\",\"target\":[\"https:\/\/www.adisart.com\/tienda\/colgante-vegvisir\/\"]}]},{\"@type\":\"BreadcrumbList\",\"@id\":\"https:\/\/www.adisart.com\/tienda\/colgante-vegvisir\/#breadcrumb\",\"itemListElement\":[{\"@type\":\"ListItem\",\"position\":1,\"name\":\"Inicio\",\"item\":\"https:\/\/www.adisart.com\/tienda\/\"},{\"@type\":\"ListItem\",\"position\":2,\"name\":\"Tienda\",\"item\":\"https:\/\/www.adisart.com\/tienda\/\"},{\"@type\":\"ListItem\",\"position\":3,\"name\":\"Colgante Vegvisir Runas\"}]}]}<\/script>\n<!-- \/ Yoast SEO plugin. -->","yoast_head_json":{"title":"Colgante Vegvisir Runas","description":"Colgante Vegvisir Runas","robots":{"index":"index","follow":"follow","max-snippet":"max-snippet:-1","max-image-preview":"max-image-preview:large","max-video-preview":"max-video-preview:-1"},"canonical":"https:\/\/www.adisart.com\/tienda\/colgante-vegvisir\/","og_locale":"es_ES","og_type":"article","og_title":"Colgante Vegvisir Runas","og_description":"Colgante Vegvisir Runas","og_url":"https:\/\/www.adisart.com\/tienda\/colgante-vegvisir\/","og_site_name":"ADISART","article_modified_time":"2021-03-04T09:38:28+00:00","og_image":[{"width":800,"height":600,"url":"https:\/\/www.adisart.com\/tienda\/wp-content\/uploads\/2015\/08\/Vegvisir.jpg","path":"\/home\/adisart.com\/public_html\/tienda\/wp-content\/uploads\/2015\/08\/Vegvisir.jpg","size":"full","id":1971,"alt":"","pixels":480000,"type":"image\/jpeg"}],"twitter_card":"summary","twitter_misc":{"Tiempo de lectura":"1 minuto"},"schema":{"@context":"https:\/\/schema.org","@graph":[{"@type":"WebSite","@id":"https:\/\/www.adisart.com\/tienda\/#website","url":"https:\/\/www.adisart.com\/tienda\/","name":"ADISART","description":"Creaciones art\u00edsticas","potentialAction":[{"@type":"SearchAction","target":{"@type":"EntryPoint","urlTemplate":"https:\/\/www.adisart.com\/tienda\/?s={search_term_string}"},"query-input":"required name=search_term_string"}],"inLanguage":"es"},{"@type":"ImageObject","@id":"https:\/\/www.adisart.com\/tienda\/colgante-vegvisir\/#primaryimage","inLanguage":"es","url":"https:\/\/www.adisart.com\/tienda\/wp-content\/uploads\/2015\/08\/Vegvisir.jpg","contentUrl":"https:\/\/www.adisart.com\/tienda\/wp-content\/uploads\/2015\/08\/Vegvisir.jpg","width":800,"height":600},{"@type":"WebPage","@id":"https:\/\/www.adisart.com\/tienda\/colgante-vegvisir\/#webpage","url":"https:\/\/www.adisart.com\/tienda\/colgante-vegvisir\/","name":"Colgante Vegvisir Runas","isPartOf":{"@id":"https:\/\/www.adisart.com\/tienda\/#website"},"primaryImageOfPage":{"@id":"https:\/\/www.adisart.com\/tienda\/colgante-vegvisir\/#primaryimage"},"datePublished":"2015-08-27T17:13:56+00:00","dateModified":"2021-03-04T09:38:28+00:00","description":"Colgante Vegvisir Runas","breadcrumb":{"@id":"https:\/\/www.adisart.com\/tienda\/colgante-vegvisir\/#breadcrumb"},"inLanguage":"es","potentialAction":[{"@type":"ReadAction","target":["https:\/\/www.adisart.com\/tienda\/colgante-vegvisir\/"]}]},{"@type":"BreadcrumbList","@id":"https:\/\/www.adisart.com\/tienda\/colgante-vegvisir\/#breadcrumb","itemListElement":[{"@type":"ListItem","position":1,"name":"Inicio","item":"https:\/\/www.adisart.com\/tienda\/"},{"@type":"ListItem","position":2,"name":"Tienda","item":"https:\/\/www.adisart.com\/tienda\/"},{"@type":"ListItem","position":3,"name":"Colgante Vegvisir Runas"}]}]}},"_links":{"self":[{"href":"https:\/\/www.adisart.com\/tienda\/wp-json\/wp\/v2\/product\/1970"}],"collection":[{"href":"https:\/\/www.adisart.com\/tienda\/wp-json\/wp\/v2\/product"}],"about":[{"href":"https:\/\/www.adisart.com\/tienda\/wp-json\/wp\/v2\/types\/product"}],"replies":[{"embeddable":true,"href":"https:\/\/www.adisart.com\/tienda\/wp-json\/wp\/v2\/comments?post=1970"}],"wp:featuredmedia":[{"embeddable":true,"href":"https:\/\/www.adisart.com\/tienda\/wp-json\/wp\/v2\/media\/1971"}],"wp:attachment":[{"href":"https:\/\/www.adisart.com\/tienda\/wp-json\/wp\/v2\/media?parent=1970"}],"wp:term":[{"taxonomy":"product_cat","embeddable":true,"href":"https:\/\/www.adisart.com\/tienda\/wp-json\/wp\/v2\/product_cat?post=1970"},{"taxonomy":"product_tag","embeddable":true,"href":"https:\/\/www.adisart.com\/tienda\/wp-json\/wp\/v2\/product_tag?post=1970"}],"curies":[{"name":"wp","href":"https:\/\/api.w.org\/{rel}","templated":true}]}}