{"id":2061,"date":"2015-09-10T12:38:05","date_gmt":"2015-09-10T10:38:05","guid":{"rendered":"http:\/\/www.adisart.com\/tienda\/?post_type=product&#038;p=2061"},"modified":"2021-03-04T11:38:27","modified_gmt":"2021-03-04T09:38:27","slug":"mjolnir-max","status":"publish","type":"product","link":"https:\/\/www.adisart.com\/tienda\/mjolnir-max\/","title":{"rendered":"Mjolnir Max"},"content":{"rendered":"<h3>Mjolnir Max<a href=\"http:\/\/www.adisart.com\/tienda\/wp-content\/uploads\/2015\/09\/P1060748.jpg\"><br \/>\n<\/a> <a href=\"http:\/\/www.adisart.com\/tienda\/wp-content\/uploads\/2015\/09\/P1060750.jpg\"><img loading=\"lazy\" class=\"aligncenter size-medium wp-image-2063\" src=\"http:\/\/www.adisart.com\/tienda\/wp-content\/uploads\/2015\/09\/P1060750-169x300.jpg\" alt=\"P1060750\" width=\"169\" height=\"300\" srcset=\"https:\/\/www.adisart.com\/tienda\/wp-content\/uploads\/2015\/09\/P1060750-169x300.jpg 169w, https:\/\/www.adisart.com\/tienda\/wp-content\/uploads\/2015\/09\/P1060750-600x1067.jpg 600w, https:\/\/www.adisart.com\/tienda\/wp-content\/uploads\/2015\/09\/P1060750-576x1024.jpg 576w, https:\/\/www.adisart.com\/tienda\/wp-content\/uploads\/2015\/09\/P1060750.jpg 720w\" sizes=\"(max-width: 169px) 100vw, 169px\" \/><\/a> <a href=\"http:\/\/www.adisart.com\/tienda\/wp-content\/uploads\/2015\/09\/P1060751.jpg\"><img loading=\"lazy\" class=\"aligncenter size-medium wp-image-2064\" src=\"http:\/\/www.adisart.com\/tienda\/wp-content\/uploads\/2015\/09\/P1060751-169x300.jpg\" alt=\"P1060751\" width=\"169\" height=\"300\" srcset=\"https:\/\/www.adisart.com\/tienda\/wp-content\/uploads\/2015\/09\/P1060751-169x300.jpg 169w, https:\/\/www.adisart.com\/tienda\/wp-content\/uploads\/2015\/09\/P1060751-600x1067.jpg 600w, https:\/\/www.adisart.com\/tienda\/wp-content\/uploads\/2015\/09\/P1060751-576x1024.jpg 576w, https:\/\/www.adisart.com\/tienda\/wp-content\/uploads\/2015\/09\/P1060751.jpg 720w\" sizes=\"(max-width: 169px) 100vw, 169px\" \/><\/a>Hemos creado este nuevo Mjolnir. Tiene una longitud de 20 cms. Su finalidad es ser amuleto protector del hogar frente a las malas energ\u00edas. Los colgantes que lleva se pueden combinar como quer\u00e1is, simplemente a la hora de realizar el pedido ponedlo en el apartado de notas. En uno de ellos hemos colocado un Aegishjalmur custodiado por dos cuervos de Od\u00edn. En el otro hay dos runas Odal que son s\u00edmbolo de protecci\u00f3n del hogar y en el centro se puede leer la palabra familia en runas futhark.<\/h3>\n<p>&nbsp;<\/p>\n","protected":false},"excerpt":{"rendered":"<p>Mjolnir Max Hemos creado este nuevo Mjolnir. Tiene una longitud de 20 cms. Su finalidad es ser amuleto protector del hogar frente a las malas energ\u00edas. Los colgantes que lleva se pueden combinar como quer\u00e1is, simplemente a la hora de realizar el pedido ponedlo en el apartado de notas. En uno de ellos hemos colocado [&hellip;]<\/p>\n","protected":false},"featured_media":2064,"comment_status":"open","ping_status":"closed","template":"","meta":[],"product_cat":[628],"product_tag":[416,429,470,471,381,376,483,468],"yoast_head":"<!-- This site is optimized with the Yoast SEO plugin v17.2.1 - https:\/\/yoast.com\/wordpress\/plugins\/seo\/ -->\n<title>Mjolnir<\/title>\n<meta name=\"description\" content=\"Hemos creado este nuevo Mjolnir. Tiene una longitud de 20 cms. Su finalidad es ser amuleto protector del hogar frente a las malas energ\u00edas\" \/>\n<meta name=\"robots\" content=\"index, follow, max-snippet:-1, max-image-preview:large, max-video-preview:-1\" \/>\n<link rel=\"canonical\" href=\"https:\/\/www.adisart.com\/tienda\/mjolnir-max\/\" \/>\n<meta property=\"og:locale\" content=\"es_ES\" \/>\n<meta property=\"og:type\" content=\"article\" \/>\n<meta property=\"og:title\" content=\"Mjolnir\" \/>\n<meta property=\"og:description\" content=\"Hemos creado este nuevo Mjolnir. Tiene una longitud de 20 cms. Su finalidad es ser amuleto protector del hogar frente a las malas energ\u00edas\" \/>\n<meta property=\"og:url\" content=\"https:\/\/www.adisart.com\/tienda\/mjolnir-max\/\" \/>\n<meta property=\"og:site_name\" content=\"ADISART\" \/>\n<meta property=\"article:modified_time\" content=\"2021-03-04T09:38:27+00:00\" \/>\n<meta property=\"og:image\" content=\"https:\/\/www.adisart.com\/tienda\/wp-content\/uploads\/2015\/09\/P1060751.jpg\" \/>\n\t<meta property=\"og:image:width\" content=\"720\" \/>\n\t<meta property=\"og:image:height\" content=\"1280\" \/>\n<meta name=\"twitter:card\" content=\"summary\" \/>\n<script type=\"application\/ld+json\" class=\"yoast-schema-graph\">{\"@context\":\"https:\/\/schema.org\",\"@graph\":[{\"@type\":\"WebSite\",\"@id\":\"https:\/\/www.adisart.com\/tienda\/#website\",\"url\":\"https:\/\/www.adisart.com\/tienda\/\",\"name\":\"ADISART\",\"description\":\"Creaciones art\\u00edsticas\",\"potentialAction\":[{\"@type\":\"SearchAction\",\"target\":{\"@type\":\"EntryPoint\",\"urlTemplate\":\"https:\/\/www.adisart.com\/tienda\/?s={search_term_string}\"},\"query-input\":\"required name=search_term_string\"}],\"inLanguage\":\"es\"},{\"@type\":\"ImageObject\",\"@id\":\"https:\/\/www.adisart.com\/tienda\/mjolnir-max\/#primaryimage\",\"inLanguage\":\"es\",\"url\":\"https:\/\/www.adisart.com\/tienda\/wp-content\/uploads\/2015\/09\/P1060751.jpg\",\"contentUrl\":\"https:\/\/www.adisart.com\/tienda\/wp-content\/uploads\/2015\/09\/P1060751.jpg\",\"width\":720,\"height\":1280},{\"@type\":\"WebPage\",\"@id\":\"https:\/\/www.adisart.com\/tienda\/mjolnir-max\/#webpage\",\"url\":\"https:\/\/www.adisart.com\/tienda\/mjolnir-max\/\",\"name\":\"Mjolnir\",\"isPartOf\":{\"@id\":\"https:\/\/www.adisart.com\/tienda\/#website\"},\"primaryImageOfPage\":{\"@id\":\"https:\/\/www.adisart.com\/tienda\/mjolnir-max\/#primaryimage\"},\"datePublished\":\"2015-09-10T10:38:05+00:00\",\"dateModified\":\"2021-03-04T09:38:27+00:00\",\"description\":\"Hemos creado este nuevo Mjolnir. Tiene una longitud de 20 cms. Su finalidad es ser amuleto protector del hogar frente a las malas energ\\u00edas\",\"breadcrumb\":{\"@id\":\"https:\/\/www.adisart.com\/tienda\/mjolnir-max\/#breadcrumb\"},\"inLanguage\":\"es\",\"potentialAction\":[{\"@type\":\"ReadAction\",\"target\":[\"https:\/\/www.adisart.com\/tienda\/mjolnir-max\/\"]}]},{\"@type\":\"BreadcrumbList\",\"@id\":\"https:\/\/www.adisart.com\/tienda\/mjolnir-max\/#breadcrumb\",\"itemListElement\":[{\"@type\":\"ListItem\",\"position\":1,\"name\":\"Inicio\",\"item\":\"https:\/\/www.adisart.com\/tienda\/\"},{\"@type\":\"ListItem\",\"position\":2,\"name\":\"Tienda\",\"item\":\"https:\/\/www.adisart.com\/tienda\/\"},{\"@type\":\"ListItem\",\"position\":3,\"name\":\"Mjolnir Max\"}]}]}<\/script>\n<!-- \/ Yoast SEO plugin. -->","yoast_head_json":{"title":"Mjolnir","description":"Hemos creado este nuevo Mjolnir. Tiene una longitud de 20 cms. Su finalidad es ser amuleto protector del hogar frente a las malas energ\u00edas","robots":{"index":"index","follow":"follow","max-snippet":"max-snippet:-1","max-image-preview":"max-image-preview:large","max-video-preview":"max-video-preview:-1"},"canonical":"https:\/\/www.adisart.com\/tienda\/mjolnir-max\/","og_locale":"es_ES","og_type":"article","og_title":"Mjolnir","og_description":"Hemos creado este nuevo Mjolnir. Tiene una longitud de 20 cms. Su finalidad es ser amuleto protector del hogar frente a las malas energ\u00edas","og_url":"https:\/\/www.adisart.com\/tienda\/mjolnir-max\/","og_site_name":"ADISART","article_modified_time":"2021-03-04T09:38:27+00:00","og_image":[{"width":720,"height":1280,"url":"https:\/\/www.adisart.com\/tienda\/wp-content\/uploads\/2015\/09\/P1060751.jpg","path":"\/home\/adisart.com\/public_html\/tienda\/wp-content\/uploads\/2015\/09\/P1060751.jpg","size":"full","id":2064,"alt":"","pixels":921600,"type":"image\/jpeg"}],"twitter_card":"summary","schema":{"@context":"https:\/\/schema.org","@graph":[{"@type":"WebSite","@id":"https:\/\/www.adisart.com\/tienda\/#website","url":"https:\/\/www.adisart.com\/tienda\/","name":"ADISART","description":"Creaciones art\u00edsticas","potentialAction":[{"@type":"SearchAction","target":{"@type":"EntryPoint","urlTemplate":"https:\/\/www.adisart.com\/tienda\/?s={search_term_string}"},"query-input":"required name=search_term_string"}],"inLanguage":"es"},{"@type":"ImageObject","@id":"https:\/\/www.adisart.com\/tienda\/mjolnir-max\/#primaryimage","inLanguage":"es","url":"https:\/\/www.adisart.com\/tienda\/wp-content\/uploads\/2015\/09\/P1060751.jpg","contentUrl":"https:\/\/www.adisart.com\/tienda\/wp-content\/uploads\/2015\/09\/P1060751.jpg","width":720,"height":1280},{"@type":"WebPage","@id":"https:\/\/www.adisart.com\/tienda\/mjolnir-max\/#webpage","url":"https:\/\/www.adisart.com\/tienda\/mjolnir-max\/","name":"Mjolnir","isPartOf":{"@id":"https:\/\/www.adisart.com\/tienda\/#website"},"primaryImageOfPage":{"@id":"https:\/\/www.adisart.com\/tienda\/mjolnir-max\/#primaryimage"},"datePublished":"2015-09-10T10:38:05+00:00","dateModified":"2021-03-04T09:38:27+00:00","description":"Hemos creado este nuevo Mjolnir. Tiene una longitud de 20 cms. Su finalidad es ser amuleto protector del hogar frente a las malas energ\u00edas","breadcrumb":{"@id":"https:\/\/www.adisart.com\/tienda\/mjolnir-max\/#breadcrumb"},"inLanguage":"es","potentialAction":[{"@type":"ReadAction","target":["https:\/\/www.adisart.com\/tienda\/mjolnir-max\/"]}]},{"@type":"BreadcrumbList","@id":"https:\/\/www.adisart.com\/tienda\/mjolnir-max\/#breadcrumb","itemListElement":[{"@type":"ListItem","position":1,"name":"Inicio","item":"https:\/\/www.adisart.com\/tienda\/"},{"@type":"ListItem","position":2,"name":"Tienda","item":"https:\/\/www.adisart.com\/tienda\/"},{"@type":"ListItem","position":3,"name":"Mjolnir Max"}]}]}},"_links":{"self":[{"href":"https:\/\/www.adisart.com\/tienda\/wp-json\/wp\/v2\/product\/2061"}],"collection":[{"href":"https:\/\/www.adisart.com\/tienda\/wp-json\/wp\/v2\/product"}],"about":[{"href":"https:\/\/www.adisart.com\/tienda\/wp-json\/wp\/v2\/types\/product"}],"replies":[{"embeddable":true,"href":"https:\/\/www.adisart.com\/tienda\/wp-json\/wp\/v2\/comments?post=2061"}],"wp:featuredmedia":[{"embeddable":true,"href":"https:\/\/www.adisart.com\/tienda\/wp-json\/wp\/v2\/media\/2064"}],"wp:attachment":[{"href":"https:\/\/www.adisart.com\/tienda\/wp-json\/wp\/v2\/media?parent=2061"}],"wp:term":[{"taxonomy":"product_cat","embeddable":true,"href":"https:\/\/www.adisart.com\/tienda\/wp-json\/wp\/v2\/product_cat?post=2061"},{"taxonomy":"product_tag","embeddable":true,"href":"https:\/\/www.adisart.com\/tienda\/wp-json\/wp\/v2\/product_tag?post=2061"}],"curies":[{"name":"wp","href":"https:\/\/api.w.org\/{rel}","templated":true}]}}