{"id":2082,"date":"2015-09-23T09:32:01","date_gmt":"2015-09-23T07:32:01","guid":{"rendered":"http:\/\/www.adisart.com\/tienda\/?post_type=product&#038;p=2082"},"modified":"2021-03-04T11:38:27","modified_gmt":"2021-03-04T09:38:27","slug":"runa-del-amor","status":"publish","type":"product","link":"https:\/\/www.adisart.com\/tienda\/runa-del-amor\/","title":{"rendered":"RUNA DEL AMOR"},"content":{"rendered":"<p><a href=\"http:\/\/www.adisart.com\/tienda\/wp-content\/uploads\/2015\/09\/P1060778.jpg\"><img loading=\"lazy\" class=\"aligncenter size-medium wp-image-2086\" src=\"http:\/\/www.adisart.com\/tienda\/wp-content\/uploads\/2015\/09\/P1060778-225x300.jpg\" alt=\"P1060778\" width=\"225\" height=\"300\" srcset=\"https:\/\/www.adisart.com\/tienda\/wp-content\/uploads\/2015\/09\/P1060778-225x300.jpg 225w, https:\/\/www.adisart.com\/tienda\/wp-content\/uploads\/2015\/09\/P1060778.jpg 600w\" sizes=\"(max-width: 225px) 100vw, 225px\" \/><\/a><a href=\"http:\/\/www.adisart.com\/tienda\/wp-content\/uploads\/2015\/09\/P1060786.jpg\"><img loading=\"lazy\" class=\"aligncenter size-medium wp-image-2083\" src=\"http:\/\/www.adisart.com\/tienda\/wp-content\/uploads\/2015\/09\/P1060786-225x300.jpg\" alt=\"P1060786\" width=\"225\" height=\"300\" srcset=\"https:\/\/www.adisart.com\/tienda\/wp-content\/uploads\/2015\/09\/P1060786-225x300.jpg 225w, https:\/\/www.adisart.com\/tienda\/wp-content\/uploads\/2015\/09\/P1060786.jpg 600w\" sizes=\"(max-width: 225px) 100vw, 225px\" \/><\/a><a href=\"http:\/\/www.adisart.com\/tienda\/wp-content\/uploads\/2015\/09\/P1060786.jpg\"><img loading=\"lazy\" class=\"aligncenter size-medium wp-image-2083\" src=\"http:\/\/www.adisart.com\/tienda\/wp-content\/uploads\/2015\/09\/P1060786-225x300.jpg\" alt=\"P1060786\" width=\"225\" height=\"300\" srcset=\"https:\/\/www.adisart.com\/tienda\/wp-content\/uploads\/2015\/09\/P1060786-225x300.jpg 225w, https:\/\/www.adisart.com\/tienda\/wp-content\/uploads\/2015\/09\/P1060786.jpg 600w\" sizes=\"(max-width: 225px) 100vw, 225px\" \/><\/a><\/p>\n","protected":false},"excerpt":{"rendered":"<p>S\u00edmbolo ancestral de la cultura n\u00f3rdica. Para invocar al Amor seg\u00fan la leyenda, se debe enterrar este colgante junto con una hoja de roble y alli debe permanecer 9 d\u00edas y 9 noches. Si la invocaci\u00f3n est\u00e1 dedicada a alguien, es necesario pensar en esta persona al desenterrarlo . Despues hay que llevarlo siempre sobre el coraz\u00f3n.<\/p>\n<p>Mide 4.5cms de altura.<\/p>\n","protected":false},"featured_media":2084,"comment_status":"open","ping_status":"closed","template":"","meta":[],"product_cat":[628],"product_tag":[490,489,491,488],"yoast_head":"<!-- This site is optimized with the Yoast SEO plugin v17.2.1 - https:\/\/yoast.com\/wordpress\/plugins\/seo\/ -->\n<title>RUNA DEL AMOR - ADISART<\/title>\n<meta name=\"description\" content=\"S\u00edmbolo ancestral de la cultura n\u00f3rdica. Para invocar al Amor seg\u00fan la leyenda, se debe enterrar este colgante junto con una hoja de roble y alli debe permanecer 9 d\u00edas y 9 noches. Si la invocaci\u00f3n est\u00e1 dedicada a alguien, es necesario pensar en esta persona al desenterrarlo . Despues hay que llevarlo siempre sobre el coraz\u00f3n.  Mide 4.5cms de altura.\" \/>\n<meta name=\"robots\" content=\"index, follow, max-snippet:-1, max-image-preview:large, max-video-preview:-1\" \/>\n<link rel=\"canonical\" href=\"https:\/\/www.adisart.com\/tienda\/runa-del-amor\/\" \/>\n<meta property=\"og:locale\" content=\"es_ES\" \/>\n<meta property=\"og:type\" content=\"article\" \/>\n<meta property=\"og:title\" content=\"RUNA DEL AMOR - ADISART\" \/>\n<meta property=\"og:description\" content=\"S\u00edmbolo ancestral de la cultura n\u00f3rdica. Para invocar al Amor seg\u00fan la leyenda, se debe enterrar este colgante junto con una hoja de roble y alli debe permanecer 9 d\u00edas y 9 noches. Si la invocaci\u00f3n est\u00e1 dedicada a alguien, es necesario pensar en esta persona al desenterrarlo . Despues hay que llevarlo siempre sobre el coraz\u00f3n.  Mide 4.5cms de altura.\" \/>\n<meta property=\"og:url\" content=\"https:\/\/www.adisart.com\/tienda\/runa-del-amor\/\" \/>\n<meta property=\"og:site_name\" content=\"ADISART\" \/>\n<meta property=\"article:modified_time\" content=\"2021-03-04T09:38:27+00:00\" \/>\n<meta property=\"og:image\" content=\"https:\/\/www.adisart.com\/tienda\/wp-content\/uploads\/2015\/09\/P10607861.jpg\" \/>\n\t<meta property=\"og:image:width\" content=\"600\" \/>\n\t<meta property=\"og:image:height\" content=\"800\" \/>\n<meta name=\"twitter:card\" content=\"summary\" \/>\n<script type=\"application\/ld+json\" class=\"yoast-schema-graph\">{\"@context\":\"https:\/\/schema.org\",\"@graph\":[{\"@type\":\"WebSite\",\"@id\":\"https:\/\/www.adisart.com\/tienda\/#website\",\"url\":\"https:\/\/www.adisart.com\/tienda\/\",\"name\":\"ADISART\",\"description\":\"Creaciones art\\u00edsticas\",\"potentialAction\":[{\"@type\":\"SearchAction\",\"target\":{\"@type\":\"EntryPoint\",\"urlTemplate\":\"https:\/\/www.adisart.com\/tienda\/?s={search_term_string}\"},\"query-input\":\"required name=search_term_string\"}],\"inLanguage\":\"es\"},{\"@type\":\"ImageObject\",\"@id\":\"https:\/\/www.adisart.com\/tienda\/runa-del-amor\/#primaryimage\",\"inLanguage\":\"es\",\"url\":\"https:\/\/www.adisart.com\/tienda\/wp-content\/uploads\/2015\/09\/P10607861.jpg\",\"contentUrl\":\"https:\/\/www.adisart.com\/tienda\/wp-content\/uploads\/2015\/09\/P10607861.jpg\",\"width\":600,\"height\":800},{\"@type\":\"WebPage\",\"@id\":\"https:\/\/www.adisart.com\/tienda\/runa-del-amor\/#webpage\",\"url\":\"https:\/\/www.adisart.com\/tienda\/runa-del-amor\/\",\"name\":\"RUNA DEL AMOR - ADISART\",\"isPartOf\":{\"@id\":\"https:\/\/www.adisart.com\/tienda\/#website\"},\"primaryImageOfPage\":{\"@id\":\"https:\/\/www.adisart.com\/tienda\/runa-del-amor\/#primaryimage\"},\"datePublished\":\"2015-09-23T07:32:01+00:00\",\"dateModified\":\"2021-03-04T09:38:27+00:00\",\"description\":\"S\\u00edmbolo ancestral de la cultura n\\u00f3rdica. Para invocar al Amor seg\\u00fan la leyenda, se debe enterrar este colgante junto con una hoja de roble y alli debe permanecer 9 d\\u00edas y 9 noches. Si la invocaci\\u00f3n est\\u00e1 dedicada a alguien, es necesario pensar en esta persona al desenterrarlo . Despues hay que llevarlo siempre sobre el coraz\\u00f3n. Mide 4.5cms de altura.\",\"breadcrumb\":{\"@id\":\"https:\/\/www.adisart.com\/tienda\/runa-del-amor\/#breadcrumb\"},\"inLanguage\":\"es\",\"potentialAction\":[{\"@type\":\"ReadAction\",\"target\":[\"https:\/\/www.adisart.com\/tienda\/runa-del-amor\/\"]}]},{\"@type\":\"BreadcrumbList\",\"@id\":\"https:\/\/www.adisart.com\/tienda\/runa-del-amor\/#breadcrumb\",\"itemListElement\":[{\"@type\":\"ListItem\",\"position\":1,\"name\":\"Inicio\",\"item\":\"https:\/\/www.adisart.com\/tienda\/\"},{\"@type\":\"ListItem\",\"position\":2,\"name\":\"Tienda\",\"item\":\"https:\/\/www.adisart.com\/tienda\/\"},{\"@type\":\"ListItem\",\"position\":3,\"name\":\"RUNA DEL AMOR\"}]}]}<\/script>\n<!-- \/ Yoast SEO plugin. -->","yoast_head_json":{"title":"RUNA DEL AMOR - ADISART","description":"S\u00edmbolo ancestral de la cultura n\u00f3rdica. Para invocar al Amor seg\u00fan la leyenda, se debe enterrar este colgante junto con una hoja de roble y alli debe permanecer 9 d\u00edas y 9 noches. Si la invocaci\u00f3n est\u00e1 dedicada a alguien, es necesario pensar en esta persona al desenterrarlo . Despues hay que llevarlo siempre sobre el coraz\u00f3n.  Mide 4.5cms de altura.","robots":{"index":"index","follow":"follow","max-snippet":"max-snippet:-1","max-image-preview":"max-image-preview:large","max-video-preview":"max-video-preview:-1"},"canonical":"https:\/\/www.adisart.com\/tienda\/runa-del-amor\/","og_locale":"es_ES","og_type":"article","og_title":"RUNA DEL AMOR - ADISART","og_description":"S\u00edmbolo ancestral de la cultura n\u00f3rdica. Para invocar al Amor seg\u00fan la leyenda, se debe enterrar este colgante junto con una hoja de roble y alli debe permanecer 9 d\u00edas y 9 noches. Si la invocaci\u00f3n est\u00e1 dedicada a alguien, es necesario pensar en esta persona al desenterrarlo . Despues hay que llevarlo siempre sobre el coraz\u00f3n.  Mide 4.5cms de altura.","og_url":"https:\/\/www.adisart.com\/tienda\/runa-del-amor\/","og_site_name":"ADISART","article_modified_time":"2021-03-04T09:38:27+00:00","og_image":[{"width":600,"height":800,"url":"https:\/\/www.adisart.com\/tienda\/wp-content\/uploads\/2015\/09\/P10607861.jpg","path":"\/home\/adisart.com\/public_html\/tienda\/wp-content\/uploads\/2015\/09\/P10607861.jpg","size":"full","id":2084,"alt":"","pixels":480000,"type":"image\/jpeg"}],"twitter_card":"summary","schema":{"@context":"https:\/\/schema.org","@graph":[{"@type":"WebSite","@id":"https:\/\/www.adisart.com\/tienda\/#website","url":"https:\/\/www.adisart.com\/tienda\/","name":"ADISART","description":"Creaciones art\u00edsticas","potentialAction":[{"@type":"SearchAction","target":{"@type":"EntryPoint","urlTemplate":"https:\/\/www.adisart.com\/tienda\/?s={search_term_string}"},"query-input":"required name=search_term_string"}],"inLanguage":"es"},{"@type":"ImageObject","@id":"https:\/\/www.adisart.com\/tienda\/runa-del-amor\/#primaryimage","inLanguage":"es","url":"https:\/\/www.adisart.com\/tienda\/wp-content\/uploads\/2015\/09\/P10607861.jpg","contentUrl":"https:\/\/www.adisart.com\/tienda\/wp-content\/uploads\/2015\/09\/P10607861.jpg","width":600,"height":800},{"@type":"WebPage","@id":"https:\/\/www.adisart.com\/tienda\/runa-del-amor\/#webpage","url":"https:\/\/www.adisart.com\/tienda\/runa-del-amor\/","name":"RUNA DEL AMOR - ADISART","isPartOf":{"@id":"https:\/\/www.adisart.com\/tienda\/#website"},"primaryImageOfPage":{"@id":"https:\/\/www.adisart.com\/tienda\/runa-del-amor\/#primaryimage"},"datePublished":"2015-09-23T07:32:01+00:00","dateModified":"2021-03-04T09:38:27+00:00","description":"S\u00edmbolo ancestral de la cultura n\u00f3rdica. Para invocar al Amor seg\u00fan la leyenda, se debe enterrar este colgante junto con una hoja de roble y alli debe permanecer 9 d\u00edas y 9 noches. Si la invocaci\u00f3n est\u00e1 dedicada a alguien, es necesario pensar en esta persona al desenterrarlo . Despues hay que llevarlo siempre sobre el coraz\u00f3n. Mide 4.5cms de altura.","breadcrumb":{"@id":"https:\/\/www.adisart.com\/tienda\/runa-del-amor\/#breadcrumb"},"inLanguage":"es","potentialAction":[{"@type":"ReadAction","target":["https:\/\/www.adisart.com\/tienda\/runa-del-amor\/"]}]},{"@type":"BreadcrumbList","@id":"https:\/\/www.adisart.com\/tienda\/runa-del-amor\/#breadcrumb","itemListElement":[{"@type":"ListItem","position":1,"name":"Inicio","item":"https:\/\/www.adisart.com\/tienda\/"},{"@type":"ListItem","position":2,"name":"Tienda","item":"https:\/\/www.adisart.com\/tienda\/"},{"@type":"ListItem","position":3,"name":"RUNA DEL AMOR"}]}]}},"_links":{"self":[{"href":"https:\/\/www.adisart.com\/tienda\/wp-json\/wp\/v2\/product\/2082"}],"collection":[{"href":"https:\/\/www.adisart.com\/tienda\/wp-json\/wp\/v2\/product"}],"about":[{"href":"https:\/\/www.adisart.com\/tienda\/wp-json\/wp\/v2\/types\/product"}],"replies":[{"embeddable":true,"href":"https:\/\/www.adisart.com\/tienda\/wp-json\/wp\/v2\/comments?post=2082"}],"wp:featuredmedia":[{"embeddable":true,"href":"https:\/\/www.adisart.com\/tienda\/wp-json\/wp\/v2\/media\/2084"}],"wp:attachment":[{"href":"https:\/\/www.adisart.com\/tienda\/wp-json\/wp\/v2\/media?parent=2082"}],"wp:term":[{"taxonomy":"product_cat","embeddable":true,"href":"https:\/\/www.adisart.com\/tienda\/wp-json\/wp\/v2\/product_cat?post=2082"},{"taxonomy":"product_tag","embeddable":true,"href":"https:\/\/www.adisart.com\/tienda\/wp-json\/wp\/v2\/product_tag?post=2082"}],"curies":[{"name":"wp","href":"https:\/\/api.w.org\/{rel}","templated":true}]}}