{"id":2155,"date":"2015-10-15T11:22:04","date_gmt":"2015-10-15T09:22:04","guid":{"rendered":"http:\/\/www.adisart.com\/tienda\/?post_type=product&#038;p=2155"},"modified":"2022-01-21T10:12:37","modified_gmt":"2022-01-21T08:12:37","slug":"mjolnir-plata-de-ley","status":"publish","type":"product","link":"https:\/\/www.adisart.com\/tienda\/mjolnir-plata-de-ley\/","title":{"rendered":"Mjolnir Plata de Ley"},"content":{"rendered":"<h1>Mjolnir Plata de Ley<a href=\"http:\/\/www.adisart.com\/tienda\/wp-content\/uploads\/2015\/10\/P1060884.jpg\"><img loading=\"lazy\" class=\"aligncenter size-medium wp-image-2156\" src=\"http:\/\/www.adisart.com\/tienda\/wp-content\/uploads\/2015\/10\/P1060884-225x300.jpg\" alt=\"P1060884\" width=\"225\" height=\"300\" srcset=\"https:\/\/www.adisart.com\/tienda\/wp-content\/uploads\/2015\/10\/P1060884-225x300.jpg 225w, https:\/\/www.adisart.com\/tienda\/wp-content\/uploads\/2015\/10\/P1060884.jpg 600w\" sizes=\"(max-width: 225px) 100vw, 225px\" \/><\/a> <a href=\"http:\/\/www.adisart.com\/tienda\/wp-content\/uploads\/2015\/10\/P1060886.jpg\"><img loading=\"lazy\" class=\"aligncenter size-medium wp-image-2157\" src=\"http:\/\/www.adisart.com\/tienda\/wp-content\/uploads\/2015\/10\/P1060886-225x300.jpg\" alt=\"P1060886\" width=\"225\" height=\"300\" srcset=\"https:\/\/www.adisart.com\/tienda\/wp-content\/uploads\/2015\/10\/P1060886-225x300.jpg 225w, https:\/\/www.adisart.com\/tienda\/wp-content\/uploads\/2015\/10\/P1060886.jpg 600w\" sizes=\"(max-width: 225px) 100vw, 225px\" \/><br \/>\n<\/a><\/h1>\n","protected":false},"excerpt":{"rendered":"<p>Os presentamos nuestro Mjolnir hecho en Plata de Ley. Fundido con la t\u00e9cnica de la cera perdida. Tiene un tama\u00f1o de 2.5cms de altura.<\/p>\n<p>Mjolnir es el arma m\u00e1s temible del arsenal de los dioses y es usado para eliminar a cualquiera que intente socavar la supremac\u00eda de los <a title=\"\u00c6sir\" href=\"https:\/\/es.wikipedia.org\/wiki\/%C3%86sir\">\u00c6sir<\/a>. Es mencionado como un garrote, un hacha y un martillo. Mjolnir pose\u00eda muchas caracter\u00edsticas m\u00e1gicas, como la de poder golpear tan fuerte como Thor quisiera, desde un leve toque hasta un terrible golpe que destruir\u00eda monta\u00f1as. Tambi\u00e9n se dec\u00eda que el trueno y el rayo eran consecuencia del golpe del martillo y que el martillo contaba con la capacidad de encogerse lo suficiente como para ser guardado en una t\u00fanica y luego agrandarse para ser usado en combate.<\/p>\n<p>Los dioses n\u00f3rdicos eran tan poderosos como las herramientas y armas que pose\u00edan. Mjolnir es un arquetipo crucial para la supervivencia y perpetuaci\u00f3n de los n\u00f3rdicos y sus costumbres. En el contexto m\u00edtico, se puede concluir que sin Mjolnir, la habilidad de Thor de mantener el equilibrio c\u00f3smico hubiera estado constantemente amenazada por los <a title=\"Jotun\" href=\"https:\/\/es.wikipedia.org\/wiki\/Jotun\">gigantes<\/a>, la <a title=\"J\u00f6rmundgander\" href=\"https:\/\/es.wikipedia.org\/wiki\/J%C3%B6rmundgander\">serpiente del mundo<\/a> y los dioses imprudentes.<\/p>\n<p>Mjolnir es con frecuencia representado con un mango curvo. La runa <a class=\"mw-redirect\" title=\"Tiwaz\" href=\"https:\/\/es.wikipedia.org\/wiki\/Tiwaz\">Tiwaz<\/a>, la cual se piensa que se utilizaba como un s\u00edmbolo del dios <a title=\"Tyr\" href=\"https:\/\/es.wikipedia.org\/wiki\/Tyr\">Tyr<\/a>, tambi\u00e9n podr\u00eda haber sido una forma de representar el martillo de Thor.<\/p>\n<p>A pesar de que Thor pose\u00eda varios objetos m\u00e1gicos formidables, tales como su carro, su cintur\u00f3n de poder y guantes de hierro para levantar a Mjolnir; es este \u00faltimo el punto central de muchas de sus aventuras.<\/p>\n<p>A veces Mjolnir es utilizado como un arma arrojadiza, la cual, se dec\u00eda, que siempre encontrar\u00eda el camino de vuelta a Thor, aunque generalmente es usado como un martillo de guerra normal. Posiblemente exista una relaci\u00f3n entre el martillo arrojadizo de Thor y las hachas arrojadizas, <a class=\"mw-redirect\" title=\"Francisca (hacha)\" href=\"https:\/\/es.wikipedia.org\/wiki\/Francisca_(hacha)\">franciscas<\/a>, utilizadas por los <a title=\"Pueblo franco\" href=\"https:\/\/es.wikipedia.org\/wiki\/Pueblo_franco\">francos<\/a>.<\/p>\n<p>Ciertos mitos n\u00f3rdicos hacen referencia a los poderes de Mjolnir para fortalecer la virilidad masculina y la fertilidad femenina.<\/p>\n","protected":false},"featured_media":2156,"comment_status":"open","ping_status":"closed","template":"","meta":[],"product_cat":[633],"product_tag":[482,381,512,383,382],"yoast_head":"<!-- This site is optimized with the Yoast SEO plugin v17.2.1 - https:\/\/yoast.com\/wordpress\/plugins\/seo\/ -->\n<title>Mjonir Plata de Ley<\/title>\n<meta name=\"description\" content=\"Mjonir Plata de Ley\" \/>\n<meta name=\"robots\" content=\"index, follow, max-snippet:-1, max-image-preview:large, max-video-preview:-1\" \/>\n<link rel=\"canonical\" href=\"https:\/\/www.adisart.com\/tienda\/mjolnir-plata-de-ley\/\" \/>\n<meta property=\"og:locale\" content=\"es_ES\" \/>\n<meta property=\"og:type\" content=\"article\" \/>\n<meta property=\"og:title\" content=\"Mjonir Plata de Ley\" \/>\n<meta property=\"og:description\" content=\"Mjonir Plata de Ley\" \/>\n<meta property=\"og:url\" content=\"https:\/\/www.adisart.com\/tienda\/mjolnir-plata-de-ley\/\" \/>\n<meta property=\"og:site_name\" content=\"ADISART\" \/>\n<meta property=\"article:modified_time\" content=\"2022-01-21T08:12:37+00:00\" \/>\n<meta property=\"og:image\" content=\"https:\/\/www.adisart.com\/tienda\/wp-content\/uploads\/2015\/10\/P1060884.jpg\" \/>\n\t<meta property=\"og:image:width\" content=\"600\" \/>\n\t<meta property=\"og:image:height\" content=\"800\" \/>\n<meta name=\"twitter:card\" content=\"summary\" \/>\n<script type=\"application\/ld+json\" class=\"yoast-schema-graph\">{\"@context\":\"https:\/\/schema.org\",\"@graph\":[{\"@type\":\"WebSite\",\"@id\":\"https:\/\/www.adisart.com\/tienda\/#website\",\"url\":\"https:\/\/www.adisart.com\/tienda\/\",\"name\":\"ADISART\",\"description\":\"Creaciones art\\u00edsticas\",\"potentialAction\":[{\"@type\":\"SearchAction\",\"target\":{\"@type\":\"EntryPoint\",\"urlTemplate\":\"https:\/\/www.adisart.com\/tienda\/?s={search_term_string}\"},\"query-input\":\"required name=search_term_string\"}],\"inLanguage\":\"es\"},{\"@type\":\"ImageObject\",\"@id\":\"https:\/\/www.adisart.com\/tienda\/mjolnir-plata-de-ley\/#primaryimage\",\"inLanguage\":\"es\",\"url\":\"https:\/\/www.adisart.com\/tienda\/wp-content\/uploads\/2015\/10\/P1060884.jpg\",\"contentUrl\":\"https:\/\/www.adisart.com\/tienda\/wp-content\/uploads\/2015\/10\/P1060884.jpg\",\"width\":600,\"height\":800},{\"@type\":\"WebPage\",\"@id\":\"https:\/\/www.adisart.com\/tienda\/mjolnir-plata-de-ley\/#webpage\",\"url\":\"https:\/\/www.adisart.com\/tienda\/mjolnir-plata-de-ley\/\",\"name\":\"Mjonir Plata de Ley\",\"isPartOf\":{\"@id\":\"https:\/\/www.adisart.com\/tienda\/#website\"},\"primaryImageOfPage\":{\"@id\":\"https:\/\/www.adisart.com\/tienda\/mjolnir-plata-de-ley\/#primaryimage\"},\"datePublished\":\"2015-10-15T09:22:04+00:00\",\"dateModified\":\"2022-01-21T08:12:37+00:00\",\"description\":\"Mjonir Plata de Ley\",\"breadcrumb\":{\"@id\":\"https:\/\/www.adisart.com\/tienda\/mjolnir-plata-de-ley\/#breadcrumb\"},\"inLanguage\":\"es\",\"potentialAction\":[{\"@type\":\"ReadAction\",\"target\":[\"https:\/\/www.adisart.com\/tienda\/mjolnir-plata-de-ley\/\"]}]},{\"@type\":\"BreadcrumbList\",\"@id\":\"https:\/\/www.adisart.com\/tienda\/mjolnir-plata-de-ley\/#breadcrumb\",\"itemListElement\":[{\"@type\":\"ListItem\",\"position\":1,\"name\":\"Inicio\",\"item\":\"https:\/\/www.adisart.com\/tienda\/\"},{\"@type\":\"ListItem\",\"position\":2,\"name\":\"Tienda\",\"item\":\"https:\/\/www.adisart.com\/tienda\/\"},{\"@type\":\"ListItem\",\"position\":3,\"name\":\"Mjolnir Plata de Ley\"}]}]}<\/script>\n<!-- \/ Yoast SEO plugin. -->","yoast_head_json":{"title":"Mjonir Plata de Ley","description":"Mjonir Plata de Ley","robots":{"index":"index","follow":"follow","max-snippet":"max-snippet:-1","max-image-preview":"max-image-preview:large","max-video-preview":"max-video-preview:-1"},"canonical":"https:\/\/www.adisart.com\/tienda\/mjolnir-plata-de-ley\/","og_locale":"es_ES","og_type":"article","og_title":"Mjonir Plata de Ley","og_description":"Mjonir Plata de Ley","og_url":"https:\/\/www.adisart.com\/tienda\/mjolnir-plata-de-ley\/","og_site_name":"ADISART","article_modified_time":"2022-01-21T08:12:37+00:00","og_image":[{"width":600,"height":800,"url":"https:\/\/www.adisart.com\/tienda\/wp-content\/uploads\/2015\/10\/P1060884.jpg","path":"\/home\/adisart.com\/public_html\/tienda\/wp-content\/uploads\/2015\/10\/P1060884.jpg","size":"full","id":2156,"alt":"","pixels":480000,"type":"image\/jpeg"}],"twitter_card":"summary","schema":{"@context":"https:\/\/schema.org","@graph":[{"@type":"WebSite","@id":"https:\/\/www.adisart.com\/tienda\/#website","url":"https:\/\/www.adisart.com\/tienda\/","name":"ADISART","description":"Creaciones art\u00edsticas","potentialAction":[{"@type":"SearchAction","target":{"@type":"EntryPoint","urlTemplate":"https:\/\/www.adisart.com\/tienda\/?s={search_term_string}"},"query-input":"required name=search_term_string"}],"inLanguage":"es"},{"@type":"ImageObject","@id":"https:\/\/www.adisart.com\/tienda\/mjolnir-plata-de-ley\/#primaryimage","inLanguage":"es","url":"https:\/\/www.adisart.com\/tienda\/wp-content\/uploads\/2015\/10\/P1060884.jpg","contentUrl":"https:\/\/www.adisart.com\/tienda\/wp-content\/uploads\/2015\/10\/P1060884.jpg","width":600,"height":800},{"@type":"WebPage","@id":"https:\/\/www.adisart.com\/tienda\/mjolnir-plata-de-ley\/#webpage","url":"https:\/\/www.adisart.com\/tienda\/mjolnir-plata-de-ley\/","name":"Mjonir Plata de Ley","isPartOf":{"@id":"https:\/\/www.adisart.com\/tienda\/#website"},"primaryImageOfPage":{"@id":"https:\/\/www.adisart.com\/tienda\/mjolnir-plata-de-ley\/#primaryimage"},"datePublished":"2015-10-15T09:22:04+00:00","dateModified":"2022-01-21T08:12:37+00:00","description":"Mjonir Plata de Ley","breadcrumb":{"@id":"https:\/\/www.adisart.com\/tienda\/mjolnir-plata-de-ley\/#breadcrumb"},"inLanguage":"es","potentialAction":[{"@type":"ReadAction","target":["https:\/\/www.adisart.com\/tienda\/mjolnir-plata-de-ley\/"]}]},{"@type":"BreadcrumbList","@id":"https:\/\/www.adisart.com\/tienda\/mjolnir-plata-de-ley\/#breadcrumb","itemListElement":[{"@type":"ListItem","position":1,"name":"Inicio","item":"https:\/\/www.adisart.com\/tienda\/"},{"@type":"ListItem","position":2,"name":"Tienda","item":"https:\/\/www.adisart.com\/tienda\/"},{"@type":"ListItem","position":3,"name":"Mjolnir Plata de Ley"}]}]}},"_links":{"self":[{"href":"https:\/\/www.adisart.com\/tienda\/wp-json\/wp\/v2\/product\/2155"}],"collection":[{"href":"https:\/\/www.adisart.com\/tienda\/wp-json\/wp\/v2\/product"}],"about":[{"href":"https:\/\/www.adisart.com\/tienda\/wp-json\/wp\/v2\/types\/product"}],"replies":[{"embeddable":true,"href":"https:\/\/www.adisart.com\/tienda\/wp-json\/wp\/v2\/comments?post=2155"}],"wp:featuredmedia":[{"embeddable":true,"href":"https:\/\/www.adisart.com\/tienda\/wp-json\/wp\/v2\/media\/2156"}],"wp:attachment":[{"href":"https:\/\/www.adisart.com\/tienda\/wp-json\/wp\/v2\/media?parent=2155"}],"wp:term":[{"taxonomy":"product_cat","embeddable":true,"href":"https:\/\/www.adisart.com\/tienda\/wp-json\/wp\/v2\/product_cat?post=2155"},{"taxonomy":"product_tag","embeddable":true,"href":"https:\/\/www.adisart.com\/tienda\/wp-json\/wp\/v2\/product_tag?post=2155"}],"curies":[{"name":"wp","href":"https:\/\/api.w.org\/{rel}","templated":true}]}}