{"id":2215,"date":"2015-11-06T15:53:55","date_gmt":"2015-11-06T13:53:55","guid":{"rendered":"http:\/\/www.adisart.com\/tienda\/?post_type=product&#038;p=2215"},"modified":"2021-03-04T13:37:01","modified_gmt":"2021-03-04T11:37:01","slug":"broche-espartano","status":"publish","type":"product","link":"https:\/\/www.adisart.com\/tienda\/broche-espartano\/","title":{"rendered":"Broche Espartano"},"content":{"rendered":"<h1><a href=\"http:\/\/www.adisart.com\/tienda\/wp-content\/uploads\/2015\/11\/broche-esparta.jpg\"><img loading=\"lazy\" class=\"aligncenter size-medium wp-image-2216\" src=\"http:\/\/www.adisart.com\/tienda\/wp-content\/uploads\/2015\/11\/broche-esparta-300x225.jpg\" alt=\"broche esparta\" width=\"300\" height=\"225\" srcset=\"https:\/\/www.adisart.com\/tienda\/wp-content\/uploads\/2015\/11\/broche-esparta-300x225.jpg 300w, https:\/\/www.adisart.com\/tienda\/wp-content\/uploads\/2015\/11\/broche-esparta-600x450.jpg 600w, https:\/\/www.adisart.com\/tienda\/wp-content\/uploads\/2015\/11\/broche-esparta.jpg 800w\" sizes=\"(max-width: 300px) 100vw, 300px\" \/><\/a><a href=\"http:\/\/www.adisart.com\/tienda\/wp-content\/uploads\/2015\/11\/cartel-300.jpg\"><img loading=\"lazy\" class=\"aligncenter size-medium wp-image-2217\" src=\"http:\/\/www.adisart.com\/tienda\/wp-content\/uploads\/2015\/11\/cartel-300-300x160.jpg\" alt=\"cartel 300\" width=\"300\" height=\"160\" srcset=\"https:\/\/www.adisart.com\/tienda\/wp-content\/uploads\/2015\/11\/cartel-300-300x160.jpg 300w, https:\/\/www.adisart.com\/tienda\/wp-content\/uploads\/2015\/11\/cartel-300-600x320.jpg 600w, https:\/\/www.adisart.com\/tienda\/wp-content\/uploads\/2015\/11\/cartel-300.jpg 800w\" sizes=\"(max-width: 300px) 100vw, 300px\" \/><\/a>Broche Espartano<\/h1>\n<p>Hemos creado este broche inspir\u00e1ndonos en los que luc\u00edan los 300 h\u00e9roes de Esparta en la batalla de las Term\u00f3pilas con el gran Le\u00f3nidas a la cabeza. Se trata de una pieza bastante grande de unos 6 cms de longitud y con un grosor tambi\u00e9n considerable de 7 mm. Esta fundida a mano en zamak y despu\u00e9s lleva un ba\u00f1o de n\u00edquel y otro de lat\u00f3n oxido lo que le da una apariencia de bronce antiguo. Es una pieza muy bonita que habitualmente se sirve junto con la espada espartana que tambi\u00e9n puedes adquirir en esta tienda online<\/p>\n<p><a href=\"http:\/\/www.adisart.com\/tienda\/wp-content\/uploads\/2015\/11\/espada-esparta-y-broche.jpg\"><img loading=\"lazy\" class=\"aligncenter size-medium wp-image-2218\" src=\"http:\/\/www.adisart.com\/tienda\/wp-content\/uploads\/2015\/11\/espada-esparta-y-broche-225x300.jpg\" alt=\"espada esparta y broche\" width=\"225\" height=\"300\" srcset=\"https:\/\/www.adisart.com\/tienda\/wp-content\/uploads\/2015\/11\/espada-esparta-y-broche-225x300.jpg 225w, https:\/\/www.adisart.com\/tienda\/wp-content\/uploads\/2015\/11\/espada-esparta-y-broche.jpg 600w\" sizes=\"(max-width: 225px) 100vw, 225px\" \/><\/a><\/p>\n","protected":false},"excerpt":{"rendered":"<p>Broche Espartano Hemos creado este broche inspir\u00e1ndonos en los que luc\u00edan los 300 h\u00e9roes de Esparta en la batalla de las Term\u00f3pilas con el gran Le\u00f3nidas a la cabeza. Se trata de una pieza bastante grande de unos 6 cms de longitud y con un grosor tambi\u00e9n considerable de 7 mm. Esta fundida a mano [&hellip;]<\/p>\n","protected":false},"featured_media":2216,"comment_status":"open","ping_status":"closed","template":"","meta":[],"product_cat":[630],"product_tag":[514,513,451,453,454],"yoast_head":"<!-- This site is optimized with the Yoast SEO plugin v17.2.1 - https:\/\/yoast.com\/wordpress\/plugins\/seo\/ -->\n<title>Broche Espartano<\/title>\n<meta name=\"description\" content=\"Broche Espartano\" \/>\n<meta name=\"robots\" content=\"index, follow, max-snippet:-1, max-image-preview:large, max-video-preview:-1\" \/>\n<link rel=\"canonical\" href=\"https:\/\/www.adisart.com\/tienda\/broche-espartano\/\" \/>\n<meta property=\"og:locale\" content=\"es_ES\" \/>\n<meta property=\"og:type\" content=\"article\" \/>\n<meta property=\"og:title\" content=\"Broche Espartano\" \/>\n<meta property=\"og:description\" content=\"Broche Espartano\" \/>\n<meta property=\"og:url\" content=\"https:\/\/www.adisart.com\/tienda\/broche-espartano\/\" \/>\n<meta property=\"og:site_name\" content=\"ADISART\" \/>\n<meta property=\"article:modified_time\" content=\"2021-03-04T11:37:01+00:00\" \/>\n<meta property=\"og:image\" content=\"https:\/\/www.adisart.com\/tienda\/wp-content\/uploads\/2015\/11\/broche-esparta.jpg\" \/>\n\t<meta property=\"og:image:width\" content=\"800\" \/>\n\t<meta property=\"og:image:height\" content=\"600\" \/>\n<meta name=\"twitter:card\" content=\"summary\" \/>\n<meta name=\"twitter:label1\" content=\"Tiempo de lectura\" \/>\n\t<meta name=\"twitter:data1\" content=\"1 minuto\" \/>\n<script type=\"application\/ld+json\" class=\"yoast-schema-graph\">{\"@context\":\"https:\/\/schema.org\",\"@graph\":[{\"@type\":\"WebSite\",\"@id\":\"https:\/\/www.adisart.com\/tienda\/#website\",\"url\":\"https:\/\/www.adisart.com\/tienda\/\",\"name\":\"ADISART\",\"description\":\"Creaciones art\\u00edsticas\",\"potentialAction\":[{\"@type\":\"SearchAction\",\"target\":{\"@type\":\"EntryPoint\",\"urlTemplate\":\"https:\/\/www.adisart.com\/tienda\/?s={search_term_string}\"},\"query-input\":\"required name=search_term_string\"}],\"inLanguage\":\"es\"},{\"@type\":\"ImageObject\",\"@id\":\"https:\/\/www.adisart.com\/tienda\/broche-espartano\/#primaryimage\",\"inLanguage\":\"es\",\"url\":\"https:\/\/www.adisart.com\/tienda\/wp-content\/uploads\/2015\/11\/broche-esparta.jpg\",\"contentUrl\":\"https:\/\/www.adisart.com\/tienda\/wp-content\/uploads\/2015\/11\/broche-esparta.jpg\",\"width\":800,\"height\":600},{\"@type\":\"WebPage\",\"@id\":\"https:\/\/www.adisart.com\/tienda\/broche-espartano\/#webpage\",\"url\":\"https:\/\/www.adisart.com\/tienda\/broche-espartano\/\",\"name\":\"Broche Espartano\",\"isPartOf\":{\"@id\":\"https:\/\/www.adisart.com\/tienda\/#website\"},\"primaryImageOfPage\":{\"@id\":\"https:\/\/www.adisart.com\/tienda\/broche-espartano\/#primaryimage\"},\"datePublished\":\"2015-11-06T13:53:55+00:00\",\"dateModified\":\"2021-03-04T11:37:01+00:00\",\"description\":\"Broche Espartano\",\"breadcrumb\":{\"@id\":\"https:\/\/www.adisart.com\/tienda\/broche-espartano\/#breadcrumb\"},\"inLanguage\":\"es\",\"potentialAction\":[{\"@type\":\"ReadAction\",\"target\":[\"https:\/\/www.adisart.com\/tienda\/broche-espartano\/\"]}]},{\"@type\":\"BreadcrumbList\",\"@id\":\"https:\/\/www.adisart.com\/tienda\/broche-espartano\/#breadcrumb\",\"itemListElement\":[{\"@type\":\"ListItem\",\"position\":1,\"name\":\"Inicio\",\"item\":\"https:\/\/www.adisart.com\/tienda\/\"},{\"@type\":\"ListItem\",\"position\":2,\"name\":\"Tienda\",\"item\":\"https:\/\/www.adisart.com\/tienda\/\"},{\"@type\":\"ListItem\",\"position\":3,\"name\":\"Broche Espartano\"}]}]}<\/script>\n<!-- \/ Yoast SEO plugin. -->","yoast_head_json":{"title":"Broche Espartano","description":"Broche Espartano","robots":{"index":"index","follow":"follow","max-snippet":"max-snippet:-1","max-image-preview":"max-image-preview:large","max-video-preview":"max-video-preview:-1"},"canonical":"https:\/\/www.adisart.com\/tienda\/broche-espartano\/","og_locale":"es_ES","og_type":"article","og_title":"Broche Espartano","og_description":"Broche Espartano","og_url":"https:\/\/www.adisart.com\/tienda\/broche-espartano\/","og_site_name":"ADISART","article_modified_time":"2021-03-04T11:37:01+00:00","og_image":[{"width":800,"height":600,"url":"https:\/\/www.adisart.com\/tienda\/wp-content\/uploads\/2015\/11\/broche-esparta.jpg","path":"\/home\/adisart.com\/public_html\/tienda\/wp-content\/uploads\/2015\/11\/broche-esparta.jpg","size":"full","id":2216,"alt":"","pixels":480000,"type":"image\/jpeg"}],"twitter_card":"summary","twitter_misc":{"Tiempo de lectura":"1 minuto"},"schema":{"@context":"https:\/\/schema.org","@graph":[{"@type":"WebSite","@id":"https:\/\/www.adisart.com\/tienda\/#website","url":"https:\/\/www.adisart.com\/tienda\/","name":"ADISART","description":"Creaciones art\u00edsticas","potentialAction":[{"@type":"SearchAction","target":{"@type":"EntryPoint","urlTemplate":"https:\/\/www.adisart.com\/tienda\/?s={search_term_string}"},"query-input":"required name=search_term_string"}],"inLanguage":"es"},{"@type":"ImageObject","@id":"https:\/\/www.adisart.com\/tienda\/broche-espartano\/#primaryimage","inLanguage":"es","url":"https:\/\/www.adisart.com\/tienda\/wp-content\/uploads\/2015\/11\/broche-esparta.jpg","contentUrl":"https:\/\/www.adisart.com\/tienda\/wp-content\/uploads\/2015\/11\/broche-esparta.jpg","width":800,"height":600},{"@type":"WebPage","@id":"https:\/\/www.adisart.com\/tienda\/broche-espartano\/#webpage","url":"https:\/\/www.adisart.com\/tienda\/broche-espartano\/","name":"Broche Espartano","isPartOf":{"@id":"https:\/\/www.adisart.com\/tienda\/#website"},"primaryImageOfPage":{"@id":"https:\/\/www.adisart.com\/tienda\/broche-espartano\/#primaryimage"},"datePublished":"2015-11-06T13:53:55+00:00","dateModified":"2021-03-04T11:37:01+00:00","description":"Broche Espartano","breadcrumb":{"@id":"https:\/\/www.adisart.com\/tienda\/broche-espartano\/#breadcrumb"},"inLanguage":"es","potentialAction":[{"@type":"ReadAction","target":["https:\/\/www.adisart.com\/tienda\/broche-espartano\/"]}]},{"@type":"BreadcrumbList","@id":"https:\/\/www.adisart.com\/tienda\/broche-espartano\/#breadcrumb","itemListElement":[{"@type":"ListItem","position":1,"name":"Inicio","item":"https:\/\/www.adisart.com\/tienda\/"},{"@type":"ListItem","position":2,"name":"Tienda","item":"https:\/\/www.adisart.com\/tienda\/"},{"@type":"ListItem","position":3,"name":"Broche Espartano"}]}]}},"_links":{"self":[{"href":"https:\/\/www.adisart.com\/tienda\/wp-json\/wp\/v2\/product\/2215"}],"collection":[{"href":"https:\/\/www.adisart.com\/tienda\/wp-json\/wp\/v2\/product"}],"about":[{"href":"https:\/\/www.adisart.com\/tienda\/wp-json\/wp\/v2\/types\/product"}],"replies":[{"embeddable":true,"href":"https:\/\/www.adisart.com\/tienda\/wp-json\/wp\/v2\/comments?post=2215"}],"wp:featuredmedia":[{"embeddable":true,"href":"https:\/\/www.adisart.com\/tienda\/wp-json\/wp\/v2\/media\/2216"}],"wp:attachment":[{"href":"https:\/\/www.adisart.com\/tienda\/wp-json\/wp\/v2\/media?parent=2215"}],"wp:term":[{"taxonomy":"product_cat","embeddable":true,"href":"https:\/\/www.adisart.com\/tienda\/wp-json\/wp\/v2\/product_cat?post=2215"},{"taxonomy":"product_tag","embeddable":true,"href":"https:\/\/www.adisart.com\/tienda\/wp-json\/wp\/v2\/product_tag?post=2215"}],"curies":[{"name":"wp","href":"https:\/\/api.w.org\/{rel}","templated":true}]}}