{"id":2264,"date":"2015-11-18T12:53:24","date_gmt":"2015-11-18T10:53:24","guid":{"rendered":"http:\/\/www.adisart.com\/tienda\/?post_type=product&#038;p=2264"},"modified":"2021-03-04T11:38:27","modified_gmt":"2021-03-04T09:38:27","slug":"colgante-gungnir","status":"publish","type":"product","link":"https:\/\/www.adisart.com\/tienda\/colgante-gungnir\/","title":{"rendered":"Colgante Gungnir"},"content":{"rendered":"<h1>Colgante Gungnir<a href=\"http:\/\/www.adisart.com\/tienda\/wp-content\/uploads\/2015\/11\/P1070023.jpg\"><img loading=\"lazy\" class=\"aligncenter size-medium wp-image-2265\" src=\"http:\/\/www.adisart.com\/tienda\/wp-content\/uploads\/2015\/11\/P1070023-225x300.jpg\" alt=\"P1070023\" width=\"225\" height=\"300\" srcset=\"https:\/\/www.adisart.com\/tienda\/wp-content\/uploads\/2015\/11\/P1070023-225x300.jpg 225w, https:\/\/www.adisart.com\/tienda\/wp-content\/uploads\/2015\/11\/P1070023.jpg 600w\" sizes=\"(max-width: 225px) 100vw, 225px\" \/><\/a><\/h1>\n<p><b>Gungnir<\/b> o <b>Gungner<\/b> era la lanza de Odin. La palabra significa la producci\u00f3n de un violento temblor o sacudida. Esta arma \u00a0sacud\u00eda con viveza a cualquiera que era golpeado por ella. Seg\u00fan la mitolog\u00eda fue fabricada por los hijos de <i>Ivald<\/i> (los enanos), y fue dada a Od\u00edn por Loki\u00a0en compensaci\u00f3n por el robo del pelo de Sif.<\/p>\n<p>Od\u00edn se lanza al campo de batalla con un casco de oro, una armadura resplandeciente y su lanza <i>Gungnir<\/i>. Segun la historia esta lanza no puede fallar jamas su objetivo. Gungnir ser\u00e1 una de las armas determinantes en el dia del Ragnarok en la lucha de Odin con el lobo gigante Fenrir.<\/p>\n<p>Esta lanza tiene su s\u00edmbolo propio que es el que se representa en la parte posterior.<\/p>\n","protected":false},"excerpt":{"rendered":"<p>Colgante de fundicion, ba\u00f1ado en plata tiene un tama\u00f1o de 6 cms<\/p>\n","protected":false},"featured_media":2265,"comment_status":"open","ping_status":"closed","template":"","meta":[],"product_cat":[628],"product_tag":[504,522,520,503,376,323,521],"yoast_head":"<!-- This site is optimized with the Yoast SEO plugin v17.2.1 - https:\/\/yoast.com\/wordpress\/plugins\/seo\/ -->\n<title>Colgante Gungnir - ADISART<\/title>\n<meta name=\"description\" content=\"Colgante Gungnir\" \/>\n<meta name=\"robots\" content=\"index, follow, max-snippet:-1, max-image-preview:large, max-video-preview:-1\" \/>\n<link rel=\"canonical\" href=\"https:\/\/www.adisart.com\/tienda\/colgante-gungnir\/\" \/>\n<meta property=\"og:locale\" content=\"es_ES\" \/>\n<meta property=\"og:type\" content=\"article\" \/>\n<meta property=\"og:title\" content=\"Colgante Gungnir - ADISART\" \/>\n<meta property=\"og:description\" content=\"Colgante Gungnir\" \/>\n<meta property=\"og:url\" content=\"https:\/\/www.adisart.com\/tienda\/colgante-gungnir\/\" \/>\n<meta property=\"og:site_name\" content=\"ADISART\" \/>\n<meta property=\"article:modified_time\" content=\"2021-03-04T09:38:27+00:00\" \/>\n<meta property=\"og:image\" content=\"https:\/\/www.adisart.com\/tienda\/wp-content\/uploads\/2015\/11\/P1070023.jpg\" \/>\n\t<meta property=\"og:image:width\" content=\"600\" \/>\n\t<meta property=\"og:image:height\" content=\"800\" \/>\n<meta name=\"twitter:card\" content=\"summary\" \/>\n<meta name=\"twitter:label1\" content=\"Tiempo de lectura\" \/>\n\t<meta name=\"twitter:data1\" content=\"1 minuto\" \/>\n<script type=\"application\/ld+json\" class=\"yoast-schema-graph\">{\"@context\":\"https:\/\/schema.org\",\"@graph\":[{\"@type\":\"WebSite\",\"@id\":\"https:\/\/www.adisart.com\/tienda\/#website\",\"url\":\"https:\/\/www.adisart.com\/tienda\/\",\"name\":\"ADISART\",\"description\":\"Creaciones art\\u00edsticas\",\"potentialAction\":[{\"@type\":\"SearchAction\",\"target\":{\"@type\":\"EntryPoint\",\"urlTemplate\":\"https:\/\/www.adisart.com\/tienda\/?s={search_term_string}\"},\"query-input\":\"required name=search_term_string\"}],\"inLanguage\":\"es\"},{\"@type\":\"ImageObject\",\"@id\":\"https:\/\/www.adisart.com\/tienda\/colgante-gungnir\/#primaryimage\",\"inLanguage\":\"es\",\"url\":\"https:\/\/www.adisart.com\/tienda\/wp-content\/uploads\/2015\/11\/P1070023.jpg\",\"contentUrl\":\"https:\/\/www.adisart.com\/tienda\/wp-content\/uploads\/2015\/11\/P1070023.jpg\",\"width\":600,\"height\":800},{\"@type\":\"WebPage\",\"@id\":\"https:\/\/www.adisart.com\/tienda\/colgante-gungnir\/#webpage\",\"url\":\"https:\/\/www.adisart.com\/tienda\/colgante-gungnir\/\",\"name\":\"Colgante Gungnir - ADISART\",\"isPartOf\":{\"@id\":\"https:\/\/www.adisart.com\/tienda\/#website\"},\"primaryImageOfPage\":{\"@id\":\"https:\/\/www.adisart.com\/tienda\/colgante-gungnir\/#primaryimage\"},\"datePublished\":\"2015-11-18T10:53:24+00:00\",\"dateModified\":\"2021-03-04T09:38:27+00:00\",\"description\":\"Colgante Gungnir\",\"breadcrumb\":{\"@id\":\"https:\/\/www.adisart.com\/tienda\/colgante-gungnir\/#breadcrumb\"},\"inLanguage\":\"es\",\"potentialAction\":[{\"@type\":\"ReadAction\",\"target\":[\"https:\/\/www.adisart.com\/tienda\/colgante-gungnir\/\"]}]},{\"@type\":\"BreadcrumbList\",\"@id\":\"https:\/\/www.adisart.com\/tienda\/colgante-gungnir\/#breadcrumb\",\"itemListElement\":[{\"@type\":\"ListItem\",\"position\":1,\"name\":\"Inicio\",\"item\":\"https:\/\/www.adisart.com\/tienda\/\"},{\"@type\":\"ListItem\",\"position\":2,\"name\":\"Tienda\",\"item\":\"https:\/\/www.adisart.com\/tienda\/\"},{\"@type\":\"ListItem\",\"position\":3,\"name\":\"Colgante Gungnir\"}]}]}<\/script>\n<!-- \/ Yoast SEO plugin. -->","yoast_head_json":{"title":"Colgante Gungnir - ADISART","description":"Colgante Gungnir","robots":{"index":"index","follow":"follow","max-snippet":"max-snippet:-1","max-image-preview":"max-image-preview:large","max-video-preview":"max-video-preview:-1"},"canonical":"https:\/\/www.adisart.com\/tienda\/colgante-gungnir\/","og_locale":"es_ES","og_type":"article","og_title":"Colgante Gungnir - ADISART","og_description":"Colgante Gungnir","og_url":"https:\/\/www.adisart.com\/tienda\/colgante-gungnir\/","og_site_name":"ADISART","article_modified_time":"2021-03-04T09:38:27+00:00","og_image":[{"width":600,"height":800,"url":"https:\/\/www.adisart.com\/tienda\/wp-content\/uploads\/2015\/11\/P1070023.jpg","path":"\/home\/adisart.com\/public_html\/tienda\/wp-content\/uploads\/2015\/11\/P1070023.jpg","size":"full","id":2265,"alt":"","pixels":480000,"type":"image\/jpeg"}],"twitter_card":"summary","twitter_misc":{"Tiempo de lectura":"1 minuto"},"schema":{"@context":"https:\/\/schema.org","@graph":[{"@type":"WebSite","@id":"https:\/\/www.adisart.com\/tienda\/#website","url":"https:\/\/www.adisart.com\/tienda\/","name":"ADISART","description":"Creaciones art\u00edsticas","potentialAction":[{"@type":"SearchAction","target":{"@type":"EntryPoint","urlTemplate":"https:\/\/www.adisart.com\/tienda\/?s={search_term_string}"},"query-input":"required name=search_term_string"}],"inLanguage":"es"},{"@type":"ImageObject","@id":"https:\/\/www.adisart.com\/tienda\/colgante-gungnir\/#primaryimage","inLanguage":"es","url":"https:\/\/www.adisart.com\/tienda\/wp-content\/uploads\/2015\/11\/P1070023.jpg","contentUrl":"https:\/\/www.adisart.com\/tienda\/wp-content\/uploads\/2015\/11\/P1070023.jpg","width":600,"height":800},{"@type":"WebPage","@id":"https:\/\/www.adisart.com\/tienda\/colgante-gungnir\/#webpage","url":"https:\/\/www.adisart.com\/tienda\/colgante-gungnir\/","name":"Colgante Gungnir - ADISART","isPartOf":{"@id":"https:\/\/www.adisart.com\/tienda\/#website"},"primaryImageOfPage":{"@id":"https:\/\/www.adisart.com\/tienda\/colgante-gungnir\/#primaryimage"},"datePublished":"2015-11-18T10:53:24+00:00","dateModified":"2021-03-04T09:38:27+00:00","description":"Colgante Gungnir","breadcrumb":{"@id":"https:\/\/www.adisart.com\/tienda\/colgante-gungnir\/#breadcrumb"},"inLanguage":"es","potentialAction":[{"@type":"ReadAction","target":["https:\/\/www.adisart.com\/tienda\/colgante-gungnir\/"]}]},{"@type":"BreadcrumbList","@id":"https:\/\/www.adisart.com\/tienda\/colgante-gungnir\/#breadcrumb","itemListElement":[{"@type":"ListItem","position":1,"name":"Inicio","item":"https:\/\/www.adisart.com\/tienda\/"},{"@type":"ListItem","position":2,"name":"Tienda","item":"https:\/\/www.adisart.com\/tienda\/"},{"@type":"ListItem","position":3,"name":"Colgante Gungnir"}]}]}},"_links":{"self":[{"href":"https:\/\/www.adisart.com\/tienda\/wp-json\/wp\/v2\/product\/2264"}],"collection":[{"href":"https:\/\/www.adisart.com\/tienda\/wp-json\/wp\/v2\/product"}],"about":[{"href":"https:\/\/www.adisart.com\/tienda\/wp-json\/wp\/v2\/types\/product"}],"replies":[{"embeddable":true,"href":"https:\/\/www.adisart.com\/tienda\/wp-json\/wp\/v2\/comments?post=2264"}],"wp:featuredmedia":[{"embeddable":true,"href":"https:\/\/www.adisart.com\/tienda\/wp-json\/wp\/v2\/media\/2265"}],"wp:attachment":[{"href":"https:\/\/www.adisart.com\/tienda\/wp-json\/wp\/v2\/media?parent=2264"}],"wp:term":[{"taxonomy":"product_cat","embeddable":true,"href":"https:\/\/www.adisart.com\/tienda\/wp-json\/wp\/v2\/product_cat?post=2264"},{"taxonomy":"product_tag","embeddable":true,"href":"https:\/\/www.adisart.com\/tienda\/wp-json\/wp\/v2\/product_tag?post=2264"}],"curies":[{"name":"wp","href":"https:\/\/api.w.org\/{rel}","templated":true}]}}