{"id":2498,"date":"2016-01-05T08:45:24","date_gmt":"2016-01-05T06:45:24","guid":{"rendered":"http:\/\/www.adisart.com\/tienda\/?post_type=product&#038;p=2498"},"modified":"2021-03-04T11:38:26","modified_gmt":"2021-03-04T09:38:26","slug":"colgante-botella-vikinga","status":"publish","type":"product","link":"https:\/\/www.adisart.com\/tienda\/colgante-botella-vikinga\/","title":{"rendered":"Colgante Botella Vikinga"},"content":{"rendered":"<h1><a href=\"http:\/\/www.adisart.com\/tienda\/wp-content\/uploads\/2016\/01\/P1060924.jpg\">Colgante Botella Vikinga<\/a><a href=\"http:\/\/www.adisart.com\/tienda\/wp-content\/uploads\/2016\/01\/P1060924.jpg\"><br \/>\n<img loading=\"lazy\" class=\"aligncenter size-medium wp-image-2502\" src=\"http:\/\/www.adisart.com\/tienda\/wp-content\/uploads\/2016\/01\/P1060924-225x300.jpg\" alt=\"P1060924\" width=\"225\" height=\"300\" srcset=\"https:\/\/www.adisart.com\/tienda\/wp-content\/uploads\/2016\/01\/P1060924-225x300.jpg 225w, https:\/\/www.adisart.com\/tienda\/wp-content\/uploads\/2016\/01\/P1060924.jpg 600w\" sizes=\"(max-width: 225px) 100vw, 225px\" \/><\/a><a href=\"http:\/\/www.adisart.com\/tienda\/wp-content\/uploads\/2016\/01\/P1060923.jpg\"><img loading=\"lazy\" class=\"aligncenter size-medium wp-image-2501\" src=\"http:\/\/www.adisart.com\/tienda\/wp-content\/uploads\/2016\/01\/P1060923-225x300.jpg\" alt=\"P1060923\" width=\"225\" height=\"300\" srcset=\"https:\/\/www.adisart.com\/tienda\/wp-content\/uploads\/2016\/01\/P1060923-225x300.jpg 225w, https:\/\/www.adisart.com\/tienda\/wp-content\/uploads\/2016\/01\/P1060923.jpg 600w\" sizes=\"(max-width: 225px) 100vw, 225px\" \/><\/a><a href=\"http:\/\/www.adisart.com\/tienda\/wp-content\/uploads\/2016\/01\/P1060921.jpg\"><img loading=\"lazy\" class=\"aligncenter size-medium wp-image-2500\" src=\"http:\/\/www.adisart.com\/tienda\/wp-content\/uploads\/2016\/01\/P1060921-225x300.jpg\" alt=\"P1060921\" width=\"225\" height=\"300\" srcset=\"https:\/\/www.adisart.com\/tienda\/wp-content\/uploads\/2016\/01\/P1060921-225x300.jpg 225w, https:\/\/www.adisart.com\/tienda\/wp-content\/uploads\/2016\/01\/P1060921.jpg 600w\" sizes=\"(max-width: 225px) 100vw, 225px\" \/><\/a><a href=\"http:\/\/www.adisart.com\/tienda\/wp-content\/uploads\/2016\/01\/P1060919.jpg\"><img loading=\"lazy\" class=\"aligncenter size-medium wp-image-2499\" src=\"http:\/\/www.adisart.com\/tienda\/wp-content\/uploads\/2016\/01\/P1060919-225x300.jpg\" alt=\"P1060919\" width=\"225\" height=\"300\" srcset=\"https:\/\/www.adisart.com\/tienda\/wp-content\/uploads\/2016\/01\/P1060919-225x300.jpg 225w, https:\/\/www.adisart.com\/tienda\/wp-content\/uploads\/2016\/01\/P1060919.jpg 600w\" sizes=\"(max-width: 225px) 100vw, 225px\" \/><\/a><\/h1>\n","protected":false},"excerpt":{"rendered":"<p>Botella de cristal con el mensaje que desees en su interior. Por defecto contiene el s\u00edmbolo de Vegvisir, la br\u00fajula vikinga y en runas futhark se lee:\u00a0\u00bb Tu eres mi Vegvisir\u00bb. Es un regalo idoneo para aquellos que gu\u00edan nuestros pasos y nuestro coraz\u00f3n en la vida. Sin embargo su interior puede contener lo que vosotrxs quer\u00e1is. El l\u00edmite es vuestra imaginaci\u00f3n. El tap\u00f3n es un trozo de madera de boj que se crea cada vez que hacemos una botella.<\/p>\n","protected":false},"featured_media":2499,"comment_status":"open","ping_status":"closed","template":"","meta":[],"product_cat":[628],"product_tag":[541],"yoast_head":"<!-- This site is optimized with the Yoast SEO plugin v17.2.1 - https:\/\/yoast.com\/wordpress\/plugins\/seo\/ -->\n<title>Colgante Botella Vikinga<\/title>\n<meta name=\"description\" content=\"Colgante Botella Vikinga\" \/>\n<meta name=\"robots\" content=\"index, follow, max-snippet:-1, max-image-preview:large, max-video-preview:-1\" \/>\n<link rel=\"canonical\" href=\"https:\/\/www.adisart.com\/tienda\/colgante-botella-vikinga\/\" \/>\n<meta property=\"og:locale\" content=\"es_ES\" \/>\n<meta property=\"og:type\" content=\"article\" \/>\n<meta property=\"og:title\" content=\"Colgante Botella Vikinga\" \/>\n<meta property=\"og:description\" content=\"Colgante Botella Vikinga\" \/>\n<meta property=\"og:url\" content=\"https:\/\/www.adisart.com\/tienda\/colgante-botella-vikinga\/\" \/>\n<meta property=\"og:site_name\" content=\"ADISART\" \/>\n<meta property=\"article:modified_time\" content=\"2021-03-04T09:38:26+00:00\" \/>\n<meta property=\"og:image\" content=\"https:\/\/www.adisart.com\/tienda\/wp-content\/uploads\/2016\/01\/P1060919.jpg\" \/>\n\t<meta property=\"og:image:width\" content=\"600\" \/>\n\t<meta property=\"og:image:height\" content=\"800\" \/>\n<meta name=\"twitter:card\" content=\"summary\" \/>\n<script type=\"application\/ld+json\" class=\"yoast-schema-graph\">{\"@context\":\"https:\/\/schema.org\",\"@graph\":[{\"@type\":\"WebSite\",\"@id\":\"https:\/\/www.adisart.com\/tienda\/#website\",\"url\":\"https:\/\/www.adisart.com\/tienda\/\",\"name\":\"ADISART\",\"description\":\"Creaciones art\\u00edsticas\",\"potentialAction\":[{\"@type\":\"SearchAction\",\"target\":{\"@type\":\"EntryPoint\",\"urlTemplate\":\"https:\/\/www.adisart.com\/tienda\/?s={search_term_string}\"},\"query-input\":\"required name=search_term_string\"}],\"inLanguage\":\"es\"},{\"@type\":\"ImageObject\",\"@id\":\"https:\/\/www.adisart.com\/tienda\/colgante-botella-vikinga\/#primaryimage\",\"inLanguage\":\"es\",\"url\":\"https:\/\/www.adisart.com\/tienda\/wp-content\/uploads\/2016\/01\/P1060919.jpg\",\"contentUrl\":\"https:\/\/www.adisart.com\/tienda\/wp-content\/uploads\/2016\/01\/P1060919.jpg\",\"width\":600,\"height\":800},{\"@type\":\"WebPage\",\"@id\":\"https:\/\/www.adisart.com\/tienda\/colgante-botella-vikinga\/#webpage\",\"url\":\"https:\/\/www.adisart.com\/tienda\/colgante-botella-vikinga\/\",\"name\":\"Colgante Botella Vikinga\",\"isPartOf\":{\"@id\":\"https:\/\/www.adisart.com\/tienda\/#website\"},\"primaryImageOfPage\":{\"@id\":\"https:\/\/www.adisart.com\/tienda\/colgante-botella-vikinga\/#primaryimage\"},\"datePublished\":\"2016-01-05T06:45:24+00:00\",\"dateModified\":\"2021-03-04T09:38:26+00:00\",\"description\":\"Colgante Botella Vikinga\",\"breadcrumb\":{\"@id\":\"https:\/\/www.adisart.com\/tienda\/colgante-botella-vikinga\/#breadcrumb\"},\"inLanguage\":\"es\",\"potentialAction\":[{\"@type\":\"ReadAction\",\"target\":[\"https:\/\/www.adisart.com\/tienda\/colgante-botella-vikinga\/\"]}]},{\"@type\":\"BreadcrumbList\",\"@id\":\"https:\/\/www.adisart.com\/tienda\/colgante-botella-vikinga\/#breadcrumb\",\"itemListElement\":[{\"@type\":\"ListItem\",\"position\":1,\"name\":\"Inicio\",\"item\":\"https:\/\/www.adisart.com\/tienda\/\"},{\"@type\":\"ListItem\",\"position\":2,\"name\":\"Tienda\",\"item\":\"https:\/\/www.adisart.com\/tienda\/\"},{\"@type\":\"ListItem\",\"position\":3,\"name\":\"Colgante Botella Vikinga\"}]}]}<\/script>\n<!-- \/ Yoast SEO plugin. -->","yoast_head_json":{"title":"Colgante Botella Vikinga","description":"Colgante Botella Vikinga","robots":{"index":"index","follow":"follow","max-snippet":"max-snippet:-1","max-image-preview":"max-image-preview:large","max-video-preview":"max-video-preview:-1"},"canonical":"https:\/\/www.adisart.com\/tienda\/colgante-botella-vikinga\/","og_locale":"es_ES","og_type":"article","og_title":"Colgante Botella Vikinga","og_description":"Colgante Botella Vikinga","og_url":"https:\/\/www.adisart.com\/tienda\/colgante-botella-vikinga\/","og_site_name":"ADISART","article_modified_time":"2021-03-04T09:38:26+00:00","og_image":[{"width":600,"height":800,"url":"https:\/\/www.adisart.com\/tienda\/wp-content\/uploads\/2016\/01\/P1060919.jpg","path":"\/home\/adisart.com\/public_html\/tienda\/wp-content\/uploads\/2016\/01\/P1060919.jpg","size":"full","id":2499,"alt":"","pixels":480000,"type":"image\/jpeg"}],"twitter_card":"summary","schema":{"@context":"https:\/\/schema.org","@graph":[{"@type":"WebSite","@id":"https:\/\/www.adisart.com\/tienda\/#website","url":"https:\/\/www.adisart.com\/tienda\/","name":"ADISART","description":"Creaciones art\u00edsticas","potentialAction":[{"@type":"SearchAction","target":{"@type":"EntryPoint","urlTemplate":"https:\/\/www.adisart.com\/tienda\/?s={search_term_string}"},"query-input":"required name=search_term_string"}],"inLanguage":"es"},{"@type":"ImageObject","@id":"https:\/\/www.adisart.com\/tienda\/colgante-botella-vikinga\/#primaryimage","inLanguage":"es","url":"https:\/\/www.adisart.com\/tienda\/wp-content\/uploads\/2016\/01\/P1060919.jpg","contentUrl":"https:\/\/www.adisart.com\/tienda\/wp-content\/uploads\/2016\/01\/P1060919.jpg","width":600,"height":800},{"@type":"WebPage","@id":"https:\/\/www.adisart.com\/tienda\/colgante-botella-vikinga\/#webpage","url":"https:\/\/www.adisart.com\/tienda\/colgante-botella-vikinga\/","name":"Colgante Botella Vikinga","isPartOf":{"@id":"https:\/\/www.adisart.com\/tienda\/#website"},"primaryImageOfPage":{"@id":"https:\/\/www.adisart.com\/tienda\/colgante-botella-vikinga\/#primaryimage"},"datePublished":"2016-01-05T06:45:24+00:00","dateModified":"2021-03-04T09:38:26+00:00","description":"Colgante Botella Vikinga","breadcrumb":{"@id":"https:\/\/www.adisart.com\/tienda\/colgante-botella-vikinga\/#breadcrumb"},"inLanguage":"es","potentialAction":[{"@type":"ReadAction","target":["https:\/\/www.adisart.com\/tienda\/colgante-botella-vikinga\/"]}]},{"@type":"BreadcrumbList","@id":"https:\/\/www.adisart.com\/tienda\/colgante-botella-vikinga\/#breadcrumb","itemListElement":[{"@type":"ListItem","position":1,"name":"Inicio","item":"https:\/\/www.adisart.com\/tienda\/"},{"@type":"ListItem","position":2,"name":"Tienda","item":"https:\/\/www.adisart.com\/tienda\/"},{"@type":"ListItem","position":3,"name":"Colgante Botella Vikinga"}]}]}},"_links":{"self":[{"href":"https:\/\/www.adisart.com\/tienda\/wp-json\/wp\/v2\/product\/2498"}],"collection":[{"href":"https:\/\/www.adisart.com\/tienda\/wp-json\/wp\/v2\/product"}],"about":[{"href":"https:\/\/www.adisart.com\/tienda\/wp-json\/wp\/v2\/types\/product"}],"replies":[{"embeddable":true,"href":"https:\/\/www.adisart.com\/tienda\/wp-json\/wp\/v2\/comments?post=2498"}],"wp:featuredmedia":[{"embeddable":true,"href":"https:\/\/www.adisart.com\/tienda\/wp-json\/wp\/v2\/media\/2499"}],"wp:attachment":[{"href":"https:\/\/www.adisart.com\/tienda\/wp-json\/wp\/v2\/media?parent=2498"}],"wp:term":[{"taxonomy":"product_cat","embeddable":true,"href":"https:\/\/www.adisart.com\/tienda\/wp-json\/wp\/v2\/product_cat?post=2498"},{"taxonomy":"product_tag","embeddable":true,"href":"https:\/\/www.adisart.com\/tienda\/wp-json\/wp\/v2\/product_tag?post=2498"}],"curies":[{"name":"wp","href":"https:\/\/api.w.org\/{rel}","templated":true}]}}