{"id":2809,"date":"2016-03-20T11:26:26","date_gmt":"2016-03-20T09:26:26","guid":{"rendered":"http:\/\/www.adisart.com\/tienda\/?post_type=product&#038;p=2809"},"modified":"2021-03-04T11:53:08","modified_gmt":"2021-03-04T09:53:08","slug":"escudo-rollo","status":"publish","type":"product","link":"https:\/\/www.adisart.com\/tienda\/escudo-rollo\/","title":{"rendered":"Escudo Rollo"},"content":{"rendered":"<h1><a href=\"http:\/\/www.adisart.com\/tienda\/wp-content\/uploads\/2016\/03\/Rollo.jpg\">Escudo Rollo<img loading=\"lazy\" class=\"aligncenter size-medium wp-image-2810\" src=\"http:\/\/www.adisart.com\/tienda\/wp-content\/uploads\/2016\/03\/Rollo-257x300.jpg\" alt=\"Rollo\" width=\"257\" height=\"300\" srcset=\"https:\/\/www.adisart.com\/tienda\/wp-content\/uploads\/2016\/03\/Rollo-257x300.jpg 257w, https:\/\/www.adisart.com\/tienda\/wp-content\/uploads\/2016\/03\/Rollo-600x701.jpg 600w, https:\/\/www.adisart.com\/tienda\/wp-content\/uploads\/2016\/03\/Rollo-876x1024.jpg 876w, https:\/\/www.adisart.com\/tienda\/wp-content\/uploads\/2016\/03\/Rollo.jpg 1305w\" sizes=\"(max-width: 257px) 100vw, 257px\" \/><\/a><\/h1>\n","protected":false},"excerpt":{"rendered":"<p>Escudo de madera de 60 cms de di\u00e1metro replica del utilizado por el personaje Rollo de la serie de televisi\u00f3n Vikingos. Est\u00e1 pintado manualmente y ofrecemos la posibilidad de personalizar con las runas que el cliente escoja. La parte central, el umbo, esta fundido en zink manualmente y la parte exterior tambi\u00e9n tiene refuerzos de zink para conferirle una mayor resistencia<\/p>\n","protected":false},"featured_media":2810,"comment_status":"open","ping_status":"closed","template":"","meta":[],"product_cat":[632],"product_tag":[],"yoast_head":"<!-- This site is optimized with the Yoast SEO plugin v17.2.1 - https:\/\/yoast.com\/wordpress\/plugins\/seo\/ -->\n<title>Escudo Rollo<\/title>\n<meta name=\"description\" content=\"Escudo Rollo\" \/>\n<meta name=\"robots\" content=\"index, follow, max-snippet:-1, max-image-preview:large, max-video-preview:-1\" \/>\n<link rel=\"canonical\" href=\"https:\/\/www.adisart.com\/tienda\/escudo-rollo\/\" \/>\n<meta property=\"og:locale\" content=\"es_ES\" \/>\n<meta property=\"og:type\" content=\"article\" \/>\n<meta property=\"og:title\" content=\"Escudo Rollo\" \/>\n<meta property=\"og:description\" content=\"Escudo Rollo\" \/>\n<meta property=\"og:url\" content=\"https:\/\/www.adisart.com\/tienda\/escudo-rollo\/\" \/>\n<meta property=\"og:site_name\" content=\"ADISART\" \/>\n<meta property=\"article:modified_time\" content=\"2021-03-04T09:53:08+00:00\" \/>\n<meta property=\"og:image\" content=\"https:\/\/www.adisart.com\/tienda\/wp-content\/uploads\/2016\/03\/Rollo.jpg\" \/>\n\t<meta property=\"og:image:width\" content=\"1305\" \/>\n\t<meta property=\"og:image:height\" content=\"1525\" \/>\n<meta name=\"twitter:card\" content=\"summary\" \/>\n<script type=\"application\/ld+json\" class=\"yoast-schema-graph\">{\"@context\":\"https:\/\/schema.org\",\"@graph\":[{\"@type\":\"WebSite\",\"@id\":\"https:\/\/www.adisart.com\/tienda\/#website\",\"url\":\"https:\/\/www.adisart.com\/tienda\/\",\"name\":\"ADISART\",\"description\":\"Creaciones art\\u00edsticas\",\"potentialAction\":[{\"@type\":\"SearchAction\",\"target\":{\"@type\":\"EntryPoint\",\"urlTemplate\":\"https:\/\/www.adisart.com\/tienda\/?s={search_term_string}\"},\"query-input\":\"required name=search_term_string\"}],\"inLanguage\":\"es\"},{\"@type\":\"ImageObject\",\"@id\":\"https:\/\/www.adisart.com\/tienda\/escudo-rollo\/#primaryimage\",\"inLanguage\":\"es\",\"url\":\"https:\/\/www.adisart.com\/tienda\/wp-content\/uploads\/2016\/03\/Rollo.jpg\",\"contentUrl\":\"https:\/\/www.adisart.com\/tienda\/wp-content\/uploads\/2016\/03\/Rollo.jpg\",\"width\":1305,\"height\":1525},{\"@type\":\"WebPage\",\"@id\":\"https:\/\/www.adisart.com\/tienda\/escudo-rollo\/#webpage\",\"url\":\"https:\/\/www.adisart.com\/tienda\/escudo-rollo\/\",\"name\":\"Escudo Rollo\",\"isPartOf\":{\"@id\":\"https:\/\/www.adisart.com\/tienda\/#website\"},\"primaryImageOfPage\":{\"@id\":\"https:\/\/www.adisart.com\/tienda\/escudo-rollo\/#primaryimage\"},\"datePublished\":\"2016-03-20T09:26:26+00:00\",\"dateModified\":\"2021-03-04T09:53:08+00:00\",\"description\":\"Escudo Rollo\",\"breadcrumb\":{\"@id\":\"https:\/\/www.adisart.com\/tienda\/escudo-rollo\/#breadcrumb\"},\"inLanguage\":\"es\",\"potentialAction\":[{\"@type\":\"ReadAction\",\"target\":[\"https:\/\/www.adisart.com\/tienda\/escudo-rollo\/\"]}]},{\"@type\":\"BreadcrumbList\",\"@id\":\"https:\/\/www.adisart.com\/tienda\/escudo-rollo\/#breadcrumb\",\"itemListElement\":[{\"@type\":\"ListItem\",\"position\":1,\"name\":\"Inicio\",\"item\":\"https:\/\/www.adisart.com\/tienda\/\"},{\"@type\":\"ListItem\",\"position\":2,\"name\":\"Tienda\",\"item\":\"https:\/\/www.adisart.com\/tienda\/\"},{\"@type\":\"ListItem\",\"position\":3,\"name\":\"Escudo Rollo\"}]}]}<\/script>\n<!-- \/ Yoast SEO plugin. -->","yoast_head_json":{"title":"Escudo Rollo","description":"Escudo Rollo","robots":{"index":"index","follow":"follow","max-snippet":"max-snippet:-1","max-image-preview":"max-image-preview:large","max-video-preview":"max-video-preview:-1"},"canonical":"https:\/\/www.adisart.com\/tienda\/escudo-rollo\/","og_locale":"es_ES","og_type":"article","og_title":"Escudo Rollo","og_description":"Escudo Rollo","og_url":"https:\/\/www.adisart.com\/tienda\/escudo-rollo\/","og_site_name":"ADISART","article_modified_time":"2021-03-04T09:53:08+00:00","og_image":[{"width":1305,"height":1525,"url":"https:\/\/www.adisart.com\/tienda\/wp-content\/uploads\/2016\/03\/Rollo.jpg","path":"\/home\/adisart.com\/public_html\/tienda\/wp-content\/uploads\/2016\/03\/Rollo.jpg","size":"full","id":2810,"alt":"","pixels":1990125,"type":"image\/jpeg"}],"twitter_card":"summary","schema":{"@context":"https:\/\/schema.org","@graph":[{"@type":"WebSite","@id":"https:\/\/www.adisart.com\/tienda\/#website","url":"https:\/\/www.adisart.com\/tienda\/","name":"ADISART","description":"Creaciones art\u00edsticas","potentialAction":[{"@type":"SearchAction","target":{"@type":"EntryPoint","urlTemplate":"https:\/\/www.adisart.com\/tienda\/?s={search_term_string}"},"query-input":"required name=search_term_string"}],"inLanguage":"es"},{"@type":"ImageObject","@id":"https:\/\/www.adisart.com\/tienda\/escudo-rollo\/#primaryimage","inLanguage":"es","url":"https:\/\/www.adisart.com\/tienda\/wp-content\/uploads\/2016\/03\/Rollo.jpg","contentUrl":"https:\/\/www.adisart.com\/tienda\/wp-content\/uploads\/2016\/03\/Rollo.jpg","width":1305,"height":1525},{"@type":"WebPage","@id":"https:\/\/www.adisart.com\/tienda\/escudo-rollo\/#webpage","url":"https:\/\/www.adisart.com\/tienda\/escudo-rollo\/","name":"Escudo Rollo","isPartOf":{"@id":"https:\/\/www.adisart.com\/tienda\/#website"},"primaryImageOfPage":{"@id":"https:\/\/www.adisart.com\/tienda\/escudo-rollo\/#primaryimage"},"datePublished":"2016-03-20T09:26:26+00:00","dateModified":"2021-03-04T09:53:08+00:00","description":"Escudo Rollo","breadcrumb":{"@id":"https:\/\/www.adisart.com\/tienda\/escudo-rollo\/#breadcrumb"},"inLanguage":"es","potentialAction":[{"@type":"ReadAction","target":["https:\/\/www.adisart.com\/tienda\/escudo-rollo\/"]}]},{"@type":"BreadcrumbList","@id":"https:\/\/www.adisart.com\/tienda\/escudo-rollo\/#breadcrumb","itemListElement":[{"@type":"ListItem","position":1,"name":"Inicio","item":"https:\/\/www.adisart.com\/tienda\/"},{"@type":"ListItem","position":2,"name":"Tienda","item":"https:\/\/www.adisart.com\/tienda\/"},{"@type":"ListItem","position":3,"name":"Escudo Rollo"}]}]}},"_links":{"self":[{"href":"https:\/\/www.adisart.com\/tienda\/wp-json\/wp\/v2\/product\/2809"}],"collection":[{"href":"https:\/\/www.adisart.com\/tienda\/wp-json\/wp\/v2\/product"}],"about":[{"href":"https:\/\/www.adisart.com\/tienda\/wp-json\/wp\/v2\/types\/product"}],"replies":[{"embeddable":true,"href":"https:\/\/www.adisart.com\/tienda\/wp-json\/wp\/v2\/comments?post=2809"}],"wp:featuredmedia":[{"embeddable":true,"href":"https:\/\/www.adisart.com\/tienda\/wp-json\/wp\/v2\/media\/2810"}],"wp:attachment":[{"href":"https:\/\/www.adisart.com\/tienda\/wp-json\/wp\/v2\/media?parent=2809"}],"wp:term":[{"taxonomy":"product_cat","embeddable":true,"href":"https:\/\/www.adisart.com\/tienda\/wp-json\/wp\/v2\/product_cat?post=2809"},{"taxonomy":"product_tag","embeddable":true,"href":"https:\/\/www.adisart.com\/tienda\/wp-json\/wp\/v2\/product_tag?post=2809"}],"curies":[{"name":"wp","href":"https:\/\/api.w.org\/{rel}","templated":true}]}}