{"id":3188,"date":"2016-10-10T10:15:28","date_gmt":"2016-10-10T08:15:28","guid":{"rendered":"http:\/\/www.adisart.com\/tienda\/?post_type=product&#038;p=3188"},"modified":"2021-03-04T12:07:27","modified_gmt":"2021-03-04T10:07:27","slug":"llave-vikinga","status":"publish","type":"product","link":"https:\/\/www.adisart.com\/tienda\/llave-vikinga\/","title":{"rendered":"Llave vikinga"},"content":{"rendered":"<p><img loading=\"lazy\" class=\"aligncenter size-medium wp-image-3189\" src=\"http:\/\/www.adisart.com\/tienda\/wp-content\/uploads\/2016\/10\/llave-vikinga-rematada-300x216.jpg\" alt=\"llave-vikinga-rematada\" width=\"300\" height=\"216\" srcset=\"https:\/\/www.adisart.com\/tienda\/wp-content\/uploads\/2016\/10\/llave-vikinga-rematada-300x216.jpg 300w, https:\/\/www.adisart.com\/tienda\/wp-content\/uploads\/2016\/10\/llave-vikinga-rematada-600x431.jpg 600w, https:\/\/www.adisart.com\/tienda\/wp-content\/uploads\/2016\/10\/llave-vikinga-rematada-768x552.jpg 768w, https:\/\/www.adisart.com\/tienda\/wp-content\/uploads\/2016\/10\/llave-vikinga-rematada.jpg 800w\" sizes=\"(max-width: 300px) 100vw, 300px\" \/><\/p>\n","protected":false},"excerpt":{"rendered":"<p>Se han hallado llaves formando parte del ajuar funerario, en el interior de sepulturas, y tambi\u00e9n como elementos aislados, de manera que el uso de este tipo de objetos debi\u00f3 haber sido relativamente generalizado. Si exist\u00edan llaves, necesariamente deb\u00edan de existir cerraduras, y algo que guardar y proteger detr\u00e1s de ellas \u2013excepto en el caso de que s\u00f3lo sirvieran de amuletos\u00ad o insignias\u2013. Una posible explicaci\u00f3n para el elevado n\u00famero de llaves localizado en \u00e9poca vikinga podr\u00eda ser el incremento de la riqueza de la poblaci\u00f3n y la necesidad de proteger sus pertenencias. Las fuentes escritas refieren que todas las mujeres ricas vikingas desposadas utilizaban llaves como accesorios personales, como s\u00edmbolo de su nuevo estatus de mujeres casadas. Esta interpretaci\u00f3n se fundamenta tanto en el hallazgo de llaves en las tumbas de mujeres ricas como en los t\u00e9rminos que se recog\u00edan en las leyes medievales, seg\u00fan las cuales eran ellas quienes ten\u00edan el control de las llaves de la casa. Sin embargo, \u00e9stas se han documentado en todo tipo de sepulturas, no s\u00f3lo en las de mujeres de alto rango social, y hay varios casos en los que las llaves encontradas no eran funcionales. Por tanto, podr\u00edan tener m\u00e1s bien un significado religioso vinculado con el tr\u00e1nsito de una vida terrenal a otra, quiz\u00e1 como representaci\u00f3n simb\u00f3lica de las llaves que abren \u201clas puertas del cielo\u201d.<\/p>\n","protected":false},"featured_media":3189,"comment_status":"open","ping_status":"closed","template":"","meta":[],"product_cat":[629],"product_tag":[565],"yoast_head":"<!-- This site is optimized with the Yoast SEO plugin v17.2.1 - https:\/\/yoast.com\/wordpress\/plugins\/seo\/ -->\n<title>Llave vikinga - ADISART<\/title>\n<meta name=\"description\" content=\"Mide 6 cms de longitud. Tiene un acabado de bronce envejecido\" \/>\n<meta name=\"robots\" content=\"index, follow, max-snippet:-1, max-image-preview:large, max-video-preview:-1\" \/>\n<link rel=\"canonical\" href=\"https:\/\/www.adisart.com\/tienda\/llave-vikinga\/\" \/>\n<meta property=\"og:locale\" content=\"es_ES\" \/>\n<meta property=\"og:type\" content=\"article\" \/>\n<meta property=\"og:title\" content=\"Llave vikinga - ADISART\" \/>\n<meta property=\"og:description\" content=\"Mide 6 cms de longitud. Tiene un acabado de bronce envejecido\" \/>\n<meta property=\"og:url\" content=\"https:\/\/www.adisart.com\/tienda\/llave-vikinga\/\" \/>\n<meta property=\"og:site_name\" content=\"ADISART\" \/>\n<meta property=\"article:modified_time\" content=\"2021-03-04T10:07:27+00:00\" \/>\n<meta property=\"og:image\" content=\"https:\/\/www.adisart.com\/tienda\/wp-content\/uploads\/2016\/10\/llave-vikinga-rematada.jpg\" \/>\n\t<meta property=\"og:image:width\" content=\"800\" \/>\n\t<meta property=\"og:image:height\" content=\"575\" \/>\n<meta name=\"twitter:card\" content=\"summary\" \/>\n<script type=\"application\/ld+json\" class=\"yoast-schema-graph\">{\"@context\":\"https:\/\/schema.org\",\"@graph\":[{\"@type\":\"WebSite\",\"@id\":\"https:\/\/www.adisart.com\/tienda\/#website\",\"url\":\"https:\/\/www.adisart.com\/tienda\/\",\"name\":\"ADISART\",\"description\":\"Creaciones art\\u00edsticas\",\"potentialAction\":[{\"@type\":\"SearchAction\",\"target\":{\"@type\":\"EntryPoint\",\"urlTemplate\":\"https:\/\/www.adisart.com\/tienda\/?s={search_term_string}\"},\"query-input\":\"required name=search_term_string\"}],\"inLanguage\":\"es\"},{\"@type\":\"ImageObject\",\"@id\":\"https:\/\/www.adisart.com\/tienda\/llave-vikinga\/#primaryimage\",\"inLanguage\":\"es\",\"url\":\"https:\/\/www.adisart.com\/tienda\/wp-content\/uploads\/2016\/10\/llave-vikinga-rematada.jpg\",\"contentUrl\":\"https:\/\/www.adisart.com\/tienda\/wp-content\/uploads\/2016\/10\/llave-vikinga-rematada.jpg\",\"width\":800,\"height\":575},{\"@type\":\"WebPage\",\"@id\":\"https:\/\/www.adisart.com\/tienda\/llave-vikinga\/#webpage\",\"url\":\"https:\/\/www.adisart.com\/tienda\/llave-vikinga\/\",\"name\":\"Llave vikinga - ADISART\",\"isPartOf\":{\"@id\":\"https:\/\/www.adisart.com\/tienda\/#website\"},\"primaryImageOfPage\":{\"@id\":\"https:\/\/www.adisart.com\/tienda\/llave-vikinga\/#primaryimage\"},\"datePublished\":\"2016-10-10T08:15:28+00:00\",\"dateModified\":\"2021-03-04T10:07:27+00:00\",\"description\":\"Mide 6 cms de longitud. Tiene un acabado de bronce envejecido\",\"breadcrumb\":{\"@id\":\"https:\/\/www.adisart.com\/tienda\/llave-vikinga\/#breadcrumb\"},\"inLanguage\":\"es\",\"potentialAction\":[{\"@type\":\"ReadAction\",\"target\":[\"https:\/\/www.adisart.com\/tienda\/llave-vikinga\/\"]}]},{\"@type\":\"BreadcrumbList\",\"@id\":\"https:\/\/www.adisart.com\/tienda\/llave-vikinga\/#breadcrumb\",\"itemListElement\":[{\"@type\":\"ListItem\",\"position\":1,\"name\":\"Inicio\",\"item\":\"https:\/\/www.adisart.com\/tienda\/\"},{\"@type\":\"ListItem\",\"position\":2,\"name\":\"Tienda\",\"item\":\"https:\/\/www.adisart.com\/tienda\/\"},{\"@type\":\"ListItem\",\"position\":3,\"name\":\"Llave vikinga\"}]}]}<\/script>\n<!-- \/ Yoast SEO plugin. -->","yoast_head_json":{"title":"Llave vikinga - ADISART","description":"Mide 6 cms de longitud. Tiene un acabado de bronce envejecido","robots":{"index":"index","follow":"follow","max-snippet":"max-snippet:-1","max-image-preview":"max-image-preview:large","max-video-preview":"max-video-preview:-1"},"canonical":"https:\/\/www.adisart.com\/tienda\/llave-vikinga\/","og_locale":"es_ES","og_type":"article","og_title":"Llave vikinga - ADISART","og_description":"Mide 6 cms de longitud. Tiene un acabado de bronce envejecido","og_url":"https:\/\/www.adisart.com\/tienda\/llave-vikinga\/","og_site_name":"ADISART","article_modified_time":"2021-03-04T10:07:27+00:00","og_image":[{"width":800,"height":575,"url":"https:\/\/www.adisart.com\/tienda\/wp-content\/uploads\/2016\/10\/llave-vikinga-rematada.jpg","path":"\/home\/adisart.com\/public_html\/tienda\/wp-content\/uploads\/2016\/10\/llave-vikinga-rematada.jpg","size":"full","id":3189,"alt":"","pixels":460000,"type":"image\/jpeg"}],"twitter_card":"summary","schema":{"@context":"https:\/\/schema.org","@graph":[{"@type":"WebSite","@id":"https:\/\/www.adisart.com\/tienda\/#website","url":"https:\/\/www.adisart.com\/tienda\/","name":"ADISART","description":"Creaciones art\u00edsticas","potentialAction":[{"@type":"SearchAction","target":{"@type":"EntryPoint","urlTemplate":"https:\/\/www.adisart.com\/tienda\/?s={search_term_string}"},"query-input":"required name=search_term_string"}],"inLanguage":"es"},{"@type":"ImageObject","@id":"https:\/\/www.adisart.com\/tienda\/llave-vikinga\/#primaryimage","inLanguage":"es","url":"https:\/\/www.adisart.com\/tienda\/wp-content\/uploads\/2016\/10\/llave-vikinga-rematada.jpg","contentUrl":"https:\/\/www.adisart.com\/tienda\/wp-content\/uploads\/2016\/10\/llave-vikinga-rematada.jpg","width":800,"height":575},{"@type":"WebPage","@id":"https:\/\/www.adisart.com\/tienda\/llave-vikinga\/#webpage","url":"https:\/\/www.adisart.com\/tienda\/llave-vikinga\/","name":"Llave vikinga - ADISART","isPartOf":{"@id":"https:\/\/www.adisart.com\/tienda\/#website"},"primaryImageOfPage":{"@id":"https:\/\/www.adisart.com\/tienda\/llave-vikinga\/#primaryimage"},"datePublished":"2016-10-10T08:15:28+00:00","dateModified":"2021-03-04T10:07:27+00:00","description":"Mide 6 cms de longitud. Tiene un acabado de bronce envejecido","breadcrumb":{"@id":"https:\/\/www.adisart.com\/tienda\/llave-vikinga\/#breadcrumb"},"inLanguage":"es","potentialAction":[{"@type":"ReadAction","target":["https:\/\/www.adisart.com\/tienda\/llave-vikinga\/"]}]},{"@type":"BreadcrumbList","@id":"https:\/\/www.adisart.com\/tienda\/llave-vikinga\/#breadcrumb","itemListElement":[{"@type":"ListItem","position":1,"name":"Inicio","item":"https:\/\/www.adisart.com\/tienda\/"},{"@type":"ListItem","position":2,"name":"Tienda","item":"https:\/\/www.adisart.com\/tienda\/"},{"@type":"ListItem","position":3,"name":"Llave vikinga"}]}]}},"_links":{"self":[{"href":"https:\/\/www.adisart.com\/tienda\/wp-json\/wp\/v2\/product\/3188"}],"collection":[{"href":"https:\/\/www.adisart.com\/tienda\/wp-json\/wp\/v2\/product"}],"about":[{"href":"https:\/\/www.adisart.com\/tienda\/wp-json\/wp\/v2\/types\/product"}],"replies":[{"embeddable":true,"href":"https:\/\/www.adisart.com\/tienda\/wp-json\/wp\/v2\/comments?post=3188"}],"wp:featuredmedia":[{"embeddable":true,"href":"https:\/\/www.adisart.com\/tienda\/wp-json\/wp\/v2\/media\/3189"}],"wp:attachment":[{"href":"https:\/\/www.adisart.com\/tienda\/wp-json\/wp\/v2\/media?parent=3188"}],"wp:term":[{"taxonomy":"product_cat","embeddable":true,"href":"https:\/\/www.adisart.com\/tienda\/wp-json\/wp\/v2\/product_cat?post=3188"},{"taxonomy":"product_tag","embeddable":true,"href":"https:\/\/www.adisart.com\/tienda\/wp-json\/wp\/v2\/product_tag?post=3188"}],"curies":[{"name":"wp","href":"https:\/\/api.w.org\/{rel}","templated":true}]}}