{"id":3256,"date":"2016-11-11T18:39:17","date_gmt":"2016-11-11T16:39:17","guid":{"rendered":"http:\/\/www.adisart.com\/tienda\/?post_type=product&#038;p=3256"},"modified":"2021-03-04T11:53:50","modified_gmt":"2021-03-04T09:53:50","slug":"hacha-danesa-rollo","status":"publish","type":"product","link":"https:\/\/www.adisart.com\/tienda\/hacha-danesa-rollo\/","title":{"rendered":"Hacha  Danesa Rollo"},"content":{"rendered":"<p><img loading=\"lazy\" class=\"aligncenter size-medium wp-image-3257\" src=\"http:\/\/www.adisart.com\/tienda\/wp-content\/uploads\/2016\/11\/bf95ca1c221a22b2e00ef983acc401ec-297x300.jpg\" alt=\"bf95ca1c221a22b2e00ef983acc401ec\" width=\"297\" height=\"300\" srcset=\"https:\/\/www.adisart.com\/tienda\/wp-content\/uploads\/2016\/11\/bf95ca1c221a22b2e00ef983acc401ec-297x300.jpg 297w, https:\/\/www.adisart.com\/tienda\/wp-content\/uploads\/2016\/11\/bf95ca1c221a22b2e00ef983acc401ec-100x100.jpg 100w, https:\/\/www.adisart.com\/tienda\/wp-content\/uploads\/2016\/11\/bf95ca1c221a22b2e00ef983acc401ec-140x140.jpg 140w, https:\/\/www.adisart.com\/tienda\/wp-content\/uploads\/2016\/11\/bf95ca1c221a22b2e00ef983acc401ec.jpg 600w\" sizes=\"(max-width: 297px) 100vw, 297px\" \/> <img loading=\"lazy\" class=\"aligncenter size-medium wp-image-3258\" src=\"http:\/\/www.adisart.com\/tienda\/wp-content\/uploads\/2016\/11\/hati-300x225.jpg\" alt=\"hati\" width=\"300\" height=\"225\" srcset=\"https:\/\/www.adisart.com\/tienda\/wp-content\/uploads\/2016\/11\/hati-300x225.jpg 300w, https:\/\/www.adisart.com\/tienda\/wp-content\/uploads\/2016\/11\/hati-600x450.jpg 600w, https:\/\/www.adisart.com\/tienda\/wp-content\/uploads\/2016\/11\/hati-768x576.jpg 768w, https:\/\/www.adisart.com\/tienda\/wp-content\/uploads\/2016\/11\/hati.jpg 800w\" sizes=\"(max-width: 300px) 100vw, 300px\" \/> <img loading=\"lazy\" class=\"aligncenter size-medium wp-image-3259\" src=\"http:\/\/www.adisart.com\/tienda\/wp-content\/uploads\/2016\/11\/P1080217-225x300.jpg\" alt=\"p1080217\" width=\"225\" height=\"300\" srcset=\"https:\/\/www.adisart.com\/tienda\/wp-content\/uploads\/2016\/11\/P1080217-225x300.jpg 225w, https:\/\/www.adisart.com\/tienda\/wp-content\/uploads\/2016\/11\/P1080217.jpg 600w\" sizes=\"(max-width: 225px) 100vw, 225px\" \/> <img loading=\"lazy\" class=\"aligncenter size-medium wp-image-3260\" src=\"http:\/\/www.adisart.com\/tienda\/wp-content\/uploads\/2016\/11\/skoll-300x225.jpg\" alt=\"skoll\" width=\"300\" height=\"225\" srcset=\"https:\/\/www.adisart.com\/tienda\/wp-content\/uploads\/2016\/11\/skoll-300x225.jpg 300w, https:\/\/www.adisart.com\/tienda\/wp-content\/uploads\/2016\/11\/skoll-600x450.jpg 600w, https:\/\/www.adisart.com\/tienda\/wp-content\/uploads\/2016\/11\/skoll-768x576.jpg 768w, https:\/\/www.adisart.com\/tienda\/wp-content\/uploads\/2016\/11\/skoll.jpg 800w\" sizes=\"(max-width: 300px) 100vw, 300px\" \/><\/p>\n","protected":false},"excerpt":{"rendered":"<h4>Hacha de 2 manos o hacha danesa. Tiene un mango de madera de un metro. y una hoja de 27 cms. Est\u00e1 tallada y fundida manualmente en zamak .Fue la mas utilizada por los vikingos y es muy usada por Rollo en la serie Vikings. Hemos elegido como decoraci\u00f3n los tatuajes que Rollo tiene en sus brazos. Se trata de la leyenda de Skoll y Hati .<\/h4>\n<h4><span data-reactid=\".2x.1:5.0.1:$comment711584275607996_711599902273100\/=10.0.$right.0.$left.0.0.1.$comment-body.0.0\"><span data-reactid=\".2x.1:5.0.1:$comment711584275607996_711599902273100\/=10.0.$right.0.$left.0.0.1.$comment-body.0.0.$end\/=1$text0\/=010\">Skoll Y Hati Son Lobos Hermanos, O Seg\u00fan Otras Fuentes Hijos, Del Lobo Fenrir , Hijo A Su Vez De Loki Y De La Giganta \u00c5ngrboda. Sk\u00f6ll Persigue Eternamente A S\u00f3l, La Diosa Que Representa Al Sol, Figura Femenina En La Mitolog\u00eda N\u00f3rdica, Como Dadora De V<\/span><\/span><span data-reactid=\".2x.1:5.0.1:$comment711584275607996_711599902273100\/=10.0.$right.0.$left.0.0.1.$comment-body.0.3\"><span data-reactid=\".2x.1:5.0.1:$comment711584275607996_711599902273100\/=10.0.$right.0.$left.0.0.1.$comment-body.0.3.0\"><span data-reactid=\".2x.1:5.0.1:$comment711584275607996_711599902273100\/=10.0.$right.0.$left.0.0.1.$comment-body.0.3.0.$end\/=1$text0\/=010\">ida. Hati, A Su Vez, Persigue A Man\u00ed, Dios De La Luna. En El Ragnar\u00f6k, El D\u00eda Del Destino De Los Dioses, Sk\u00f6ll Y Hati Consiguen Finalmente Su Objetivo Y Devoran A Ambos Dioses, Mientras Fenrir Hace Lo Propio Con El Padre De Todos, Od\u00edn, Y Loki Acaba Matando Y Siendo Muerto A Su Vez Por Heimdall<\/span><\/span><\/span><\/h4>\n","protected":false},"featured_media":3258,"comment_status":"open","ping_status":"closed","template":"","meta":[],"product_cat":[633],"product_tag":[374,569],"yoast_head":"<!-- This site is optimized with the Yoast SEO plugin v17.2.1 - https:\/\/yoast.com\/wordpress\/plugins\/seo\/ -->\n<title>Hacha Danesa Rollo - ADISART<\/title>\n<meta name=\"description\" content=\"Hacha de 2 manos o hacha danesa. Tiene un mango de madera de un metro. y una hoja de 27 cms. Est\u00e1 tallada y fundida manualmente en zamak .Fue la mas utilizada por los vikingos y es muy usada por Rollo en la serie Vikings. Hemos elegido como decoraci\u00f3n los tatuajes que Rollo tiene en sus brazos. Se trata de la leyenda de Skoll y Hati . Skoll Y Hati Son Lobos Hermanos, O Seg\u00fan Otras Fuentes Hijos, Del Lobo Fenrir , Hijo A Su Vez De Loki Y De La Giganta \u00c5ngrboda. Sk\u00f6ll Persigue Eternamente A S\u00f3l, La Diosa Que Representa Al Sol, Figura Femenina En La Mitolog\u00eda N\u00f3rdica, Como Dadora De Vida. Hati, A Su Vez, Persigue A Man\u00ed, Dios De La Luna. En El Ragnar\u00f6k, El D\u00eda Del Destino De Los Dioses, Sk\u00f6ll Y Hati Consiguen Finalmente Su Objetivo Y Devoran A Ambos Dioses, Mientras Fenrir Hace Lo Propio Con El Padre De Todos, Od\u00edn, Y Loki Acaba Matando Y Siendo Muerto A Su Vez Por Heimdall\" \/>\n<meta name=\"robots\" content=\"index, follow, max-snippet:-1, max-image-preview:large, max-video-preview:-1\" \/>\n<link rel=\"canonical\" href=\"https:\/\/www.adisart.com\/tienda\/hacha-danesa-rollo\/\" \/>\n<meta property=\"og:locale\" content=\"es_ES\" \/>\n<meta property=\"og:type\" content=\"article\" \/>\n<meta property=\"og:title\" content=\"Hacha Danesa Rollo - ADISART\" \/>\n<meta property=\"og:description\" content=\"Hacha de 2 manos o hacha danesa. Tiene un mango de madera de un metro. y una hoja de 27 cms. Est\u00e1 tallada y fundida manualmente en zamak .Fue la mas utilizada por los vikingos y es muy usada por Rollo en la serie Vikings. Hemos elegido como decoraci\u00f3n los tatuajes que Rollo tiene en sus brazos. Se trata de la leyenda de Skoll y Hati . Skoll Y Hati Son Lobos Hermanos, O Seg\u00fan Otras Fuentes Hijos, Del Lobo Fenrir , Hijo A Su Vez De Loki Y De La Giganta \u00c5ngrboda. Sk\u00f6ll Persigue Eternamente A S\u00f3l, La Diosa Que Representa Al Sol, Figura Femenina En La Mitolog\u00eda N\u00f3rdica, Como Dadora De Vida. Hati, A Su Vez, Persigue A Man\u00ed, Dios De La Luna. En El Ragnar\u00f6k, El D\u00eda Del Destino De Los Dioses, Sk\u00f6ll Y Hati Consiguen Finalmente Su Objetivo Y Devoran A Ambos Dioses, Mientras Fenrir Hace Lo Propio Con El Padre De Todos, Od\u00edn, Y Loki Acaba Matando Y Siendo Muerto A Su Vez Por Heimdall\" \/>\n<meta property=\"og:url\" content=\"https:\/\/www.adisart.com\/tienda\/hacha-danesa-rollo\/\" \/>\n<meta property=\"og:site_name\" content=\"ADISART\" \/>\n<meta property=\"article:modified_time\" content=\"2021-03-04T09:53:50+00:00\" \/>\n<meta property=\"og:image\" content=\"https:\/\/www.adisart.com\/tienda\/wp-content\/uploads\/2016\/11\/hati.jpg\" \/>\n\t<meta property=\"og:image:width\" content=\"800\" \/>\n\t<meta property=\"og:image:height\" content=\"600\" \/>\n<meta name=\"twitter:card\" content=\"summary\" \/>\n<script type=\"application\/ld+json\" class=\"yoast-schema-graph\">{\"@context\":\"https:\/\/schema.org\",\"@graph\":[{\"@type\":\"WebSite\",\"@id\":\"https:\/\/www.adisart.com\/tienda\/#website\",\"url\":\"https:\/\/www.adisart.com\/tienda\/\",\"name\":\"ADISART\",\"description\":\"Creaciones art\\u00edsticas\",\"potentialAction\":[{\"@type\":\"SearchAction\",\"target\":{\"@type\":\"EntryPoint\",\"urlTemplate\":\"https:\/\/www.adisart.com\/tienda\/?s={search_term_string}\"},\"query-input\":\"required name=search_term_string\"}],\"inLanguage\":\"es\"},{\"@type\":\"ImageObject\",\"@id\":\"https:\/\/www.adisart.com\/tienda\/hacha-danesa-rollo\/#primaryimage\",\"inLanguage\":\"es\",\"url\":\"https:\/\/www.adisart.com\/tienda\/wp-content\/uploads\/2016\/11\/hati.jpg\",\"contentUrl\":\"https:\/\/www.adisart.com\/tienda\/wp-content\/uploads\/2016\/11\/hati.jpg\",\"width\":800,\"height\":600},{\"@type\":\"WebPage\",\"@id\":\"https:\/\/www.adisart.com\/tienda\/hacha-danesa-rollo\/#webpage\",\"url\":\"https:\/\/www.adisart.com\/tienda\/hacha-danesa-rollo\/\",\"name\":\"Hacha Danesa Rollo - ADISART\",\"isPartOf\":{\"@id\":\"https:\/\/www.adisart.com\/tienda\/#website\"},\"primaryImageOfPage\":{\"@id\":\"https:\/\/www.adisart.com\/tienda\/hacha-danesa-rollo\/#primaryimage\"},\"datePublished\":\"2016-11-11T16:39:17+00:00\",\"dateModified\":\"2021-03-04T09:53:50+00:00\",\"description\":\"Hacha de 2 manos o hacha danesa. Tiene un mango de madera de un metro. y una hoja de 27 cms. Est\\u00e1 tallada y fundida manualmente en zamak .Fue la mas utilizada por los vikingos y es muy usada por Rollo en la serie Vikings. Hemos elegido como decoraci\\u00f3n los tatuajes que Rollo tiene en sus brazos. Se trata de la leyenda de Skoll y Hati . Skoll Y Hati Son Lobos Hermanos, O Seg\\u00fan Otras Fuentes Hijos, Del Lobo Fenrir , Hijo A Su Vez De Loki Y De La Giganta \\u00c5ngrboda. Sk\\u00f6ll Persigue Eternamente A S\\u00f3l, La Diosa Que Representa Al Sol, Figura Femenina En La Mitolog\\u00eda N\\u00f3rdica, Como Dadora De Vida. Hati, A Su Vez, Persigue A Man\\u00ed, Dios De La Luna. En El Ragnar\\u00f6k, El D\\u00eda Del Destino De Los Dioses, Sk\\u00f6ll Y Hati Consiguen Finalmente Su Objetivo Y Devoran A Ambos Dioses, Mientras Fenrir Hace Lo Propio Con El Padre De Todos, Od\\u00edn, Y Loki Acaba Matando Y Siendo Muerto A Su Vez Por Heimdall\",\"breadcrumb\":{\"@id\":\"https:\/\/www.adisart.com\/tienda\/hacha-danesa-rollo\/#breadcrumb\"},\"inLanguage\":\"es\",\"potentialAction\":[{\"@type\":\"ReadAction\",\"target\":[\"https:\/\/www.adisart.com\/tienda\/hacha-danesa-rollo\/\"]}]},{\"@type\":\"BreadcrumbList\",\"@id\":\"https:\/\/www.adisart.com\/tienda\/hacha-danesa-rollo\/#breadcrumb\",\"itemListElement\":[{\"@type\":\"ListItem\",\"position\":1,\"name\":\"Inicio\",\"item\":\"https:\/\/www.adisart.com\/tienda\/\"},{\"@type\":\"ListItem\",\"position\":2,\"name\":\"Tienda\",\"item\":\"https:\/\/www.adisart.com\/tienda\/\"},{\"@type\":\"ListItem\",\"position\":3,\"name\":\"Hacha Danesa Rollo\"}]}]}<\/script>\n<!-- \/ Yoast SEO plugin. -->","yoast_head_json":{"title":"Hacha Danesa Rollo - ADISART","description":"Hacha de 2 manos o hacha danesa. Tiene un mango de madera de un metro. y una hoja de 27 cms. Est\u00e1 tallada y fundida manualmente en zamak .Fue la mas utilizada por los vikingos y es muy usada por Rollo en la serie Vikings. Hemos elegido como decoraci\u00f3n los tatuajes que Rollo tiene en sus brazos. Se trata de la leyenda de Skoll y Hati . Skoll Y Hati Son Lobos Hermanos, O Seg\u00fan Otras Fuentes Hijos, Del Lobo Fenrir , Hijo A Su Vez De Loki Y De La Giganta \u00c5ngrboda. Sk\u00f6ll Persigue Eternamente A S\u00f3l, La Diosa Que Representa Al Sol, Figura Femenina En La Mitolog\u00eda N\u00f3rdica, Como Dadora De Vida. Hati, A Su Vez, Persigue A Man\u00ed, Dios De La Luna. En El Ragnar\u00f6k, El D\u00eda Del Destino De Los Dioses, Sk\u00f6ll Y Hati Consiguen Finalmente Su Objetivo Y Devoran A Ambos Dioses, Mientras Fenrir Hace Lo Propio Con El Padre De Todos, Od\u00edn, Y Loki Acaba Matando Y Siendo Muerto A Su Vez Por Heimdall","robots":{"index":"index","follow":"follow","max-snippet":"max-snippet:-1","max-image-preview":"max-image-preview:large","max-video-preview":"max-video-preview:-1"},"canonical":"https:\/\/www.adisart.com\/tienda\/hacha-danesa-rollo\/","og_locale":"es_ES","og_type":"article","og_title":"Hacha Danesa Rollo - ADISART","og_description":"Hacha de 2 manos o hacha danesa. Tiene un mango de madera de un metro. y una hoja de 27 cms. Est\u00e1 tallada y fundida manualmente en zamak .Fue la mas utilizada por los vikingos y es muy usada por Rollo en la serie Vikings. Hemos elegido como decoraci\u00f3n los tatuajes que Rollo tiene en sus brazos. Se trata de la leyenda de Skoll y Hati . Skoll Y Hati Son Lobos Hermanos, O Seg\u00fan Otras Fuentes Hijos, Del Lobo Fenrir , Hijo A Su Vez De Loki Y De La Giganta \u00c5ngrboda. Sk\u00f6ll Persigue Eternamente A S\u00f3l, La Diosa Que Representa Al Sol, Figura Femenina En La Mitolog\u00eda N\u00f3rdica, Como Dadora De Vida. Hati, A Su Vez, Persigue A Man\u00ed, Dios De La Luna. En El Ragnar\u00f6k, El D\u00eda Del Destino De Los Dioses, Sk\u00f6ll Y Hati Consiguen Finalmente Su Objetivo Y Devoran A Ambos Dioses, Mientras Fenrir Hace Lo Propio Con El Padre De Todos, Od\u00edn, Y Loki Acaba Matando Y Siendo Muerto A Su Vez Por Heimdall","og_url":"https:\/\/www.adisart.com\/tienda\/hacha-danesa-rollo\/","og_site_name":"ADISART","article_modified_time":"2021-03-04T09:53:50+00:00","og_image":[{"width":800,"height":600,"url":"https:\/\/www.adisart.com\/tienda\/wp-content\/uploads\/2016\/11\/hati.jpg","path":"\/home\/adisart.com\/public_html\/tienda\/wp-content\/uploads\/2016\/11\/hati.jpg","size":"full","id":3258,"alt":"","pixels":480000,"type":"image\/jpeg"}],"twitter_card":"summary","schema":{"@context":"https:\/\/schema.org","@graph":[{"@type":"WebSite","@id":"https:\/\/www.adisart.com\/tienda\/#website","url":"https:\/\/www.adisart.com\/tienda\/","name":"ADISART","description":"Creaciones art\u00edsticas","potentialAction":[{"@type":"SearchAction","target":{"@type":"EntryPoint","urlTemplate":"https:\/\/www.adisart.com\/tienda\/?s={search_term_string}"},"query-input":"required name=search_term_string"}],"inLanguage":"es"},{"@type":"ImageObject","@id":"https:\/\/www.adisart.com\/tienda\/hacha-danesa-rollo\/#primaryimage","inLanguage":"es","url":"https:\/\/www.adisart.com\/tienda\/wp-content\/uploads\/2016\/11\/hati.jpg","contentUrl":"https:\/\/www.adisart.com\/tienda\/wp-content\/uploads\/2016\/11\/hati.jpg","width":800,"height":600},{"@type":"WebPage","@id":"https:\/\/www.adisart.com\/tienda\/hacha-danesa-rollo\/#webpage","url":"https:\/\/www.adisart.com\/tienda\/hacha-danesa-rollo\/","name":"Hacha Danesa Rollo - ADISART","isPartOf":{"@id":"https:\/\/www.adisart.com\/tienda\/#website"},"primaryImageOfPage":{"@id":"https:\/\/www.adisart.com\/tienda\/hacha-danesa-rollo\/#primaryimage"},"datePublished":"2016-11-11T16:39:17+00:00","dateModified":"2021-03-04T09:53:50+00:00","description":"Hacha de 2 manos o hacha danesa. Tiene un mango de madera de un metro. y una hoja de 27 cms. Est\u00e1 tallada y fundida manualmente en zamak .Fue la mas utilizada por los vikingos y es muy usada por Rollo en la serie Vikings. Hemos elegido como decoraci\u00f3n los tatuajes que Rollo tiene en sus brazos. Se trata de la leyenda de Skoll y Hati . Skoll Y Hati Son Lobos Hermanos, O Seg\u00fan Otras Fuentes Hijos, Del Lobo Fenrir , Hijo A Su Vez De Loki Y De La Giganta \u00c5ngrboda. Sk\u00f6ll Persigue Eternamente A S\u00f3l, La Diosa Que Representa Al Sol, Figura Femenina En La Mitolog\u00eda N\u00f3rdica, Como Dadora De Vida. Hati, A Su Vez, Persigue A Man\u00ed, Dios De La Luna. En El Ragnar\u00f6k, El D\u00eda Del Destino De Los Dioses, Sk\u00f6ll Y Hati Consiguen Finalmente Su Objetivo Y Devoran A Ambos Dioses, Mientras Fenrir Hace Lo Propio Con El Padre De Todos, Od\u00edn, Y Loki Acaba Matando Y Siendo Muerto A Su Vez Por Heimdall","breadcrumb":{"@id":"https:\/\/www.adisart.com\/tienda\/hacha-danesa-rollo\/#breadcrumb"},"inLanguage":"es","potentialAction":[{"@type":"ReadAction","target":["https:\/\/www.adisart.com\/tienda\/hacha-danesa-rollo\/"]}]},{"@type":"BreadcrumbList","@id":"https:\/\/www.adisart.com\/tienda\/hacha-danesa-rollo\/#breadcrumb","itemListElement":[{"@type":"ListItem","position":1,"name":"Inicio","item":"https:\/\/www.adisart.com\/tienda\/"},{"@type":"ListItem","position":2,"name":"Tienda","item":"https:\/\/www.adisart.com\/tienda\/"},{"@type":"ListItem","position":3,"name":"Hacha Danesa Rollo"}]}]}},"_links":{"self":[{"href":"https:\/\/www.adisart.com\/tienda\/wp-json\/wp\/v2\/product\/3256"}],"collection":[{"href":"https:\/\/www.adisart.com\/tienda\/wp-json\/wp\/v2\/product"}],"about":[{"href":"https:\/\/www.adisart.com\/tienda\/wp-json\/wp\/v2\/types\/product"}],"replies":[{"embeddable":true,"href":"https:\/\/www.adisart.com\/tienda\/wp-json\/wp\/v2\/comments?post=3256"}],"wp:featuredmedia":[{"embeddable":true,"href":"https:\/\/www.adisart.com\/tienda\/wp-json\/wp\/v2\/media\/3258"}],"wp:attachment":[{"href":"https:\/\/www.adisart.com\/tienda\/wp-json\/wp\/v2\/media?parent=3256"}],"wp:term":[{"taxonomy":"product_cat","embeddable":true,"href":"https:\/\/www.adisart.com\/tienda\/wp-json\/wp\/v2\/product_cat?post=3256"},{"taxonomy":"product_tag","embeddable":true,"href":"https:\/\/www.adisart.com\/tienda\/wp-json\/wp\/v2\/product_tag?post=3256"}],"curies":[{"name":"wp","href":"https:\/\/api.w.org\/{rel}","templated":true}]}}