{"id":3464,"date":"2017-01-19T15:00:15","date_gmt":"2017-01-19T13:00:15","guid":{"rendered":"http:\/\/www.adisart.com\/tienda\/?post_type=product&#038;p=3464"},"modified":"2023-01-09T10:06:17","modified_gmt":"2023-01-09T08:06:17","slug":"jarra-enana","status":"publish","type":"product","link":"https:\/\/www.adisart.com\/tienda\/jarra-enana\/","title":{"rendered":"Jarra Enana"},"content":{"rendered":"<p><img loading=\"lazy\" class=\"aligncenter size-medium wp-image-3465\" src=\"http:\/\/www.adisart.com\/tienda\/wp-content\/uploads\/2017\/01\/JosefBugmanScan-258x300.jpg\" alt=\"\" width=\"258\" height=\"300\" srcset=\"https:\/\/www.adisart.com\/tienda\/wp-content\/uploads\/2017\/01\/JosefBugmanScan-258x300.jpg 258w, https:\/\/www.adisart.com\/tienda\/wp-content\/uploads\/2017\/01\/JosefBugmanScan.jpg 295w\" sizes=\"(max-width: 258px) 100vw, 258px\" \/><img loading=\"lazy\" class=\"aligncenter size-medium wp-image-3463\" src=\"http:\/\/www.adisart.com\/tienda\/wp-content\/uploads\/2017\/01\/IMG_20170118_112950-168x300.jpg\" alt=\"\" width=\"168\" height=\"300\" srcset=\"https:\/\/www.adisart.com\/tienda\/wp-content\/uploads\/2017\/01\/IMG_20170118_112950-168x300.jpg 168w, https:\/\/www.adisart.com\/tienda\/wp-content\/uploads\/2017\/01\/IMG_20170118_112950.jpg 449w\" sizes=\"(max-width: 168px) 100vw, 168px\" \/><img loading=\"lazy\" class=\"aligncenter size-medium wp-image-3462\" src=\"http:\/\/www.adisart.com\/tienda\/wp-content\/uploads\/2017\/01\/IMG_20170118_112914-168x300.jpg\" alt=\"\" width=\"168\" height=\"300\" srcset=\"https:\/\/www.adisart.com\/tienda\/wp-content\/uploads\/2017\/01\/IMG_20170118_112914-168x300.jpg 168w, https:\/\/www.adisart.com\/tienda\/wp-content\/uploads\/2017\/01\/IMG_20170118_112914.jpg 449w\" sizes=\"(max-width: 168px) 100vw, 168px\" \/><img loading=\"lazy\" class=\"aligncenter size-medium wp-image-3461\" src=\"http:\/\/www.adisart.com\/tienda\/wp-content\/uploads\/2017\/01\/IMG_20170118_112820-168x300.jpg\" alt=\"\" width=\"168\" height=\"300\" srcset=\"https:\/\/www.adisart.com\/tienda\/wp-content\/uploads\/2017\/01\/IMG_20170118_112820-168x300.jpg 168w, https:\/\/www.adisart.com\/tienda\/wp-content\/uploads\/2017\/01\/IMG_20170118_112820.jpg 449w\" sizes=\"(max-width: 168px) 100vw, 168px\" \/><\/p>\n","protected":false},"excerpt":{"rendered":"<p>Jarra enana especialmente dise\u00f1ada para catar la cerveza XXXXXX. Como buen art\u00edculo del mundo enano tiene una s\u00f3lida base met\u00e1lica hecha de fundici\u00f3n. Est\u00e1 fabricada con madera torneada manualmente y tiene un interior cer\u00e1mico que permite que la pieza sea higi\u00e9nica y mantenga la cerveza fr\u00eda durante mas tiempo. En el frontal aparece la runa Berkana s\u00edmbolo del apellido Bugman. El asa est\u00e1 reforzada con 2 piezas de fundici\u00f3n que le dan much\u00edsima solidez a la jarra.<\/p>\n<p>Tiene una capacidad de 450ml y 17 cms de altura<\/p>\n","protected":false},"featured_media":3462,"comment_status":"open","ping_status":"closed","template":"","meta":[],"product_cat":[631],"product_tag":[],"yoast_head":"<!-- This site is optimized with the Yoast SEO plugin v17.2.1 - https:\/\/yoast.com\/wordpress\/plugins\/seo\/ -->\n<title>Jarra Enana - ADISART<\/title>\n<meta name=\"description\" content=\"Jarra enana especialmente dise\u00f1ada para catar la cerveza XXXXXX. Como buen art\u00edculo del mundo enano tiene una s\u00f3lida base met\u00e1lica hecha de fundici\u00f3n. Est\u00e1 fabricada con madera torneada manualmente y tiene un interior cer\u00e1mico que permite que la pieza sea higi\u00e9nica y mantenga la cerveza fr\u00eda durante mas tiempo. En el frontal aparece la runa Berkana s\u00edmbolo del apellido Bugman. El asa est\u00e1 reforzada con 2 piezas de fundici\u00f3n que le dan much\u00edsima solidez a la jarra.  Tiene una capacidad de 450ml y 17 cms de altura\" \/>\n<meta name=\"robots\" content=\"index, follow, max-snippet:-1, max-image-preview:large, max-video-preview:-1\" \/>\n<link rel=\"canonical\" href=\"https:\/\/www.adisart.com\/tienda\/jarra-enana\/\" \/>\n<meta property=\"og:locale\" content=\"es_ES\" \/>\n<meta property=\"og:type\" content=\"article\" \/>\n<meta property=\"og:title\" content=\"Jarra Enana - ADISART\" \/>\n<meta property=\"og:description\" content=\"Jarra enana especialmente dise\u00f1ada para catar la cerveza XXXXXX. Como buen art\u00edculo del mundo enano tiene una s\u00f3lida base met\u00e1lica hecha de fundici\u00f3n. Est\u00e1 fabricada con madera torneada manualmente y tiene un interior cer\u00e1mico que permite que la pieza sea higi\u00e9nica y mantenga la cerveza fr\u00eda durante mas tiempo. En el frontal aparece la runa Berkana s\u00edmbolo del apellido Bugman. El asa est\u00e1 reforzada con 2 piezas de fundici\u00f3n que le dan much\u00edsima solidez a la jarra.  Tiene una capacidad de 450ml y 17 cms de altura\" \/>\n<meta property=\"og:url\" content=\"https:\/\/www.adisart.com\/tienda\/jarra-enana\/\" \/>\n<meta property=\"og:site_name\" content=\"ADISART\" \/>\n<meta property=\"article:modified_time\" content=\"2023-01-09T08:06:17+00:00\" \/>\n<meta property=\"og:image\" content=\"https:\/\/www.adisart.com\/tienda\/wp-content\/uploads\/2017\/01\/IMG_20170118_112914.jpg\" \/>\n\t<meta property=\"og:image:width\" content=\"449\" \/>\n\t<meta property=\"og:image:height\" content=\"800\" \/>\n<meta name=\"twitter:card\" content=\"summary\" \/>\n<script type=\"application\/ld+json\" class=\"yoast-schema-graph\">{\"@context\":\"https:\/\/schema.org\",\"@graph\":[{\"@type\":\"WebSite\",\"@id\":\"https:\/\/www.adisart.com\/tienda\/#website\",\"url\":\"https:\/\/www.adisart.com\/tienda\/\",\"name\":\"ADISART\",\"description\":\"Creaciones art\\u00edsticas\",\"potentialAction\":[{\"@type\":\"SearchAction\",\"target\":{\"@type\":\"EntryPoint\",\"urlTemplate\":\"https:\/\/www.adisart.com\/tienda\/?s={search_term_string}\"},\"query-input\":\"required name=search_term_string\"}],\"inLanguage\":\"es\"},{\"@type\":\"ImageObject\",\"@id\":\"https:\/\/www.adisart.com\/tienda\/jarra-enana\/#primaryimage\",\"inLanguage\":\"es\",\"url\":\"https:\/\/www.adisart.com\/tienda\/wp-content\/uploads\/2017\/01\/IMG_20170118_112914.jpg\",\"contentUrl\":\"https:\/\/www.adisart.com\/tienda\/wp-content\/uploads\/2017\/01\/IMG_20170118_112914.jpg\",\"width\":449,\"height\":800},{\"@type\":\"WebPage\",\"@id\":\"https:\/\/www.adisart.com\/tienda\/jarra-enana\/#webpage\",\"url\":\"https:\/\/www.adisart.com\/tienda\/jarra-enana\/\",\"name\":\"Jarra Enana - ADISART\",\"isPartOf\":{\"@id\":\"https:\/\/www.adisart.com\/tienda\/#website\"},\"primaryImageOfPage\":{\"@id\":\"https:\/\/www.adisart.com\/tienda\/jarra-enana\/#primaryimage\"},\"datePublished\":\"2017-01-19T13:00:15+00:00\",\"dateModified\":\"2023-01-09T08:06:17+00:00\",\"description\":\"Jarra enana especialmente dise\\u00f1ada para catar la cerveza XXXXXX. Como buen art\\u00edculo del mundo enano tiene una s\\u00f3lida base met\\u00e1lica hecha de fundici\\u00f3n. Est\\u00e1 fabricada con madera torneada manualmente y tiene un interior cer\\u00e1mico que permite que la pieza sea higi\\u00e9nica y mantenga la cerveza fr\\u00eda durante mas tiempo. En el frontal aparece la runa Berkana s\\u00edmbolo del apellido Bugman. El asa est\\u00e1 reforzada con 2 piezas de fundici\\u00f3n que le dan much\\u00edsima solidez a la jarra. Tiene una capacidad de 450ml y 17 cms de altura\",\"breadcrumb\":{\"@id\":\"https:\/\/www.adisart.com\/tienda\/jarra-enana\/#breadcrumb\"},\"inLanguage\":\"es\",\"potentialAction\":[{\"@type\":\"ReadAction\",\"target\":[\"https:\/\/www.adisart.com\/tienda\/jarra-enana\/\"]}]},{\"@type\":\"BreadcrumbList\",\"@id\":\"https:\/\/www.adisart.com\/tienda\/jarra-enana\/#breadcrumb\",\"itemListElement\":[{\"@type\":\"ListItem\",\"position\":1,\"name\":\"Inicio\",\"item\":\"https:\/\/www.adisart.com\/tienda\/\"},{\"@type\":\"ListItem\",\"position\":2,\"name\":\"Tienda\",\"item\":\"https:\/\/www.adisart.com\/tienda\/\"},{\"@type\":\"ListItem\",\"position\":3,\"name\":\"Jarra Enana\"}]}]}<\/script>\n<!-- \/ Yoast SEO plugin. -->","yoast_head_json":{"title":"Jarra Enana - ADISART","description":"Jarra enana especialmente dise\u00f1ada para catar la cerveza XXXXXX. Como buen art\u00edculo del mundo enano tiene una s\u00f3lida base met\u00e1lica hecha de fundici\u00f3n. Est\u00e1 fabricada con madera torneada manualmente y tiene un interior cer\u00e1mico que permite que la pieza sea higi\u00e9nica y mantenga la cerveza fr\u00eda durante mas tiempo. En el frontal aparece la runa Berkana s\u00edmbolo del apellido Bugman. El asa est\u00e1 reforzada con 2 piezas de fundici\u00f3n que le dan much\u00edsima solidez a la jarra.  Tiene una capacidad de 450ml y 17 cms de altura","robots":{"index":"index","follow":"follow","max-snippet":"max-snippet:-1","max-image-preview":"max-image-preview:large","max-video-preview":"max-video-preview:-1"},"canonical":"https:\/\/www.adisart.com\/tienda\/jarra-enana\/","og_locale":"es_ES","og_type":"article","og_title":"Jarra Enana - ADISART","og_description":"Jarra enana especialmente dise\u00f1ada para catar la cerveza XXXXXX. Como buen art\u00edculo del mundo enano tiene una s\u00f3lida base met\u00e1lica hecha de fundici\u00f3n. Est\u00e1 fabricada con madera torneada manualmente y tiene un interior cer\u00e1mico que permite que la pieza sea higi\u00e9nica y mantenga la cerveza fr\u00eda durante mas tiempo. En el frontal aparece la runa Berkana s\u00edmbolo del apellido Bugman. El asa est\u00e1 reforzada con 2 piezas de fundici\u00f3n que le dan much\u00edsima solidez a la jarra.  Tiene una capacidad de 450ml y 17 cms de altura","og_url":"https:\/\/www.adisart.com\/tienda\/jarra-enana\/","og_site_name":"ADISART","article_modified_time":"2023-01-09T08:06:17+00:00","og_image":[{"width":449,"height":800,"url":"https:\/\/www.adisart.com\/tienda\/wp-content\/uploads\/2017\/01\/IMG_20170118_112914.jpg","path":"\/home\/adisart.com\/public_html\/tienda\/wp-content\/uploads\/2017\/01\/IMG_20170118_112914.jpg","size":"full","id":3462,"alt":"","pixels":359200,"type":"image\/jpeg"}],"twitter_card":"summary","schema":{"@context":"https:\/\/schema.org","@graph":[{"@type":"WebSite","@id":"https:\/\/www.adisart.com\/tienda\/#website","url":"https:\/\/www.adisart.com\/tienda\/","name":"ADISART","description":"Creaciones art\u00edsticas","potentialAction":[{"@type":"SearchAction","target":{"@type":"EntryPoint","urlTemplate":"https:\/\/www.adisart.com\/tienda\/?s={search_term_string}"},"query-input":"required name=search_term_string"}],"inLanguage":"es"},{"@type":"ImageObject","@id":"https:\/\/www.adisart.com\/tienda\/jarra-enana\/#primaryimage","inLanguage":"es","url":"https:\/\/www.adisart.com\/tienda\/wp-content\/uploads\/2017\/01\/IMG_20170118_112914.jpg","contentUrl":"https:\/\/www.adisart.com\/tienda\/wp-content\/uploads\/2017\/01\/IMG_20170118_112914.jpg","width":449,"height":800},{"@type":"WebPage","@id":"https:\/\/www.adisart.com\/tienda\/jarra-enana\/#webpage","url":"https:\/\/www.adisart.com\/tienda\/jarra-enana\/","name":"Jarra Enana - ADISART","isPartOf":{"@id":"https:\/\/www.adisart.com\/tienda\/#website"},"primaryImageOfPage":{"@id":"https:\/\/www.adisart.com\/tienda\/jarra-enana\/#primaryimage"},"datePublished":"2017-01-19T13:00:15+00:00","dateModified":"2023-01-09T08:06:17+00:00","description":"Jarra enana especialmente dise\u00f1ada para catar la cerveza XXXXXX. Como buen art\u00edculo del mundo enano tiene una s\u00f3lida base met\u00e1lica hecha de fundici\u00f3n. Est\u00e1 fabricada con madera torneada manualmente y tiene un interior cer\u00e1mico que permite que la pieza sea higi\u00e9nica y mantenga la cerveza fr\u00eda durante mas tiempo. En el frontal aparece la runa Berkana s\u00edmbolo del apellido Bugman. El asa est\u00e1 reforzada con 2 piezas de fundici\u00f3n que le dan much\u00edsima solidez a la jarra. Tiene una capacidad de 450ml y 17 cms de altura","breadcrumb":{"@id":"https:\/\/www.adisart.com\/tienda\/jarra-enana\/#breadcrumb"},"inLanguage":"es","potentialAction":[{"@type":"ReadAction","target":["https:\/\/www.adisart.com\/tienda\/jarra-enana\/"]}]},{"@type":"BreadcrumbList","@id":"https:\/\/www.adisart.com\/tienda\/jarra-enana\/#breadcrumb","itemListElement":[{"@type":"ListItem","position":1,"name":"Inicio","item":"https:\/\/www.adisart.com\/tienda\/"},{"@type":"ListItem","position":2,"name":"Tienda","item":"https:\/\/www.adisart.com\/tienda\/"},{"@type":"ListItem","position":3,"name":"Jarra Enana"}]}]}},"_links":{"self":[{"href":"https:\/\/www.adisart.com\/tienda\/wp-json\/wp\/v2\/product\/3464"}],"collection":[{"href":"https:\/\/www.adisart.com\/tienda\/wp-json\/wp\/v2\/product"}],"about":[{"href":"https:\/\/www.adisart.com\/tienda\/wp-json\/wp\/v2\/types\/product"}],"replies":[{"embeddable":true,"href":"https:\/\/www.adisart.com\/tienda\/wp-json\/wp\/v2\/comments?post=3464"}],"wp:featuredmedia":[{"embeddable":true,"href":"https:\/\/www.adisart.com\/tienda\/wp-json\/wp\/v2\/media\/3462"}],"wp:attachment":[{"href":"https:\/\/www.adisart.com\/tienda\/wp-json\/wp\/v2\/media?parent=3464"}],"wp:term":[{"taxonomy":"product_cat","embeddable":true,"href":"https:\/\/www.adisart.com\/tienda\/wp-json\/wp\/v2\/product_cat?post=3464"},{"taxonomy":"product_tag","embeddable":true,"href":"https:\/\/www.adisart.com\/tienda\/wp-json\/wp\/v2\/product_tag?post=3464"}],"curies":[{"name":"wp","href":"https:\/\/api.w.org\/{rel}","templated":true}]}}