{"id":3489,"date":"2017-02-01T12:03:25","date_gmt":"2017-02-01T10:03:25","guid":{"rendered":"http:\/\/www.adisart.com\/tienda\/?post_type=product&#038;p=3489"},"modified":"2021-03-04T12:06:24","modified_gmt":"2021-03-04T10:06:24","slug":"mjolnir-9-virtudes-vikingas","status":"publish","type":"product","link":"https:\/\/www.adisart.com\/tienda\/mjolnir-9-virtudes-vikingas\/","title":{"rendered":"Mjolnir 9 virtudes vikingas"},"content":{"rendered":"<p><img loading=\"lazy\" class=\"aligncenter size-medium wp-image-3490\" src=\"http:\/\/www.adisart.com\/tienda\/wp-content\/uploads\/2017\/02\/IMG_20170201_090316-264x300.jpg\" alt=\"\" width=\"264\" height=\"300\" srcset=\"https:\/\/www.adisart.com\/tienda\/wp-content\/uploads\/2017\/02\/IMG_20170201_090316-264x300.jpg 264w, https:\/\/www.adisart.com\/tienda\/wp-content\/uploads\/2017\/02\/IMG_20170201_090316.jpg 600w\" sizes=\"(max-width: 264px) 100vw, 264px\" \/> <img loading=\"lazy\" class=\"aligncenter size-medium wp-image-3491\" src=\"http:\/\/www.adisart.com\/tienda\/wp-content\/uploads\/2017\/02\/Mjolnir-9-virtudes-300x300.jpg\" alt=\"\" width=\"300\" height=\"300\" srcset=\"https:\/\/www.adisart.com\/tienda\/wp-content\/uploads\/2017\/02\/Mjolnir-9-virtudes-300x300.jpg 300w, https:\/\/www.adisart.com\/tienda\/wp-content\/uploads\/2017\/02\/Mjolnir-9-virtudes-100x100.jpg 100w, https:\/\/www.adisart.com\/tienda\/wp-content\/uploads\/2017\/02\/Mjolnir-9-virtudes-150x150.jpg 150w, https:\/\/www.adisart.com\/tienda\/wp-content\/uploads\/2017\/02\/Mjolnir-9-virtudes-140x140.jpg 140w, https:\/\/www.adisart.com\/tienda\/wp-content\/uploads\/2017\/02\/Mjolnir-9-virtudes.jpg 600w\" sizes=\"(max-width: 300px) 100vw, 300px\" \/><\/p>\n","protected":false},"excerpt":{"rendered":"<p>Se trata de un Mjolnir o Martillo de Thor, en el est\u00e1n escritas en ingles y en runas las 9 virtudes vikingas : Verdad, Coraje, Fidelidad, Hospitalidad, Auto confianza, Laboriosidad, Honor , Perseverancia y Disciplina . Est\u00e1 fundido en zamak, lleva ba\u00f1o de plata y tiene un tama\u00f1o de 5 cms<\/p>\n","protected":false},"featured_media":3491,"comment_status":"open","ping_status":"closed","template":"","meta":[],"product_cat":[628],"product_tag":[429,479,482,381,383,321,528],"yoast_head":"<!-- This site is optimized with the Yoast SEO plugin v17.2.1 - https:\/\/yoast.com\/wordpress\/plugins\/seo\/ -->\n<title>Mjolnir 9 virtudes vikingas - ADISART<\/title>\n<meta name=\"description\" content=\"Se trata de un Mjolnir o Martillo de Thor, en el est\u00e1n escritas en ingles y en runas las 9 virtudes vikingas : Verdad, Coraje, Fidelidad, Hospitalidad, Auto confianza, Laboriosidad, Honor , Perseverancia y Disciplina . Est\u00e1 fundido en zamak, lleva ba\u00f1o de plata y tiene un tama\u00f1o de 5 cms\" \/>\n<meta name=\"robots\" content=\"index, follow, max-snippet:-1, max-image-preview:large, max-video-preview:-1\" \/>\n<link rel=\"canonical\" href=\"https:\/\/www.adisart.com\/tienda\/mjolnir-9-virtudes-vikingas\/\" \/>\n<meta property=\"og:locale\" content=\"es_ES\" \/>\n<meta property=\"og:type\" content=\"article\" \/>\n<meta property=\"og:title\" content=\"Mjolnir 9 virtudes vikingas - ADISART\" \/>\n<meta property=\"og:description\" content=\"Se trata de un Mjolnir o Martillo de Thor, en el est\u00e1n escritas en ingles y en runas las 9 virtudes vikingas : Verdad, Coraje, Fidelidad, Hospitalidad, Auto confianza, Laboriosidad, Honor , Perseverancia y Disciplina . Est\u00e1 fundido en zamak, lleva ba\u00f1o de plata y tiene un tama\u00f1o de 5 cms\" \/>\n<meta property=\"og:url\" content=\"https:\/\/www.adisart.com\/tienda\/mjolnir-9-virtudes-vikingas\/\" \/>\n<meta property=\"og:site_name\" content=\"ADISART\" \/>\n<meta property=\"article:modified_time\" content=\"2021-03-04T10:06:24+00:00\" \/>\n<meta property=\"og:image\" content=\"https:\/\/www.adisart.com\/tienda\/wp-content\/uploads\/2017\/02\/Mjolnir-9-virtudes.jpg\" \/>\n\t<meta property=\"og:image:width\" content=\"600\" \/>\n\t<meta property=\"og:image:height\" content=\"600\" \/>\n<meta name=\"twitter:card\" content=\"summary\" \/>\n<script type=\"application\/ld+json\" class=\"yoast-schema-graph\">{\"@context\":\"https:\/\/schema.org\",\"@graph\":[{\"@type\":\"WebSite\",\"@id\":\"https:\/\/www.adisart.com\/tienda\/#website\",\"url\":\"https:\/\/www.adisart.com\/tienda\/\",\"name\":\"ADISART\",\"description\":\"Creaciones art\\u00edsticas\",\"potentialAction\":[{\"@type\":\"SearchAction\",\"target\":{\"@type\":\"EntryPoint\",\"urlTemplate\":\"https:\/\/www.adisart.com\/tienda\/?s={search_term_string}\"},\"query-input\":\"required name=search_term_string\"}],\"inLanguage\":\"es\"},{\"@type\":\"ImageObject\",\"@id\":\"https:\/\/www.adisart.com\/tienda\/mjolnir-9-virtudes-vikingas\/#primaryimage\",\"inLanguage\":\"es\",\"url\":\"https:\/\/www.adisart.com\/tienda\/wp-content\/uploads\/2017\/02\/Mjolnir-9-virtudes.jpg\",\"contentUrl\":\"https:\/\/www.adisart.com\/tienda\/wp-content\/uploads\/2017\/02\/Mjolnir-9-virtudes.jpg\",\"width\":600,\"height\":600},{\"@type\":\"WebPage\",\"@id\":\"https:\/\/www.adisart.com\/tienda\/mjolnir-9-virtudes-vikingas\/#webpage\",\"url\":\"https:\/\/www.adisart.com\/tienda\/mjolnir-9-virtudes-vikingas\/\",\"name\":\"Mjolnir 9 virtudes vikingas - ADISART\",\"isPartOf\":{\"@id\":\"https:\/\/www.adisart.com\/tienda\/#website\"},\"primaryImageOfPage\":{\"@id\":\"https:\/\/www.adisart.com\/tienda\/mjolnir-9-virtudes-vikingas\/#primaryimage\"},\"datePublished\":\"2017-02-01T10:03:25+00:00\",\"dateModified\":\"2021-03-04T10:06:24+00:00\",\"description\":\"Se trata de un Mjolnir o Martillo de Thor, en el est\\u00e1n escritas en ingles y en runas las 9 virtudes vikingas : Verdad, Coraje, Fidelidad, Hospitalidad, Auto confianza, Laboriosidad, Honor , Perseverancia y Disciplina . Est\\u00e1 fundido en zamak, lleva ba\\u00f1o de plata y tiene un tama\\u00f1o de 5 cms\",\"breadcrumb\":{\"@id\":\"https:\/\/www.adisart.com\/tienda\/mjolnir-9-virtudes-vikingas\/#breadcrumb\"},\"inLanguage\":\"es\",\"potentialAction\":[{\"@type\":\"ReadAction\",\"target\":[\"https:\/\/www.adisart.com\/tienda\/mjolnir-9-virtudes-vikingas\/\"]}]},{\"@type\":\"BreadcrumbList\",\"@id\":\"https:\/\/www.adisart.com\/tienda\/mjolnir-9-virtudes-vikingas\/#breadcrumb\",\"itemListElement\":[{\"@type\":\"ListItem\",\"position\":1,\"name\":\"Inicio\",\"item\":\"https:\/\/www.adisart.com\/tienda\/\"},{\"@type\":\"ListItem\",\"position\":2,\"name\":\"Tienda\",\"item\":\"https:\/\/www.adisart.com\/tienda\/\"},{\"@type\":\"ListItem\",\"position\":3,\"name\":\"Mjolnir 9 virtudes vikingas\"}]}]}<\/script>\n<!-- \/ Yoast SEO plugin. -->","yoast_head_json":{"title":"Mjolnir 9 virtudes vikingas - ADISART","description":"Se trata de un Mjolnir o Martillo de Thor, en el est\u00e1n escritas en ingles y en runas las 9 virtudes vikingas : Verdad, Coraje, Fidelidad, Hospitalidad, Auto confianza, Laboriosidad, Honor , Perseverancia y Disciplina . Est\u00e1 fundido en zamak, lleva ba\u00f1o de plata y tiene un tama\u00f1o de 5 cms","robots":{"index":"index","follow":"follow","max-snippet":"max-snippet:-1","max-image-preview":"max-image-preview:large","max-video-preview":"max-video-preview:-1"},"canonical":"https:\/\/www.adisart.com\/tienda\/mjolnir-9-virtudes-vikingas\/","og_locale":"es_ES","og_type":"article","og_title":"Mjolnir 9 virtudes vikingas - ADISART","og_description":"Se trata de un Mjolnir o Martillo de Thor, en el est\u00e1n escritas en ingles y en runas las 9 virtudes vikingas : Verdad, Coraje, Fidelidad, Hospitalidad, Auto confianza, Laboriosidad, Honor , Perseverancia y Disciplina . Est\u00e1 fundido en zamak, lleva ba\u00f1o de plata y tiene un tama\u00f1o de 5 cms","og_url":"https:\/\/www.adisart.com\/tienda\/mjolnir-9-virtudes-vikingas\/","og_site_name":"ADISART","article_modified_time":"2021-03-04T10:06:24+00:00","og_image":[{"width":600,"height":600,"url":"https:\/\/www.adisart.com\/tienda\/wp-content\/uploads\/2017\/02\/Mjolnir-9-virtudes.jpg","path":"\/home\/adisart.com\/public_html\/tienda\/wp-content\/uploads\/2017\/02\/Mjolnir-9-virtudes.jpg","size":"full","id":3491,"alt":"","pixels":360000,"type":"image\/jpeg"}],"twitter_card":"summary","schema":{"@context":"https:\/\/schema.org","@graph":[{"@type":"WebSite","@id":"https:\/\/www.adisart.com\/tienda\/#website","url":"https:\/\/www.adisart.com\/tienda\/","name":"ADISART","description":"Creaciones art\u00edsticas","potentialAction":[{"@type":"SearchAction","target":{"@type":"EntryPoint","urlTemplate":"https:\/\/www.adisart.com\/tienda\/?s={search_term_string}"},"query-input":"required name=search_term_string"}],"inLanguage":"es"},{"@type":"ImageObject","@id":"https:\/\/www.adisart.com\/tienda\/mjolnir-9-virtudes-vikingas\/#primaryimage","inLanguage":"es","url":"https:\/\/www.adisart.com\/tienda\/wp-content\/uploads\/2017\/02\/Mjolnir-9-virtudes.jpg","contentUrl":"https:\/\/www.adisart.com\/tienda\/wp-content\/uploads\/2017\/02\/Mjolnir-9-virtudes.jpg","width":600,"height":600},{"@type":"WebPage","@id":"https:\/\/www.adisart.com\/tienda\/mjolnir-9-virtudes-vikingas\/#webpage","url":"https:\/\/www.adisart.com\/tienda\/mjolnir-9-virtudes-vikingas\/","name":"Mjolnir 9 virtudes vikingas - ADISART","isPartOf":{"@id":"https:\/\/www.adisart.com\/tienda\/#website"},"primaryImageOfPage":{"@id":"https:\/\/www.adisart.com\/tienda\/mjolnir-9-virtudes-vikingas\/#primaryimage"},"datePublished":"2017-02-01T10:03:25+00:00","dateModified":"2021-03-04T10:06:24+00:00","description":"Se trata de un Mjolnir o Martillo de Thor, en el est\u00e1n escritas en ingles y en runas las 9 virtudes vikingas : Verdad, Coraje, Fidelidad, Hospitalidad, Auto confianza, Laboriosidad, Honor , Perseverancia y Disciplina . Est\u00e1 fundido en zamak, lleva ba\u00f1o de plata y tiene un tama\u00f1o de 5 cms","breadcrumb":{"@id":"https:\/\/www.adisart.com\/tienda\/mjolnir-9-virtudes-vikingas\/#breadcrumb"},"inLanguage":"es","potentialAction":[{"@type":"ReadAction","target":["https:\/\/www.adisart.com\/tienda\/mjolnir-9-virtudes-vikingas\/"]}]},{"@type":"BreadcrumbList","@id":"https:\/\/www.adisart.com\/tienda\/mjolnir-9-virtudes-vikingas\/#breadcrumb","itemListElement":[{"@type":"ListItem","position":1,"name":"Inicio","item":"https:\/\/www.adisart.com\/tienda\/"},{"@type":"ListItem","position":2,"name":"Tienda","item":"https:\/\/www.adisart.com\/tienda\/"},{"@type":"ListItem","position":3,"name":"Mjolnir 9 virtudes vikingas"}]}]}},"_links":{"self":[{"href":"https:\/\/www.adisart.com\/tienda\/wp-json\/wp\/v2\/product\/3489"}],"collection":[{"href":"https:\/\/www.adisart.com\/tienda\/wp-json\/wp\/v2\/product"}],"about":[{"href":"https:\/\/www.adisart.com\/tienda\/wp-json\/wp\/v2\/types\/product"}],"replies":[{"embeddable":true,"href":"https:\/\/www.adisart.com\/tienda\/wp-json\/wp\/v2\/comments?post=3489"}],"wp:featuredmedia":[{"embeddable":true,"href":"https:\/\/www.adisart.com\/tienda\/wp-json\/wp\/v2\/media\/3491"}],"wp:attachment":[{"href":"https:\/\/www.adisart.com\/tienda\/wp-json\/wp\/v2\/media?parent=3489"}],"wp:term":[{"taxonomy":"product_cat","embeddable":true,"href":"https:\/\/www.adisart.com\/tienda\/wp-json\/wp\/v2\/product_cat?post=3489"},{"taxonomy":"product_tag","embeddable":true,"href":"https:\/\/www.adisart.com\/tienda\/wp-json\/wp\/v2\/product_tag?post=3489"}],"curies":[{"name":"wp","href":"https:\/\/api.w.org\/{rel}","templated":true}]}}