{"id":3653,"date":"2017-05-04T11:19:22","date_gmt":"2017-05-04T09:19:22","guid":{"rendered":"http:\/\/www.adisart.com\/tienda\/?post_type=product&#038;p=3653"},"modified":"2021-03-04T12:04:18","modified_gmt":"2021-03-04T10:04:18","slug":"bonsai-yggdrasil","status":"publish","type":"product","link":"https:\/\/www.adisart.com\/tienda\/bonsai-yggdrasil\/","title":{"rendered":"Bonsai Yggdrasil"},"content":{"rendered":"<p><img loading=\"lazy\" class=\"aligncenter size-medium wp-image-3654\" src=\"http:\/\/www.adisart.com\/tienda\/wp-content\/uploads\/2017\/05\/P1080392-225x300.jpg\" alt=\"\" width=\"225\" height=\"300\" srcset=\"https:\/\/www.adisart.com\/tienda\/wp-content\/uploads\/2017\/05\/P1080392-225x300.jpg 225w, https:\/\/www.adisart.com\/tienda\/wp-content\/uploads\/2017\/05\/P1080392.jpg 600w\" sizes=\"(max-width: 225px) 100vw, 225px\" \/><img loading=\"lazy\" class=\"aligncenter size-medium wp-image-3655\" src=\"http:\/\/www.adisart.com\/tienda\/wp-content\/uploads\/2017\/05\/P1080393-225x300.jpg\" alt=\"\" width=\"225\" height=\"300\" srcset=\"https:\/\/www.adisart.com\/tienda\/wp-content\/uploads\/2017\/05\/P1080393-225x300.jpg 225w, https:\/\/www.adisart.com\/tienda\/wp-content\/uploads\/2017\/05\/P1080393.jpg 600w\" sizes=\"(max-width: 225px) 100vw, 225px\" \/><\/p>\n","protected":false},"excerpt":{"rendered":"<p>Se trata de un bonsai de 5 a\u00f1os . Se presenta en un macetero de madera que lleva 2 chapas grabadas, en una aparece el nombre de Yggdrasil en runas y en la otra una breve descripci\u00f3n del \u00e1rbol n\u00f3rdico. En los laterales lleva dos peque\u00f1os apliques con el s\u00edmbolo del \u00e1rbol<\/p>\n<p><b>Yggdrasil<\/b> (o <i>Yggdrasill<\/i>) es un <a class=\"mw-redirect\" title=\"Fresno\" href=\"https:\/\/es.wikipedia.org\/wiki\/Fresno\">fresno<\/a> <a title=\"Perennifolio\" href=\"https:\/\/es.wikipedia.org\/wiki\/Perennifolio\">perenne<\/a>: el \u00e1rbol de la vida, o fresno del universo, en la <a title=\"Mitolog\u00eda n\u00f3rdica\" href=\"https:\/\/es.wikipedia.org\/wiki\/Mitolog%C3%ADa_n%C3%B3rdica\">mitolog\u00eda n\u00f3rdica<\/a>. Sus <a title=\"Ra\u00edz (bot\u00e1nica)\" href=\"https:\/\/es.wikipedia.org\/wiki\/Ra%C3%ADz_(bot%C3%A1nica)\">ra\u00edces<\/a> y <a title=\"Rama\" href=\"https:\/\/es.wikipedia.org\/wiki\/Rama\">ramas<\/a> mantienen unidos los diferentes mundos: <a title=\"Asgard\" href=\"https:\/\/es.wikipedia.org\/wiki\/Asgard\">Asgard<\/a>, <a title=\"Midgard\" href=\"https:\/\/es.wikipedia.org\/wiki\/Midgard\">Midgard<\/a>, <a title=\"Helheim\" href=\"https:\/\/es.wikipedia.org\/wiki\/Helheim\">Helheim<\/a>, <a title=\"Niflheim\" href=\"https:\/\/es.wikipedia.org\/wiki\/Niflheim\">Niflheim<\/a>, <a class=\"mw-redirect\" title=\"Muspellheim\" href=\"https:\/\/es.wikipedia.org\/wiki\/Muspellheim\">Muspellheim<\/a>, <a class=\"mw-redirect\" title=\"Svartalfheim\" href=\"https:\/\/es.wikipedia.org\/wiki\/Svartalfheim\">Svartalfheim<\/a>, <a title=\"Alfheim\" href=\"https:\/\/es.wikipedia.org\/wiki\/Alfheim\">Alfheim<\/a>, <a title=\"Vanaheim\" href=\"https:\/\/es.wikipedia.org\/wiki\/Vanaheim\">Vanaheim<\/a> y <a title=\"J\u00f6tunheim\" href=\"https:\/\/es.wikipedia.org\/wiki\/J%C3%B6tunheim\">J\u00f6tunheim<\/a>. De su ra\u00edz emana la fuente que llena el pozo del conocimiento, custodiado por <a title=\"M\u00edmir\" href=\"https:\/\/es.wikipedia.org\/wiki\/M%C3%ADmir\">M\u00edmir<\/a>.<\/p>\n<p>Como siempre pod\u00e9is personalizar las grabaciones solicit\u00e1ndolo en el apartado de notas<\/p>\n","protected":false},"featured_media":3654,"comment_status":"open","ping_status":"closed","template":"","meta":[],"product_cat":[629],"product_tag":[575,576,516],"yoast_head":"<!-- This site is optimized with the Yoast SEO plugin v17.2.1 - https:\/\/yoast.com\/wordpress\/plugins\/seo\/ -->\n<title>Bonsai Yggdrasil - ADISART<\/title>\n<meta name=\"description\" content=\"Se trata de un bonsai de 5 a\u00f1os . Se presenta en un macetero de madera que lleva 2 chapas grabadas, en una aparece el nombre de Yggdrasil en runas y en la otra una breve descripci\u00f3n del \u00e1rbol n\u00f3rdico. En los laterales lleva dos peque\u00f1os apliques con el s\u00edmbolo del \u00e1rbol  Yggdrasil (o Yggdrasill) es un fresno perenne: el \u00e1rbol de la vida, o fresno del universo, en la mitolog\u00eda n\u00f3rdica. Sus ra\u00edces y ramas mantienen unidos los diferentes mundos: Asgard, Midgard, Helheim, Niflheim, Muspellheim, Svartalfheim, Alfheim, Vanaheim y J\u00f6tunheim. De su ra\u00edz emana la fuente que llena el pozo del conocimiento, custodiado por M\u00edmir.  Como siempre pod\u00e9is personalizar las grabaciones solicit\u00e1ndolo en el apartado de notas\" \/>\n<meta name=\"robots\" content=\"index, follow, max-snippet:-1, max-image-preview:large, max-video-preview:-1\" \/>\n<link rel=\"canonical\" href=\"https:\/\/www.adisart.com\/tienda\/bonsai-yggdrasil\/\" \/>\n<meta property=\"og:locale\" content=\"es_ES\" \/>\n<meta property=\"og:type\" content=\"article\" \/>\n<meta property=\"og:title\" content=\"Bonsai Yggdrasil - ADISART\" \/>\n<meta property=\"og:description\" content=\"Se trata de un bonsai de 5 a\u00f1os . Se presenta en un macetero de madera que lleva 2 chapas grabadas, en una aparece el nombre de Yggdrasil en runas y en la otra una breve descripci\u00f3n del \u00e1rbol n\u00f3rdico. En los laterales lleva dos peque\u00f1os apliques con el s\u00edmbolo del \u00e1rbol  Yggdrasil (o Yggdrasill) es un fresno perenne: el \u00e1rbol de la vida, o fresno del universo, en la mitolog\u00eda n\u00f3rdica. Sus ra\u00edces y ramas mantienen unidos los diferentes mundos: Asgard, Midgard, Helheim, Niflheim, Muspellheim, Svartalfheim, Alfheim, Vanaheim y J\u00f6tunheim. De su ra\u00edz emana la fuente que llena el pozo del conocimiento, custodiado por M\u00edmir.  Como siempre pod\u00e9is personalizar las grabaciones solicit\u00e1ndolo en el apartado de notas\" \/>\n<meta property=\"og:url\" content=\"https:\/\/www.adisart.com\/tienda\/bonsai-yggdrasil\/\" \/>\n<meta property=\"og:site_name\" content=\"ADISART\" \/>\n<meta property=\"article:modified_time\" content=\"2021-03-04T10:04:18+00:00\" \/>\n<meta property=\"og:image\" content=\"https:\/\/www.adisart.com\/tienda\/wp-content\/uploads\/2017\/05\/P1080392.jpg\" \/>\n\t<meta property=\"og:image:width\" content=\"600\" \/>\n\t<meta property=\"og:image:height\" content=\"800\" \/>\n<meta name=\"twitter:card\" content=\"summary\" \/>\n<script type=\"application\/ld+json\" class=\"yoast-schema-graph\">{\"@context\":\"https:\/\/schema.org\",\"@graph\":[{\"@type\":\"WebSite\",\"@id\":\"https:\/\/www.adisart.com\/tienda\/#website\",\"url\":\"https:\/\/www.adisart.com\/tienda\/\",\"name\":\"ADISART\",\"description\":\"Creaciones art\\u00edsticas\",\"potentialAction\":[{\"@type\":\"SearchAction\",\"target\":{\"@type\":\"EntryPoint\",\"urlTemplate\":\"https:\/\/www.adisart.com\/tienda\/?s={search_term_string}\"},\"query-input\":\"required name=search_term_string\"}],\"inLanguage\":\"es\"},{\"@type\":\"ImageObject\",\"@id\":\"https:\/\/www.adisart.com\/tienda\/bonsai-yggdrasil\/#primaryimage\",\"inLanguage\":\"es\",\"url\":\"https:\/\/www.adisart.com\/tienda\/wp-content\/uploads\/2017\/05\/P1080392.jpg\",\"contentUrl\":\"https:\/\/www.adisart.com\/tienda\/wp-content\/uploads\/2017\/05\/P1080392.jpg\",\"width\":600,\"height\":800},{\"@type\":\"WebPage\",\"@id\":\"https:\/\/www.adisart.com\/tienda\/bonsai-yggdrasil\/#webpage\",\"url\":\"https:\/\/www.adisart.com\/tienda\/bonsai-yggdrasil\/\",\"name\":\"Bonsai Yggdrasil - ADISART\",\"isPartOf\":{\"@id\":\"https:\/\/www.adisart.com\/tienda\/#website\"},\"primaryImageOfPage\":{\"@id\":\"https:\/\/www.adisart.com\/tienda\/bonsai-yggdrasil\/#primaryimage\"},\"datePublished\":\"2017-05-04T09:19:22+00:00\",\"dateModified\":\"2021-03-04T10:04:18+00:00\",\"description\":\"Se trata de un bonsai de 5 a\\u00f1os . Se presenta en un macetero de madera que lleva 2 chapas grabadas, en una aparece el nombre de Yggdrasil en runas y en la otra una breve descripci\\u00f3n del \\u00e1rbol n\\u00f3rdico. En los laterales lleva dos peque\\u00f1os apliques con el s\\u00edmbolo del \\u00e1rbol Yggdrasil (o Yggdrasill) es un fresno perenne: el \\u00e1rbol de la vida, o fresno del universo, en la mitolog\\u00eda n\\u00f3rdica. Sus ra\\u00edces y ramas mantienen unidos los diferentes mundos: Asgard, Midgard, Helheim, Niflheim, Muspellheim, Svartalfheim, Alfheim, Vanaheim y J\\u00f6tunheim. De su ra\\u00edz emana la fuente que llena el pozo del conocimiento, custodiado por M\\u00edmir. Como siempre pod\\u00e9is personalizar las grabaciones solicit\\u00e1ndolo en el apartado de notas\",\"breadcrumb\":{\"@id\":\"https:\/\/www.adisart.com\/tienda\/bonsai-yggdrasil\/#breadcrumb\"},\"inLanguage\":\"es\",\"potentialAction\":[{\"@type\":\"ReadAction\",\"target\":[\"https:\/\/www.adisart.com\/tienda\/bonsai-yggdrasil\/\"]}]},{\"@type\":\"BreadcrumbList\",\"@id\":\"https:\/\/www.adisart.com\/tienda\/bonsai-yggdrasil\/#breadcrumb\",\"itemListElement\":[{\"@type\":\"ListItem\",\"position\":1,\"name\":\"Inicio\",\"item\":\"https:\/\/www.adisart.com\/tienda\/\"},{\"@type\":\"ListItem\",\"position\":2,\"name\":\"Tienda\",\"item\":\"https:\/\/www.adisart.com\/tienda\/\"},{\"@type\":\"ListItem\",\"position\":3,\"name\":\"Bonsai Yggdrasil\"}]}]}<\/script>\n<!-- \/ Yoast SEO plugin. -->","yoast_head_json":{"title":"Bonsai Yggdrasil - ADISART","description":"Se trata de un bonsai de 5 a\u00f1os . Se presenta en un macetero de madera que lleva 2 chapas grabadas, en una aparece el nombre de Yggdrasil en runas y en la otra una breve descripci\u00f3n del \u00e1rbol n\u00f3rdico. En los laterales lleva dos peque\u00f1os apliques con el s\u00edmbolo del \u00e1rbol  Yggdrasil (o Yggdrasill) es un fresno perenne: el \u00e1rbol de la vida, o fresno del universo, en la mitolog\u00eda n\u00f3rdica. Sus ra\u00edces y ramas mantienen unidos los diferentes mundos: Asgard, Midgard, Helheim, Niflheim, Muspellheim, Svartalfheim, Alfheim, Vanaheim y J\u00f6tunheim. De su ra\u00edz emana la fuente que llena el pozo del conocimiento, custodiado por M\u00edmir.  Como siempre pod\u00e9is personalizar las grabaciones solicit\u00e1ndolo en el apartado de notas","robots":{"index":"index","follow":"follow","max-snippet":"max-snippet:-1","max-image-preview":"max-image-preview:large","max-video-preview":"max-video-preview:-1"},"canonical":"https:\/\/www.adisart.com\/tienda\/bonsai-yggdrasil\/","og_locale":"es_ES","og_type":"article","og_title":"Bonsai Yggdrasil - ADISART","og_description":"Se trata de un bonsai de 5 a\u00f1os . Se presenta en un macetero de madera que lleva 2 chapas grabadas, en una aparece el nombre de Yggdrasil en runas y en la otra una breve descripci\u00f3n del \u00e1rbol n\u00f3rdico. En los laterales lleva dos peque\u00f1os apliques con el s\u00edmbolo del \u00e1rbol  Yggdrasil (o Yggdrasill) es un fresno perenne: el \u00e1rbol de la vida, o fresno del universo, en la mitolog\u00eda n\u00f3rdica. Sus ra\u00edces y ramas mantienen unidos los diferentes mundos: Asgard, Midgard, Helheim, Niflheim, Muspellheim, Svartalfheim, Alfheim, Vanaheim y J\u00f6tunheim. De su ra\u00edz emana la fuente que llena el pozo del conocimiento, custodiado por M\u00edmir.  Como siempre pod\u00e9is personalizar las grabaciones solicit\u00e1ndolo en el apartado de notas","og_url":"https:\/\/www.adisart.com\/tienda\/bonsai-yggdrasil\/","og_site_name":"ADISART","article_modified_time":"2021-03-04T10:04:18+00:00","og_image":[{"width":600,"height":800,"url":"https:\/\/www.adisart.com\/tienda\/wp-content\/uploads\/2017\/05\/P1080392.jpg","path":"\/home\/adisart.com\/public_html\/tienda\/wp-content\/uploads\/2017\/05\/P1080392.jpg","size":"full","id":3654,"alt":"","pixels":480000,"type":"image\/jpeg"}],"twitter_card":"summary","schema":{"@context":"https:\/\/schema.org","@graph":[{"@type":"WebSite","@id":"https:\/\/www.adisart.com\/tienda\/#website","url":"https:\/\/www.adisart.com\/tienda\/","name":"ADISART","description":"Creaciones art\u00edsticas","potentialAction":[{"@type":"SearchAction","target":{"@type":"EntryPoint","urlTemplate":"https:\/\/www.adisart.com\/tienda\/?s={search_term_string}"},"query-input":"required name=search_term_string"}],"inLanguage":"es"},{"@type":"ImageObject","@id":"https:\/\/www.adisart.com\/tienda\/bonsai-yggdrasil\/#primaryimage","inLanguage":"es","url":"https:\/\/www.adisart.com\/tienda\/wp-content\/uploads\/2017\/05\/P1080392.jpg","contentUrl":"https:\/\/www.adisart.com\/tienda\/wp-content\/uploads\/2017\/05\/P1080392.jpg","width":600,"height":800},{"@type":"WebPage","@id":"https:\/\/www.adisart.com\/tienda\/bonsai-yggdrasil\/#webpage","url":"https:\/\/www.adisart.com\/tienda\/bonsai-yggdrasil\/","name":"Bonsai Yggdrasil - ADISART","isPartOf":{"@id":"https:\/\/www.adisart.com\/tienda\/#website"},"primaryImageOfPage":{"@id":"https:\/\/www.adisart.com\/tienda\/bonsai-yggdrasil\/#primaryimage"},"datePublished":"2017-05-04T09:19:22+00:00","dateModified":"2021-03-04T10:04:18+00:00","description":"Se trata de un bonsai de 5 a\u00f1os . Se presenta en un macetero de madera que lleva 2 chapas grabadas, en una aparece el nombre de Yggdrasil en runas y en la otra una breve descripci\u00f3n del \u00e1rbol n\u00f3rdico. En los laterales lleva dos peque\u00f1os apliques con el s\u00edmbolo del \u00e1rbol Yggdrasil (o Yggdrasill) es un fresno perenne: el \u00e1rbol de la vida, o fresno del universo, en la mitolog\u00eda n\u00f3rdica. Sus ra\u00edces y ramas mantienen unidos los diferentes mundos: Asgard, Midgard, Helheim, Niflheim, Muspellheim, Svartalfheim, Alfheim, Vanaheim y J\u00f6tunheim. De su ra\u00edz emana la fuente que llena el pozo del conocimiento, custodiado por M\u00edmir. Como siempre pod\u00e9is personalizar las grabaciones solicit\u00e1ndolo en el apartado de notas","breadcrumb":{"@id":"https:\/\/www.adisart.com\/tienda\/bonsai-yggdrasil\/#breadcrumb"},"inLanguage":"es","potentialAction":[{"@type":"ReadAction","target":["https:\/\/www.adisart.com\/tienda\/bonsai-yggdrasil\/"]}]},{"@type":"BreadcrumbList","@id":"https:\/\/www.adisart.com\/tienda\/bonsai-yggdrasil\/#breadcrumb","itemListElement":[{"@type":"ListItem","position":1,"name":"Inicio","item":"https:\/\/www.adisart.com\/tienda\/"},{"@type":"ListItem","position":2,"name":"Tienda","item":"https:\/\/www.adisart.com\/tienda\/"},{"@type":"ListItem","position":3,"name":"Bonsai Yggdrasil"}]}]}},"_links":{"self":[{"href":"https:\/\/www.adisart.com\/tienda\/wp-json\/wp\/v2\/product\/3653"}],"collection":[{"href":"https:\/\/www.adisart.com\/tienda\/wp-json\/wp\/v2\/product"}],"about":[{"href":"https:\/\/www.adisart.com\/tienda\/wp-json\/wp\/v2\/types\/product"}],"replies":[{"embeddable":true,"href":"https:\/\/www.adisart.com\/tienda\/wp-json\/wp\/v2\/comments?post=3653"}],"wp:featuredmedia":[{"embeddable":true,"href":"https:\/\/www.adisart.com\/tienda\/wp-json\/wp\/v2\/media\/3654"}],"wp:attachment":[{"href":"https:\/\/www.adisart.com\/tienda\/wp-json\/wp\/v2\/media?parent=3653"}],"wp:term":[{"taxonomy":"product_cat","embeddable":true,"href":"https:\/\/www.adisart.com\/tienda\/wp-json\/wp\/v2\/product_cat?post=3653"},{"taxonomy":"product_tag","embeddable":true,"href":"https:\/\/www.adisart.com\/tienda\/wp-json\/wp\/v2\/product_tag?post=3653"}],"curies":[{"name":"wp","href":"https:\/\/api.w.org\/{rel}","templated":true}]}}