{"id":3678,"date":"2017-05-23T17:49:39","date_gmt":"2017-05-23T15:49:39","guid":{"rendered":"http:\/\/www.adisart.com\/tienda\/?post_type=product&#038;p=3678"},"modified":"2021-03-04T12:04:10","modified_gmt":"2021-03-04T10:04:10","slug":"cofre-mjolnir","status":"publish","type":"product","link":"https:\/\/www.adisart.com\/tienda\/cofre-mjolnir\/","title":{"rendered":"Cofre Mjolnir"},"content":{"rendered":"<p><img loading=\"lazy\" class=\"aligncenter size-medium wp-image-3679\" src=\"http:\/\/www.adisart.com\/tienda\/wp-content\/uploads\/2017\/05\/cofre-mjolnir-240x300.jpg\" alt=\"\" width=\"240\" height=\"300\" srcset=\"https:\/\/www.adisart.com\/tienda\/wp-content\/uploads\/2017\/05\/cofre-mjolnir-240x300.jpg 240w, https:\/\/www.adisart.com\/tienda\/wp-content\/uploads\/2017\/05\/cofre-mjolnir.jpg 415w\" sizes=\"(max-width: 240px) 100vw, 240px\" \/><\/p>\n","protected":false},"excerpt":{"rendered":"<p>Caja elaborada a partir de un tronco macizo con torneado manual. Se abre con un peque\u00f1o giro lateral de la tapa superior. En la parte superior est\u00e1 decorado con un medall\u00f3n con un Mjolnir y con runas. En uno de los laterales se puede grabar en runas la frase que se desee.<\/p>\n","protected":false},"featured_media":3679,"comment_status":"open","ping_status":"closed","template":"","meta":[],"product_cat":[629],"product_tag":[381],"yoast_head":"<!-- This site is optimized with the Yoast SEO plugin v17.2.1 - https:\/\/yoast.com\/wordpress\/plugins\/seo\/ -->\n<title>Cofre Mjolnir - ADISART<\/title>\n<meta name=\"description\" content=\"Caja elaborada a partir de un tronco macizo con torneado manual. Se abre con un peque\u00f1o giro lateral de la tapa superior. En la parte superior est\u00e1 decorado con un medall\u00f3n con un Mjolnir y con runas. En uno de los laterales se puede grabar en runas la frase que se desee.\" \/>\n<meta name=\"robots\" content=\"index, follow, max-snippet:-1, max-image-preview:large, max-video-preview:-1\" \/>\n<link rel=\"canonical\" href=\"https:\/\/www.adisart.com\/tienda\/cofre-mjolnir\/\" \/>\n<meta property=\"og:locale\" content=\"es_ES\" \/>\n<meta property=\"og:type\" content=\"article\" \/>\n<meta property=\"og:title\" content=\"Cofre Mjolnir - ADISART\" \/>\n<meta property=\"og:description\" content=\"Caja elaborada a partir de un tronco macizo con torneado manual. Se abre con un peque\u00f1o giro lateral de la tapa superior. En la parte superior est\u00e1 decorado con un medall\u00f3n con un Mjolnir y con runas. En uno de los laterales se puede grabar en runas la frase que se desee.\" \/>\n<meta property=\"og:url\" content=\"https:\/\/www.adisart.com\/tienda\/cofre-mjolnir\/\" \/>\n<meta property=\"og:site_name\" content=\"ADISART\" \/>\n<meta property=\"article:modified_time\" content=\"2021-03-04T10:04:10+00:00\" \/>\n<meta property=\"og:image\" content=\"https:\/\/www.adisart.com\/tienda\/wp-content\/uploads\/2017\/05\/cofre-mjolnir.jpg\" \/>\n\t<meta property=\"og:image:width\" content=\"415\" \/>\n\t<meta property=\"og:image:height\" content=\"518\" \/>\n<meta name=\"twitter:card\" content=\"summary\" \/>\n<script type=\"application\/ld+json\" class=\"yoast-schema-graph\">{\"@context\":\"https:\/\/schema.org\",\"@graph\":[{\"@type\":\"WebSite\",\"@id\":\"https:\/\/www.adisart.com\/tienda\/#website\",\"url\":\"https:\/\/www.adisart.com\/tienda\/\",\"name\":\"ADISART\",\"description\":\"Creaciones art\\u00edsticas\",\"potentialAction\":[{\"@type\":\"SearchAction\",\"target\":{\"@type\":\"EntryPoint\",\"urlTemplate\":\"https:\/\/www.adisart.com\/tienda\/?s={search_term_string}\"},\"query-input\":\"required name=search_term_string\"}],\"inLanguage\":\"es\"},{\"@type\":\"ImageObject\",\"@id\":\"https:\/\/www.adisart.com\/tienda\/cofre-mjolnir\/#primaryimage\",\"inLanguage\":\"es\",\"url\":\"https:\/\/www.adisart.com\/tienda\/wp-content\/uploads\/2017\/05\/cofre-mjolnir.jpg\",\"contentUrl\":\"https:\/\/www.adisart.com\/tienda\/wp-content\/uploads\/2017\/05\/cofre-mjolnir.jpg\",\"width\":415,\"height\":518},{\"@type\":\"WebPage\",\"@id\":\"https:\/\/www.adisart.com\/tienda\/cofre-mjolnir\/#webpage\",\"url\":\"https:\/\/www.adisart.com\/tienda\/cofre-mjolnir\/\",\"name\":\"Cofre Mjolnir - ADISART\",\"isPartOf\":{\"@id\":\"https:\/\/www.adisart.com\/tienda\/#website\"},\"primaryImageOfPage\":{\"@id\":\"https:\/\/www.adisart.com\/tienda\/cofre-mjolnir\/#primaryimage\"},\"datePublished\":\"2017-05-23T15:49:39+00:00\",\"dateModified\":\"2021-03-04T10:04:10+00:00\",\"description\":\"Caja elaborada a partir de un tronco macizo con torneado manual. Se abre con un peque\\u00f1o giro lateral de la tapa superior. En la parte superior est\\u00e1 decorado con un medall\\u00f3n con un Mjolnir y con runas. En uno de los laterales se puede grabar en runas la frase que se desee.\",\"breadcrumb\":{\"@id\":\"https:\/\/www.adisart.com\/tienda\/cofre-mjolnir\/#breadcrumb\"},\"inLanguage\":\"es\",\"potentialAction\":[{\"@type\":\"ReadAction\",\"target\":[\"https:\/\/www.adisart.com\/tienda\/cofre-mjolnir\/\"]}]},{\"@type\":\"BreadcrumbList\",\"@id\":\"https:\/\/www.adisart.com\/tienda\/cofre-mjolnir\/#breadcrumb\",\"itemListElement\":[{\"@type\":\"ListItem\",\"position\":1,\"name\":\"Inicio\",\"item\":\"https:\/\/www.adisart.com\/tienda\/\"},{\"@type\":\"ListItem\",\"position\":2,\"name\":\"Tienda\",\"item\":\"https:\/\/www.adisart.com\/tienda\/\"},{\"@type\":\"ListItem\",\"position\":3,\"name\":\"Cofre Mjolnir\"}]}]}<\/script>\n<!-- \/ Yoast SEO plugin. -->","yoast_head_json":{"title":"Cofre Mjolnir - ADISART","description":"Caja elaborada a partir de un tronco macizo con torneado manual. Se abre con un peque\u00f1o giro lateral de la tapa superior. En la parte superior est\u00e1 decorado con un medall\u00f3n con un Mjolnir y con runas. En uno de los laterales se puede grabar en runas la frase que se desee.","robots":{"index":"index","follow":"follow","max-snippet":"max-snippet:-1","max-image-preview":"max-image-preview:large","max-video-preview":"max-video-preview:-1"},"canonical":"https:\/\/www.adisart.com\/tienda\/cofre-mjolnir\/","og_locale":"es_ES","og_type":"article","og_title":"Cofre Mjolnir - ADISART","og_description":"Caja elaborada a partir de un tronco macizo con torneado manual. Se abre con un peque\u00f1o giro lateral de la tapa superior. En la parte superior est\u00e1 decorado con un medall\u00f3n con un Mjolnir y con runas. En uno de los laterales se puede grabar en runas la frase que se desee.","og_url":"https:\/\/www.adisart.com\/tienda\/cofre-mjolnir\/","og_site_name":"ADISART","article_modified_time":"2021-03-04T10:04:10+00:00","og_image":[{"width":415,"height":518,"url":"https:\/\/www.adisart.com\/tienda\/wp-content\/uploads\/2017\/05\/cofre-mjolnir.jpg","path":"\/home\/adisart.com\/public_html\/tienda\/wp-content\/uploads\/2017\/05\/cofre-mjolnir.jpg","size":"full","id":3679,"alt":"","pixels":214970,"type":"image\/jpeg"}],"twitter_card":"summary","schema":{"@context":"https:\/\/schema.org","@graph":[{"@type":"WebSite","@id":"https:\/\/www.adisart.com\/tienda\/#website","url":"https:\/\/www.adisart.com\/tienda\/","name":"ADISART","description":"Creaciones art\u00edsticas","potentialAction":[{"@type":"SearchAction","target":{"@type":"EntryPoint","urlTemplate":"https:\/\/www.adisart.com\/tienda\/?s={search_term_string}"},"query-input":"required name=search_term_string"}],"inLanguage":"es"},{"@type":"ImageObject","@id":"https:\/\/www.adisart.com\/tienda\/cofre-mjolnir\/#primaryimage","inLanguage":"es","url":"https:\/\/www.adisart.com\/tienda\/wp-content\/uploads\/2017\/05\/cofre-mjolnir.jpg","contentUrl":"https:\/\/www.adisart.com\/tienda\/wp-content\/uploads\/2017\/05\/cofre-mjolnir.jpg","width":415,"height":518},{"@type":"WebPage","@id":"https:\/\/www.adisart.com\/tienda\/cofre-mjolnir\/#webpage","url":"https:\/\/www.adisart.com\/tienda\/cofre-mjolnir\/","name":"Cofre Mjolnir - ADISART","isPartOf":{"@id":"https:\/\/www.adisart.com\/tienda\/#website"},"primaryImageOfPage":{"@id":"https:\/\/www.adisart.com\/tienda\/cofre-mjolnir\/#primaryimage"},"datePublished":"2017-05-23T15:49:39+00:00","dateModified":"2021-03-04T10:04:10+00:00","description":"Caja elaborada a partir de un tronco macizo con torneado manual. Se abre con un peque\u00f1o giro lateral de la tapa superior. En la parte superior est\u00e1 decorado con un medall\u00f3n con un Mjolnir y con runas. En uno de los laterales se puede grabar en runas la frase que se desee.","breadcrumb":{"@id":"https:\/\/www.adisart.com\/tienda\/cofre-mjolnir\/#breadcrumb"},"inLanguage":"es","potentialAction":[{"@type":"ReadAction","target":["https:\/\/www.adisart.com\/tienda\/cofre-mjolnir\/"]}]},{"@type":"BreadcrumbList","@id":"https:\/\/www.adisart.com\/tienda\/cofre-mjolnir\/#breadcrumb","itemListElement":[{"@type":"ListItem","position":1,"name":"Inicio","item":"https:\/\/www.adisart.com\/tienda\/"},{"@type":"ListItem","position":2,"name":"Tienda","item":"https:\/\/www.adisart.com\/tienda\/"},{"@type":"ListItem","position":3,"name":"Cofre Mjolnir"}]}]}},"_links":{"self":[{"href":"https:\/\/www.adisart.com\/tienda\/wp-json\/wp\/v2\/product\/3678"}],"collection":[{"href":"https:\/\/www.adisart.com\/tienda\/wp-json\/wp\/v2\/product"}],"about":[{"href":"https:\/\/www.adisart.com\/tienda\/wp-json\/wp\/v2\/types\/product"}],"replies":[{"embeddable":true,"href":"https:\/\/www.adisart.com\/tienda\/wp-json\/wp\/v2\/comments?post=3678"}],"wp:featuredmedia":[{"embeddable":true,"href":"https:\/\/www.adisart.com\/tienda\/wp-json\/wp\/v2\/media\/3679"}],"wp:attachment":[{"href":"https:\/\/www.adisart.com\/tienda\/wp-json\/wp\/v2\/media?parent=3678"}],"wp:term":[{"taxonomy":"product_cat","embeddable":true,"href":"https:\/\/www.adisart.com\/tienda\/wp-json\/wp\/v2\/product_cat?post=3678"},{"taxonomy":"product_tag","embeddable":true,"href":"https:\/\/www.adisart.com\/tienda\/wp-json\/wp\/v2\/product_tag?post=3678"}],"curies":[{"name":"wp","href":"https:\/\/api.w.org\/{rel}","templated":true}]}}