{"id":3827,"date":"2017-08-30T10:21:14","date_gmt":"2017-08-30T08:21:14","guid":{"rendered":"http:\/\/www.adisart.com\/tienda\/?post_type=product&#038;p=3827"},"modified":"2021-03-04T11:38:23","modified_gmt":"2021-03-04T09:38:23","slug":"medallon-dracarys","status":"publish","type":"product","link":"https:\/\/www.adisart.com\/tienda\/medallon-dracarys\/","title":{"rendered":"Medallon DRACARYS"},"content":{"rendered":"<p><img loading=\"lazy\" class=\"aligncenter size-medium wp-image-3828\" src=\"http:\/\/www.adisart.com\/tienda\/wp-content\/uploads\/2017\/08\/DRACARYS-300x225.jpg\" alt=\"\" width=\"300\" height=\"225\" srcset=\"https:\/\/www.adisart.com\/tienda\/wp-content\/uploads\/2017\/08\/DRACARYS-300x225.jpg 300w, https:\/\/www.adisart.com\/tienda\/wp-content\/uploads\/2017\/08\/DRACARYS-600x450.jpg 600w, https:\/\/www.adisart.com\/tienda\/wp-content\/uploads\/2017\/08\/DRACARYS-768x576.jpg 768w, https:\/\/www.adisart.com\/tienda\/wp-content\/uploads\/2017\/08\/DRACARYS.jpg 800w\" sizes=\"(max-width: 300px) 100vw, 300px\" \/>Antiguo colgante y amuleto perteneciente a la Casa Targaryen. Cuenta la leyenda que el primero en usarlo fue Aegon I , fundador de la dinast\u00eda Targaryen que rein\u00f3 en Poniente durante 300 a\u00f1os. \u00a0Se cree que el colgante fue forjado en acero valyrio con el fuego negro del mas grande de los dragones: Balerion (el Terror Negro ). Es sabido, desde anta\u00f1o, \u00a0que este objeto confiere poderes para el manejo de dragones a su portador siempre que est\u00e9 en contacto directo con la piel del jinete. Se dice que un maestro herrero de Qohor forj\u00f3 con la ayuda del drag\u00f3n la corona de Aegon I y este precioso amuleto.<\/p>\n<p>Mide 7 cms de altura<\/p>\n","protected":false},"excerpt":{"rendered":"<p>Antiguo colgante y amuleto perteneciente a la Casa Targaryen. Cuenta la leyenda que el primero en usarlo fue Aegon I , fundador de la dinast\u00eda Targaryen que rein\u00f3 en Poniente durante 300 a\u00f1os. \u00a0Se cree que el colgante fue forjado en acero valyrio con el fuego negro del mas grande de los dragones: Balerion (el [&hellip;]<\/p>\n","protected":false},"featured_media":3828,"comment_status":"open","ping_status":"closed","template":"","meta":[],"product_cat":[628],"product_tag":[578,579],"yoast_head":"<!-- This site is optimized with the Yoast SEO plugin v17.2.1 - https:\/\/yoast.com\/wordpress\/plugins\/seo\/ -->\n<title>Medallon DRACARYS - ADISART<\/title>\n<meta name=\"description\" content=\"Antiguo colgante y amuleto perteneciente a la Casa Targaryen. Cuenta la leyenda que el primero en usarlo fue Aegon I , fundador de la dinast\u00eda Targaryen\" \/>\n<meta name=\"robots\" content=\"index, follow, max-snippet:-1, max-image-preview:large, max-video-preview:-1\" \/>\n<link rel=\"canonical\" href=\"https:\/\/www.adisart.com\/tienda\/medallon-dracarys\/\" \/>\n<meta property=\"og:locale\" content=\"es_ES\" \/>\n<meta property=\"og:type\" content=\"article\" \/>\n<meta property=\"og:title\" content=\"Medallon DRACARYS - ADISART\" \/>\n<meta property=\"og:description\" content=\"Antiguo colgante y amuleto perteneciente a la Casa Targaryen. Cuenta la leyenda que el primero en usarlo fue Aegon I , fundador de la dinast\u00eda Targaryen\" \/>\n<meta property=\"og:url\" content=\"https:\/\/www.adisart.com\/tienda\/medallon-dracarys\/\" \/>\n<meta property=\"og:site_name\" content=\"ADISART\" \/>\n<meta property=\"article:modified_time\" content=\"2021-03-04T09:38:23+00:00\" \/>\n<meta property=\"og:image\" content=\"https:\/\/www.adisart.com\/tienda\/wp-content\/uploads\/2017\/08\/DRACARYS.jpg\" \/>\n\t<meta property=\"og:image:width\" content=\"800\" \/>\n\t<meta property=\"og:image:height\" content=\"600\" \/>\n<meta name=\"twitter:card\" content=\"summary\" \/>\n<meta name=\"twitter:label1\" content=\"Tiempo de lectura\" \/>\n\t<meta name=\"twitter:data1\" content=\"1 minuto\" \/>\n<script type=\"application\/ld+json\" class=\"yoast-schema-graph\">{\"@context\":\"https:\/\/schema.org\",\"@graph\":[{\"@type\":\"WebSite\",\"@id\":\"https:\/\/www.adisart.com\/tienda\/#website\",\"url\":\"https:\/\/www.adisart.com\/tienda\/\",\"name\":\"ADISART\",\"description\":\"Creaciones art\\u00edsticas\",\"potentialAction\":[{\"@type\":\"SearchAction\",\"target\":{\"@type\":\"EntryPoint\",\"urlTemplate\":\"https:\/\/www.adisart.com\/tienda\/?s={search_term_string}\"},\"query-input\":\"required name=search_term_string\"}],\"inLanguage\":\"es\"},{\"@type\":\"ImageObject\",\"@id\":\"https:\/\/www.adisart.com\/tienda\/medallon-dracarys\/#primaryimage\",\"inLanguage\":\"es\",\"url\":\"https:\/\/www.adisart.com\/tienda\/wp-content\/uploads\/2017\/08\/DRACARYS.jpg\",\"contentUrl\":\"https:\/\/www.adisart.com\/tienda\/wp-content\/uploads\/2017\/08\/DRACARYS.jpg\",\"width\":800,\"height\":600},{\"@type\":\"WebPage\",\"@id\":\"https:\/\/www.adisart.com\/tienda\/medallon-dracarys\/#webpage\",\"url\":\"https:\/\/www.adisart.com\/tienda\/medallon-dracarys\/\",\"name\":\"Medallon DRACARYS - ADISART\",\"isPartOf\":{\"@id\":\"https:\/\/www.adisart.com\/tienda\/#website\"},\"primaryImageOfPage\":{\"@id\":\"https:\/\/www.adisart.com\/tienda\/medallon-dracarys\/#primaryimage\"},\"datePublished\":\"2017-08-30T08:21:14+00:00\",\"dateModified\":\"2021-03-04T09:38:23+00:00\",\"description\":\"Antiguo colgante y amuleto perteneciente a la Casa Targaryen. Cuenta la leyenda que el primero en usarlo fue Aegon I , fundador de la dinast\\u00eda Targaryen\",\"breadcrumb\":{\"@id\":\"https:\/\/www.adisart.com\/tienda\/medallon-dracarys\/#breadcrumb\"},\"inLanguage\":\"es\",\"potentialAction\":[{\"@type\":\"ReadAction\",\"target\":[\"https:\/\/www.adisart.com\/tienda\/medallon-dracarys\/\"]}]},{\"@type\":\"BreadcrumbList\",\"@id\":\"https:\/\/www.adisart.com\/tienda\/medallon-dracarys\/#breadcrumb\",\"itemListElement\":[{\"@type\":\"ListItem\",\"position\":1,\"name\":\"Inicio\",\"item\":\"https:\/\/www.adisart.com\/tienda\/\"},{\"@type\":\"ListItem\",\"position\":2,\"name\":\"Tienda\",\"item\":\"https:\/\/www.adisart.com\/tienda\/\"},{\"@type\":\"ListItem\",\"position\":3,\"name\":\"Medallon DRACARYS\"}]}]}<\/script>\n<!-- \/ Yoast SEO plugin. -->","yoast_head_json":{"title":"Medallon DRACARYS - ADISART","description":"Antiguo colgante y amuleto perteneciente a la Casa Targaryen. Cuenta la leyenda que el primero en usarlo fue Aegon I , fundador de la dinast\u00eda Targaryen","robots":{"index":"index","follow":"follow","max-snippet":"max-snippet:-1","max-image-preview":"max-image-preview:large","max-video-preview":"max-video-preview:-1"},"canonical":"https:\/\/www.adisart.com\/tienda\/medallon-dracarys\/","og_locale":"es_ES","og_type":"article","og_title":"Medallon DRACARYS - ADISART","og_description":"Antiguo colgante y amuleto perteneciente a la Casa Targaryen. Cuenta la leyenda que el primero en usarlo fue Aegon I , fundador de la dinast\u00eda Targaryen","og_url":"https:\/\/www.adisart.com\/tienda\/medallon-dracarys\/","og_site_name":"ADISART","article_modified_time":"2021-03-04T09:38:23+00:00","og_image":[{"width":800,"height":600,"url":"https:\/\/www.adisart.com\/tienda\/wp-content\/uploads\/2017\/08\/DRACARYS.jpg","path":"\/home\/adisart.com\/public_html\/tienda\/wp-content\/uploads\/2017\/08\/DRACARYS.jpg","size":"full","id":3828,"alt":"","pixels":480000,"type":"image\/jpeg"}],"twitter_card":"summary","twitter_misc":{"Tiempo de lectura":"1 minuto"},"schema":{"@context":"https:\/\/schema.org","@graph":[{"@type":"WebSite","@id":"https:\/\/www.adisart.com\/tienda\/#website","url":"https:\/\/www.adisart.com\/tienda\/","name":"ADISART","description":"Creaciones art\u00edsticas","potentialAction":[{"@type":"SearchAction","target":{"@type":"EntryPoint","urlTemplate":"https:\/\/www.adisart.com\/tienda\/?s={search_term_string}"},"query-input":"required name=search_term_string"}],"inLanguage":"es"},{"@type":"ImageObject","@id":"https:\/\/www.adisart.com\/tienda\/medallon-dracarys\/#primaryimage","inLanguage":"es","url":"https:\/\/www.adisart.com\/tienda\/wp-content\/uploads\/2017\/08\/DRACARYS.jpg","contentUrl":"https:\/\/www.adisart.com\/tienda\/wp-content\/uploads\/2017\/08\/DRACARYS.jpg","width":800,"height":600},{"@type":"WebPage","@id":"https:\/\/www.adisart.com\/tienda\/medallon-dracarys\/#webpage","url":"https:\/\/www.adisart.com\/tienda\/medallon-dracarys\/","name":"Medallon DRACARYS - ADISART","isPartOf":{"@id":"https:\/\/www.adisart.com\/tienda\/#website"},"primaryImageOfPage":{"@id":"https:\/\/www.adisart.com\/tienda\/medallon-dracarys\/#primaryimage"},"datePublished":"2017-08-30T08:21:14+00:00","dateModified":"2021-03-04T09:38:23+00:00","description":"Antiguo colgante y amuleto perteneciente a la Casa Targaryen. Cuenta la leyenda que el primero en usarlo fue Aegon I , fundador de la dinast\u00eda Targaryen","breadcrumb":{"@id":"https:\/\/www.adisart.com\/tienda\/medallon-dracarys\/#breadcrumb"},"inLanguage":"es","potentialAction":[{"@type":"ReadAction","target":["https:\/\/www.adisart.com\/tienda\/medallon-dracarys\/"]}]},{"@type":"BreadcrumbList","@id":"https:\/\/www.adisart.com\/tienda\/medallon-dracarys\/#breadcrumb","itemListElement":[{"@type":"ListItem","position":1,"name":"Inicio","item":"https:\/\/www.adisart.com\/tienda\/"},{"@type":"ListItem","position":2,"name":"Tienda","item":"https:\/\/www.adisart.com\/tienda\/"},{"@type":"ListItem","position":3,"name":"Medallon DRACARYS"}]}]}},"_links":{"self":[{"href":"https:\/\/www.adisart.com\/tienda\/wp-json\/wp\/v2\/product\/3827"}],"collection":[{"href":"https:\/\/www.adisart.com\/tienda\/wp-json\/wp\/v2\/product"}],"about":[{"href":"https:\/\/www.adisart.com\/tienda\/wp-json\/wp\/v2\/types\/product"}],"replies":[{"embeddable":true,"href":"https:\/\/www.adisart.com\/tienda\/wp-json\/wp\/v2\/comments?post=3827"}],"wp:featuredmedia":[{"embeddable":true,"href":"https:\/\/www.adisart.com\/tienda\/wp-json\/wp\/v2\/media\/3828"}],"wp:attachment":[{"href":"https:\/\/www.adisart.com\/tienda\/wp-json\/wp\/v2\/media?parent=3827"}],"wp:term":[{"taxonomy":"product_cat","embeddable":true,"href":"https:\/\/www.adisart.com\/tienda\/wp-json\/wp\/v2\/product_cat?post=3827"},{"taxonomy":"product_tag","embeddable":true,"href":"https:\/\/www.adisart.com\/tienda\/wp-json\/wp\/v2\/product_tag?post=3827"}],"curies":[{"name":"wp","href":"https:\/\/api.w.org\/{rel}","templated":true}]}}