{"id":3854,"date":"2017-10-19T12:46:31","date_gmt":"2017-10-19T10:46:31","guid":{"rendered":"http:\/\/www.adisart.com\/tienda\/?post_type=product&#038;p=3854"},"modified":"2021-03-04T12:03:36","modified_gmt":"2021-03-04T10:03:36","slug":"bodas-de-oro","status":"publish","type":"product","link":"https:\/\/www.adisart.com\/tienda\/bodas-de-oro\/","title":{"rendered":"BODAS DE ORO"},"content":{"rendered":"<p><img loading=\"lazy\" class=\"aligncenter size-medium wp-image-3855\" src=\"http:\/\/www.adisart.com\/tienda\/wp-content\/uploads\/2017\/10\/bodas-de-oro-189x300.jpg\" alt=\"\" width=\"189\" height=\"300\" srcset=\"https:\/\/www.adisart.com\/tienda\/wp-content\/uploads\/2017\/10\/bodas-de-oro-189x300.jpg 189w, https:\/\/www.adisart.com\/tienda\/wp-content\/uploads\/2017\/10\/bodas-de-oro-600x952.jpg 600w, https:\/\/www.adisart.com\/tienda\/wp-content\/uploads\/2017\/10\/bodas-de-oro-768x1219.jpg 768w, https:\/\/www.adisart.com\/tienda\/wp-content\/uploads\/2017\/10\/bodas-de-oro-645x1024.jpg 645w, https:\/\/www.adisart.com\/tienda\/wp-content\/uploads\/2017\/10\/bodas-de-oro.jpg 1473w\" sizes=\"(max-width: 189px) 100vw, 189px\" \/><\/p>\n","protected":false},"excerpt":{"rendered":"<p>Regalo ideal para la paraje que lleva 50 a\u00f1os casada. Se trata de una pieza fundida manualmente con un ba\u00f1o de bronce. Tiene un tama\u00f1o de 24 cms . Se sirve sobre una peana lacada en negro mate. La chapa que lleva se personaliza totalmente . Habitualmente se ponen los nombres de los miembros de la pareja, la fecha en la que se casaron y la actual. Este regalo suelen hacerlo los hijos, los nietos y los bisnietos. Por eso es tambi\u00e9n bonito que aparezcan en la grabaci\u00f3n<\/p>\n","protected":false},"featured_media":3856,"comment_status":"open","ping_status":"closed","template":"","meta":[],"product_cat":[629],"product_tag":[580],"yoast_head":"<!-- This site is optimized with the Yoast SEO plugin v17.2.1 - https:\/\/yoast.com\/wordpress\/plugins\/seo\/ -->\n<title>BODAS DE ORO - ADISART<\/title>\n<meta name=\"description\" content=\"Regalo ideal para la paraje que lleva 50 a\u00f1os casada. Se trata de una pieza fundida manualmente con un ba\u00f1o de bronce. Tiene un tama\u00f1o de 24 cms . Se sirve sobre una peana lacada en negro mate. La chapa que lleva se personaliza totalmente . Habitualmente se ponen los nombres de los miembros de la pareja, la fecha en la que se casaron y la actual. Este regalo suelen hacerlo los hijos, los nietos y los bisnietos. Por eso es tambi\u00e9n bonito que aparezcan en la grabaci\u00f3n\" \/>\n<meta name=\"robots\" content=\"index, follow, max-snippet:-1, max-image-preview:large, max-video-preview:-1\" \/>\n<link rel=\"canonical\" href=\"https:\/\/www.adisart.com\/tienda\/bodas-de-oro\/\" \/>\n<meta property=\"og:locale\" content=\"es_ES\" \/>\n<meta property=\"og:type\" content=\"article\" \/>\n<meta property=\"og:title\" content=\"BODAS DE ORO - ADISART\" \/>\n<meta property=\"og:description\" content=\"Regalo ideal para la paraje que lleva 50 a\u00f1os casada. Se trata de una pieza fundida manualmente con un ba\u00f1o de bronce. Tiene un tama\u00f1o de 24 cms . Se sirve sobre una peana lacada en negro mate. La chapa que lleva se personaliza totalmente . Habitualmente se ponen los nombres de los miembros de la pareja, la fecha en la que se casaron y la actual. Este regalo suelen hacerlo los hijos, los nietos y los bisnietos. Por eso es tambi\u00e9n bonito que aparezcan en la grabaci\u00f3n\" \/>\n<meta property=\"og:url\" content=\"https:\/\/www.adisart.com\/tienda\/bodas-de-oro\/\" \/>\n<meta property=\"og:site_name\" content=\"ADISART\" \/>\n<meta property=\"article:modified_time\" content=\"2021-03-04T10:03:36+00:00\" \/>\n<meta property=\"og:image\" content=\"https:\/\/www.adisart.com\/tienda\/wp-content\/uploads\/2017\/10\/bodas-de-oro-1-e1508409927786.jpg\" \/>\n\t<meta property=\"og:image:width\" content=\"473\" \/>\n\t<meta property=\"og:image:height\" content=\"750\" \/>\n<meta name=\"twitter:card\" content=\"summary\" \/>\n<script type=\"application\/ld+json\" class=\"yoast-schema-graph\">{\"@context\":\"https:\/\/schema.org\",\"@graph\":[{\"@type\":\"WebSite\",\"@id\":\"https:\/\/www.adisart.com\/tienda\/#website\",\"url\":\"https:\/\/www.adisart.com\/tienda\/\",\"name\":\"ADISART\",\"description\":\"Creaciones art\\u00edsticas\",\"potentialAction\":[{\"@type\":\"SearchAction\",\"target\":{\"@type\":\"EntryPoint\",\"urlTemplate\":\"https:\/\/www.adisart.com\/tienda\/?s={search_term_string}\"},\"query-input\":\"required name=search_term_string\"}],\"inLanguage\":\"es\"},{\"@type\":\"ImageObject\",\"@id\":\"https:\/\/www.adisart.com\/tienda\/bodas-de-oro\/#primaryimage\",\"inLanguage\":\"es\",\"url\":\"https:\/\/www.adisart.com\/tienda\/wp-content\/uploads\/2017\/10\/bodas-de-oro-1-e1508409927786.jpg\",\"contentUrl\":\"https:\/\/www.adisart.com\/tienda\/wp-content\/uploads\/2017\/10\/bodas-de-oro-1-e1508409927786.jpg\",\"width\":473,\"height\":750},{\"@type\":\"WebPage\",\"@id\":\"https:\/\/www.adisart.com\/tienda\/bodas-de-oro\/#webpage\",\"url\":\"https:\/\/www.adisart.com\/tienda\/bodas-de-oro\/\",\"name\":\"BODAS DE ORO - ADISART\",\"isPartOf\":{\"@id\":\"https:\/\/www.adisart.com\/tienda\/#website\"},\"primaryImageOfPage\":{\"@id\":\"https:\/\/www.adisart.com\/tienda\/bodas-de-oro\/#primaryimage\"},\"datePublished\":\"2017-10-19T10:46:31+00:00\",\"dateModified\":\"2021-03-04T10:03:36+00:00\",\"description\":\"Regalo ideal para la paraje que lleva 50 a\\u00f1os casada. Se trata de una pieza fundida manualmente con un ba\\u00f1o de bronce. Tiene un tama\\u00f1o de 24 cms . Se sirve sobre una peana lacada en negro mate. La chapa que lleva se personaliza totalmente . Habitualmente se ponen los nombres de los miembros de la pareja, la fecha en la que se casaron y la actual. Este regalo suelen hacerlo los hijos, los nietos y los bisnietos. Por eso es tambi\\u00e9n bonito que aparezcan en la grabaci\\u00f3n\",\"breadcrumb\":{\"@id\":\"https:\/\/www.adisart.com\/tienda\/bodas-de-oro\/#breadcrumb\"},\"inLanguage\":\"es\",\"potentialAction\":[{\"@type\":\"ReadAction\",\"target\":[\"https:\/\/www.adisart.com\/tienda\/bodas-de-oro\/\"]}]},{\"@type\":\"BreadcrumbList\",\"@id\":\"https:\/\/www.adisart.com\/tienda\/bodas-de-oro\/#breadcrumb\",\"itemListElement\":[{\"@type\":\"ListItem\",\"position\":1,\"name\":\"Inicio\",\"item\":\"https:\/\/www.adisart.com\/tienda\/\"},{\"@type\":\"ListItem\",\"position\":2,\"name\":\"Tienda\",\"item\":\"https:\/\/www.adisart.com\/tienda\/\"},{\"@type\":\"ListItem\",\"position\":3,\"name\":\"BODAS DE ORO\"}]}]}<\/script>\n<!-- \/ Yoast SEO plugin. -->","yoast_head_json":{"title":"BODAS DE ORO - ADISART","description":"Regalo ideal para la paraje que lleva 50 a\u00f1os casada. Se trata de una pieza fundida manualmente con un ba\u00f1o de bronce. Tiene un tama\u00f1o de 24 cms . Se sirve sobre una peana lacada en negro mate. La chapa que lleva se personaliza totalmente . Habitualmente se ponen los nombres de los miembros de la pareja, la fecha en la que se casaron y la actual. Este regalo suelen hacerlo los hijos, los nietos y los bisnietos. Por eso es tambi\u00e9n bonito que aparezcan en la grabaci\u00f3n","robots":{"index":"index","follow":"follow","max-snippet":"max-snippet:-1","max-image-preview":"max-image-preview:large","max-video-preview":"max-video-preview:-1"},"canonical":"https:\/\/www.adisart.com\/tienda\/bodas-de-oro\/","og_locale":"es_ES","og_type":"article","og_title":"BODAS DE ORO - ADISART","og_description":"Regalo ideal para la paraje que lleva 50 a\u00f1os casada. Se trata de una pieza fundida manualmente con un ba\u00f1o de bronce. Tiene un tama\u00f1o de 24 cms . Se sirve sobre una peana lacada en negro mate. La chapa que lleva se personaliza totalmente . Habitualmente se ponen los nombres de los miembros de la pareja, la fecha en la que se casaron y la actual. Este regalo suelen hacerlo los hijos, los nietos y los bisnietos. Por eso es tambi\u00e9n bonito que aparezcan en la grabaci\u00f3n","og_url":"https:\/\/www.adisart.com\/tienda\/bodas-de-oro\/","og_site_name":"ADISART","article_modified_time":"2021-03-04T10:03:36+00:00","og_image":[{"width":473,"height":750,"url":"https:\/\/www.adisart.com\/tienda\/wp-content\/uploads\/2017\/10\/bodas-de-oro-1-e1508409927786.jpg","path":"\/home\/adisart.com\/public_html\/tienda\/wp-content\/uploads\/2017\/10\/bodas-de-oro-1-e1508409927786.jpg","size":"full","id":3856,"alt":"","pixels":354750,"type":"image\/jpeg"}],"twitter_card":"summary","schema":{"@context":"https:\/\/schema.org","@graph":[{"@type":"WebSite","@id":"https:\/\/www.adisart.com\/tienda\/#website","url":"https:\/\/www.adisart.com\/tienda\/","name":"ADISART","description":"Creaciones art\u00edsticas","potentialAction":[{"@type":"SearchAction","target":{"@type":"EntryPoint","urlTemplate":"https:\/\/www.adisart.com\/tienda\/?s={search_term_string}"},"query-input":"required name=search_term_string"}],"inLanguage":"es"},{"@type":"ImageObject","@id":"https:\/\/www.adisart.com\/tienda\/bodas-de-oro\/#primaryimage","inLanguage":"es","url":"https:\/\/www.adisart.com\/tienda\/wp-content\/uploads\/2017\/10\/bodas-de-oro-1-e1508409927786.jpg","contentUrl":"https:\/\/www.adisart.com\/tienda\/wp-content\/uploads\/2017\/10\/bodas-de-oro-1-e1508409927786.jpg","width":473,"height":750},{"@type":"WebPage","@id":"https:\/\/www.adisart.com\/tienda\/bodas-de-oro\/#webpage","url":"https:\/\/www.adisart.com\/tienda\/bodas-de-oro\/","name":"BODAS DE ORO - ADISART","isPartOf":{"@id":"https:\/\/www.adisart.com\/tienda\/#website"},"primaryImageOfPage":{"@id":"https:\/\/www.adisart.com\/tienda\/bodas-de-oro\/#primaryimage"},"datePublished":"2017-10-19T10:46:31+00:00","dateModified":"2021-03-04T10:03:36+00:00","description":"Regalo ideal para la paraje que lleva 50 a\u00f1os casada. Se trata de una pieza fundida manualmente con un ba\u00f1o de bronce. Tiene un tama\u00f1o de 24 cms . Se sirve sobre una peana lacada en negro mate. La chapa que lleva se personaliza totalmente . Habitualmente se ponen los nombres de los miembros de la pareja, la fecha en la que se casaron y la actual. Este regalo suelen hacerlo los hijos, los nietos y los bisnietos. Por eso es tambi\u00e9n bonito que aparezcan en la grabaci\u00f3n","breadcrumb":{"@id":"https:\/\/www.adisart.com\/tienda\/bodas-de-oro\/#breadcrumb"},"inLanguage":"es","potentialAction":[{"@type":"ReadAction","target":["https:\/\/www.adisart.com\/tienda\/bodas-de-oro\/"]}]},{"@type":"BreadcrumbList","@id":"https:\/\/www.adisart.com\/tienda\/bodas-de-oro\/#breadcrumb","itemListElement":[{"@type":"ListItem","position":1,"name":"Inicio","item":"https:\/\/www.adisart.com\/tienda\/"},{"@type":"ListItem","position":2,"name":"Tienda","item":"https:\/\/www.adisart.com\/tienda\/"},{"@type":"ListItem","position":3,"name":"BODAS DE ORO"}]}]}},"_links":{"self":[{"href":"https:\/\/www.adisart.com\/tienda\/wp-json\/wp\/v2\/product\/3854"}],"collection":[{"href":"https:\/\/www.adisart.com\/tienda\/wp-json\/wp\/v2\/product"}],"about":[{"href":"https:\/\/www.adisart.com\/tienda\/wp-json\/wp\/v2\/types\/product"}],"replies":[{"embeddable":true,"href":"https:\/\/www.adisart.com\/tienda\/wp-json\/wp\/v2\/comments?post=3854"}],"wp:featuredmedia":[{"embeddable":true,"href":"https:\/\/www.adisart.com\/tienda\/wp-json\/wp\/v2\/media\/3856"}],"wp:attachment":[{"href":"https:\/\/www.adisart.com\/tienda\/wp-json\/wp\/v2\/media?parent=3854"}],"wp:term":[{"taxonomy":"product_cat","embeddable":true,"href":"https:\/\/www.adisart.com\/tienda\/wp-json\/wp\/v2\/product_cat?post=3854"},{"taxonomy":"product_tag","embeddable":true,"href":"https:\/\/www.adisart.com\/tienda\/wp-json\/wp\/v2\/product_tag?post=3854"}],"curies":[{"name":"wp","href":"https:\/\/api.w.org\/{rel}","templated":true}]}}