{"id":3873,"date":"2017-11-13T09:45:29","date_gmt":"2017-11-13T07:45:29","guid":{"rendered":"http:\/\/www.adisart.com\/tienda\/?post_type=product&#038;p=3873"},"modified":"2021-03-04T11:49:40","modified_gmt":"2021-03-04T09:49:40","slug":"anillo-egipcio","status":"publish","type":"product","link":"https:\/\/www.adisart.com\/tienda\/anillo-egipcio\/","title":{"rendered":"Anillo egipcio"},"content":{"rendered":"<p><img loading=\"lazy\" class=\"aligncenter size-medium wp-image-3874\" src=\"http:\/\/www.adisart.com\/tienda\/wp-content\/uploads\/2017\/11\/Gr\u00e1fico1-300x225.jpg\" alt=\"\" width=\"300\" height=\"225\" srcset=\"https:\/\/www.adisart.com\/tienda\/wp-content\/uploads\/2017\/11\/Gr\u00e1fico1-300x225.jpg 300w, https:\/\/www.adisart.com\/tienda\/wp-content\/uploads\/2017\/11\/Gr\u00e1fico1-600x450.jpg 600w, https:\/\/www.adisart.com\/tienda\/wp-content\/uploads\/2017\/11\/Gr\u00e1fico1-768x576.jpg 768w, https:\/\/www.adisart.com\/tienda\/wp-content\/uploads\/2017\/11\/Gr\u00e1fico1-1024x767.jpg 1024w, https:\/\/www.adisart.com\/tienda\/wp-content\/uploads\/2017\/11\/Gr\u00e1fico1.jpg 1860w\" sizes=\"(max-width: 300px) 100vw, 300px\" \/> <img loading=\"lazy\" class=\"aligncenter size-medium wp-image-3875\" src=\"http:\/\/www.adisart.com\/tienda\/wp-content\/uploads\/2017\/11\/P1080538-300x225.jpg\" alt=\"\" width=\"300\" height=\"225\" \/> <img loading=\"lazy\" class=\"aligncenter size-medium wp-image-3876\" src=\"http:\/\/www.adisart.com\/tienda\/wp-content\/uploads\/2017\/11\/P1080539-300x225.jpg\" alt=\"\" width=\"300\" height=\"225\" srcset=\"https:\/\/www.adisart.com\/tienda\/wp-content\/uploads\/2017\/11\/P1080539-300x225.jpg 300w, https:\/\/www.adisart.com\/tienda\/wp-content\/uploads\/2017\/11\/P1080539-600x450.jpg 600w, https:\/\/www.adisart.com\/tienda\/wp-content\/uploads\/2017\/11\/P1080539-768x576.jpg 768w, https:\/\/www.adisart.com\/tienda\/wp-content\/uploads\/2017\/11\/P1080539.jpg 800w\" sizes=\"(max-width: 300px) 100vw, 300px\" \/><\/p>\n","protected":false},"excerpt":{"rendered":"<p>Anillo Egipcio de plata de ley. Est\u00e1 decorado con unos jerogl\u00edficos en los que puede leerse: T\u00da ILUMINAS CADA TIERRA POR MEDIO DE TU BELLEZA. El anillo se hace a medida haciendo de este un regalo perfecto.\u00a0 Para parejas de anillos hacemos precios especiales. Podemos escribir cualquier mensaje en cualquier lengua o alfabeto. Las posibilidades de personalizar vuestro anillo son infinitas<\/p>\n","protected":false},"featured_media":3876,"comment_status":"open","ping_status":"closed","template":"","meta":[],"product_cat":[630],"product_tag":[],"yoast_head":"<!-- This site is optimized with the Yoast SEO plugin v17.2.1 - https:\/\/yoast.com\/wordpress\/plugins\/seo\/ -->\n<title>Anillo egipcio - ADISART<\/title>\n<meta name=\"description\" content=\"Anillo Egipcio de plata de ley. Est\u00e1 decorado con unos jerogl\u00edficos en los que puede leerse: T\u00da ILUMINAS CADA TIERRA POR MEDIO DE TU BELLEZA. El anillo se hace a medida haciendo de este un regalo perfecto.\u00a0 Para parejas de anillos hacemos precios especiales. Podemos escribir cualquier mensaje en cualquier lengua o alfabeto. Las posibilidades de personalizar vuestro anillo son infinitas\" \/>\n<meta name=\"robots\" content=\"index, follow, max-snippet:-1, max-image-preview:large, max-video-preview:-1\" \/>\n<link rel=\"canonical\" href=\"https:\/\/www.adisart.com\/tienda\/anillo-egipcio\/\" \/>\n<meta property=\"og:locale\" content=\"es_ES\" \/>\n<meta property=\"og:type\" content=\"article\" \/>\n<meta property=\"og:title\" content=\"Anillo egipcio - ADISART\" \/>\n<meta property=\"og:description\" content=\"Anillo Egipcio de plata de ley. Est\u00e1 decorado con unos jerogl\u00edficos en los que puede leerse: T\u00da ILUMINAS CADA TIERRA POR MEDIO DE TU BELLEZA. El anillo se hace a medida haciendo de este un regalo perfecto.\u00a0 Para parejas de anillos hacemos precios especiales. Podemos escribir cualquier mensaje en cualquier lengua o alfabeto. Las posibilidades de personalizar vuestro anillo son infinitas\" \/>\n<meta property=\"og:url\" content=\"https:\/\/www.adisart.com\/tienda\/anillo-egipcio\/\" \/>\n<meta property=\"og:site_name\" content=\"ADISART\" \/>\n<meta property=\"article:modified_time\" content=\"2021-03-04T09:49:40+00:00\" \/>\n<meta property=\"og:image\" content=\"https:\/\/www.adisart.com\/tienda\/wp-content\/uploads\/2017\/11\/P1080539.jpg\" \/>\n\t<meta property=\"og:image:width\" content=\"800\" \/>\n\t<meta property=\"og:image:height\" content=\"600\" \/>\n<meta name=\"twitter:card\" content=\"summary\" \/>\n<script type=\"application\/ld+json\" class=\"yoast-schema-graph\">{\"@context\":\"https:\/\/schema.org\",\"@graph\":[{\"@type\":\"WebSite\",\"@id\":\"https:\/\/www.adisart.com\/tienda\/#website\",\"url\":\"https:\/\/www.adisart.com\/tienda\/\",\"name\":\"ADISART\",\"description\":\"Creaciones art\\u00edsticas\",\"potentialAction\":[{\"@type\":\"SearchAction\",\"target\":{\"@type\":\"EntryPoint\",\"urlTemplate\":\"https:\/\/www.adisart.com\/tienda\/?s={search_term_string}\"},\"query-input\":\"required name=search_term_string\"}],\"inLanguage\":\"es\"},{\"@type\":\"ImageObject\",\"@id\":\"https:\/\/www.adisart.com\/tienda\/anillo-egipcio\/#primaryimage\",\"inLanguage\":\"es\",\"url\":\"https:\/\/www.adisart.com\/tienda\/wp-content\/uploads\/2017\/11\/P1080539.jpg\",\"contentUrl\":\"https:\/\/www.adisart.com\/tienda\/wp-content\/uploads\/2017\/11\/P1080539.jpg\",\"width\":800,\"height\":600},{\"@type\":\"WebPage\",\"@id\":\"https:\/\/www.adisart.com\/tienda\/anillo-egipcio\/#webpage\",\"url\":\"https:\/\/www.adisart.com\/tienda\/anillo-egipcio\/\",\"name\":\"Anillo egipcio - ADISART\",\"isPartOf\":{\"@id\":\"https:\/\/www.adisart.com\/tienda\/#website\"},\"primaryImageOfPage\":{\"@id\":\"https:\/\/www.adisart.com\/tienda\/anillo-egipcio\/#primaryimage\"},\"datePublished\":\"2017-11-13T07:45:29+00:00\",\"dateModified\":\"2021-03-04T09:49:40+00:00\",\"description\":\"Anillo Egipcio de plata de ley. Est\\u00e1 decorado con unos jerogl\\u00edficos en los que puede leerse: T\\u00da ILUMINAS CADA TIERRA POR MEDIO DE TU BELLEZA. El anillo se hace a medida haciendo de este un regalo perfecto.\\u00a0 Para parejas de anillos hacemos precios especiales. Podemos escribir cualquier mensaje en cualquier lengua o alfabeto. Las posibilidades de personalizar vuestro anillo son infinitas\",\"breadcrumb\":{\"@id\":\"https:\/\/www.adisart.com\/tienda\/anillo-egipcio\/#breadcrumb\"},\"inLanguage\":\"es\",\"potentialAction\":[{\"@type\":\"ReadAction\",\"target\":[\"https:\/\/www.adisart.com\/tienda\/anillo-egipcio\/\"]}]},{\"@type\":\"BreadcrumbList\",\"@id\":\"https:\/\/www.adisart.com\/tienda\/anillo-egipcio\/#breadcrumb\",\"itemListElement\":[{\"@type\":\"ListItem\",\"position\":1,\"name\":\"Inicio\",\"item\":\"https:\/\/www.adisart.com\/tienda\/\"},{\"@type\":\"ListItem\",\"position\":2,\"name\":\"Tienda\",\"item\":\"https:\/\/www.adisart.com\/tienda\/\"},{\"@type\":\"ListItem\",\"position\":3,\"name\":\"Anillo egipcio\"}]}]}<\/script>\n<!-- \/ Yoast SEO plugin. -->","yoast_head_json":{"title":"Anillo egipcio - ADISART","description":"Anillo Egipcio de plata de ley. Est\u00e1 decorado con unos jerogl\u00edficos en los que puede leerse: T\u00da ILUMINAS CADA TIERRA POR MEDIO DE TU BELLEZA. El anillo se hace a medida haciendo de este un regalo perfecto.\u00a0 Para parejas de anillos hacemos precios especiales. Podemos escribir cualquier mensaje en cualquier lengua o alfabeto. Las posibilidades de personalizar vuestro anillo son infinitas","robots":{"index":"index","follow":"follow","max-snippet":"max-snippet:-1","max-image-preview":"max-image-preview:large","max-video-preview":"max-video-preview:-1"},"canonical":"https:\/\/www.adisart.com\/tienda\/anillo-egipcio\/","og_locale":"es_ES","og_type":"article","og_title":"Anillo egipcio - ADISART","og_description":"Anillo Egipcio de plata de ley. Est\u00e1 decorado con unos jerogl\u00edficos en los que puede leerse: T\u00da ILUMINAS CADA TIERRA POR MEDIO DE TU BELLEZA. El anillo se hace a medida haciendo de este un regalo perfecto.\u00a0 Para parejas de anillos hacemos precios especiales. Podemos escribir cualquier mensaje en cualquier lengua o alfabeto. Las posibilidades de personalizar vuestro anillo son infinitas","og_url":"https:\/\/www.adisart.com\/tienda\/anillo-egipcio\/","og_site_name":"ADISART","article_modified_time":"2021-03-04T09:49:40+00:00","og_image":[{"width":800,"height":600,"url":"https:\/\/www.adisart.com\/tienda\/wp-content\/uploads\/2017\/11\/P1080539.jpg","path":"\/home\/adisart.com\/public_html\/tienda\/wp-content\/uploads\/2017\/11\/P1080539.jpg","size":"full","id":3876,"alt":"","pixels":480000,"type":"image\/jpeg"}],"twitter_card":"summary","schema":{"@context":"https:\/\/schema.org","@graph":[{"@type":"WebSite","@id":"https:\/\/www.adisart.com\/tienda\/#website","url":"https:\/\/www.adisart.com\/tienda\/","name":"ADISART","description":"Creaciones art\u00edsticas","potentialAction":[{"@type":"SearchAction","target":{"@type":"EntryPoint","urlTemplate":"https:\/\/www.adisart.com\/tienda\/?s={search_term_string}"},"query-input":"required name=search_term_string"}],"inLanguage":"es"},{"@type":"ImageObject","@id":"https:\/\/www.adisart.com\/tienda\/anillo-egipcio\/#primaryimage","inLanguage":"es","url":"https:\/\/www.adisart.com\/tienda\/wp-content\/uploads\/2017\/11\/P1080539.jpg","contentUrl":"https:\/\/www.adisart.com\/tienda\/wp-content\/uploads\/2017\/11\/P1080539.jpg","width":800,"height":600},{"@type":"WebPage","@id":"https:\/\/www.adisart.com\/tienda\/anillo-egipcio\/#webpage","url":"https:\/\/www.adisart.com\/tienda\/anillo-egipcio\/","name":"Anillo egipcio - ADISART","isPartOf":{"@id":"https:\/\/www.adisart.com\/tienda\/#website"},"primaryImageOfPage":{"@id":"https:\/\/www.adisart.com\/tienda\/anillo-egipcio\/#primaryimage"},"datePublished":"2017-11-13T07:45:29+00:00","dateModified":"2021-03-04T09:49:40+00:00","description":"Anillo Egipcio de plata de ley. Est\u00e1 decorado con unos jerogl\u00edficos en los que puede leerse: T\u00da ILUMINAS CADA TIERRA POR MEDIO DE TU BELLEZA. El anillo se hace a medida haciendo de este un regalo perfecto.\u00a0 Para parejas de anillos hacemos precios especiales. Podemos escribir cualquier mensaje en cualquier lengua o alfabeto. Las posibilidades de personalizar vuestro anillo son infinitas","breadcrumb":{"@id":"https:\/\/www.adisart.com\/tienda\/anillo-egipcio\/#breadcrumb"},"inLanguage":"es","potentialAction":[{"@type":"ReadAction","target":["https:\/\/www.adisart.com\/tienda\/anillo-egipcio\/"]}]},{"@type":"BreadcrumbList","@id":"https:\/\/www.adisart.com\/tienda\/anillo-egipcio\/#breadcrumb","itemListElement":[{"@type":"ListItem","position":1,"name":"Inicio","item":"https:\/\/www.adisart.com\/tienda\/"},{"@type":"ListItem","position":2,"name":"Tienda","item":"https:\/\/www.adisart.com\/tienda\/"},{"@type":"ListItem","position":3,"name":"Anillo egipcio"}]}]}},"_links":{"self":[{"href":"https:\/\/www.adisart.com\/tienda\/wp-json\/wp\/v2\/product\/3873"}],"collection":[{"href":"https:\/\/www.adisart.com\/tienda\/wp-json\/wp\/v2\/product"}],"about":[{"href":"https:\/\/www.adisart.com\/tienda\/wp-json\/wp\/v2\/types\/product"}],"replies":[{"embeddable":true,"href":"https:\/\/www.adisart.com\/tienda\/wp-json\/wp\/v2\/comments?post=3873"}],"wp:featuredmedia":[{"embeddable":true,"href":"https:\/\/www.adisart.com\/tienda\/wp-json\/wp\/v2\/media\/3876"}],"wp:attachment":[{"href":"https:\/\/www.adisart.com\/tienda\/wp-json\/wp\/v2\/media?parent=3873"}],"wp:term":[{"taxonomy":"product_cat","embeddable":true,"href":"https:\/\/www.adisart.com\/tienda\/wp-json\/wp\/v2\/product_cat?post=3873"},{"taxonomy":"product_tag","embeddable":true,"href":"https:\/\/www.adisart.com\/tienda\/wp-json\/wp\/v2\/product_tag?post=3873"}],"curies":[{"name":"wp","href":"https:\/\/api.w.org\/{rel}","templated":true}]}}