{"id":4118,"date":"2018-10-25T10:44:00","date_gmt":"2018-10-25T08:44:00","guid":{"rendered":"http:\/\/www.adisart.com\/tienda\/?post_type=product&#038;p=4118"},"modified":"2021-03-04T11:38:23","modified_gmt":"2021-03-04T09:38:23","slug":"amuleto-evig-elsker","status":"publish","type":"product","link":"https:\/\/www.adisart.com\/tienda\/amuleto-evig-elsker\/","title":{"rendered":"Amuleto EVIG ELSKER"},"content":{"rendered":"<p><img loading=\"lazy\" class=\"aligncenter size-medium wp-image-4119\" src=\"http:\/\/www.adisart.com\/tienda\/wp-content\/uploads\/2018\/10\/EVIG-ELSKER-300x300.jpg\" alt=\"\" width=\"300\" height=\"300\" srcset=\"https:\/\/www.adisart.com\/tienda\/wp-content\/uploads\/2018\/10\/EVIG-ELSKER-300x300.jpg 300w, https:\/\/www.adisart.com\/tienda\/wp-content\/uploads\/2018\/10\/EVIG-ELSKER-100x100.jpg 100w, https:\/\/www.adisart.com\/tienda\/wp-content\/uploads\/2018\/10\/EVIG-ELSKER-150x150.jpg 150w, https:\/\/www.adisart.com\/tienda\/wp-content\/uploads\/2018\/10\/EVIG-ELSKER-140x140.jpg 140w, https:\/\/www.adisart.com\/tienda\/wp-content\/uploads\/2018\/10\/EVIG-ELSKER.jpg 600w\" sizes=\"(max-width: 300px) 100vw, 300px\" \/><\/p>\n","protected":false},"excerpt":{"rendered":"<p>Amuleto realizado en zink mediante la fundici\u00f3n artesanal. El nombre Evig Elsker significa Amor Eterno. Las runas de los extremos son 2 nombres de 2 personas. Se talla manualmente cada amuleto con las runas escogidas. Es un s\u00edmbolo de uni\u00f3n entre una pareja o entre un abuelo y un nieto o una madre y su hijo. Los 2 colgantes son s\u00edmbolos de protecci\u00f3n para el hogar. Pueden sustituirse por otros para personalizar mas aun este producto. Sus dimensiones son 16 cms por 10 cms de altura<\/p>\n","protected":false},"featured_media":4119,"comment_status":"open","ping_status":"closed","template":"","meta":[],"product_cat":[628],"product_tag":[594,479,596,595,548,327,593,494],"yoast_head":"<!-- This site is optimized with the Yoast SEO plugin v17.2.1 - https:\/\/yoast.com\/wordpress\/plugins\/seo\/ -->\n<title>Amuleto EVIG ELSKER - ADISART<\/title>\n<meta name=\"description\" content=\"Amuleto realizado en zink mediante la fundici\u00f3n artesanal. El nombre Evig Elsker significa Amor Eterno. Las runas de los extremos son 2 nombres de 2 personas. Se talla manualmente cada amuleto con las runas escogidas. Es un s\u00edmbolo de uni\u00f3n entre una pareja o entre un abuelo y un nieto o una madre y su hijo. Los 2 colgantes son s\u00edmbolos de protecci\u00f3n para el hogar. Pueden sustituirse por otros para personalizar mas aun este producto. Sus dimensiones son 16 cms por 10 cms de altura\" \/>\n<meta name=\"robots\" content=\"index, follow, max-snippet:-1, max-image-preview:large, max-video-preview:-1\" \/>\n<link rel=\"canonical\" href=\"https:\/\/www.adisart.com\/tienda\/amuleto-evig-elsker\/\" \/>\n<meta property=\"og:locale\" content=\"es_ES\" \/>\n<meta property=\"og:type\" content=\"article\" \/>\n<meta property=\"og:title\" content=\"Amuleto EVIG ELSKER - ADISART\" \/>\n<meta property=\"og:description\" content=\"Amuleto realizado en zink mediante la fundici\u00f3n artesanal. El nombre Evig Elsker significa Amor Eterno. Las runas de los extremos son 2 nombres de 2 personas. Se talla manualmente cada amuleto con las runas escogidas. Es un s\u00edmbolo de uni\u00f3n entre una pareja o entre un abuelo y un nieto o una madre y su hijo. Los 2 colgantes son s\u00edmbolos de protecci\u00f3n para el hogar. Pueden sustituirse por otros para personalizar mas aun este producto. Sus dimensiones son 16 cms por 10 cms de altura\" \/>\n<meta property=\"og:url\" content=\"https:\/\/www.adisart.com\/tienda\/amuleto-evig-elsker\/\" \/>\n<meta property=\"og:site_name\" content=\"ADISART\" \/>\n<meta property=\"article:modified_time\" content=\"2021-03-04T09:38:23+00:00\" \/>\n<meta property=\"og:image\" content=\"https:\/\/www.adisart.com\/tienda\/wp-content\/uploads\/2018\/10\/EVIG-ELSKER.jpg\" \/>\n\t<meta property=\"og:image:width\" content=\"600\" \/>\n\t<meta property=\"og:image:height\" content=\"600\" \/>\n<meta name=\"twitter:card\" content=\"summary\" \/>\n<script type=\"application\/ld+json\" class=\"yoast-schema-graph\">{\"@context\":\"https:\/\/schema.org\",\"@graph\":[{\"@type\":\"WebSite\",\"@id\":\"https:\/\/www.adisart.com\/tienda\/#website\",\"url\":\"https:\/\/www.adisart.com\/tienda\/\",\"name\":\"ADISART\",\"description\":\"Creaciones art\\u00edsticas\",\"potentialAction\":[{\"@type\":\"SearchAction\",\"target\":{\"@type\":\"EntryPoint\",\"urlTemplate\":\"https:\/\/www.adisart.com\/tienda\/?s={search_term_string}\"},\"query-input\":\"required name=search_term_string\"}],\"inLanguage\":\"es\"},{\"@type\":\"ImageObject\",\"@id\":\"https:\/\/www.adisart.com\/tienda\/amuleto-evig-elsker\/#primaryimage\",\"inLanguage\":\"es\",\"url\":\"https:\/\/www.adisart.com\/tienda\/wp-content\/uploads\/2018\/10\/EVIG-ELSKER.jpg\",\"contentUrl\":\"https:\/\/www.adisart.com\/tienda\/wp-content\/uploads\/2018\/10\/EVIG-ELSKER.jpg\",\"width\":600,\"height\":600},{\"@type\":\"WebPage\",\"@id\":\"https:\/\/www.adisart.com\/tienda\/amuleto-evig-elsker\/#webpage\",\"url\":\"https:\/\/www.adisart.com\/tienda\/amuleto-evig-elsker\/\",\"name\":\"Amuleto EVIG ELSKER - ADISART\",\"isPartOf\":{\"@id\":\"https:\/\/www.adisart.com\/tienda\/#website\"},\"primaryImageOfPage\":{\"@id\":\"https:\/\/www.adisart.com\/tienda\/amuleto-evig-elsker\/#primaryimage\"},\"datePublished\":\"2018-10-25T08:44:00+00:00\",\"dateModified\":\"2021-03-04T09:38:23+00:00\",\"description\":\"Amuleto realizado en zink mediante la fundici\\u00f3n artesanal. El nombre Evig Elsker significa Amor Eterno. Las runas de los extremos son 2 nombres de 2 personas. Se talla manualmente cada amuleto con las runas escogidas. Es un s\\u00edmbolo de uni\\u00f3n entre una pareja o entre un abuelo y un nieto o una madre y su hijo. Los 2 colgantes son s\\u00edmbolos de protecci\\u00f3n para el hogar. Pueden sustituirse por otros para personalizar mas aun este producto. Sus dimensiones son 16 cms por 10 cms de altura\",\"breadcrumb\":{\"@id\":\"https:\/\/www.adisart.com\/tienda\/amuleto-evig-elsker\/#breadcrumb\"},\"inLanguage\":\"es\",\"potentialAction\":[{\"@type\":\"ReadAction\",\"target\":[\"https:\/\/www.adisart.com\/tienda\/amuleto-evig-elsker\/\"]}]},{\"@type\":\"BreadcrumbList\",\"@id\":\"https:\/\/www.adisart.com\/tienda\/amuleto-evig-elsker\/#breadcrumb\",\"itemListElement\":[{\"@type\":\"ListItem\",\"position\":1,\"name\":\"Inicio\",\"item\":\"https:\/\/www.adisart.com\/tienda\/\"},{\"@type\":\"ListItem\",\"position\":2,\"name\":\"Tienda\",\"item\":\"https:\/\/www.adisart.com\/tienda\/\"},{\"@type\":\"ListItem\",\"position\":3,\"name\":\"Amuleto EVIG ELSKER\"}]}]}<\/script>\n<!-- \/ Yoast SEO plugin. -->","yoast_head_json":{"title":"Amuleto EVIG ELSKER - ADISART","description":"Amuleto realizado en zink mediante la fundici\u00f3n artesanal. El nombre Evig Elsker significa Amor Eterno. Las runas de los extremos son 2 nombres de 2 personas. Se talla manualmente cada amuleto con las runas escogidas. Es un s\u00edmbolo de uni\u00f3n entre una pareja o entre un abuelo y un nieto o una madre y su hijo. Los 2 colgantes son s\u00edmbolos de protecci\u00f3n para el hogar. Pueden sustituirse por otros para personalizar mas aun este producto. Sus dimensiones son 16 cms por 10 cms de altura","robots":{"index":"index","follow":"follow","max-snippet":"max-snippet:-1","max-image-preview":"max-image-preview:large","max-video-preview":"max-video-preview:-1"},"canonical":"https:\/\/www.adisart.com\/tienda\/amuleto-evig-elsker\/","og_locale":"es_ES","og_type":"article","og_title":"Amuleto EVIG ELSKER - ADISART","og_description":"Amuleto realizado en zink mediante la fundici\u00f3n artesanal. El nombre Evig Elsker significa Amor Eterno. Las runas de los extremos son 2 nombres de 2 personas. Se talla manualmente cada amuleto con las runas escogidas. Es un s\u00edmbolo de uni\u00f3n entre una pareja o entre un abuelo y un nieto o una madre y su hijo. Los 2 colgantes son s\u00edmbolos de protecci\u00f3n para el hogar. Pueden sustituirse por otros para personalizar mas aun este producto. Sus dimensiones son 16 cms por 10 cms de altura","og_url":"https:\/\/www.adisart.com\/tienda\/amuleto-evig-elsker\/","og_site_name":"ADISART","article_modified_time":"2021-03-04T09:38:23+00:00","og_image":[{"width":600,"height":600,"url":"https:\/\/www.adisart.com\/tienda\/wp-content\/uploads\/2018\/10\/EVIG-ELSKER.jpg","path":"\/home\/adisart.com\/public_html\/tienda\/wp-content\/uploads\/2018\/10\/EVIG-ELSKER.jpg","size":"full","id":4119,"alt":"","pixels":360000,"type":"image\/jpeg"}],"twitter_card":"summary","schema":{"@context":"https:\/\/schema.org","@graph":[{"@type":"WebSite","@id":"https:\/\/www.adisart.com\/tienda\/#website","url":"https:\/\/www.adisart.com\/tienda\/","name":"ADISART","description":"Creaciones art\u00edsticas","potentialAction":[{"@type":"SearchAction","target":{"@type":"EntryPoint","urlTemplate":"https:\/\/www.adisart.com\/tienda\/?s={search_term_string}"},"query-input":"required name=search_term_string"}],"inLanguage":"es"},{"@type":"ImageObject","@id":"https:\/\/www.adisart.com\/tienda\/amuleto-evig-elsker\/#primaryimage","inLanguage":"es","url":"https:\/\/www.adisart.com\/tienda\/wp-content\/uploads\/2018\/10\/EVIG-ELSKER.jpg","contentUrl":"https:\/\/www.adisart.com\/tienda\/wp-content\/uploads\/2018\/10\/EVIG-ELSKER.jpg","width":600,"height":600},{"@type":"WebPage","@id":"https:\/\/www.adisart.com\/tienda\/amuleto-evig-elsker\/#webpage","url":"https:\/\/www.adisart.com\/tienda\/amuleto-evig-elsker\/","name":"Amuleto EVIG ELSKER - ADISART","isPartOf":{"@id":"https:\/\/www.adisart.com\/tienda\/#website"},"primaryImageOfPage":{"@id":"https:\/\/www.adisart.com\/tienda\/amuleto-evig-elsker\/#primaryimage"},"datePublished":"2018-10-25T08:44:00+00:00","dateModified":"2021-03-04T09:38:23+00:00","description":"Amuleto realizado en zink mediante la fundici\u00f3n artesanal. El nombre Evig Elsker significa Amor Eterno. Las runas de los extremos son 2 nombres de 2 personas. Se talla manualmente cada amuleto con las runas escogidas. Es un s\u00edmbolo de uni\u00f3n entre una pareja o entre un abuelo y un nieto o una madre y su hijo. Los 2 colgantes son s\u00edmbolos de protecci\u00f3n para el hogar. Pueden sustituirse por otros para personalizar mas aun este producto. Sus dimensiones son 16 cms por 10 cms de altura","breadcrumb":{"@id":"https:\/\/www.adisart.com\/tienda\/amuleto-evig-elsker\/#breadcrumb"},"inLanguage":"es","potentialAction":[{"@type":"ReadAction","target":["https:\/\/www.adisart.com\/tienda\/amuleto-evig-elsker\/"]}]},{"@type":"BreadcrumbList","@id":"https:\/\/www.adisart.com\/tienda\/amuleto-evig-elsker\/#breadcrumb","itemListElement":[{"@type":"ListItem","position":1,"name":"Inicio","item":"https:\/\/www.adisart.com\/tienda\/"},{"@type":"ListItem","position":2,"name":"Tienda","item":"https:\/\/www.adisart.com\/tienda\/"},{"@type":"ListItem","position":3,"name":"Amuleto EVIG ELSKER"}]}]}},"_links":{"self":[{"href":"https:\/\/www.adisart.com\/tienda\/wp-json\/wp\/v2\/product\/4118"}],"collection":[{"href":"https:\/\/www.adisart.com\/tienda\/wp-json\/wp\/v2\/product"}],"about":[{"href":"https:\/\/www.adisart.com\/tienda\/wp-json\/wp\/v2\/types\/product"}],"replies":[{"embeddable":true,"href":"https:\/\/www.adisart.com\/tienda\/wp-json\/wp\/v2\/comments?post=4118"}],"wp:featuredmedia":[{"embeddable":true,"href":"https:\/\/www.adisart.com\/tienda\/wp-json\/wp\/v2\/media\/4119"}],"wp:attachment":[{"href":"https:\/\/www.adisart.com\/tienda\/wp-json\/wp\/v2\/media?parent=4118"}],"wp:term":[{"taxonomy":"product_cat","embeddable":true,"href":"https:\/\/www.adisart.com\/tienda\/wp-json\/wp\/v2\/product_cat?post=4118"},{"taxonomy":"product_tag","embeddable":true,"href":"https:\/\/www.adisart.com\/tienda\/wp-json\/wp\/v2\/product_tag?post=4118"}],"curies":[{"name":"wp","href":"https:\/\/api.w.org\/{rel}","templated":true}]}}