{"id":4410,"date":"2019-09-10T08:49:59","date_gmt":"2019-09-10T06:49:59","guid":{"rendered":"http:\/\/www.adisart.com\/tienda\/?post_type=product&#038;p=4410"},"modified":"2021-03-04T11:38:23","modified_gmt":"2021-03-04T09:38:23","slug":"colgante-bygul-gato-vikingo","status":"publish","type":"product","link":"https:\/\/www.adisart.com\/tienda\/colgante-bygul-gato-vikingo\/","title":{"rendered":"Colgante Bygul-gato vikingo"},"content":{"rendered":"<p>Colgante tallado manualmente y despu\u00e9s fundido en zink con ba\u00f1o de plata. Tiene un tama\u00f1o de 5 cms de altura<img loading=\"lazy\" class=\"aligncenter size-medium wp-image-4411\" src=\"http:\/\/www.adisart.com\/tienda\/wp-content\/uploads\/2019\/09\/20190910_083847-286x300.jpg\" alt=\"\" width=\"286\" height=\"300\" srcset=\"https:\/\/www.adisart.com\/tienda\/wp-content\/uploads\/2019\/09\/20190910_083847-286x300.jpg 286w, https:\/\/www.adisart.com\/tienda\/wp-content\/uploads\/2019\/09\/20190910_083847.jpg 600w\" sizes=\"(max-width: 286px) 100vw, 286px\" \/><\/p>\n","protected":false},"excerpt":{"rendered":"<p>Los vikingos ten\u00edan una relacion muy especial con los gatos. Eran 2 gatos Bygul y Trjegul los que tiraban del carro de la diosa Freya. Se dice que en un drakkar siempre tenia que haber gatos, se cre\u00eda que daban buena suerte en las traves\u00edas y ademas manten\u00edan a ralla a los roedores. Los gatos estaban presentes en el dia a dia de las casas vikingas y eran muy apreciados en las largas noches de invierno. Seg\u00fan la tradici\u00f3n hay que alimentar bien a los gatos en las bodas, asi Freya bendecir\u00e1 la uni\u00f3n con felicidad y con hijos. Dicen que si alimentas bien a tu gato no llover\u00e1 el dia de la boda.<\/p>\n<p><img loading=\"lazy\" class=\"aligncenter size-medium wp-image-4412\" src=\"http:\/\/www.adisart.com\/tienda\/wp-content\/uploads\/2019\/09\/gato-vikingo-2-300x215.jpg\" alt=\"\" width=\"300\" height=\"215\" srcset=\"https:\/\/www.adisart.com\/tienda\/wp-content\/uploads\/2019\/09\/gato-vikingo-2-300x215.jpg 300w, https:\/\/www.adisart.com\/tienda\/wp-content\/uploads\/2019\/09\/gato-vikingo-2-600x431.jpg 600w, https:\/\/www.adisart.com\/tienda\/wp-content\/uploads\/2019\/09\/gato-vikingo-2-768x551.jpg 768w, https:\/\/www.adisart.com\/tienda\/wp-content\/uploads\/2019\/09\/gato-vikingo-2.jpg 800w\" sizes=\"(max-width: 300px) 100vw, 300px\" \/><\/p>\n","protected":false},"featured_media":4411,"comment_status":"open","ping_status":"closed","template":"","meta":[],"product_cat":[628],"product_tag":[429,606],"yoast_head":"<!-- This site is optimized with the Yoast SEO plugin v17.2.1 - https:\/\/yoast.com\/wordpress\/plugins\/seo\/ -->\n<title>Colgante Bygul-gato vikingo - ADISART<\/title>\n<meta name=\"description\" content=\"Los vikingos ten\u00edan una relacion muy especial con los gatos. Eran 2 gatos Bygul y Trjegul los que tiraban del carro de la diosa Freya. Se dice que en un drakkar siempre tenia que haber gatos, se cre\u00eda que daban buena suerte en las traves\u00edas y ademas manten\u00edan a ralla a los roedores. Los gatos estaban presentes en el dia a dia de las casas vikingas y eran muy apreciados en las largas noches de invierno. Seg\u00fan la tradici\u00f3n hay que alimentar bien a los gatos en las bodas, asi Freya bendecir\u00e1 la uni\u00f3n con felicidad y con hijos. Dicen que si alimentas bien a tu gato no llover\u00e1 el dia de la boda.\" \/>\n<meta name=\"robots\" content=\"index, follow, max-snippet:-1, max-image-preview:large, max-video-preview:-1\" \/>\n<link rel=\"canonical\" href=\"https:\/\/www.adisart.com\/tienda\/colgante-bygul-gato-vikingo\/\" \/>\n<meta property=\"og:locale\" content=\"es_ES\" \/>\n<meta property=\"og:type\" content=\"article\" \/>\n<meta property=\"og:title\" content=\"Colgante Bygul-gato vikingo - ADISART\" \/>\n<meta property=\"og:description\" content=\"Los vikingos ten\u00edan una relacion muy especial con los gatos. Eran 2 gatos Bygul y Trjegul los que tiraban del carro de la diosa Freya. Se dice que en un drakkar siempre tenia que haber gatos, se cre\u00eda que daban buena suerte en las traves\u00edas y ademas manten\u00edan a ralla a los roedores. Los gatos estaban presentes en el dia a dia de las casas vikingas y eran muy apreciados en las largas noches de invierno. Seg\u00fan la tradici\u00f3n hay que alimentar bien a los gatos en las bodas, asi Freya bendecir\u00e1 la uni\u00f3n con felicidad y con hijos. Dicen que si alimentas bien a tu gato no llover\u00e1 el dia de la boda.\" \/>\n<meta property=\"og:url\" content=\"https:\/\/www.adisart.com\/tienda\/colgante-bygul-gato-vikingo\/\" \/>\n<meta property=\"og:site_name\" content=\"ADISART\" \/>\n<meta property=\"article:modified_time\" content=\"2021-03-04T09:38:23+00:00\" \/>\n<meta property=\"og:image\" content=\"https:\/\/www.adisart.com\/tienda\/wp-content\/uploads\/2019\/09\/20190910_083847.jpg\" \/>\n\t<meta property=\"og:image:width\" content=\"600\" \/>\n\t<meta property=\"og:image:height\" content=\"629\" \/>\n<meta name=\"twitter:card\" content=\"summary\" \/>\n<script type=\"application\/ld+json\" class=\"yoast-schema-graph\">{\"@context\":\"https:\/\/schema.org\",\"@graph\":[{\"@type\":\"WebSite\",\"@id\":\"https:\/\/www.adisart.com\/tienda\/#website\",\"url\":\"https:\/\/www.adisart.com\/tienda\/\",\"name\":\"ADISART\",\"description\":\"Creaciones art\\u00edsticas\",\"potentialAction\":[{\"@type\":\"SearchAction\",\"target\":{\"@type\":\"EntryPoint\",\"urlTemplate\":\"https:\/\/www.adisart.com\/tienda\/?s={search_term_string}\"},\"query-input\":\"required name=search_term_string\"}],\"inLanguage\":\"es\"},{\"@type\":\"ImageObject\",\"@id\":\"https:\/\/www.adisart.com\/tienda\/colgante-bygul-gato-vikingo\/#primaryimage\",\"inLanguage\":\"es\",\"url\":\"https:\/\/www.adisart.com\/tienda\/wp-content\/uploads\/2019\/09\/20190910_083847.jpg\",\"contentUrl\":\"https:\/\/www.adisart.com\/tienda\/wp-content\/uploads\/2019\/09\/20190910_083847.jpg\",\"width\":600,\"height\":629},{\"@type\":\"WebPage\",\"@id\":\"https:\/\/www.adisart.com\/tienda\/colgante-bygul-gato-vikingo\/#webpage\",\"url\":\"https:\/\/www.adisart.com\/tienda\/colgante-bygul-gato-vikingo\/\",\"name\":\"Colgante Bygul-gato vikingo - ADISART\",\"isPartOf\":{\"@id\":\"https:\/\/www.adisart.com\/tienda\/#website\"},\"primaryImageOfPage\":{\"@id\":\"https:\/\/www.adisart.com\/tienda\/colgante-bygul-gato-vikingo\/#primaryimage\"},\"datePublished\":\"2019-09-10T06:49:59+00:00\",\"dateModified\":\"2021-03-04T09:38:23+00:00\",\"description\":\"Los vikingos ten\\u00edan una relacion muy especial con los gatos. Eran 2 gatos Bygul y Trjegul los que tiraban del carro de la diosa Freya. Se dice que en un drakkar siempre tenia que haber gatos, se cre\\u00eda que daban buena suerte en las traves\\u00edas y ademas manten\\u00edan a ralla a los roedores. Los gatos estaban presentes en el dia a dia de las casas vikingas y eran muy apreciados en las largas noches de invierno. Seg\\u00fan la tradici\\u00f3n hay que alimentar bien a los gatos en las bodas, asi Freya bendecir\\u00e1 la uni\\u00f3n con felicidad y con hijos. Dicen que si alimentas bien a tu gato no llover\\u00e1 el dia de la boda.\",\"breadcrumb\":{\"@id\":\"https:\/\/www.adisart.com\/tienda\/colgante-bygul-gato-vikingo\/#breadcrumb\"},\"inLanguage\":\"es\",\"potentialAction\":[{\"@type\":\"ReadAction\",\"target\":[\"https:\/\/www.adisart.com\/tienda\/colgante-bygul-gato-vikingo\/\"]}]},{\"@type\":\"BreadcrumbList\",\"@id\":\"https:\/\/www.adisart.com\/tienda\/colgante-bygul-gato-vikingo\/#breadcrumb\",\"itemListElement\":[{\"@type\":\"ListItem\",\"position\":1,\"name\":\"Inicio\",\"item\":\"https:\/\/www.adisart.com\/tienda\/\"},{\"@type\":\"ListItem\",\"position\":2,\"name\":\"Tienda\",\"item\":\"https:\/\/www.adisart.com\/tienda\/\"},{\"@type\":\"ListItem\",\"position\":3,\"name\":\"Colgante Bygul-gato vikingo\"}]}]}<\/script>\n<!-- \/ Yoast SEO plugin. -->","yoast_head_json":{"title":"Colgante Bygul-gato vikingo - ADISART","description":"Los vikingos ten\u00edan una relacion muy especial con los gatos. Eran 2 gatos Bygul y Trjegul los que tiraban del carro de la diosa Freya. Se dice que en un drakkar siempre tenia que haber gatos, se cre\u00eda que daban buena suerte en las traves\u00edas y ademas manten\u00edan a ralla a los roedores. Los gatos estaban presentes en el dia a dia de las casas vikingas y eran muy apreciados en las largas noches de invierno. Seg\u00fan la tradici\u00f3n hay que alimentar bien a los gatos en las bodas, asi Freya bendecir\u00e1 la uni\u00f3n con felicidad y con hijos. Dicen que si alimentas bien a tu gato no llover\u00e1 el dia de la boda.","robots":{"index":"index","follow":"follow","max-snippet":"max-snippet:-1","max-image-preview":"max-image-preview:large","max-video-preview":"max-video-preview:-1"},"canonical":"https:\/\/www.adisart.com\/tienda\/colgante-bygul-gato-vikingo\/","og_locale":"es_ES","og_type":"article","og_title":"Colgante Bygul-gato vikingo - ADISART","og_description":"Los vikingos ten\u00edan una relacion muy especial con los gatos. Eran 2 gatos Bygul y Trjegul los que tiraban del carro de la diosa Freya. Se dice que en un drakkar siempre tenia que haber gatos, se cre\u00eda que daban buena suerte en las traves\u00edas y ademas manten\u00edan a ralla a los roedores. Los gatos estaban presentes en el dia a dia de las casas vikingas y eran muy apreciados en las largas noches de invierno. Seg\u00fan la tradici\u00f3n hay que alimentar bien a los gatos en las bodas, asi Freya bendecir\u00e1 la uni\u00f3n con felicidad y con hijos. Dicen que si alimentas bien a tu gato no llover\u00e1 el dia de la boda.","og_url":"https:\/\/www.adisart.com\/tienda\/colgante-bygul-gato-vikingo\/","og_site_name":"ADISART","article_modified_time":"2021-03-04T09:38:23+00:00","og_image":[{"width":600,"height":629,"url":"https:\/\/www.adisart.com\/tienda\/wp-content\/uploads\/2019\/09\/20190910_083847.jpg","path":"\/home\/adisart.com\/public_html\/tienda\/wp-content\/uploads\/2019\/09\/20190910_083847.jpg","size":"full","id":4411,"alt":"","pixels":377400,"type":"image\/jpeg"}],"twitter_card":"summary","schema":{"@context":"https:\/\/schema.org","@graph":[{"@type":"WebSite","@id":"https:\/\/www.adisart.com\/tienda\/#website","url":"https:\/\/www.adisart.com\/tienda\/","name":"ADISART","description":"Creaciones art\u00edsticas","potentialAction":[{"@type":"SearchAction","target":{"@type":"EntryPoint","urlTemplate":"https:\/\/www.adisart.com\/tienda\/?s={search_term_string}"},"query-input":"required name=search_term_string"}],"inLanguage":"es"},{"@type":"ImageObject","@id":"https:\/\/www.adisart.com\/tienda\/colgante-bygul-gato-vikingo\/#primaryimage","inLanguage":"es","url":"https:\/\/www.adisart.com\/tienda\/wp-content\/uploads\/2019\/09\/20190910_083847.jpg","contentUrl":"https:\/\/www.adisart.com\/tienda\/wp-content\/uploads\/2019\/09\/20190910_083847.jpg","width":600,"height":629},{"@type":"WebPage","@id":"https:\/\/www.adisart.com\/tienda\/colgante-bygul-gato-vikingo\/#webpage","url":"https:\/\/www.adisart.com\/tienda\/colgante-bygul-gato-vikingo\/","name":"Colgante Bygul-gato vikingo - ADISART","isPartOf":{"@id":"https:\/\/www.adisart.com\/tienda\/#website"},"primaryImageOfPage":{"@id":"https:\/\/www.adisart.com\/tienda\/colgante-bygul-gato-vikingo\/#primaryimage"},"datePublished":"2019-09-10T06:49:59+00:00","dateModified":"2021-03-04T09:38:23+00:00","description":"Los vikingos ten\u00edan una relacion muy especial con los gatos. Eran 2 gatos Bygul y Trjegul los que tiraban del carro de la diosa Freya. Se dice que en un drakkar siempre tenia que haber gatos, se cre\u00eda que daban buena suerte en las traves\u00edas y ademas manten\u00edan a ralla a los roedores. Los gatos estaban presentes en el dia a dia de las casas vikingas y eran muy apreciados en las largas noches de invierno. Seg\u00fan la tradici\u00f3n hay que alimentar bien a los gatos en las bodas, asi Freya bendecir\u00e1 la uni\u00f3n con felicidad y con hijos. Dicen que si alimentas bien a tu gato no llover\u00e1 el dia de la boda.","breadcrumb":{"@id":"https:\/\/www.adisart.com\/tienda\/colgante-bygul-gato-vikingo\/#breadcrumb"},"inLanguage":"es","potentialAction":[{"@type":"ReadAction","target":["https:\/\/www.adisart.com\/tienda\/colgante-bygul-gato-vikingo\/"]}]},{"@type":"BreadcrumbList","@id":"https:\/\/www.adisart.com\/tienda\/colgante-bygul-gato-vikingo\/#breadcrumb","itemListElement":[{"@type":"ListItem","position":1,"name":"Inicio","item":"https:\/\/www.adisart.com\/tienda\/"},{"@type":"ListItem","position":2,"name":"Tienda","item":"https:\/\/www.adisart.com\/tienda\/"},{"@type":"ListItem","position":3,"name":"Colgante Bygul-gato vikingo"}]}]}},"_links":{"self":[{"href":"https:\/\/www.adisart.com\/tienda\/wp-json\/wp\/v2\/product\/4410"}],"collection":[{"href":"https:\/\/www.adisart.com\/tienda\/wp-json\/wp\/v2\/product"}],"about":[{"href":"https:\/\/www.adisart.com\/tienda\/wp-json\/wp\/v2\/types\/product"}],"replies":[{"embeddable":true,"href":"https:\/\/www.adisart.com\/tienda\/wp-json\/wp\/v2\/comments?post=4410"}],"wp:featuredmedia":[{"embeddable":true,"href":"https:\/\/www.adisart.com\/tienda\/wp-json\/wp\/v2\/media\/4411"}],"wp:attachment":[{"href":"https:\/\/www.adisart.com\/tienda\/wp-json\/wp\/v2\/media?parent=4410"}],"wp:term":[{"taxonomy":"product_cat","embeddable":true,"href":"https:\/\/www.adisart.com\/tienda\/wp-json\/wp\/v2\/product_cat?post=4410"},{"taxonomy":"product_tag","embeddable":true,"href":"https:\/\/www.adisart.com\/tienda\/wp-json\/wp\/v2\/product_tag?post=4410"}],"curies":[{"name":"wp","href":"https:\/\/api.w.org\/{rel}","templated":true}]}}