{"id":4653,"date":"2021-03-04T14:39:32","date_gmt":"2021-03-04T12:39:32","guid":{"rendered":"https:\/\/www.adisart.com\/tienda\/?post_type=product&#038;p=4653"},"modified":"2021-03-04T14:41:20","modified_gmt":"2021-03-04T12:41:20","slug":"arca-tolkien","status":"publish","type":"product","link":"https:\/\/www.adisart.com\/tienda\/arca-tolkien\/","title":{"rendered":"Arca Tolkien"},"content":{"rendered":"<p><img loading=\"lazy\" class=\"aligncenter size-medium wp-image-4654\" src=\"https:\/\/www.adisart.com\/tienda\/wp-content\/uploads\/2021\/03\/20210304_130511-01-296x300.jpeg\" alt=\"\" width=\"296\" height=\"300\" srcset=\"https:\/\/www.adisart.com\/tienda\/wp-content\/uploads\/2021\/03\/20210304_130511-01-296x300.jpeg 296w, https:\/\/www.adisart.com\/tienda\/wp-content\/uploads\/2021\/03\/20210304_130511-01-100x100.jpeg 100w, https:\/\/www.adisart.com\/tienda\/wp-content\/uploads\/2021\/03\/20210304_130511-01.jpeg 600w\" sizes=\"(max-width: 296px) 100vw, 296px\" \/> <img loading=\"lazy\" class=\"aligncenter size-medium wp-image-4655\" src=\"https:\/\/www.adisart.com\/tienda\/wp-content\/uploads\/2021\/03\/20210304_130531-225x300.jpg\" alt=\"\" width=\"225\" height=\"300\" srcset=\"https:\/\/www.adisart.com\/tienda\/wp-content\/uploads\/2021\/03\/20210304_130531-225x300.jpg 225w, https:\/\/www.adisart.com\/tienda\/wp-content\/uploads\/2021\/03\/20210304_130531.jpg 600w\" sizes=\"(max-width: 225px) 100vw, 225px\" \/> <img loading=\"lazy\" class=\"aligncenter size-medium wp-image-4656\" src=\"https:\/\/www.adisart.com\/tienda\/wp-content\/uploads\/2021\/03\/20210304_130540-225x300.jpg\" alt=\"\" width=\"225\" height=\"300\" srcset=\"https:\/\/www.adisart.com\/tienda\/wp-content\/uploads\/2021\/03\/20210304_130540-225x300.jpg 225w, https:\/\/www.adisart.com\/tienda\/wp-content\/uploads\/2021\/03\/20210304_130540.jpg 600w\" sizes=\"(max-width: 225px) 100vw, 225px\" \/> <img loading=\"lazy\" class=\"aligncenter size-medium wp-image-4657\" src=\"https:\/\/www.adisart.com\/tienda\/wp-content\/uploads\/2021\/03\/20210304_130557-01-256x300.jpeg\" alt=\"\" width=\"256\" height=\"300\" srcset=\"https:\/\/www.adisart.com\/tienda\/wp-content\/uploads\/2021\/03\/20210304_130557-01-256x300.jpeg 256w, https:\/\/www.adisart.com\/tienda\/wp-content\/uploads\/2021\/03\/20210304_130557-01.jpeg 600w\" sizes=\"(max-width: 256px) 100vw, 256px\" \/><\/p>\n","protected":false},"excerpt":{"rendered":"<p>Arca de madera de 21*21*34 cms. Inspirada en el escritor JRR Tolkien, autor entre otros libros de El se\u00f1or de los anillos o El Hobbit. La madera est\u00e1 trabajada manualmente con mucho cuidado para darle un toque envejecido. Las piezas met\u00e1licas est\u00e1n fundidas de modo artesano en zink. Podemos hacer los cambios que quer\u00e1is. De este modo pod\u00e9is crear vuestra arca totalmente personalizada. Se pueden alterar las dimensiones o el tipo de adornos, se pueden grabar unas runas distintas o dar un color diferente al metal. El l\u00edmite es vuestra imaginaci\u00f3n.<\/p>\n","protected":false},"featured_media":4654,"comment_status":"open","ping_status":"closed","template":"","meta":[],"product_cat":[629],"product_tag":[640,638,639,641,637,636,635,571,634,497,414],"yoast_head":"<!-- This site is optimized with the Yoast SEO plugin v17.2.1 - https:\/\/yoast.com\/wordpress\/plugins\/seo\/ -->\n<title>Arca Tolkien - ADISART<\/title>\n<meta name=\"description\" content=\"Arca de madera de 21*21*34 cms. Inspirada en el escritor JRR Tolkien, autor entre otros libros de El se\u00f1or de los anillos o El Hobbit. La madera est\u00e1 trabajada manualmente con mucho cuidado para darle un toque envejecido. Las piezas met\u00e1licas est\u00e1n fundidas de modo artesano en zink. Podemos hacer los cambios que quer\u00e1is. De este modo pod\u00e9is crear vuestra arca totalmente personalizada. Se pueden alterar las dimensiones o el tipo de adornos, se pueden grabar unas runas distintas o dar un color diferente al metal. El l\u00edmite es vuestra imaginaci\u00f3n.\" \/>\n<meta name=\"robots\" content=\"index, follow, max-snippet:-1, max-image-preview:large, max-video-preview:-1\" \/>\n<link rel=\"canonical\" href=\"https:\/\/www.adisart.com\/tienda\/arca-tolkien\/\" \/>\n<meta property=\"og:locale\" content=\"es_ES\" \/>\n<meta property=\"og:type\" content=\"article\" \/>\n<meta property=\"og:title\" content=\"Arca Tolkien - ADISART\" \/>\n<meta property=\"og:description\" content=\"Arca de madera de 21*21*34 cms. Inspirada en el escritor JRR Tolkien, autor entre otros libros de El se\u00f1or de los anillos o El Hobbit. La madera est\u00e1 trabajada manualmente con mucho cuidado para darle un toque envejecido. Las piezas met\u00e1licas est\u00e1n fundidas de modo artesano en zink. Podemos hacer los cambios que quer\u00e1is. De este modo pod\u00e9is crear vuestra arca totalmente personalizada. Se pueden alterar las dimensiones o el tipo de adornos, se pueden grabar unas runas distintas o dar un color diferente al metal. El l\u00edmite es vuestra imaginaci\u00f3n.\" \/>\n<meta property=\"og:url\" content=\"https:\/\/www.adisart.com\/tienda\/arca-tolkien\/\" \/>\n<meta property=\"og:site_name\" content=\"ADISART\" \/>\n<meta property=\"article:modified_time\" content=\"2021-03-04T12:41:20+00:00\" \/>\n<meta property=\"og:image\" content=\"https:\/\/www.adisart.com\/tienda\/wp-content\/uploads\/2021\/03\/20210304_130511-01.jpeg\" \/>\n\t<meta property=\"og:image:width\" content=\"600\" \/>\n\t<meta property=\"og:image:height\" content=\"608\" \/>\n<meta name=\"twitter:card\" content=\"summary\" \/>\n<meta name=\"twitter:label1\" content=\"Tiempo de lectura\" \/>\n\t<meta name=\"twitter:data1\" content=\"1 minuto\" \/>\n<script type=\"application\/ld+json\" class=\"yoast-schema-graph\">{\"@context\":\"https:\/\/schema.org\",\"@graph\":[{\"@type\":\"WebSite\",\"@id\":\"https:\/\/www.adisart.com\/tienda\/#website\",\"url\":\"https:\/\/www.adisart.com\/tienda\/\",\"name\":\"ADISART\",\"description\":\"Creaciones art\\u00edsticas\",\"potentialAction\":[{\"@type\":\"SearchAction\",\"target\":{\"@type\":\"EntryPoint\",\"urlTemplate\":\"https:\/\/www.adisart.com\/tienda\/?s={search_term_string}\"},\"query-input\":\"required name=search_term_string\"}],\"inLanguage\":\"es\"},{\"@type\":\"ImageObject\",\"@id\":\"https:\/\/www.adisart.com\/tienda\/arca-tolkien\/#primaryimage\",\"inLanguage\":\"es\",\"url\":\"https:\/\/www.adisart.com\/tienda\/wp-content\/uploads\/2021\/03\/20210304_130511-01.jpeg\",\"contentUrl\":\"https:\/\/www.adisart.com\/tienda\/wp-content\/uploads\/2021\/03\/20210304_130511-01.jpeg\",\"width\":600,\"height\":608},{\"@type\":\"WebPage\",\"@id\":\"https:\/\/www.adisart.com\/tienda\/arca-tolkien\/#webpage\",\"url\":\"https:\/\/www.adisart.com\/tienda\/arca-tolkien\/\",\"name\":\"Arca Tolkien - ADISART\",\"isPartOf\":{\"@id\":\"https:\/\/www.adisart.com\/tienda\/#website\"},\"primaryImageOfPage\":{\"@id\":\"https:\/\/www.adisart.com\/tienda\/arca-tolkien\/#primaryimage\"},\"datePublished\":\"2021-03-04T12:39:32+00:00\",\"dateModified\":\"2021-03-04T12:41:20+00:00\",\"description\":\"Arca de madera de 21*21*34 cms. Inspirada en el escritor JRR Tolkien, autor entre otros libros de El se\\u00f1or de los anillos o El Hobbit. La madera est\\u00e1 trabajada manualmente con mucho cuidado para darle un toque envejecido. Las piezas met\\u00e1licas est\\u00e1n fundidas de modo artesano en zink. Podemos hacer los cambios que quer\\u00e1is. De este modo pod\\u00e9is crear vuestra arca totalmente personalizada. Se pueden alterar las dimensiones o el tipo de adornos, se pueden grabar unas runas distintas o dar un color diferente al metal. El l\\u00edmite es vuestra imaginaci\\u00f3n.\",\"breadcrumb\":{\"@id\":\"https:\/\/www.adisart.com\/tienda\/arca-tolkien\/#breadcrumb\"},\"inLanguage\":\"es\",\"potentialAction\":[{\"@type\":\"ReadAction\",\"target\":[\"https:\/\/www.adisart.com\/tienda\/arca-tolkien\/\"]}]},{\"@type\":\"BreadcrumbList\",\"@id\":\"https:\/\/www.adisart.com\/tienda\/arca-tolkien\/#breadcrumb\",\"itemListElement\":[{\"@type\":\"ListItem\",\"position\":1,\"name\":\"Inicio\",\"item\":\"https:\/\/www.adisart.com\/tienda\/\"},{\"@type\":\"ListItem\",\"position\":2,\"name\":\"Tienda\",\"item\":\"https:\/\/www.adisart.com\/tienda\/\"},{\"@type\":\"ListItem\",\"position\":3,\"name\":\"Arca Tolkien\"}]}]}<\/script>\n<!-- \/ Yoast SEO plugin. -->","yoast_head_json":{"title":"Arca Tolkien - ADISART","description":"Arca de madera de 21*21*34 cms. Inspirada en el escritor JRR Tolkien, autor entre otros libros de El se\u00f1or de los anillos o El Hobbit. La madera est\u00e1 trabajada manualmente con mucho cuidado para darle un toque envejecido. Las piezas met\u00e1licas est\u00e1n fundidas de modo artesano en zink. Podemos hacer los cambios que quer\u00e1is. De este modo pod\u00e9is crear vuestra arca totalmente personalizada. Se pueden alterar las dimensiones o el tipo de adornos, se pueden grabar unas runas distintas o dar un color diferente al metal. El l\u00edmite es vuestra imaginaci\u00f3n.","robots":{"index":"index","follow":"follow","max-snippet":"max-snippet:-1","max-image-preview":"max-image-preview:large","max-video-preview":"max-video-preview:-1"},"canonical":"https:\/\/www.adisart.com\/tienda\/arca-tolkien\/","og_locale":"es_ES","og_type":"article","og_title":"Arca Tolkien - ADISART","og_description":"Arca de madera de 21*21*34 cms. Inspirada en el escritor JRR Tolkien, autor entre otros libros de El se\u00f1or de los anillos o El Hobbit. La madera est\u00e1 trabajada manualmente con mucho cuidado para darle un toque envejecido. Las piezas met\u00e1licas est\u00e1n fundidas de modo artesano en zink. Podemos hacer los cambios que quer\u00e1is. De este modo pod\u00e9is crear vuestra arca totalmente personalizada. Se pueden alterar las dimensiones o el tipo de adornos, se pueden grabar unas runas distintas o dar un color diferente al metal. El l\u00edmite es vuestra imaginaci\u00f3n.","og_url":"https:\/\/www.adisart.com\/tienda\/arca-tolkien\/","og_site_name":"ADISART","article_modified_time":"2021-03-04T12:41:20+00:00","og_image":[{"width":600,"height":608,"url":"https:\/\/www.adisart.com\/tienda\/wp-content\/uploads\/2021\/03\/20210304_130511-01.jpeg","path":"\/home\/adisart.com\/public_html\/tienda\/wp-content\/uploads\/2021\/03\/20210304_130511-01.jpeg","size":"full","id":4654,"alt":"","pixels":364800,"type":"image\/jpeg"}],"twitter_card":"summary","twitter_misc":{"Tiempo de lectura":"1 minuto"},"schema":{"@context":"https:\/\/schema.org","@graph":[{"@type":"WebSite","@id":"https:\/\/www.adisart.com\/tienda\/#website","url":"https:\/\/www.adisart.com\/tienda\/","name":"ADISART","description":"Creaciones art\u00edsticas","potentialAction":[{"@type":"SearchAction","target":{"@type":"EntryPoint","urlTemplate":"https:\/\/www.adisart.com\/tienda\/?s={search_term_string}"},"query-input":"required name=search_term_string"}],"inLanguage":"es"},{"@type":"ImageObject","@id":"https:\/\/www.adisart.com\/tienda\/arca-tolkien\/#primaryimage","inLanguage":"es","url":"https:\/\/www.adisart.com\/tienda\/wp-content\/uploads\/2021\/03\/20210304_130511-01.jpeg","contentUrl":"https:\/\/www.adisart.com\/tienda\/wp-content\/uploads\/2021\/03\/20210304_130511-01.jpeg","width":600,"height":608},{"@type":"WebPage","@id":"https:\/\/www.adisart.com\/tienda\/arca-tolkien\/#webpage","url":"https:\/\/www.adisart.com\/tienda\/arca-tolkien\/","name":"Arca Tolkien - ADISART","isPartOf":{"@id":"https:\/\/www.adisart.com\/tienda\/#website"},"primaryImageOfPage":{"@id":"https:\/\/www.adisart.com\/tienda\/arca-tolkien\/#primaryimage"},"datePublished":"2021-03-04T12:39:32+00:00","dateModified":"2021-03-04T12:41:20+00:00","description":"Arca de madera de 21*21*34 cms. Inspirada en el escritor JRR Tolkien, autor entre otros libros de El se\u00f1or de los anillos o El Hobbit. La madera est\u00e1 trabajada manualmente con mucho cuidado para darle un toque envejecido. Las piezas met\u00e1licas est\u00e1n fundidas de modo artesano en zink. Podemos hacer los cambios que quer\u00e1is. De este modo pod\u00e9is crear vuestra arca totalmente personalizada. Se pueden alterar las dimensiones o el tipo de adornos, se pueden grabar unas runas distintas o dar un color diferente al metal. El l\u00edmite es vuestra imaginaci\u00f3n.","breadcrumb":{"@id":"https:\/\/www.adisart.com\/tienda\/arca-tolkien\/#breadcrumb"},"inLanguage":"es","potentialAction":[{"@type":"ReadAction","target":["https:\/\/www.adisart.com\/tienda\/arca-tolkien\/"]}]},{"@type":"BreadcrumbList","@id":"https:\/\/www.adisart.com\/tienda\/arca-tolkien\/#breadcrumb","itemListElement":[{"@type":"ListItem","position":1,"name":"Inicio","item":"https:\/\/www.adisart.com\/tienda\/"},{"@type":"ListItem","position":2,"name":"Tienda","item":"https:\/\/www.adisart.com\/tienda\/"},{"@type":"ListItem","position":3,"name":"Arca Tolkien"}]}]}},"_links":{"self":[{"href":"https:\/\/www.adisart.com\/tienda\/wp-json\/wp\/v2\/product\/4653"}],"collection":[{"href":"https:\/\/www.adisart.com\/tienda\/wp-json\/wp\/v2\/product"}],"about":[{"href":"https:\/\/www.adisart.com\/tienda\/wp-json\/wp\/v2\/types\/product"}],"replies":[{"embeddable":true,"href":"https:\/\/www.adisart.com\/tienda\/wp-json\/wp\/v2\/comments?post=4653"}],"wp:featuredmedia":[{"embeddable":true,"href":"https:\/\/www.adisart.com\/tienda\/wp-json\/wp\/v2\/media\/4654"}],"wp:attachment":[{"href":"https:\/\/www.adisart.com\/tienda\/wp-json\/wp\/v2\/media?parent=4653"}],"wp:term":[{"taxonomy":"product_cat","embeddable":true,"href":"https:\/\/www.adisart.com\/tienda\/wp-json\/wp\/v2\/product_cat?post=4653"},{"taxonomy":"product_tag","embeddable":true,"href":"https:\/\/www.adisart.com\/tienda\/wp-json\/wp\/v2\/product_tag?post=4653"}],"curies":[{"name":"wp","href":"https:\/\/api.w.org\/{rel}","templated":true}]}}