{"id":4707,"date":"2021-04-28T13:07:38","date_gmt":"2021-04-28T11:07:38","guid":{"rendered":"https:\/\/www.adisart.com\/tienda\/?post_type=product&#038;p=4707"},"modified":"2024-10-16T07:22:48","modified_gmt":"2024-10-16T05:22:48","slug":"dodecaedro-romano","status":"publish","type":"product","link":"https:\/\/www.adisart.com\/tienda\/dodecaedro-romano\/","title":{"rendered":"Dodecaedro Romano"},"content":{"rendered":"<p>Os presentamos este curioso objeto de la antiguedad. Es un misterioso artilugio romano. Es una replica de los muchos que han aparecido en excavaciones por gran parte de Europa.\u00a0 Mide 7 cms de altura. Tiene 12 caras y todas son distintas, presentan agujeros con di\u00e1metros y dise\u00f1os distintos. Lo hemos realizado en lat\u00f3n con la t\u00e9cnica de la cera perdida . Mucho se ha discutido sobre la utilidad de estos artefactos. Hay m\u00faltiples teor\u00edas pero ninguna es concluyente. Hay quien habla de que serv\u00edan para medir distancias. Hay quien piensa que eran un tipo de calibre. Hay que sugiere se usaban para tejer prendas de lana, amuleto, juegos de azar&#8230;.<\/p>\n<p><img loading=\"lazy\" class=\"aligncenter size-medium wp-image-4708\" src=\"https:\/\/www.adisart.com\/tienda\/wp-content\/uploads\/2021\/04\/dodecaedros-romanos-300x235.jpeg\" alt=\"\" width=\"300\" height=\"235\" srcset=\"https:\/\/www.adisart.com\/tienda\/wp-content\/uploads\/2021\/04\/dodecaedros-romanos-300x235.jpeg 300w, https:\/\/www.adisart.com\/tienda\/wp-content\/uploads\/2021\/04\/dodecaedros-romanos-1024x803.jpeg 1024w, https:\/\/www.adisart.com\/tienda\/wp-content\/uploads\/2021\/04\/dodecaedros-romanos-768x602.jpeg 768w, https:\/\/www.adisart.com\/tienda\/wp-content\/uploads\/2021\/04\/dodecaedros-romanos-1536x1204.jpeg 1536w, https:\/\/www.adisart.com\/tienda\/wp-content\/uploads\/2021\/04\/dodecaedros-romanos-2048x1605.jpeg 2048w, https:\/\/www.adisart.com\/tienda\/wp-content\/uploads\/2021\/04\/dodecaedros-romanos-600x470.jpeg 600w\" sizes=\"(max-width: 300px) 100vw, 300px\" \/><\/p>\n","protected":false},"excerpt":{"rendered":"<p>Os presentamos este curioso objeto de la antiguedad. Es un misterioso artilugio romano. Es una replica de los muchos que han aparecido en excavaciones por gran parte de Europa.\u00a0 Mide 7 cms de altura. Tiene 12 caras y todas son distintas, presentan agujeros con di\u00e1metros y dise\u00f1os distintos. Lo hemos realizado en lat\u00f3n con la [&hellip;]<\/p>\n","protected":false},"featured_media":4708,"comment_status":"open","ping_status":"closed","template":"","meta":[],"product_cat":[629],"product_tag":[429,644,584,646,645],"yoast_head":"<!-- This site is optimized with the Yoast SEO plugin v17.2.1 - https:\/\/yoast.com\/wordpress\/plugins\/seo\/ -->\n<title>Dodecaedro Romano - ADISART<\/title>\n<meta name=\"description\" content=\"Os presentamos este curioso objeto de la antiguedad. Es un misterioso artilugio romano. Es una replica de los muchos que han aparecido en excavaciones por\" \/>\n<meta name=\"robots\" content=\"index, follow, max-snippet:-1, max-image-preview:large, max-video-preview:-1\" \/>\n<link rel=\"canonical\" href=\"https:\/\/www.adisart.com\/tienda\/dodecaedro-romano\/\" \/>\n<meta property=\"og:locale\" content=\"es_ES\" \/>\n<meta property=\"og:type\" content=\"article\" \/>\n<meta property=\"og:title\" content=\"Dodecaedro Romano - ADISART\" \/>\n<meta property=\"og:description\" content=\"Os presentamos este curioso objeto de la antiguedad. Es un misterioso artilugio romano. Es una replica de los muchos que han aparecido en excavaciones por\" \/>\n<meta property=\"og:url\" content=\"https:\/\/www.adisart.com\/tienda\/dodecaedro-romano\/\" \/>\n<meta property=\"og:site_name\" content=\"ADISART\" \/>\n<meta property=\"article:modified_time\" content=\"2024-10-16T05:22:48+00:00\" \/>\n<meta property=\"og:image\" content=\"https:\/\/www.adisart.com\/tienda\/wp-content\/uploads\/2021\/04\/dodecaedros-romanos-scaled.jpeg\" \/>\n\t<meta property=\"og:image:width\" content=\"2560\" \/>\n\t<meta property=\"og:image:height\" content=\"2006\" \/>\n<meta name=\"twitter:card\" content=\"summary\" \/>\n<meta name=\"twitter:label1\" content=\"Tiempo de lectura\" \/>\n\t<meta name=\"twitter:data1\" content=\"1 minuto\" \/>\n<script type=\"application\/ld+json\" class=\"yoast-schema-graph\">{\"@context\":\"https:\/\/schema.org\",\"@graph\":[{\"@type\":\"WebSite\",\"@id\":\"https:\/\/www.adisart.com\/tienda\/#website\",\"url\":\"https:\/\/www.adisart.com\/tienda\/\",\"name\":\"ADISART\",\"description\":\"Creaciones art\\u00edsticas\",\"potentialAction\":[{\"@type\":\"SearchAction\",\"target\":{\"@type\":\"EntryPoint\",\"urlTemplate\":\"https:\/\/www.adisart.com\/tienda\/?s={search_term_string}\"},\"query-input\":\"required name=search_term_string\"}],\"inLanguage\":\"es\"},{\"@type\":\"ImageObject\",\"@id\":\"https:\/\/www.adisart.com\/tienda\/dodecaedro-romano\/#primaryimage\",\"inLanguage\":\"es\",\"url\":\"https:\/\/www.adisart.com\/tienda\/wp-content\/uploads\/2021\/04\/dodecaedros-romanos-scaled.jpeg\",\"contentUrl\":\"https:\/\/www.adisart.com\/tienda\/wp-content\/uploads\/2021\/04\/dodecaedros-romanos-scaled.jpeg\",\"width\":2560,\"height\":2006},{\"@type\":\"WebPage\",\"@id\":\"https:\/\/www.adisart.com\/tienda\/dodecaedro-romano\/#webpage\",\"url\":\"https:\/\/www.adisart.com\/tienda\/dodecaedro-romano\/\",\"name\":\"Dodecaedro Romano - ADISART\",\"isPartOf\":{\"@id\":\"https:\/\/www.adisart.com\/tienda\/#website\"},\"primaryImageOfPage\":{\"@id\":\"https:\/\/www.adisart.com\/tienda\/dodecaedro-romano\/#primaryimage\"},\"datePublished\":\"2021-04-28T11:07:38+00:00\",\"dateModified\":\"2024-10-16T05:22:48+00:00\",\"description\":\"Os presentamos este curioso objeto de la antiguedad. Es un misterioso artilugio romano. Es una replica de los muchos que han aparecido en excavaciones por\",\"breadcrumb\":{\"@id\":\"https:\/\/www.adisart.com\/tienda\/dodecaedro-romano\/#breadcrumb\"},\"inLanguage\":\"es\",\"potentialAction\":[{\"@type\":\"ReadAction\",\"target\":[\"https:\/\/www.adisart.com\/tienda\/dodecaedro-romano\/\"]}]},{\"@type\":\"BreadcrumbList\",\"@id\":\"https:\/\/www.adisart.com\/tienda\/dodecaedro-romano\/#breadcrumb\",\"itemListElement\":[{\"@type\":\"ListItem\",\"position\":1,\"name\":\"Inicio\",\"item\":\"https:\/\/www.adisart.com\/tienda\/\"},{\"@type\":\"ListItem\",\"position\":2,\"name\":\"Tienda\",\"item\":\"https:\/\/www.adisart.com\/tienda\/\"},{\"@type\":\"ListItem\",\"position\":3,\"name\":\"Dodecaedro Romano\"}]}]}<\/script>\n<!-- \/ Yoast SEO plugin. -->","yoast_head_json":{"title":"Dodecaedro Romano - ADISART","description":"Os presentamos este curioso objeto de la antiguedad. Es un misterioso artilugio romano. Es una replica de los muchos que han aparecido en excavaciones por","robots":{"index":"index","follow":"follow","max-snippet":"max-snippet:-1","max-image-preview":"max-image-preview:large","max-video-preview":"max-video-preview:-1"},"canonical":"https:\/\/www.adisart.com\/tienda\/dodecaedro-romano\/","og_locale":"es_ES","og_type":"article","og_title":"Dodecaedro Romano - ADISART","og_description":"Os presentamos este curioso objeto de la antiguedad. Es un misterioso artilugio romano. Es una replica de los muchos que han aparecido en excavaciones por","og_url":"https:\/\/www.adisart.com\/tienda\/dodecaedro-romano\/","og_site_name":"ADISART","article_modified_time":"2024-10-16T05:22:48+00:00","og_image":[{"width":2560,"height":2006,"url":"https:\/\/www.adisart.com\/tienda\/wp-content\/uploads\/2021\/04\/dodecaedros-romanos-scaled.jpeg","path":"\/home\/adisart.com\/public_html\/tienda\/wp-content\/uploads\/2021\/04\/dodecaedros-romanos-scaled.jpeg","size":"full","id":4708,"alt":"","pixels":5135360,"type":"image\/jpeg"}],"twitter_card":"summary","twitter_misc":{"Tiempo de lectura":"1 minuto"},"schema":{"@context":"https:\/\/schema.org","@graph":[{"@type":"WebSite","@id":"https:\/\/www.adisart.com\/tienda\/#website","url":"https:\/\/www.adisart.com\/tienda\/","name":"ADISART","description":"Creaciones art\u00edsticas","potentialAction":[{"@type":"SearchAction","target":{"@type":"EntryPoint","urlTemplate":"https:\/\/www.adisart.com\/tienda\/?s={search_term_string}"},"query-input":"required name=search_term_string"}],"inLanguage":"es"},{"@type":"ImageObject","@id":"https:\/\/www.adisart.com\/tienda\/dodecaedro-romano\/#primaryimage","inLanguage":"es","url":"https:\/\/www.adisart.com\/tienda\/wp-content\/uploads\/2021\/04\/dodecaedros-romanos-scaled.jpeg","contentUrl":"https:\/\/www.adisart.com\/tienda\/wp-content\/uploads\/2021\/04\/dodecaedros-romanos-scaled.jpeg","width":2560,"height":2006},{"@type":"WebPage","@id":"https:\/\/www.adisart.com\/tienda\/dodecaedro-romano\/#webpage","url":"https:\/\/www.adisart.com\/tienda\/dodecaedro-romano\/","name":"Dodecaedro Romano - ADISART","isPartOf":{"@id":"https:\/\/www.adisart.com\/tienda\/#website"},"primaryImageOfPage":{"@id":"https:\/\/www.adisart.com\/tienda\/dodecaedro-romano\/#primaryimage"},"datePublished":"2021-04-28T11:07:38+00:00","dateModified":"2024-10-16T05:22:48+00:00","description":"Os presentamos este curioso objeto de la antiguedad. Es un misterioso artilugio romano. Es una replica de los muchos que han aparecido en excavaciones por","breadcrumb":{"@id":"https:\/\/www.adisart.com\/tienda\/dodecaedro-romano\/#breadcrumb"},"inLanguage":"es","potentialAction":[{"@type":"ReadAction","target":["https:\/\/www.adisart.com\/tienda\/dodecaedro-romano\/"]}]},{"@type":"BreadcrumbList","@id":"https:\/\/www.adisart.com\/tienda\/dodecaedro-romano\/#breadcrumb","itemListElement":[{"@type":"ListItem","position":1,"name":"Inicio","item":"https:\/\/www.adisart.com\/tienda\/"},{"@type":"ListItem","position":2,"name":"Tienda","item":"https:\/\/www.adisart.com\/tienda\/"},{"@type":"ListItem","position":3,"name":"Dodecaedro Romano"}]}]}},"_links":{"self":[{"href":"https:\/\/www.adisart.com\/tienda\/wp-json\/wp\/v2\/product\/4707"}],"collection":[{"href":"https:\/\/www.adisart.com\/tienda\/wp-json\/wp\/v2\/product"}],"about":[{"href":"https:\/\/www.adisart.com\/tienda\/wp-json\/wp\/v2\/types\/product"}],"replies":[{"embeddable":true,"href":"https:\/\/www.adisart.com\/tienda\/wp-json\/wp\/v2\/comments?post=4707"}],"wp:featuredmedia":[{"embeddable":true,"href":"https:\/\/www.adisart.com\/tienda\/wp-json\/wp\/v2\/media\/4708"}],"wp:attachment":[{"href":"https:\/\/www.adisart.com\/tienda\/wp-json\/wp\/v2\/media?parent=4707"}],"wp:term":[{"taxonomy":"product_cat","embeddable":true,"href":"https:\/\/www.adisart.com\/tienda\/wp-json\/wp\/v2\/product_cat?post=4707"},{"taxonomy":"product_tag","embeddable":true,"href":"https:\/\/www.adisart.com\/tienda\/wp-json\/wp\/v2\/product_tag?post=4707"}],"curies":[{"name":"wp","href":"https:\/\/api.w.org\/{rel}","templated":true}]}}