{"id":4880,"date":"2022-12-23T12:40:45","date_gmt":"2022-12-23T10:40:45","guid":{"rendered":"https:\/\/www.adisart.com\/tienda\/?post_type=product&#038;p=4880"},"modified":"2022-12-23T12:42:22","modified_gmt":"2022-12-23T10:42:22","slug":"mano-de-irulegi","status":"publish","type":"product","link":"https:\/\/www.adisart.com\/tienda\/mano-de-irulegi\/","title":{"rendered":"Mano de Irulegi"},"content":{"rendered":"<p><img loading=\"lazy\" class=\"aligncenter size-medium wp-image-4882\" src=\"https:\/\/www.adisart.com\/tienda\/wp-content\/uploads\/2022\/12\/984bc964-7152-4148-af8a-60e0c91e04c6-263x300.jpg\" alt=\"\" width=\"263\" height=\"300\" srcset=\"https:\/\/www.adisart.com\/tienda\/wp-content\/uploads\/2022\/12\/984bc964-7152-4148-af8a-60e0c91e04c6-263x300.jpg 263w, https:\/\/www.adisart.com\/tienda\/wp-content\/uploads\/2022\/12\/984bc964-7152-4148-af8a-60e0c91e04c6-898x1024.jpg 898w, https:\/\/www.adisart.com\/tienda\/wp-content\/uploads\/2022\/12\/984bc964-7152-4148-af8a-60e0c91e04c6-768x876.jpg 768w, https:\/\/www.adisart.com\/tienda\/wp-content\/uploads\/2022\/12\/984bc964-7152-4148-af8a-60e0c91e04c6-1347x1536.jpg 1347w, https:\/\/www.adisart.com\/tienda\/wp-content\/uploads\/2022\/12\/984bc964-7152-4148-af8a-60e0c91e04c6-600x684.jpg 600w, https:\/\/www.adisart.com\/tienda\/wp-content\/uploads\/2022\/12\/984bc964-7152-4148-af8a-60e0c91e04c6.jpg 1796w\" sizes=\"(max-width: 263px) 100vw, 263px\" \/><\/p>\n","protected":false},"excerpt":{"rendered":"<p>La\u00a0<b>mano de Irulegui <\/b>es una pieza arqueol\u00f3gica hallada en un yacimiento del poblado de la Edad de hierro, siglo I a. C, situado al pie de las ruinas del Castillo de Irulegui en Laquidain, valle de Aranguren, cerca de Pamplona.<\/p>\n<p>La transcripci\u00f3n de los caracteres hallados en la pieza ha dado el resultado de poder entender la primera palabra desde la similitud con el euskera actual, seg\u00fan la interpretaci\u00f3n de los ling\u00fcistas Javier Gorrochategui y Javier velaza.\u00a0Dicha palabra se transcribe como \u00ab<i>SORIONEKU<\/i>\u00bb, relacionada con el actual\u00a0<i>zorioneko,<\/i>\u00a0que en castellano es \u00abdichoso, afortunado\u00bb. El resto del texto todav\u00eda est\u00e1 sin descifrar.<\/p>\n<p>Hemos hecho una reproducci\u00f3n en lat\u00f3n mediante la t\u00e9cnica de la cera perdida. Tiene un tama\u00f1o de unos 5 cms<\/p>\n","protected":false},"featured_media":4882,"comment_status":"open","ping_status":"closed","template":"","meta":[],"product_cat":[628,630],"product_tag":[652,433,650,651,583],"yoast_head":"<!-- This site is optimized with the Yoast SEO plugin v17.2.1 - https:\/\/yoast.com\/wordpress\/plugins\/seo\/ -->\n<title>Mano de Irulegi - ADISART<\/title>\n<meta name=\"description\" content=\"La\u00a0mano de Irulegui es una pieza arqueol\u00f3gica hallada en un yacimiento del poblado de la Edad de hierro, siglo I a. C, situado al pie de las ruinas del Castillo de Irulegui en Laquidain, valle de Aranguren, cerca de Pamplona.  La transcripci\u00f3n de los caracteres hallados en la pieza ha dado el resultado de poder entender la primera palabra desde la similitud con el euskera actual, seg\u00fan la interpretaci\u00f3n de los ling\u00fcistas Javier Gorrochategui y Javier velaza.\u00a0Dicha palabra se transcribe como \u00abSORIONEKU\u00bb, relacionada con el actual\u00a0zorioneko,\u00a0que en castellano es \u00abdichoso, afortunado\u00bb. El resto del texto todav\u00eda est\u00e1 sin descifrar.  Hemos hecho una reproducci\u00f3n en lat\u00f3n mediante la t\u00e9cnica de la cera perdida. Tiene un tama\u00f1o de unos 5 cms\" \/>\n<meta name=\"robots\" content=\"index, follow, max-snippet:-1, max-image-preview:large, max-video-preview:-1\" \/>\n<link rel=\"canonical\" href=\"https:\/\/www.adisart.com\/tienda\/mano-de-irulegi\/\" \/>\n<meta property=\"og:locale\" content=\"es_ES\" \/>\n<meta property=\"og:type\" content=\"article\" \/>\n<meta property=\"og:title\" content=\"Mano de Irulegi - ADISART\" \/>\n<meta property=\"og:description\" content=\"La\u00a0mano de Irulegui es una pieza arqueol\u00f3gica hallada en un yacimiento del poblado de la Edad de hierro, siglo I a. C, situado al pie de las ruinas del Castillo de Irulegui en Laquidain, valle de Aranguren, cerca de Pamplona.  La transcripci\u00f3n de los caracteres hallados en la pieza ha dado el resultado de poder entender la primera palabra desde la similitud con el euskera actual, seg\u00fan la interpretaci\u00f3n de los ling\u00fcistas Javier Gorrochategui y Javier velaza.\u00a0Dicha palabra se transcribe como \u00abSORIONEKU\u00bb, relacionada con el actual\u00a0zorioneko,\u00a0que en castellano es \u00abdichoso, afortunado\u00bb. El resto del texto todav\u00eda est\u00e1 sin descifrar.  Hemos hecho una reproducci\u00f3n en lat\u00f3n mediante la t\u00e9cnica de la cera perdida. Tiene un tama\u00f1o de unos 5 cms\" \/>\n<meta property=\"og:url\" content=\"https:\/\/www.adisart.com\/tienda\/mano-de-irulegi\/\" \/>\n<meta property=\"og:site_name\" content=\"ADISART\" \/>\n<meta property=\"article:modified_time\" content=\"2022-12-23T10:42:22+00:00\" \/>\n<meta property=\"og:image\" content=\"https:\/\/www.adisart.com\/tienda\/wp-content\/uploads\/2022\/12\/984bc964-7152-4148-af8a-60e0c91e04c6.jpg\" \/>\n\t<meta property=\"og:image:width\" content=\"1796\" \/>\n\t<meta property=\"og:image:height\" content=\"2048\" \/>\n<meta name=\"twitter:card\" content=\"summary\" \/>\n<script type=\"application\/ld+json\" class=\"yoast-schema-graph\">{\"@context\":\"https:\/\/schema.org\",\"@graph\":[{\"@type\":\"WebSite\",\"@id\":\"https:\/\/www.adisart.com\/tienda\/#website\",\"url\":\"https:\/\/www.adisart.com\/tienda\/\",\"name\":\"ADISART\",\"description\":\"Creaciones art\\u00edsticas\",\"potentialAction\":[{\"@type\":\"SearchAction\",\"target\":{\"@type\":\"EntryPoint\",\"urlTemplate\":\"https:\/\/www.adisart.com\/tienda\/?s={search_term_string}\"},\"query-input\":\"required name=search_term_string\"}],\"inLanguage\":\"es\"},{\"@type\":\"ImageObject\",\"@id\":\"https:\/\/www.adisart.com\/tienda\/mano-de-irulegi\/#primaryimage\",\"inLanguage\":\"es\",\"url\":\"https:\/\/www.adisart.com\/tienda\/wp-content\/uploads\/2022\/12\/984bc964-7152-4148-af8a-60e0c91e04c6.jpg\",\"contentUrl\":\"https:\/\/www.adisart.com\/tienda\/wp-content\/uploads\/2022\/12\/984bc964-7152-4148-af8a-60e0c91e04c6.jpg\",\"width\":1796,\"height\":2048},{\"@type\":\"WebPage\",\"@id\":\"https:\/\/www.adisart.com\/tienda\/mano-de-irulegi\/#webpage\",\"url\":\"https:\/\/www.adisart.com\/tienda\/mano-de-irulegi\/\",\"name\":\"Mano de Irulegi - ADISART\",\"isPartOf\":{\"@id\":\"https:\/\/www.adisart.com\/tienda\/#website\"},\"primaryImageOfPage\":{\"@id\":\"https:\/\/www.adisart.com\/tienda\/mano-de-irulegi\/#primaryimage\"},\"datePublished\":\"2022-12-23T10:40:45+00:00\",\"dateModified\":\"2022-12-23T10:42:22+00:00\",\"description\":\"La\\u00a0mano de Irulegui es una pieza arqueol\\u00f3gica hallada en un yacimiento del poblado de la Edad de hierro, siglo I a. C, situado al pie de las ruinas del Castillo de Irulegui en Laquidain, valle de Aranguren, cerca de Pamplona. La transcripci\\u00f3n de los caracteres hallados en la pieza ha dado el resultado de poder entender la primera palabra desde la similitud con el euskera actual, seg\\u00fan la interpretaci\\u00f3n de los ling\\u00fcistas Javier Gorrochategui y Javier velaza.\\u00a0Dicha palabra se transcribe como \\u00abSORIONEKU\\u00bb, relacionada con el actual\\u00a0zorioneko,\\u00a0que en castellano es \\u00abdichoso, afortunado\\u00bb. El resto del texto todav\\u00eda est\\u00e1 sin descifrar. Hemos hecho una reproducci\\u00f3n en lat\\u00f3n mediante la t\\u00e9cnica de la cera perdida. Tiene un tama\\u00f1o de unos 5 cms\",\"breadcrumb\":{\"@id\":\"https:\/\/www.adisart.com\/tienda\/mano-de-irulegi\/#breadcrumb\"},\"inLanguage\":\"es\",\"potentialAction\":[{\"@type\":\"ReadAction\",\"target\":[\"https:\/\/www.adisart.com\/tienda\/mano-de-irulegi\/\"]}]},{\"@type\":\"BreadcrumbList\",\"@id\":\"https:\/\/www.adisart.com\/tienda\/mano-de-irulegi\/#breadcrumb\",\"itemListElement\":[{\"@type\":\"ListItem\",\"position\":1,\"name\":\"Inicio\",\"item\":\"https:\/\/www.adisart.com\/tienda\/\"},{\"@type\":\"ListItem\",\"position\":2,\"name\":\"Tienda\",\"item\":\"https:\/\/www.adisart.com\/tienda\/\"},{\"@type\":\"ListItem\",\"position\":3,\"name\":\"Mano de Irulegi\"}]}]}<\/script>\n<!-- \/ Yoast SEO plugin. -->","yoast_head_json":{"title":"Mano de Irulegi - ADISART","description":"La\u00a0mano de Irulegui es una pieza arqueol\u00f3gica hallada en un yacimiento del poblado de la Edad de hierro, siglo I a. C, situado al pie de las ruinas del Castillo de Irulegui en Laquidain, valle de Aranguren, cerca de Pamplona.  La transcripci\u00f3n de los caracteres hallados en la pieza ha dado el resultado de poder entender la primera palabra desde la similitud con el euskera actual, seg\u00fan la interpretaci\u00f3n de los ling\u00fcistas Javier Gorrochategui y Javier velaza.\u00a0Dicha palabra se transcribe como \u00abSORIONEKU\u00bb, relacionada con el actual\u00a0zorioneko,\u00a0que en castellano es \u00abdichoso, afortunado\u00bb. El resto del texto todav\u00eda est\u00e1 sin descifrar.  Hemos hecho una reproducci\u00f3n en lat\u00f3n mediante la t\u00e9cnica de la cera perdida. Tiene un tama\u00f1o de unos 5 cms","robots":{"index":"index","follow":"follow","max-snippet":"max-snippet:-1","max-image-preview":"max-image-preview:large","max-video-preview":"max-video-preview:-1"},"canonical":"https:\/\/www.adisart.com\/tienda\/mano-de-irulegi\/","og_locale":"es_ES","og_type":"article","og_title":"Mano de Irulegi - ADISART","og_description":"La\u00a0mano de Irulegui es una pieza arqueol\u00f3gica hallada en un yacimiento del poblado de la Edad de hierro, siglo I a. C, situado al pie de las ruinas del Castillo de Irulegui en Laquidain, valle de Aranguren, cerca de Pamplona.  La transcripci\u00f3n de los caracteres hallados en la pieza ha dado el resultado de poder entender la primera palabra desde la similitud con el euskera actual, seg\u00fan la interpretaci\u00f3n de los ling\u00fcistas Javier Gorrochategui y Javier velaza.\u00a0Dicha palabra se transcribe como \u00abSORIONEKU\u00bb, relacionada con el actual\u00a0zorioneko,\u00a0que en castellano es \u00abdichoso, afortunado\u00bb. El resto del texto todav\u00eda est\u00e1 sin descifrar.  Hemos hecho una reproducci\u00f3n en lat\u00f3n mediante la t\u00e9cnica de la cera perdida. Tiene un tama\u00f1o de unos 5 cms","og_url":"https:\/\/www.adisart.com\/tienda\/mano-de-irulegi\/","og_site_name":"ADISART","article_modified_time":"2022-12-23T10:42:22+00:00","og_image":[{"width":1796,"height":2048,"url":"https:\/\/www.adisart.com\/tienda\/wp-content\/uploads\/2022\/12\/984bc964-7152-4148-af8a-60e0c91e04c6.jpg","path":"\/home\/adisart.com\/public_html\/tienda\/wp-content\/uploads\/2022\/12\/984bc964-7152-4148-af8a-60e0c91e04c6.jpg","size":"full","id":4882,"alt":"","pixels":3678208,"type":"image\/jpeg"}],"twitter_card":"summary","schema":{"@context":"https:\/\/schema.org","@graph":[{"@type":"WebSite","@id":"https:\/\/www.adisart.com\/tienda\/#website","url":"https:\/\/www.adisart.com\/tienda\/","name":"ADISART","description":"Creaciones art\u00edsticas","potentialAction":[{"@type":"SearchAction","target":{"@type":"EntryPoint","urlTemplate":"https:\/\/www.adisart.com\/tienda\/?s={search_term_string}"},"query-input":"required name=search_term_string"}],"inLanguage":"es"},{"@type":"ImageObject","@id":"https:\/\/www.adisart.com\/tienda\/mano-de-irulegi\/#primaryimage","inLanguage":"es","url":"https:\/\/www.adisart.com\/tienda\/wp-content\/uploads\/2022\/12\/984bc964-7152-4148-af8a-60e0c91e04c6.jpg","contentUrl":"https:\/\/www.adisart.com\/tienda\/wp-content\/uploads\/2022\/12\/984bc964-7152-4148-af8a-60e0c91e04c6.jpg","width":1796,"height":2048},{"@type":"WebPage","@id":"https:\/\/www.adisart.com\/tienda\/mano-de-irulegi\/#webpage","url":"https:\/\/www.adisart.com\/tienda\/mano-de-irulegi\/","name":"Mano de Irulegi - ADISART","isPartOf":{"@id":"https:\/\/www.adisart.com\/tienda\/#website"},"primaryImageOfPage":{"@id":"https:\/\/www.adisart.com\/tienda\/mano-de-irulegi\/#primaryimage"},"datePublished":"2022-12-23T10:40:45+00:00","dateModified":"2022-12-23T10:42:22+00:00","description":"La\u00a0mano de Irulegui es una pieza arqueol\u00f3gica hallada en un yacimiento del poblado de la Edad de hierro, siglo I a. C, situado al pie de las ruinas del Castillo de Irulegui en Laquidain, valle de Aranguren, cerca de Pamplona. La transcripci\u00f3n de los caracteres hallados en la pieza ha dado el resultado de poder entender la primera palabra desde la similitud con el euskera actual, seg\u00fan la interpretaci\u00f3n de los ling\u00fcistas Javier Gorrochategui y Javier velaza.\u00a0Dicha palabra se transcribe como \u00abSORIONEKU\u00bb, relacionada con el actual\u00a0zorioneko,\u00a0que en castellano es \u00abdichoso, afortunado\u00bb. El resto del texto todav\u00eda est\u00e1 sin descifrar. Hemos hecho una reproducci\u00f3n en lat\u00f3n mediante la t\u00e9cnica de la cera perdida. Tiene un tama\u00f1o de unos 5 cms","breadcrumb":{"@id":"https:\/\/www.adisart.com\/tienda\/mano-de-irulegi\/#breadcrumb"},"inLanguage":"es","potentialAction":[{"@type":"ReadAction","target":["https:\/\/www.adisart.com\/tienda\/mano-de-irulegi\/"]}]},{"@type":"BreadcrumbList","@id":"https:\/\/www.adisart.com\/tienda\/mano-de-irulegi\/#breadcrumb","itemListElement":[{"@type":"ListItem","position":1,"name":"Inicio","item":"https:\/\/www.adisart.com\/tienda\/"},{"@type":"ListItem","position":2,"name":"Tienda","item":"https:\/\/www.adisart.com\/tienda\/"},{"@type":"ListItem","position":3,"name":"Mano de Irulegi"}]}]}},"_links":{"self":[{"href":"https:\/\/www.adisart.com\/tienda\/wp-json\/wp\/v2\/product\/4880"}],"collection":[{"href":"https:\/\/www.adisart.com\/tienda\/wp-json\/wp\/v2\/product"}],"about":[{"href":"https:\/\/www.adisart.com\/tienda\/wp-json\/wp\/v2\/types\/product"}],"replies":[{"embeddable":true,"href":"https:\/\/www.adisart.com\/tienda\/wp-json\/wp\/v2\/comments?post=4880"}],"wp:featuredmedia":[{"embeddable":true,"href":"https:\/\/www.adisart.com\/tienda\/wp-json\/wp\/v2\/media\/4882"}],"wp:attachment":[{"href":"https:\/\/www.adisart.com\/tienda\/wp-json\/wp\/v2\/media?parent=4880"}],"wp:term":[{"taxonomy":"product_cat","embeddable":true,"href":"https:\/\/www.adisart.com\/tienda\/wp-json\/wp\/v2\/product_cat?post=4880"},{"taxonomy":"product_tag","embeddable":true,"href":"https:\/\/www.adisart.com\/tienda\/wp-json\/wp\/v2\/product_tag?post=4880"}],"curies":[{"name":"wp","href":"https:\/\/api.w.org\/{rel}","templated":true}]}}