{"id":4968,"date":"2024-01-26T10:03:27","date_gmt":"2024-01-26T08:03:27","guid":{"rendered":"https:\/\/www.adisart.com\/tienda\/?post_type=product&#038;p=4968"},"modified":"2024-01-26T10:03:27","modified_gmt":"2024-01-26T08:03:27","slug":"pareja-vikinga-personalizada","status":"publish","type":"product","link":"https:\/\/www.adisart.com\/tienda\/pareja-vikinga-personalizada\/","title":{"rendered":"Pareja Vikinga Personalizada"},"content":{"rendered":"<p><img loading=\"lazy\" class=\"aligncenter size-medium wp-image-4969\" src=\"https:\/\/www.adisart.com\/tienda\/wp-content\/uploads\/2024\/01\/PAREJA-VIKINGA-PIEZA-225x300.jpg\" alt=\"\" width=\"225\" height=\"300\" \/><img loading=\"lazy\" class=\"aligncenter size-medium wp-image-4970\" src=\"https:\/\/www.adisart.com\/tienda\/wp-content\/uploads\/2024\/01\/pareja-vikinga-con-mano-259x300.jpg\" alt=\"\" width=\"259\" height=\"300\" srcset=\"https:\/\/www.adisart.com\/tienda\/wp-content\/uploads\/2024\/01\/pareja-vikinga-con-mano-259x300.jpg 259w, https:\/\/www.adisart.com\/tienda\/wp-content\/uploads\/2024\/01\/pareja-vikinga-con-mano-883x1024.jpg 883w, https:\/\/www.adisart.com\/tienda\/wp-content\/uploads\/2024\/01\/pareja-vikinga-con-mano-768x890.jpg 768w, https:\/\/www.adisart.com\/tienda\/wp-content\/uploads\/2024\/01\/pareja-vikinga-con-mano-1325x1536.jpg 1325w, https:\/\/www.adisart.com\/tienda\/wp-content\/uploads\/2024\/01\/pareja-vikinga-con-mano-600x696.jpg 600w, https:\/\/www.adisart.com\/tienda\/wp-content\/uploads\/2024\/01\/pareja-vikinga-con-mano.jpg 1526w\" sizes=\"(max-width: 259px) 100vw, 259px\" \/><\/p>\n","protected":false},"excerpt":{"rendered":"<p>Esta pieza es un marco fundido manualmente en zink. Tiene unas dimensiones de 23&#215;13 cms. El marco est\u00e1 formado por un nudo infinito simbolizando el amor perpetuo. En el interior se puede ver una pareja vikinga. En las runas que lleva el vikingo se puede leer FAMILIA y en las que lleva la vikinga AMOR. Toda la pieza est\u00e1 llena de runas poderosas de protecci\u00f3n . En la parte inferior lleva una inscripci\u00f3n donde grabaremos en runas los nombres que quer\u00e1is.<\/p>\n","protected":false},"featured_media":4969,"comment_status":"open","ping_status":"closed","template":"","meta":[],"product_cat":[629],"product_tag":[594,479,320],"yoast_head":"<!-- This site is optimized with the Yoast SEO plugin v17.2.1 - https:\/\/yoast.com\/wordpress\/plugins\/seo\/ -->\n<title>Pareja Vikinga Personalizada - ADISART<\/title>\n<meta name=\"description\" content=\"Esta pieza es un marco fundido manualmente en zink. Tiene unas dimensiones de 23x13 cms. El marco est\u00e1 formado por un nudo infinito simbolizando el amor perpetuo. En el interior se puede ver una pareja vikinga. En las runas que lleva el vikingo se puede leer FAMILIA y en las que lleva la vikinga AMOR. Toda la pieza est\u00e1 llena de runas poderosas de protecci\u00f3n . En la parte inferior lleva una inscripci\u00f3n donde grabaremos en runas los nombres que quer\u00e1is.\" \/>\n<meta name=\"robots\" content=\"index, follow, max-snippet:-1, max-image-preview:large, max-video-preview:-1\" \/>\n<link rel=\"canonical\" href=\"https:\/\/www.adisart.com\/tienda\/pareja-vikinga-personalizada\/\" \/>\n<meta property=\"og:locale\" content=\"es_ES\" \/>\n<meta property=\"og:type\" content=\"article\" \/>\n<meta property=\"og:title\" content=\"Pareja Vikinga Personalizada - ADISART\" \/>\n<meta property=\"og:description\" content=\"Esta pieza es un marco fundido manualmente en zink. Tiene unas dimensiones de 23x13 cms. El marco est\u00e1 formado por un nudo infinito simbolizando el amor perpetuo. En el interior se puede ver una pareja vikinga. En las runas que lleva el vikingo se puede leer FAMILIA y en las que lleva la vikinga AMOR. Toda la pieza est\u00e1 llena de runas poderosas de protecci\u00f3n . En la parte inferior lleva una inscripci\u00f3n donde grabaremos en runas los nombres que quer\u00e1is.\" \/>\n<meta property=\"og:url\" content=\"https:\/\/www.adisart.com\/tienda\/pareja-vikinga-personalizada\/\" \/>\n<meta property=\"og:site_name\" content=\"ADISART\" \/>\n<meta property=\"og:image\" content=\"https:\/\/www.adisart.com\/tienda\/wp-content\/uploads\/2024\/01\/PAREJA-VIKINGA-PIEZA-e1706255351238.jpg\" \/>\n\t<meta property=\"og:image:width\" content=\"1000\" \/>\n\t<meta property=\"og:image:height\" content=\"1333\" \/>\n<meta name=\"twitter:card\" content=\"summary\" \/>\n<script type=\"application\/ld+json\" class=\"yoast-schema-graph\">{\"@context\":\"https:\/\/schema.org\",\"@graph\":[{\"@type\":\"WebSite\",\"@id\":\"https:\/\/www.adisart.com\/tienda\/#website\",\"url\":\"https:\/\/www.adisart.com\/tienda\/\",\"name\":\"ADISART\",\"description\":\"Creaciones art\\u00edsticas\",\"potentialAction\":[{\"@type\":\"SearchAction\",\"target\":{\"@type\":\"EntryPoint\",\"urlTemplate\":\"https:\/\/www.adisart.com\/tienda\/?s={search_term_string}\"},\"query-input\":\"required name=search_term_string\"}],\"inLanguage\":\"es\"},{\"@type\":\"ImageObject\",\"@id\":\"https:\/\/www.adisart.com\/tienda\/pareja-vikinga-personalizada\/#primaryimage\",\"inLanguage\":\"es\",\"url\":\"https:\/\/www.adisart.com\/tienda\/wp-content\/uploads\/2024\/01\/PAREJA-VIKINGA-PIEZA-e1706255351238.jpg\",\"contentUrl\":\"https:\/\/www.adisart.com\/tienda\/wp-content\/uploads\/2024\/01\/PAREJA-VIKINGA-PIEZA-e1706255351238.jpg\",\"width\":1000,\"height\":1333},{\"@type\":\"WebPage\",\"@id\":\"https:\/\/www.adisart.com\/tienda\/pareja-vikinga-personalizada\/#webpage\",\"url\":\"https:\/\/www.adisart.com\/tienda\/pareja-vikinga-personalizada\/\",\"name\":\"Pareja Vikinga Personalizada - ADISART\",\"isPartOf\":{\"@id\":\"https:\/\/www.adisart.com\/tienda\/#website\"},\"primaryImageOfPage\":{\"@id\":\"https:\/\/www.adisart.com\/tienda\/pareja-vikinga-personalizada\/#primaryimage\"},\"datePublished\":\"2024-01-26T08:03:27+00:00\",\"dateModified\":\"2024-01-26T08:03:27+00:00\",\"description\":\"Esta pieza es un marco fundido manualmente en zink. Tiene unas dimensiones de 23x13 cms. El marco est\\u00e1 formado por un nudo infinito simbolizando el amor perpetuo. En el interior se puede ver una pareja vikinga. En las runas que lleva el vikingo se puede leer FAMILIA y en las que lleva la vikinga AMOR. Toda la pieza est\\u00e1 llena de runas poderosas de protecci\\u00f3n . En la parte inferior lleva una inscripci\\u00f3n donde grabaremos en runas los nombres que quer\\u00e1is.\",\"breadcrumb\":{\"@id\":\"https:\/\/www.adisart.com\/tienda\/pareja-vikinga-personalizada\/#breadcrumb\"},\"inLanguage\":\"es\",\"potentialAction\":[{\"@type\":\"ReadAction\",\"target\":[\"https:\/\/www.adisart.com\/tienda\/pareja-vikinga-personalizada\/\"]}]},{\"@type\":\"BreadcrumbList\",\"@id\":\"https:\/\/www.adisart.com\/tienda\/pareja-vikinga-personalizada\/#breadcrumb\",\"itemListElement\":[{\"@type\":\"ListItem\",\"position\":1,\"name\":\"Inicio\",\"item\":\"https:\/\/www.adisart.com\/tienda\/\"},{\"@type\":\"ListItem\",\"position\":2,\"name\":\"Tienda\",\"item\":\"https:\/\/www.adisart.com\/tienda\/\"},{\"@type\":\"ListItem\",\"position\":3,\"name\":\"Pareja Vikinga Personalizada\"}]}]}<\/script>\n<!-- \/ Yoast SEO plugin. -->","yoast_head_json":{"title":"Pareja Vikinga Personalizada - ADISART","description":"Esta pieza es un marco fundido manualmente en zink. Tiene unas dimensiones de 23x13 cms. El marco est\u00e1 formado por un nudo infinito simbolizando el amor perpetuo. En el interior se puede ver una pareja vikinga. En las runas que lleva el vikingo se puede leer FAMILIA y en las que lleva la vikinga AMOR. Toda la pieza est\u00e1 llena de runas poderosas de protecci\u00f3n . En la parte inferior lleva una inscripci\u00f3n donde grabaremos en runas los nombres que quer\u00e1is.","robots":{"index":"index","follow":"follow","max-snippet":"max-snippet:-1","max-image-preview":"max-image-preview:large","max-video-preview":"max-video-preview:-1"},"canonical":"https:\/\/www.adisart.com\/tienda\/pareja-vikinga-personalizada\/","og_locale":"es_ES","og_type":"article","og_title":"Pareja Vikinga Personalizada - ADISART","og_description":"Esta pieza es un marco fundido manualmente en zink. Tiene unas dimensiones de 23x13 cms. El marco est\u00e1 formado por un nudo infinito simbolizando el amor perpetuo. En el interior se puede ver una pareja vikinga. En las runas que lleva el vikingo se puede leer FAMILIA y en las que lleva la vikinga AMOR. Toda la pieza est\u00e1 llena de runas poderosas de protecci\u00f3n . En la parte inferior lleva una inscripci\u00f3n donde grabaremos en runas los nombres que quer\u00e1is.","og_url":"https:\/\/www.adisart.com\/tienda\/pareja-vikinga-personalizada\/","og_site_name":"ADISART","og_image":[{"width":1000,"height":1333,"url":"https:\/\/www.adisart.com\/tienda\/wp-content\/uploads\/2024\/01\/PAREJA-VIKINGA-PIEZA-e1706255351238.jpg","path":"\/home\/adisart.com\/public_html\/tienda\/wp-content\/uploads\/2024\/01\/PAREJA-VIKINGA-PIEZA-e1706255351238.jpg","size":"full","id":4969,"alt":"","pixels":1333000,"type":"image\/jpeg"}],"twitter_card":"summary","schema":{"@context":"https:\/\/schema.org","@graph":[{"@type":"WebSite","@id":"https:\/\/www.adisart.com\/tienda\/#website","url":"https:\/\/www.adisart.com\/tienda\/","name":"ADISART","description":"Creaciones art\u00edsticas","potentialAction":[{"@type":"SearchAction","target":{"@type":"EntryPoint","urlTemplate":"https:\/\/www.adisart.com\/tienda\/?s={search_term_string}"},"query-input":"required name=search_term_string"}],"inLanguage":"es"},{"@type":"ImageObject","@id":"https:\/\/www.adisart.com\/tienda\/pareja-vikinga-personalizada\/#primaryimage","inLanguage":"es","url":"https:\/\/www.adisart.com\/tienda\/wp-content\/uploads\/2024\/01\/PAREJA-VIKINGA-PIEZA-e1706255351238.jpg","contentUrl":"https:\/\/www.adisart.com\/tienda\/wp-content\/uploads\/2024\/01\/PAREJA-VIKINGA-PIEZA-e1706255351238.jpg","width":1000,"height":1333},{"@type":"WebPage","@id":"https:\/\/www.adisart.com\/tienda\/pareja-vikinga-personalizada\/#webpage","url":"https:\/\/www.adisart.com\/tienda\/pareja-vikinga-personalizada\/","name":"Pareja Vikinga Personalizada - ADISART","isPartOf":{"@id":"https:\/\/www.adisart.com\/tienda\/#website"},"primaryImageOfPage":{"@id":"https:\/\/www.adisart.com\/tienda\/pareja-vikinga-personalizada\/#primaryimage"},"datePublished":"2024-01-26T08:03:27+00:00","dateModified":"2024-01-26T08:03:27+00:00","description":"Esta pieza es un marco fundido manualmente en zink. Tiene unas dimensiones de 23x13 cms. El marco est\u00e1 formado por un nudo infinito simbolizando el amor perpetuo. En el interior se puede ver una pareja vikinga. En las runas que lleva el vikingo se puede leer FAMILIA y en las que lleva la vikinga AMOR. Toda la pieza est\u00e1 llena de runas poderosas de protecci\u00f3n . En la parte inferior lleva una inscripci\u00f3n donde grabaremos en runas los nombres que quer\u00e1is.","breadcrumb":{"@id":"https:\/\/www.adisart.com\/tienda\/pareja-vikinga-personalizada\/#breadcrumb"},"inLanguage":"es","potentialAction":[{"@type":"ReadAction","target":["https:\/\/www.adisart.com\/tienda\/pareja-vikinga-personalizada\/"]}]},{"@type":"BreadcrumbList","@id":"https:\/\/www.adisart.com\/tienda\/pareja-vikinga-personalizada\/#breadcrumb","itemListElement":[{"@type":"ListItem","position":1,"name":"Inicio","item":"https:\/\/www.adisart.com\/tienda\/"},{"@type":"ListItem","position":2,"name":"Tienda","item":"https:\/\/www.adisart.com\/tienda\/"},{"@type":"ListItem","position":3,"name":"Pareja Vikinga Personalizada"}]}]}},"_links":{"self":[{"href":"https:\/\/www.adisart.com\/tienda\/wp-json\/wp\/v2\/product\/4968"}],"collection":[{"href":"https:\/\/www.adisart.com\/tienda\/wp-json\/wp\/v2\/product"}],"about":[{"href":"https:\/\/www.adisart.com\/tienda\/wp-json\/wp\/v2\/types\/product"}],"replies":[{"embeddable":true,"href":"https:\/\/www.adisart.com\/tienda\/wp-json\/wp\/v2\/comments?post=4968"}],"wp:featuredmedia":[{"embeddable":true,"href":"https:\/\/www.adisart.com\/tienda\/wp-json\/wp\/v2\/media\/4969"}],"wp:attachment":[{"href":"https:\/\/www.adisart.com\/tienda\/wp-json\/wp\/v2\/media?parent=4968"}],"wp:term":[{"taxonomy":"product_cat","embeddable":true,"href":"https:\/\/www.adisart.com\/tienda\/wp-json\/wp\/v2\/product_cat?post=4968"},{"taxonomy":"product_tag","embeddable":true,"href":"https:\/\/www.adisart.com\/tienda\/wp-json\/wp\/v2\/product_tag?post=4968"}],"curies":[{"name":"wp","href":"https:\/\/api.w.org\/{rel}","templated":true}]}}